{"id":49,"date":"2020-04-11T19:10:52","date_gmt":"2020-04-11T19:10:52","guid":{"rendered":"http:\/\/0-zz.com\/se\/?page_id=49"},"modified":"2020-06-21T14:56:55","modified_gmt":"2020-06-21T14:56:55","slug":"l","status":"publish","type":"page","link":"https:\/\/0-zz.com\/se\/l\/","title":{"rendered":"L"},"content":{"rendered":"\n<p>L<\/p>\n\n\n\n<figure class=\"wp-block-embed-youtube wp-block-embed is-type-video is-provider-youtube wp-embed-aspect-16-9 wp-has-aspect-ratio\"><div class=\"wp-block-embed__wrapper\">\n<iframe loading=\"lazy\" title=\"Lisa Ekdahl - Vem vet (Swedish + English lyrics)\" width=\"580\" height=\"326\" src=\"https:\/\/www.youtube.com\/embed\/7GDQGAZunEg?feature=oembed\" frameborder=\"0\" allow=\"accelerometer; autoplay; clipboard-write; encrypted-media; gyroscope; picture-in-picture; web-share\" referrerpolicy=\"strict-origin-when-cross-origin\" allowfullscreen><\/iframe>\n<\/div><figcaption><strong>Lisa Ekdahl &#8211; Vem Vet<\/strong><br><br>Du \u00e4r en saga f\u00f6r god f\u00f6r att vara sann<br>Det \u00e4r en saga i sig att vi funnit varan<br>Vi kunde lika g\u00e4rna aldrig n\u00e5gonsin m\u00f6tts<br>Eller var v\u00e5rt m\u00f6te redan best\u00e4md l\u00e5ngt innan vi f\u00f6tts<br><br>Vem vet, inte du<br>Vem vet, inte jag<br>Vi vet ingenting nu<br>Vi vet inget idag<br>Vem vet, inte du<br>Vem vet, inte jag<br>Vi vet ingenting nu<br>vi vet inget idag<br><br>Vem vet, inte du<br>Vem vet, inte jag<br>Vi vet ingenting nu<br>Vi vet inget idag<br>Vem vet, inte du<br>Vem vet, inte jag<br>Vi vet ingenting nu<br>vi vet inget idag<br><br>Du \u00e4r en saga f\u00f6r god f\u00f6r att vara sann<br>Det \u00e4r en saga i sig att vi funnit varan<br>Vi kunde lika g\u00e4rna aldrig n\u00e5gonsin m\u00f6tts<br>Eller var v\u00e5rt m\u00f6te redan best\u00e4md l\u00e5ngt innan vi f\u00f6tts<br><br>Vem vet, inte du<br>Vem vet, inte jag<br>Vi vet ingenting nu<br>Vi vet inget idag<br>Vem vet, inte du<br>Vem vet, inte jag<br>Vi vet ingenting nu<br>vi vet inget idag<\/figcaption><\/figure>\n","protected":false},"excerpt":{"rendered":"<p>L<\/p>\n","protected":false},"author":1,"featured_media":0,"parent":0,"menu_order":0,"comment_status":"closed","ping_status":"closed","template":"","meta":{"footnotes":""},"class_list":["post-49","page","type-page","status-publish","hentry"],"_links":{"self":[{"href":"https:\/\/0-zz.com\/se\/wp-json\/wp\/v2\/pages\/49","targetHints":{"allow":["GET"]}}],"collection":[{"href":"https:\/\/0-zz.com\/se\/wp-json\/wp\/v2\/pages"}],"about":[{"href":"https:\/\/0-zz.com\/se\/wp-json\/wp\/v2\/types\/page"}],"author":[{"embeddable":true,"href":"https:\/\/0-zz.com\/se\/wp-json\/wp\/v2\/users\/1"}],"replies":[{"embeddable":true,"href":"https:\/\/0-zz.com\/se\/wp-json\/wp\/v2\/comments?post=49"}],"version-history":[{"count":2,"href":"https:\/\/0-zz.com\/se\/wp-json\/wp\/v2\/pages\/49\/revisions"}],"predecessor-version":[{"id":90,"href":"https:\/\/0-zz.com\/se\/wp-json\/wp\/v2\/pages\/49\/revisions\/90"}],"wp:attachment":[{"href":"https:\/\/0-zz.com\/se\/wp-json\/wp\/v2\/media?parent=49"}],"curies":[{"name":"wp","href":"https:\/\/api.w.org\/{rel}","templated":true}]}}