{"id":9,"date":"2019-10-23T15:27:09","date_gmt":"2019-10-23T13:27:09","guid":{"rendered":"http:\/\/0-zz.com\/pl\/?page_id=9"},"modified":"2020-09-06T04:08:26","modified_gmt":"2020-09-06T16:08:26","slug":"0-2","status":"publish","type":"page","link":"https:\/\/0-zz.com\/pl\/0-2\/","title":{"rendered":"0"},"content":{"rendered":"\n<p>0<\/p>\n\n\n\n<h2 class=\"wp-block-heading\">Polska \u2013 j\u0119zyk polski<\/h2>\n\n\n\n<p><small><em><strong>1\ufe0f\u20e31\ufe0f\u20e3-<a href=\"http:\/\/0-zz.com\/pl\/0-2\/\">0<\/a> 1\ufe0f\u20e32\ufe0f\u20e3-<a href=\"http:\/\/0-zz.com\/pl\/1-2\/\">1<\/a> 1\ufe0f\u20e33\ufe0f\u20e3-<a href=\"http:\/\/0-zz.com\/pl\/2-2\/\">2<\/a> 1\ufe0f\u20e34\ufe0f\u20e3-<a href=\"http:\/\/0-zz.com\/pl\/3-2\/\">3<\/a> 1\ufe0f\u20e35\ufe0f\u20e3-<a href=\"http:\/\/0-zz.com\/pl\/4-2\/\">4<\/a> 1\ufe0f\u20e36\ufe0f\u20e3-<a href=\"http:\/\/0-zz.com\/pl\/5-2\/\">5<\/a><\/strong><\/em><\/small><\/p>\n\n\n\n<p><small><em><strong>2\ufe0f\u20e31\ufe0f\u20e3-<a href=\"http:\/\/0-zz.com\/pl\/6-2\/\">6<\/a> 2\ufe0f\u20e32\ufe0f\u20e3-<a href=\"http:\/\/0-zz.com\/pl\/7-2\/\">7<\/a> 2\ufe0f\u20e33\ufe0f\u20e3-<a href=\"http:\/\/0-zz.com\/pl\/8-2\/\">8<\/a> 2\ufe0f\u20e34\ufe0f\u20e3-<a href=\"http:\/\/0-zz.com\/pl\/9-2\/\">9<\/a> 2\ufe0f\u20e35\ufe0f\u20e3-<a href=\"http:\/\/0-zz.com\/pl\/a\/\">A<\/a> 2\ufe0f\u20e36\ufe0f\u20e3-<a href=\"http:\/\/0-zz.com\/pl\/b\/\">B<\/a><\/strong><\/em><\/small><\/p>\n\n\n\n<p><small><strong><em>3\ufe0f\u20e31\ufe0f\u20e3-<a href=\"http:\/\/0-zz.com\/pl\/c\/\">C<\/a> 3\ufe0f\u20e32\ufe0f\u20e3-<a href=\"http:\/\/0-zz.com\/pl\/d\/\">D<\/a> 3\ufe0f\u20e33\ufe0f\u20e3-<a href=\"http:\/\/0-zz.com\/pl\/e\/\">E<\/a> 3\ufe0f\u20e34\ufe0f\u20e3-<a href=\"http:\/\/0-zz.com\/pl\/f\/\">F<\/a> 3\ufe0f\u20e35\ufe0f\u20e3-<a href=\"http:\/\/0-zz.com\/pl\/g\/\">G<\/a> 3\ufe0f\u20e36\ufe0f\u20e3-<a href=\"http:\/\/0-zz.com\/pl\/h\/\">H<\/a><\/em><\/strong><\/small><\/p>\n\n\n\n<p><small><em><strong>4\ufe0f\u20e31\ufe0f\u20e3-<a href=\"http:\/\/0-zz.com\/pl\/i\/\">I<\/a> 4\ufe0f\u20e32\ufe0f\u20e3-<a href=\"http:\/\/0-zz.com\/pl\/j\/\">J<\/a> 4\ufe0f\u20e33\ufe0f\u20e3-<a href=\"http:\/\/0-zz.com\/pl\/k\/\">K<\/a> 4\ufe0f\u20e34\ufe0f\u20e3-<a href=\"http:\/\/0-zz.com\/pl\/l\/\">L<\/a> 4\ufe0f\u20e35\ufe0f\u20e3-<a href=\"http:\/\/0-zz.com\/pl\/m\/\">M<\/a> 4\ufe0f\u20e36\ufe0f\u20e3-<a href=\"http:\/\/0-zz.com\/pl\/n\/\">N<\/a><\/strong><\/em><\/small><\/p>\n\n\n\n<p><small><em><strong>5\ufe0f\u20e31\ufe0f\u20e3-<a href=\"http:\/\/0-zz.com\/pl\/o\/\">O<\/a> 5\ufe0f\u20e32\ufe0f\u20e3-<a href=\"http:\/\/0-zz.com\/pl\/p\/\">P<\/a> 5\ufe0f\u20e33\ufe0f\u20e3-<a href=\"http:\/\/0-zz.com\/pl\/q\/\">Q<\/a> 5\ufe0f\u20e34\ufe0f\u20e3-<a href=\"http:\/\/0-zz.com\/pl\/r\/\">R<\/a> 5\ufe0f\u20e35\ufe0f\u20e3-<a href=\"http:\/\/0-zz.com\/pl\/s\/\">S<\/a> 5\ufe0f\u20e36\ufe0f\u20e3-<a href=\"http:\/\/0-zz.com\/pl\/t\/\">T<\/a><\/strong><\/em><\/small><\/p>\n\n\n\n<p><small><em><strong>6\ufe0f\u20e31\ufe0f\u20e3-<a href=\"http:\/\/0-zz.com\/pl\/u\/\">U<\/a> 6\ufe0f\u20e32\ufe0f\u20e3-<a href=\"http:\/\/0-zz.com\/pl\/v\/\">V<\/a> 6\ufe0f\u20e33\ufe0f\u20e3-<a href=\"http:\/\/0-zz.com\/pl\/w\/\">W<\/a> 6\ufe0f\u20e34\ufe0f\u20e3-<a href=\"http:\/\/0-zz.com\/pl\/x\/\">X<\/a> 6\ufe0f\u20e35\ufe0f\u20e3-<a href=\"http:\/\/0-zz.com\/pl\/y\/\">Y<\/a> 6\ufe0f\u20e36\ufe0f\u20e3-<a href=\"http:\/\/0-zz.com\/pl\/z\/\">Z<\/a><\/strong><\/em><\/small><\/p>\n\n\n\n<p>Rzu\u0107 2 kostkami:<\/p>\n\n\n\n<p><a href=\"https:\/\/www.random.org\/dice\/\">https:\/\/www.random.org\/dice\/<\/a><\/p>\n\n\n\n<p><a href=\"https:\/\/www.google.com\/search?q=dice+roller\">https:\/\/www.google.com\/search?q=dice+roller<\/a><\/p>\n\n\n\n<figure class=\"wp-block-image size-large\"><img loading=\"lazy\" decoding=\"async\" width=\"1024\" height=\"642\" src=\"http:\/\/0-zz.com\/pl\/wp-content\/uploads\/sites\/112\/2019\/12\/IMG_20191201_1048423152-1024x642-1.jpg\" alt=\"\" class=\"wp-image-117\" srcset=\"https:\/\/0-zz.com\/pl\/wp-content\/uploads\/sites\/112\/2019\/12\/IMG_20191201_1048423152-1024x642-1.jpg 1024w, https:\/\/0-zz.com\/pl\/wp-content\/uploads\/sites\/112\/2019\/12\/IMG_20191201_1048423152-1024x642-1-300x188.jpg 300w, https:\/\/0-zz.com\/pl\/wp-content\/uploads\/sites\/112\/2019\/12\/IMG_20191201_1048423152-1024x642-1-768x482.jpg 768w\" sizes=\"auto, (max-width: 1024px) 100vw, 1024px\" \/><br><br>11-0, 12-1, 13-2, 14-3, 15-4, 16-5, <br>21-6, 22-7, 23-8, 24-9, 25-A, 26-B, <br>31-C, 32-D, 33-E, 34-F, 35-G, 36-H, <br>41-I, 42-J, 43-K, 44-L, 45-M, 46-N, <br>51-O, 52-P, 53-Q, 54-R, 55-S, 56-T, <br>61-U, 62-V, 63-W, 64-X, 65-Y, 66-Z<br><br><br>Europa<br>Albania&nbsp;<a href=\"http:\/\/0-zz.com\/al\/\">AL<\/a>, Andora&nbsp;<a href=\"http:\/\/0-zz.com\/ad\/\">AD<\/a>, Austria&nbsp;<a href=\"http:\/\/0-zz.com\/at\/\">AT<\/a>, Belgia&nbsp;<a href=\"http:\/\/0-zz.com\/be\/\">BE<\/a>, Bia\u0142oru\u015b&nbsp;<a href=\"http:\/\/0-zz.com\/by\/\">BY<\/a>, Bo\u015bnia i Hercegowina&nbsp;<a href=\"http:\/\/0-zz.com\/ba\/\">BA<\/a>, Bu\u0142garia&nbsp;<a href=\"http:\/\/0-zz.com\/bg\/\">BG<\/a>, Chorwacja&nbsp;<a href=\"http:\/\/0-zz.com\/hr\/\">HR<\/a>, Cypr&nbsp;<a href=\"http:\/\/0-zz.com\/cy\/\">CY<\/a>, Czarnog\u00f3ra&nbsp;<a href=\"http:\/\/0-zz.com\/me\/\">ME<\/a>, Czechy&nbsp;<a href=\"http:\/\/0-zz.com\/cz\/\">CZ<\/a>, Dania&nbsp;<a href=\"http:\/\/0-zz.com\/dk\/\">DK<\/a>, Estonia&nbsp;<a href=\"http:\/\/0-zz.com\/ee\/\">EE<\/a>, Finlandia&nbsp;<a href=\"http:\/\/0-zz.com\/fi\/\">FI<\/a>, Francja&nbsp;<a href=\"http:\/\/0-zz.com\/fr\/\">FR<\/a>, Grecja&nbsp;<a href=\"http:\/\/0-zz.com\/gr\/\">GR<\/a>, Hiszpania&nbsp;<a href=\"http:\/\/0-zz.com\/es\/\">ES<\/a>, Holandia&nbsp;<a href=\"http:\/\/0-zz.com\/nl\/\">NL<\/a>, Irlandia&nbsp;<a href=\"http:\/\/0-zz.com\/ie\/\">IE<\/a>, Islandia&nbsp;<a href=\"http:\/\/0-zz.com\/is\/\">IS<\/a>, Liechtenstein&nbsp;<a href=\"http:\/\/0-zz.com\/li\/\">LI<\/a>, Litwa&nbsp;<a href=\"http:\/\/0-zz.com\/lt\/\">LT<\/a>, Luksemburg&nbsp;<a href=\"http:\/\/0-zz.com\/lu\/\">LU<\/a>, \u0141otwa&nbsp;<a href=\"http:\/\/0-zz.com\/lv\/\">LV<\/a>, Macedonia P\u00f3\u0142nocna&nbsp;<a href=\"http:\/\/0-zz.com\/mk\/\">MK<\/a>, Malta&nbsp;<a href=\"http:\/\/0-zz.com\/mt\/\">MT<\/a>, Mo\u0142dawia&nbsp;<a href=\"http:\/\/0-zz.com\/md\/\">MD<\/a>, Monako&nbsp;<a href=\"http:\/\/0-zz.com\/mc\/\">MC<\/a>, Niemcy&nbsp;<a href=\"http:\/\/0-zz.com\/de\/\">DE<\/a>, Norwegia&nbsp;<a href=\"http:\/\/0-zz.com\/no\/\">NO<\/a>, Polska&nbsp;<a href=\"http:\/\/0-zz.com\/pl\/\">PL<\/a>, Portugalia&nbsp;<a href=\"http:\/\/0-zz.com\/pt\/\">PT<\/a>, Rosja&nbsp;<a href=\"http:\/\/0-zz.com\/ru\/\">RU<\/a>, Rumunia&nbsp;<a href=\"http:\/\/0-zz.com\/ro\/\">RO<\/a>, San Marino&nbsp;<a href=\"http:\/\/0-zz.com\/sm\/\">SM<\/a>, Serbia&nbsp;<a href=\"http:\/\/0-zz.com\/rs\/\">RS<\/a>, S\u0142owacja&nbsp;<a href=\"http:\/\/0-zz.com\/sk\/\">SK<\/a>, S\u0142owenia&nbsp;<a href=\"http:\/\/0-zz.com\/si\/\">SI<\/a>, Szwajcaria&nbsp;<a href=\"http:\/\/0-zz.com\/ch\/\">CH<\/a>, Szwecja&nbsp;<a href=\"http:\/\/0-zz.com\/se\/\">SE<\/a>, Turcja&nbsp;<a href=\"http:\/\/0-zz.com\/tr\/\">TR<\/a>, Ukraina&nbsp;<a href=\"http:\/\/0-zz.com\/ua\/\">UA<\/a>, Watykan&nbsp;<a href=\"http:\/\/0-zz.com\/va\/\">VA<\/a>, W\u0119gry&nbsp;<a href=\"http:\/\/0-zz.com\/hu\/\">HU<\/a>, Wielka Brytania&nbsp;<a href=\"http:\/\/0-zz.com\/uk\/\">UK<\/a>, W\u0142ochy&nbsp;<a href=\"http:\/\/0-zz.com\/it\">IT<\/a><br><strong>Terytoria autonomiczne i zale\u017cne<\/strong>: Abchazja&nbsp;<a href=\"http:\/\/0-zz.com\/ge\/\">GE<\/a>, Gagauzja&nbsp;<a href=\"http:\/\/0-zz.com\/md\/\">MD<\/a>, Gibraltar&nbsp;<a href=\"http:\/\/0-zz.com\/gi\/\">GI<\/a>, Guernsey&nbsp;<a href=\"http:\/\/0-zz.com\/gg\/\">GG<\/a>, Jersey&nbsp;<a href=\"http:\/\/0-zz.com\/je\/\">JE<\/a>, Kosowo&nbsp;<a href=\"http:\/\/0-zz.com\/xk\/\">XK<\/a>, Naddniestrze&nbsp;<a href=\"http:\/\/0-zz.com\/md\/\">MD<\/a>, Svalbard&nbsp;<a href=\"http:\/\/0-zz.com\/sj\/\">SJ<\/a>, Wyspa Man&nbsp;<a href=\"http:\/\/0-zz.com\/im\/\">IM<\/a>, Wyspy Owcze&nbsp;<a href=\"http:\/\/0-zz.com\/fo\/\">FO<\/a><br><br>Azja<br>Afganistan&nbsp;<a href=\"http:\/\/0-zz.com\/af\/\">AF<\/a>, Arabia Saudyjska&nbsp;<a href=\"http:\/\/0-zz.com\/sa\/\">SA<\/a>, Armenia&nbsp;<a href=\"http:\/\/0-zz.com\/am\/\">AM<\/a>, Azerbejd\u017can&nbsp;<a href=\"http:\/\/0-zz.com\/az\/\">AZ<\/a>, Bahrajn&nbsp;<a href=\"http:\/\/0-zz.com\/bh\/\">BH<\/a>, Bangladesz&nbsp;<a href=\"http:\/\/0-zz.com\/bd\/\">BD<\/a>, Bhutan&nbsp;<a href=\"http:\/\/0-zz.com\/bt\/\">BT<\/a>, Brunei&nbsp;<a href=\"http:\/\/0-zz.com\/bn\/\">BN<\/a>, Chiny&nbsp;<a href=\"http:\/\/0-zz.com\/cn\/\">CN<\/a>, Filipiny&nbsp;<a href=\"http:\/\/0-zz.com\/ph\/\">PH<\/a>, Gruzja&nbsp;<a href=\"http:\/\/0-zz.com\/ge\/\">GE<\/a>, Indie&nbsp;<a href=\"http:\/\/0-zz.com\/in\/\">IN<\/a>, Indonezja&nbsp;<a href=\"http:\/\/0-zz.com\/id\/\">ID<\/a>, Irak&nbsp;<a href=\"http:\/\/0-zz.com\/iq\/\">IQ<\/a>, Iran&nbsp;<a href=\"http:\/\/0-zz.com\/ir\/\">IR<\/a>, Izrael&nbsp;<a href=\"http:\/\/0-zz.com\/il\/\">IL<\/a>, Japonia&nbsp;<a href=\"http:\/\/0-zz.com\/jp\/\">JP<\/a>, Jemen&nbsp;<a href=\"http:\/\/0-zz.com\/ye\/\">YE<\/a>, Jordania&nbsp;<a href=\"http:\/\/0-zz.com\/jo\/\">JO<\/a>, Kambod\u017ca&nbsp;<a href=\"http:\/\/0-zz.com\/kh\/\">KH<\/a>, Katar&nbsp;<a href=\"http:\/\/0-zz.com\/qa\/\">QA<\/a>, Kazachstan&nbsp;<a href=\"http:\/\/0-zz.com\/kz\/\">KZ<\/a>, Kirgistan&nbsp;<a href=\"http:\/\/0-zz.com\/kg\/\">KG<\/a>, Korea Po\u0142udniowa&nbsp;<a href=\"http:\/\/0-zz.com\/kr\/\">KR<\/a>, Korea P\u00f3\u0142nocna&nbsp;<a href=\"http:\/\/0-zz.com\/kp\/\">KP<\/a>, Kuwejt&nbsp;<a href=\"http:\/\/0-zz.com\/kw\/\">KW<\/a>, Laos&nbsp;<a href=\"http:\/\/0-zz.com\/la\/\">LA<\/a>, Liban&nbsp;<a href=\"http:\/\/0-zz.com\/lb\/\">LB<\/a>, Malediwy&nbsp;<a href=\"http:\/\/0-zz.com\/mv\/\">MV<\/a>, Malezja&nbsp;<a href=\"http:\/\/0-zz.com\/my\">MY<\/a>, Mjanma&nbsp;<a href=\"http:\/\/0-zz.com\/mm\/\">MM<\/a>, Mongolia&nbsp;<a href=\"http:\/\/0-zz.com\/mn\/\">MN<\/a>, Nepal&nbsp;<a href=\"http:\/\/0-zz.com\/np\/\">NP<\/a>, Oman&nbsp;<a href=\"http:\/\/0-zz.com\/om\/\">OM<\/a>, Pakistan&nbsp;<a href=\"http:\/\/0-zz.com\/pk\/\">PK<\/a>, Rosja&nbsp;<a href=\"http:\/\/0-zz.com\/ru\/\">RU<\/a>, Singapur&nbsp;<a href=\"http:\/\/0-zz.com\/sg\/\">SG<\/a>, Sri Lanka&nbsp;<a href=\"http:\/\/0-zz.com\/lk\/\">LK<\/a>, Syria&nbsp;<a href=\"http:\/\/0-zz.com\/sy\/\">SY<\/a>, Tad\u017cykistan&nbsp;<a href=\"http:\/\/0-zz.com\/tj\/\">TJ<\/a>, Tajlandia&nbsp;<a href=\"http:\/\/0-zz.com\/th\/\">TH<\/a>, Timor Wschodni&nbsp;<a href=\"http:\/\/0-zz.com\/tl\">TL<\/a>, Turcja&nbsp;<a href=\"http:\/\/0-zz.com\/tr\/\">TR<\/a>, Turkmenistan&nbsp;<a href=\"http:\/\/0-zz.com\/tm\/\">TM<\/a>, Uzbekistan&nbsp;<a href=\"http:\/\/0-zz.com\/uz\/\">UZ<\/a>, Wietnam&nbsp;<a href=\"http:\/\/0-zz.com\/vn\/\">VN<\/a>, Zjednoczone Emiraty Arabskie&nbsp;<a href=\"http:\/\/0-zz.com\/ae\/\">AE<\/a><br><strong>Terytoria autonomiczne i zale\u017cne<\/strong>: Cypr P\u00f3\u0142nocny&nbsp;<a href=\"http:\/\/0-zz.com\/tr\/\">TR<\/a>, G\u00f3rski Karabach&nbsp;<a href=\"http:\/\/0-zz.com\/az\/\">AZ<\/a>, Osetia Po\u0142udniowa&nbsp;<a href=\"http:\/\/0-zz.com\/ge\/\">GE<\/a>, Palestyna&nbsp;<a href=\"http:\/\/0-zz.com\/ps\/\">PS<\/a>, Tajwan&nbsp;<a href=\"http:\/\/0-zz.com\/tw\/\">TW<\/a><br><br>Australia i Oceania<br>Australia&nbsp;<a href=\"http:\/\/0-zz.com\/au\/\">AU<\/a>, Fid\u017ci&nbsp;<a href=\"http:\/\/0-zz.com\/fj\/\">FJ<\/a>, Kiribati&nbsp;<a href=\"http:\/\/0-zz.com\/ki\/\">KI<\/a>, Mikronezja&nbsp;<a href=\"http:\/\/0-zz.com\/fm\/\">FM<\/a>, Nauru&nbsp;<a href=\"http:\/\/0-zz.com\/nr\/\">NR<\/a>, Nowa Zelandia&nbsp;<a href=\"http:\/\/0-zz.com\/nz\/\">NZ<\/a>, Palau&nbsp;<a href=\"http:\/\/0-zz.com\/pw\/\">PW<\/a>, Papua-Nowa Gwinea&nbsp;<a href=\"http:\/\/0-zz.com\/pg\/\">PG<\/a>, Samoa&nbsp;<a href=\"http:\/\/0-zz.com\/ws\/\">WS<\/a>, Tonga&nbsp;<a href=\"http:\/\/0-zz.com\/to\/\">TO<\/a>, Tuvalu&nbsp;<a href=\"http:\/\/0-zz.com\/tv\/\">TV<\/a>, Vanuatu&nbsp;<a href=\"http:\/\/0-zz.com\/vu\/\">VU<\/a>, Wyspy Marshalla&nbsp;<a href=\"http:\/\/0-zz.com\/mh\/\">MH<\/a>, Wyspy Salomona&nbsp;<a href=\"http:\/\/0-zz.com\/sb\/\">SB<\/a><br><strong>Terytoria autonomiczne i zale\u017cne<\/strong>: Guam&nbsp;<a href=\"http:\/\/0-zz.com\/gu\/\">GU<\/a>, Mariany P\u00f3\u0142nocne&nbsp;<a href=\"http:\/\/0-zz.com\/mp\/\">MP<\/a>, Niue&nbsp;<a href=\"http:\/\/0-zz.com\/nu\/\">NU<\/a>, Norfolk&nbsp;<a href=\"http:\/\/0-zz.com\/nf\/\">NF<\/a>, Nowa Kaledonia&nbsp;<a href=\"http:\/\/0-zz.com\/nc\/\">NC<\/a>, Pitcairn&nbsp;<a href=\"http:\/\/0-zz.com\/pn\/\">PN<\/a>, Polinezja Francuska&nbsp;<a href=\"http:\/\/0-zz.com\/pf\/\">PF<\/a>, Samoa Ameryka\u0144skie&nbsp;<a href=\"http:\/\/0-zz.com\/as\/\">AS<\/a>, Tokelau&nbsp;<a href=\"http:\/\/0-zz.com\/tk\/\">TK<\/a>, Wallis i Futuna&nbsp;<a href=\"http:\/\/0-zz.com\/wf\/\">WF<\/a>, Wyspa Bo\u017cego Narodzenia&nbsp;<a href=\"http:\/\/0-zz.com\/cx\/\">CX<\/a>, Wyspy Cooka&nbsp;<a href=\"http:\/\/0-zz.com\/ck\/\">CK<\/a>, Wyspy Kokosowe&nbsp;<a href=\"http:\/\/0-zz.com\/cc\/\">CC<\/a><br><br>Ameryka P\u00f3\u0142nocna<br>Antigua i Barbuda&nbsp;<a href=\"http:\/\/0-zz.com\/ag\/\">AG<\/a>, Bahamy&nbsp;<a href=\"http:\/\/0-zz.com\/bs\/\">BS<\/a>, Barbados&nbsp;<a href=\"http:\/\/0-zz.com\/bb\/\">BB<\/a>, Belize&nbsp;<a href=\"http:\/\/0-zz.com\/bz\/\">BZ<\/a>, Dominika&nbsp;<a href=\"http:\/\/0-zz.com\/dm\/\">DM<\/a>, Dominikana&nbsp;<a href=\"http:\/\/0-zz.com\/do\/\">DO<\/a>, Grenada&nbsp;<a href=\"http:\/\/0-zz.com\/gd\/\">GD<\/a>, Gwatemala&nbsp;<a href=\"http:\/\/0-zz.com\/gt\/\">GT<\/a>, Haiti&nbsp;<a href=\"http:\/\/0-zz.com\/ht\/\">HT<\/a>, Honduras&nbsp;<a href=\"http:\/\/0-zz.com\/hn\/\">HN<\/a>, Jamajka&nbsp;<a href=\"http:\/\/0-zz.com\/jm\/\">JM<\/a>, Kanada&nbsp;<a href=\"http:\/\/0-zz.com\/ca\/\">CA<\/a>, Kostaryka&nbsp;<a href=\"http:\/\/0-zz.com\/cr\/\">CR<\/a>, Kuba&nbsp;<a href=\"http:\/\/0-zz.com\/cu\/\">CU<\/a>, Meksyk&nbsp;<a href=\"http:\/\/0-zz.com\/mx\">MX<\/a>, Nikaragua&nbsp;<a href=\"http:\/\/0-zz.com\/ni\/\">NI<\/a>, Panama&nbsp;<a href=\"http:\/\/0-zz.com\/pa\/\">PA<\/a>, Saint Kitts i Nevis&nbsp;<a href=\"http:\/\/0-zz.com\/kn\/\">KN<\/a>, Saint Lucia&nbsp;<a href=\"http:\/\/0-zz.com\/lc\/\">LC<\/a>, Saint Vincent i Grenadyny&nbsp;<a href=\"http:\/\/0-zz.com\/vc\/\">VC<\/a>, Salwador&nbsp;<a href=\"http:\/\/0-zz.com\/sv\/\">SV<\/a>, Stany Zjednoczone&nbsp;<a href=\"http:\/\/0-zz.com\/us\/\">US<\/a>, Trynidad i Tobago&nbsp;<a href=\"http:\/\/0-zz.com\/tt\/\">TT<\/a><br><strong>Terytoria autonomiczne i zale\u017cne<\/strong>: Anguilla&nbsp;<a href=\"http:\/\/0-zz.com\/ai\/\">AI<\/a>, Aruba&nbsp;<a href=\"http:\/\/0-zz.com\/aw\/\">AW<\/a>, Bermudy&nbsp;<a href=\"http:\/\/0-zz.com\/bm\/\">BM<\/a>, Brytyjskie Wyspy Dziewicze&nbsp;<a href=\"http:\/\/0-zz.com\/vg\/\">VG<\/a>, Grenlandia&nbsp;<a href=\"http:\/\/0-zz.com\/gl\/\">GL<\/a>, Gwadelupa&nbsp;<a href=\"http:\/\/0-zz.com\/gp\/\">GP<\/a>, Kajmany&nbsp;<a href=\"http:\/\/0-zz.com\/ky\">KY<\/a>, Martynika&nbsp;<a href=\"http:\/\/0-zz.com\/mq\/\">MQ<\/a>, Montserrat&nbsp;<a href=\"http:\/\/0-zz.com\/ms\/\">MS<\/a>, Portoryko&nbsp;<a href=\"http:\/\/0-zz.com\/pr\/\">PR<\/a>, Saba&nbsp;<a href=\"http:\/\/0-zz.com\/an\/\">AN<\/a>, Saint-Barth\u00e9lemy&nbsp;<a href=\"http:\/\/0-zz.com\/bl\/\">BL<\/a>, Saint-Martin&nbsp;<a href=\"http:\/\/0-zz.com\/mf\/\">MF<\/a>, Saint-Pierre i Miquelon&nbsp;<a href=\"http:\/\/0-zz.com\/pm\">PM<\/a>, Sint Eustatius&nbsp;<a href=\"http:\/\/0-zz.com\/an\/\">AN<\/a>, Sint Maarten&nbsp;<a href=\"http:\/\/0-zz.com\/sx\/\">SX<\/a>, Turks i Caicos&nbsp;<a href=\"http:\/\/0-zz.com\/tc\/\">TC<\/a>, Wyspy Dziewicze Stan\u00f3w Zjednoczonych&nbsp;<a href=\"http:\/\/0-zz.com\/vi\/\">VI<\/a><br><br>Ameryka Po\u0142udniowa<br>Argentyna&nbsp;<a href=\"http:\/\/0-zz.com\/ar\/\">AR<\/a>, Boliwia&nbsp;<a href=\"http:\/\/0-zz.com\/bo\/\">BO<\/a>, Brazylia&nbsp;<a href=\"http:\/\/0-zz.com\/br\/\">BR<\/a>, Chile&nbsp;<a href=\"http:\/\/0-zz.com\/cl\/\">CL<\/a>, Ekwador&nbsp;<a href=\"http:\/\/0-zz.com\/ec\/\">EC<\/a>, Gujana&nbsp;<a href=\"http:\/\/0-zz.com\/gy\/\">GY<\/a>, Kolumbia&nbsp;<a href=\"http:\/\/0-zz.com\/co\/\">CO<\/a>, Paragwaj&nbsp;<a href=\"http:\/\/0-zz.com\/py\/\">PY<\/a>, Peru&nbsp;<a href=\"http:\/\/0-zz.com\/pe\/\">PE<\/a>, Surinam&nbsp;<a href=\"http:\/\/0-zz.com\/sr\/\">SR<\/a>, Urugwaj&nbsp;<a href=\"http:\/\/0-zz.com\/uy\/\">UY<\/a>, Wenezuela&nbsp;<a href=\"http:\/\/0-zz.com\/ve\/\">VE<\/a><br><strong>Terytoria autonomiczne i zale\u017cne<\/strong>: Bonaire&nbsp;<a href=\"http:\/\/0-zz.com\/an\/\">AN<\/a>, Cura\u00e7ao&nbsp;<a href=\"http:\/\/0-zz.com\/cw\/\">CW<\/a>, Falklandy&nbsp;<a href=\"http:\/\/0-zz.com\/fk\/\">FK<\/a>, Georgia Po\u0142udniowa i Sandwich Po\u0142udniowy&nbsp;<a href=\"http:\/\/0-zz.com\/gs\/\">GS<\/a>, Gujana Francuska&nbsp;<a href=\"http:\/\/0-zz.com\/gf\/\">GF<\/a><br><br>Afryka<br>Algieria&nbsp;<a href=\"http:\/\/0-zz.com\/dz\/\">DZ<\/a>, Angola&nbsp;<a href=\"http:\/\/0-zz.com\/ao\/\">AO<\/a>, Benin&nbsp;<a href=\"http:\/\/0-zz.com\/bj\">BJ<\/a>, Botswana&nbsp;<a href=\"http:\/\/0-zz.com\/bw\">BW<\/a>, Burkina Faso&nbsp;<a href=\"http:\/\/0-zz.com\/bf\">BF<\/a>, Burundi&nbsp;<a href=\"http:\/\/0-zz.com\/bi\">BI<\/a>, Czad&nbsp;<a href=\"http:\/\/0-zz.com\/td\/\">TD<\/a>, Demokratyczna Republika Konga&nbsp;<a href=\"http:\/\/0-zz.com\/cd\">CD<\/a>, D\u017cibuti&nbsp;<a href=\"http:\/\/0-zz.com\/dj\/\">DJ<\/a>, Egipt&nbsp;<a href=\"http:\/\/0-zz.com\/eg\/\">EG<\/a>, Erytrea&nbsp;<a href=\"http:\/\/0-zz.com\/er\/\">ER<\/a>, Eswatini&nbsp;<a href=\"http:\/\/0-zz.com\/sz\/\">SZ<\/a>, Etiopia&nbsp;<a href=\"http:\/\/0-zz.com\/et\/\">ET<\/a>, Gabon&nbsp;<a href=\"http:\/\/0-zz.com\/ga\/\">GA<\/a>, Gambia&nbsp;<a href=\"http:\/\/0-zz.com\/gm\/\">GM<\/a>, Ghana&nbsp;<a href=\"http:\/\/0-zz.com\/gh\/\">GH<\/a>, Gwinea&nbsp;<a href=\"http:\/\/0-zz.com\/gn\/\">GN<\/a>, Gwinea Bissau&nbsp;<a href=\"http:\/\/0-zz.com\/gw\/\">GW<\/a>, Gwinea R\u00f3wnikowa&nbsp;<a href=\"http:\/\/0-zz.com\/gq\/\">GQ<\/a>, Kamerun&nbsp;<a href=\"http:\/\/0-zz.com\/cm\/\">CM<\/a>, Kenia&nbsp;<a href=\"http:\/\/0-zz.com\/ke\/\">KE<\/a>, Komory&nbsp;<a href=\"http:\/\/0-zz.com\/km\/\">KM<\/a>, Kongo&nbsp;<a href=\"http:\/\/0-zz.com\/cg\/\">CG<\/a>, Lesotho&nbsp;<a href=\"http:\/\/0-zz.com\/ls\/\">LS<\/a>, Liberia&nbsp;<a href=\"http:\/\/0-zz.com\/lr\/\">LR<\/a>, Libia&nbsp;<a href=\"http:\/\/0-zz.com\/ly\/\">LY<\/a>, Madagaskar&nbsp;<a href=\"http:\/\/0-zz.com\/mg\/\">MG<\/a>, Malawi&nbsp;<a href=\"http:\/\/0-zz.com\/mw\/\">MW<\/a>, Mali&nbsp;<a href=\"http:\/\/0-zz.com\/ml\/\">ML<\/a>, Maroko&nbsp;<a href=\"http:\/\/0-zz.com\/ma\/\">MA<\/a>, Mauretania&nbsp;<a href=\"http:\/\/0-zz.com\/mr\/\">MR<\/a>, Mauritius&nbsp;<a href=\"http:\/\/0-zz.com\/mu\/\">MU<\/a>, Mozambik&nbsp;<a href=\"http:\/\/0-zz.com\/mz\/\">MZ<\/a>, Namibia&nbsp;<a href=\"http:\/\/0-zz.com\/na\/\">NA<\/a>, Niger&nbsp;<a href=\"http:\/\/0-zz.com\/ne\/\">NE<\/a>, Nigeria&nbsp;<a href=\"http:\/\/0-zz.com\/ng\/\">NG<\/a>, Po\u0142udniowa Afryka&nbsp;<a href=\"http:\/\/0-zz.com\/za\/\">ZA<\/a>, Republika \u015arodkowoafryka\u0144ska&nbsp;<a href=\"http:\/\/0-zz.com\/cf\/\">CF<\/a>, Republika Zielonego Przyl\u0105dka&nbsp;<a href=\"http:\/\/0-zz.com\/cv\/\">CV<\/a>, Rwanda&nbsp;<a href=\"http:\/\/0-zz.com\/rw\/\">RW<\/a>, Senegal&nbsp;<a href=\"http:\/\/0-zz.com\/sn\/\">SN<\/a>, Seszele&nbsp;<a href=\"http:\/\/0-zz.com\/sc\/\">SC<\/a>, Sierra Leone&nbsp;<a href=\"http:\/\/0-zz.com\/sl\/\">SL<\/a>, Somalia&nbsp;<a href=\"http:\/\/0-zz.com\/so\/\">SO<\/a>, Sudan&nbsp;<a href=\"http:\/\/0-zz.com\/sd\/\">SD<\/a>, Sudan Po\u0142udniowy&nbsp;<a href=\"http:\/\/0-zz.com\/ss\/\">SS<\/a>, Tanzania&nbsp;<a href=\"http:\/\/0-zz.com\/tz\/\">TZ<\/a>, Togo&nbsp;<a href=\"http:\/\/0-zz.com\/tg\/\">TG<\/a>, Tunezja&nbsp;<a href=\"http:\/\/0-zz.com\/tn\/\">TN<\/a>, Uganda&nbsp;<a href=\"http:\/\/0-zz.com\/ug\/\">UG<\/a>, Wybrze\u017ce Ko\u015bci S\u0142oniowej&nbsp;<a href=\"http:\/\/0-zz.com\/ci\/\">CI<\/a>, Wyspy \u015awi\u0119tego Tomasza i Ksi\u0105\u017c\u0119ca&nbsp;<a href=\"http:\/\/0-zz.com\/st\/\">ST<\/a>, Zambia&nbsp;<a href=\"http:\/\/0-zz.com\/zm\/\">ZM<\/a>, Zimbabwe&nbsp;<a href=\"http:\/\/0-zz.com\/zw\/\">ZW<\/a><br><strong>Terytoria autonomiczne i zale\u017cne<\/strong>: Majotta&nbsp;<a href=\"http:\/\/0-zz.com\/yt\/\">YT<\/a>, Reunion&nbsp;<a href=\"http:\/\/0-zz.com\/re\/\">RE<\/a>, Sahara Zachodnia&nbsp;<a href=\"http:\/\/0-zz.com\/eh\/\">EH<\/a>, Somaliland&nbsp;<a href=\"http:\/\/0-zz.com\/so\/\">SO<\/a>, Wyspa \u015awi\u0119tej Heleny, Wyspa Wniebowst\u0105pienia&nbsp;<a href=\"http:\/\/0-zz.com\/ac\/\">AC<\/a>&nbsp;i Tristan da Cunha&nbsp;<a href=\"http:\/\/0-zz.com\/sh\/\">SH<\/a><\/figure>\n","protected":false},"excerpt":{"rendered":"<p>0 Polska \u2013 j\u0119zyk polski 1\ufe0f\u20e31\ufe0f\u20e3-0 1\ufe0f\u20e32\ufe0f\u20e3-1 1\ufe0f\u20e33\ufe0f\u20e3-2 1\ufe0f\u20e34\ufe0f\u20e3-3 1\ufe0f\u20e35\ufe0f\u20e3-4 1\ufe0f\u20e36\ufe0f\u20e3-5 2\ufe0f\u20e31\ufe0f\u20e3-6 2\ufe0f\u20e32\ufe0f\u20e3-7 2\ufe0f\u20e33\ufe0f\u20e3-8 2\ufe0f\u20e34\ufe0f\u20e3-9 2\ufe0f\u20e35\ufe0f\u20e3-A 2\ufe0f\u20e36\ufe0f\u20e3-B 3\ufe0f\u20e31\ufe0f\u20e3-C 3\ufe0f\u20e32\ufe0f\u20e3-D 3\ufe0f\u20e33\ufe0f\u20e3-E 3\ufe0f\u20e34\ufe0f\u20e3-F 3\ufe0f\u20e35\ufe0f\u20e3-G 3\ufe0f\u20e36\ufe0f\u20e3-H 4\ufe0f\u20e31\ufe0f\u20e3-I 4\ufe0f\u20e32\ufe0f\u20e3-J 4\ufe0f\u20e33\ufe0f\u20e3-K 4\ufe0f\u20e34\ufe0f\u20e3-L 4\ufe0f\u20e35\ufe0f\u20e3-M 4\ufe0f\u20e36\ufe0f\u20e3-N 5\ufe0f\u20e31\ufe0f\u20e3-O 5\ufe0f\u20e32\ufe0f\u20e3-P 5\ufe0f\u20e33\ufe0f\u20e3-Q 5\ufe0f\u20e34\ufe0f\u20e3-R 5\ufe0f\u20e35\ufe0f\u20e3-S 5\ufe0f\u20e36\ufe0f\u20e3-T 6\ufe0f\u20e31\ufe0f\u20e3-U 6\ufe0f\u20e32\ufe0f\u20e3-V 6\ufe0f\u20e33\ufe0f\u20e3-W 6\ufe0f\u20e34\ufe0f\u20e3-X 6\ufe0f\u20e35\ufe0f\u20e3-Y 6\ufe0f\u20e36\ufe0f\u20e3-Z Rzu\u0107 2 kostkami: https:\/\/www.random.org\/dice\/ https:\/\/www.google.com\/search?q=dice+roller 11-0, 12-1, 13-2, 14-3, 15-4, 16-5, 21-6, 22-7, 23-8, [&hellip;]<\/p>\n","protected":false},"author":1,"featured_media":0,"parent":0,"menu_order":0,"comment_status":"closed","ping_status":"closed","template":"","meta":{"footnotes":""},"class_list":["post-9","page","type-page","status-publish","hentry"],"_links":{"self":[{"href":"https:\/\/0-zz.com\/pl\/wp-json\/wp\/v2\/pages\/9","targetHints":{"allow":["GET"]}}],"collection":[{"href":"https:\/\/0-zz.com\/pl\/wp-json\/wp\/v2\/pages"}],"about":[{"href":"https:\/\/0-zz.com\/pl\/wp-json\/wp\/v2\/types\/page"}],"author":[{"embeddable":true,"href":"https:\/\/0-zz.com\/pl\/wp-json\/wp\/v2\/users\/1"}],"replies":[{"embeddable":true,"href":"https:\/\/0-zz.com\/pl\/wp-json\/wp\/v2\/comments?post=9"}],"version-history":[{"count":3,"href":"https:\/\/0-zz.com\/pl\/wp-json\/wp\/v2\/pages\/9\/revisions"}],"predecessor-version":[{"id":383,"href":"https:\/\/0-zz.com\/pl\/wp-json\/wp\/v2\/pages\/9\/revisions\/383"}],"wp:attachment":[{"href":"https:\/\/0-zz.com\/pl\/wp-json\/wp\/v2\/media?parent=9"}],"curies":[{"name":"wp","href":"https:\/\/api.w.org\/{rel}","templated":true}]}}