{"id":86,"date":"2019-10-23T15:34:25","date_gmt":"2019-10-23T13:34:25","guid":{"rendered":"http:\/\/0-zz.com\/pl\/?page_id=86"},"modified":"2020-12-23T15:05:02","modified_gmt":"2020-12-24T03:05:02","slug":"z","status":"publish","type":"page","link":"https:\/\/0-zz.com\/pl\/z\/","title":{"rendered":"Z"},"content":{"rendered":"\n<h2 class=\"wp-block-heading\">Playlisty i YouTube Mixy rozpoczynaj\u0105ce si\u0119 od litery: Z<\/h2>\n\n\n\n<h2 class=\"wp-block-heading\"><strong>Z.B.U.K.U<\/strong> &#8211; playlista<\/h2>\n\n\n\n<p><a href=\"https:\/\/m.youtube.com\/results?search_query=Z.B.U.K.U+playlist\">https:\/\/m.youtube.com\/results?search_query=Z.B.U.K.U+playlist<\/a><\/p>\n\n\n\n<h2 class=\"wp-block-heading\"><strong>Zabili Mi \u017b\u00f3\u0142wia<\/strong> &#8211; playlista<\/h2>\n\n\n\n<p><a href=\"https:\/\/m.youtube.com\/results?search_query=Zabili+Mi+\u017b\u00f3\u0142wia+playlist\">https:\/\/m.youtube.com\/results?search_query=Zabili+Mi+\u017b\u00f3\u0142wia+playlist<\/a><\/p>\n\n\n\n<h2 class=\"wp-block-heading\">Zakopower &#8211; playlista<\/h2>\n\n\n\n<p><a href=\"https:\/\/m.youtube.com\/results?search_query=Zakopower+Playlist\">https:\/\/m.youtube.com\/results?search_query=Zakopower+Playlist<\/a><\/p>\n\n\n\n<h2 class=\"wp-block-heading\">Zalia &#8211; Julia Zarzecka &#8211; playlista<\/h2>\n\n\n\n<p><a href=\"https:\/\/m.youtube.com\/results?search_query=Julia+Zarzecka+playlist\">https:\/\/m.youtube.com\/results?search_query=Julia+Zarzecka+playlist<\/a><\/p>\n\n\n\n<h2 class=\"wp-block-heading\">Zbigniew Wodecki \u2013 Playlista<\/h2>\n\n\n\n<p><a href=\"https:\/\/m.youtube.com\/results?search_query=Zbigniew+Wodecki+Playlist\">https:\/\/m.youtube.com\/results?search_query=Zbigniew+Wodecki+Playlist<\/a><\/p>\n\n\n\n<h2 class=\"wp-block-heading\">Zbigniew Zamachowski \u2013 Playlista<\/h2>\n\n\n\n<p><a href=\"https:\/\/m.youtube.com\/results?search_query=Zbigniew+Zamachowski+Playlist\">https:\/\/m.youtube.com\/results?search_query=Zbigniew+Zamachowski+Playlist<\/a><\/p>\n\n\n\n<h2 class=\"wp-block-heading\">Zdzis\u0142awa So\u015bnicka \u2013 Playlista<\/h2>\n\n\n\n<p><a href=\"https:\/\/m.youtube.com\/results?search_query=Zdzis\u0142awa+So\u015bnicka+Playlist\">https:\/\/m.youtube.com\/results?search_query=Zdzis\u0142awa+So\u015bnicka+Playlist<\/a><\/p>\n\n\n\n<h2 class=\"wp-block-heading\"><strong>Zeus<\/strong> &#8211; playlista<\/h2>\n\n\n\n<p><a href=\"https:\/\/m.youtube.com\/results?search_query=Zeus+playlist\">https:\/\/m.youtube.com\/results?search_query=Zeus+playlist<\/a><\/p>\n\n\n\n<h2 class=\"wp-block-heading\"><strong>Zielone \u017cabki<\/strong> &#8211; playlista<\/h2>\n\n\n\n<p><a href=\"https:\/\/m.youtube.com\/results?search_query=Zielone+\u017cabki+playlist\">https:\/\/m.youtube.com\/results?search_query=Zielone+\u017cabki+playlist<\/a><\/p>\n\n\n\n<h2 class=\"wp-block-heading\">Z\u0142ota kolekcja &#8211; playlista<\/h2>\n\n\n\n<p><a href=\"https:\/\/m.youtube.com\/results?search_query=Z\u0142ota+kolekcja+playlista\">https:\/\/m.youtube.com\/results?search_query=Z\u0142ota+kolekcja+playlista<\/a><\/p>\n\n\n\n<h2 class=\"wp-block-heading\">ZOUZY &#8211; playlista<\/h2>\n\n\n\n<p><a href=\"https:\/\/m.youtube.com\/results?search_query=ZOUZY+playlist\">https:\/\/m.youtube.com\/results?search_query=ZOUZY+playlist<\/a><\/p>\n\n\n\n<h2 class=\"wp-block-heading\">Zuza Jab\u0142o\u0144ska &#8211; playlista<\/h2>\n\n\n\n<p><a href=\"https:\/\/m.youtube.com\/results?search_query=Zuza+Jab\u0142o\u0144ska+Playlist\">https:\/\/m.youtube.com\/results?search_query=Zuza+Jab\u0142o\u0144ska+Playlist<\/a><\/p>\n\n\n\n<h2 class=\"wp-block-heading\">\u017belka &#8211; playlista<\/h2>\n\n\n\n<p><a href=\"https:\/\/m.youtube.com\/results?search_query=\u017belka+playlist\">https:\/\/m.youtube.com\/results?search_query=\u017belka+playlist<\/a><\/p>\n","protected":false},"excerpt":{"rendered":"<p>Playlisty i YouTube Mixy rozpoczynaj\u0105ce si\u0119 od litery: Z Z.B.U.K.U &#8211; playlista https:\/\/m.youtube.com\/results?search_query=Z.B.U.K.U+playlist Zabili Mi \u017b\u00f3\u0142wia &#8211; playlista https:\/\/m.youtube.com\/results?search_query=Zabili+Mi+\u017b\u00f3\u0142wia+playlist Zakopower &#8211; playlista https:\/\/m.youtube.com\/results?search_query=Zakopower+Playlist Zalia &#8211; Julia Zarzecka &#8211; playlista https:\/\/m.youtube.com\/results?search_query=Julia+Zarzecka+playlist Zbigniew Wodecki \u2013 Playlista https:\/\/m.youtube.com\/results?search_query=Zbigniew+Wodecki+Playlist Zbigniew Zamachowski \u2013 Playlista https:\/\/m.youtube.com\/results?search_query=Zbigniew+Zamachowski+Playlist Zdzis\u0142awa So\u015bnicka \u2013 Playlista https:\/\/m.youtube.com\/results?search_query=Zdzis\u0142awa+So\u015bnicka+Playlist Zeus &#8211; playlista https:\/\/m.youtube.com\/results?search_query=Zeus+playlist Zielone \u017cabki &#8211; playlista https:\/\/m.youtube.com\/results?search_query=Zielone+\u017cabki+playlist Z\u0142ota [&hellip;]<\/p>\n","protected":false},"author":1,"featured_media":0,"parent":0,"menu_order":0,"comment_status":"closed","ping_status":"closed","template":"","meta":{"footnotes":""},"class_list":["post-86","page","type-page","status-publish","hentry"],"_links":{"self":[{"href":"https:\/\/0-zz.com\/pl\/wp-json\/wp\/v2\/pages\/86","targetHints":{"allow":["GET"]}}],"collection":[{"href":"https:\/\/0-zz.com\/pl\/wp-json\/wp\/v2\/pages"}],"about":[{"href":"https:\/\/0-zz.com\/pl\/wp-json\/wp\/v2\/types\/page"}],"author":[{"embeddable":true,"href":"https:\/\/0-zz.com\/pl\/wp-json\/wp\/v2\/users\/1"}],"replies":[{"embeddable":true,"href":"https:\/\/0-zz.com\/pl\/wp-json\/wp\/v2\/comments?post=86"}],"version-history":[{"count":3,"href":"https:\/\/0-zz.com\/pl\/wp-json\/wp\/v2\/pages\/86\/revisions"}],"predecessor-version":[{"id":428,"href":"https:\/\/0-zz.com\/pl\/wp-json\/wp\/v2\/pages\/86\/revisions\/428"}],"wp:attachment":[{"href":"https:\/\/0-zz.com\/pl\/wp-json\/wp\/v2\/media?parent=86"}],"curies":[{"name":"wp","href":"https:\/\/api.w.org\/{rel}","templated":true}]}}