{"id":71,"date":"2019-10-23T15:33:13","date_gmt":"2019-10-23T13:33:13","guid":{"rendered":"http:\/\/0-zz.com\/pl\/?page_id=71"},"modified":"2022-01-13T03:15:52","modified_gmt":"2022-01-13T15:15:52","slug":"s","status":"publish","type":"page","link":"https:\/\/0-zz.com\/pl\/s\/","title":{"rendered":"S"},"content":{"rendered":"\n<h2 class=\"wp-block-heading\">Playlisty i YouTube Mixy rozpoczynaj\u0105ce si\u0119 od litery: S<\/h2>\n\n\n\n<h2 class=\"wp-block-heading\">Sanah &#8211; playlista<\/h2>\n\n\n\n<p><a href=\"https:\/\/m.youtube.com\/results?search_query=Sanah+Playlist\">https:\/\/m.youtube.com\/results?search_query=Sanah+Playlist<\/a><\/p>\n\n\n\n<h2 class=\"wp-block-heading\">Sarsa &#8211; playlists<\/h2>\n\n\n\n<p><a href=\"https:\/\/m.youtube.com\/results?search_query=Sarsa+Playlist\">https:\/\/m.youtube.com\/results?search_query=Sarsa+Playlist<\/a><\/p>\n\n\n\n<h2 class=\"wp-block-heading\">Seweryn Krajewski \u2013 Playlista<\/h2>\n\n\n\n<p><a href=\"https:\/\/m.youtube.com\/results?search_query=Seweryn+Krajewski+Playlist\">https:\/\/m.youtube.com\/results?search_query=Seweryn+Krajewski+Playlist<\/a><\/p>\n\n\n\n<h2 class=\"wp-block-heading\"><strong>Shellerini<\/strong> &#8211; playlista<\/h2>\n\n\n\n<p><a href=\"https:\/\/m.youtube.com\/results?search_query=Shellerini+playlist\">https:\/\/m.youtube.com\/results?search_query=Shellerini+playlist<\/a><\/p>\n\n\n\n<h2 class=\"wp-block-heading\">Sidney Polak &#8211; playlista<\/h2>\n\n\n\n<p><a href=\"https:\/\/m.youtube.com\/results?search_query=Sidney+Polak+Playlist\">https:\/\/m.youtube.com\/results?search_query=Sidney+Polak+Playlist<\/a><\/p>\n\n\n\n<h2 class=\"wp-block-heading\">Skaldowie \u2013 Playlista<\/h2>\n\n\n\n<p><a href=\"https:\/\/m.youtube.com\/results?search_query=Skaldowie+Playlist\">https:\/\/m.youtube.com\/results?search_query=Skaldowie+Playlist<\/a><\/p>\n\n\n\n<h2 class=\"wp-block-heading\">Slums Attack &#8211; playlista<\/h2>\n\n\n\n<p><a href=\"https:\/\/m.youtube.com\/results?search_query=Slums+Attack+playlist\">https:\/\/m.youtube.com\/results?search_query=Slums+Attack+playlist<\/a><\/p>\n\n\n\n<h2 class=\"wp-block-heading\">S\u0142awa Przybylska \u2013 Playlista<\/h2>\n\n\n\n<p><a href=\"https:\/\/m.youtube.com\/results?search_query=S\u0142awa+Przybylska+Playlist\">https:\/\/m.youtube.com\/results?search_query=S\u0142awa+Przybylska+Playlist<\/a><\/p>\n\n\n\n<h2 class=\"wp-block-heading\">S\u0142awek Wierzcholski \u2013 Playlista<\/h2>\n\n\n\n<p><a href=\"https:\/\/m.youtube.com\/results?search_query=S\u0142awek+Wierzcholski+Playlist\">https:\/\/m.youtube.com\/results?search_query=S\u0142awek+Wierzcholski+Playlist<\/a><\/p>\n\n\n\n<h2 class=\"wp-block-heading\">S\u0142o\u0144 &#8211; playlista<\/h2>\n\n\n\n<p><a href=\"https:\/\/m.youtube.com\/results?search_query=S\u0142o\u0144+playlist\">https:\/\/m.youtube.com\/results?search_query=S\u0142o\u0144+playlist<\/a><\/p>\n\n\n\n<h2 class=\"wp-block-heading\"><strong>S\u0142o\u0144 &amp; Mikser<\/strong> &#8211; playlista<\/h2>\n\n\n\n<p><a href=\"https:\/\/m.youtube.com\/results?search_query=S\u0142o\u0144+%26+Mikser+playlist\">https:\/\/m.youtube.com\/results?search_query=S\u0142o\u0144+%26+Mikser+playlist<\/a><\/p>\n\n\n\n<h2 class=\"wp-block-heading\">Smolik &#8211; playlista<\/h2>\n\n\n\n<p><a href=\"https:\/\/m.youtube.com\/results?search_query=Smolik+playlist\">https:\/\/m.youtube.com\/results?search_query=Smolik+playlist<\/a><\/p>\n\n\n\n<h2 class=\"wp-block-heading\">Sobota &#8211; playlista<\/h2>\n\n\n\n<p><a href=\"https:\/\/m.youtube.com\/results?search_query=Sobota+playlist\">https:\/\/m.youtube.com\/results?search_query=Sobota+playlist<\/a><\/p>\n\n\n\n<h2 class=\"wp-block-heading\"><strong>Sok\u00f3\u0142<\/strong> &#8211; playlista<\/h2>\n\n\n\n<p><a href=\"https:\/\/m.youtube.com\/results?search_query=Sok\u00f3\u0142+playlist\">https:\/\/m.youtube.com\/results?search_query=Sok\u00f3\u0142+playlist<\/a><\/p>\n\n\n\n<h2 class=\"wp-block-heading\">Sony Music PL<\/h2>\n\n\n\n<p><a href=\"https:\/\/m.youtube.com\/user\/SonyMusicPL\">https:\/\/m.youtube.com\/user\/SonyMusicPL<\/a><\/p>\n\n\n\n<h2 class=\"wp-block-heading\">Sound&#8217;n&#8217;Grace &#8211; playlista<\/h2>\n\n\n\n<p><a href=\"https:\/\/m.youtube.com\/results?search_query=Sound%27n%27Grace+playlist\">https:\/\/m.youtube.com\/results?search_query=Sound%27n%27Grace+playlist<\/a><\/p>\n\n\n\n<h2 class=\"wp-block-heading\"><strong>South Blunt System<\/strong> &#8211; playlista<\/h2>\n\n\n\n<p><a href=\"https:\/\/m.youtube.com\/results?search_query=South+Blunt+System+playlist\">https:\/\/m.youtube.com\/results?search_query=South+Blunt+System+playlist<\/a><\/p>\n\n\n\n<h2 class=\"wp-block-heading\">Stan Borys \u2013 Playlista<\/h2>\n\n\n\n<p><a href=\"https:\/\/m.youtube.com\/results?search_query=Stan+Borys+Playlist\">https:\/\/m.youtube.com\/results?search_query=Stan+Borys+Playlist<\/a><\/p>\n\n\n\n<h2 class=\"wp-block-heading\">Stanis\u0142aw Soyka \u2013 Playlista<\/h2>\n\n\n\n<p><a href=\"https:\/\/m.youtube.com\/results?search_query=Stanis\u0142aw+Soyka+Playlist\">https:\/\/m.youtube.com\/results?search_query=Stanis\u0142aw+Soyka+Playlist<\/a><\/p>\n\n\n\n<h2 class=\"wp-block-heading\">Star Guard Muffin &#8211; playlista<\/h2>\n\n\n\n<p><a href=\"https:\/\/m.youtube.com\/results?search_query=Star+Guard+Muffin+playlist\">https:\/\/m.youtube.com\/results?search_query=Star+Guard+Muffin+playlist<\/a><\/p>\n\n\n\n<h2 class=\"wp-block-heading\">Stare Dobre Ma\u0142\u017ce\u0144stwo &#8211; SDM \u2013 Playlista<\/h2>\n\n\n\n<p><a href=\"https:\/\/m.youtube.com\/results?search_query=Stare+Dobre+Ma\u0142\u017ce\u0144stwo+Playlist\">https:\/\/m.youtube.com\/results?search_query=Stare+Dobre+Ma\u0142\u017ce\u0144stwo+Playlist<\/a><\/p>\n\n\n\n<h2 class=\"wp-block-heading\">Stasiek Wielanek \u2013 Playlista<\/h2>\n\n\n\n<p><a href=\"https:\/\/m.youtube.com\/results?search_query=Stasiek+Wielanek+Playlist\">https:\/\/m.youtube.com\/results?search_query=Stasiek+Wielanek+Playlist<\/a><\/p>\n\n\n\n<h2 class=\"wp-block-heading\">Strachy Na Lachy &#8211; playlista<\/h2>\n\n\n\n<p><a href=\"https:\/\/m.youtube.com\/results?search_query=Strachy+Na+Lachy+Playlist\">https:\/\/m.youtube.com\/results?search_query=Strachy+Na+Lachy+Playlist<\/a><\/p>\n\n\n\n<h2 class=\"wp-block-heading\"><strong>Studio Accantus<\/strong> &#8211; playlist<\/h2>\n\n\n\n<p><a href=\"https:\/\/m.youtube.com\/results?search_query=Studio+Accantus+playlist\">https:\/\/m.youtube.com\/results?search_query=Studio+Accantus+playlist<\/a><\/p>\n\n\n\n<h2 class=\"wp-block-heading\">Sylwia Grzeszczak &#8211; playlist<\/h2>\n\n\n\n<p><a href=\"https:\/\/m.youtube.com\/results?search_query=Sylwia+Grzeszczak+playlist\">https:\/\/m.youtube.com\/results?search_query=Sylwia+Grzeszczak+playlist<\/a><\/p>\n\n\n\n<h2 class=\"wp-block-heading\">Sztywny Pal Azji \u2013 Playlista<\/h2>\n\n\n\n<p><a href=\"https:\/\/m.youtube.com\/results?search_query=Sztywny+Pal+Azji+Playlist\">https:\/\/m.youtube.com\/results?search_query=Sztywny+Pal+Azji+Playlist<\/a><\/p>\n\n\n\n<h2 class=\"wp-block-heading\">Szwagierkolaska &#8211; Playlista<\/h2>\n\n\n\n<p><a href=\"https:\/\/m.youtube.com\/results?search_query=Szwagierkolaska+playlist\">https:\/\/m.youtube.com\/results?search_query=Szwagierkolaska+playlist<\/a><\/p>\n\n\n\n<h2 class=\"wp-block-heading\">Szymon Chodyniecki &#8211; playlista<\/h2>\n\n\n\n<p><a href=\"https:\/\/m.youtube.com\/results?search_query=Szymon+Chodyniecki+playlist\">https:\/\/m.youtube.com\/results?search_query=Szymon+Chodyniecki+playlist<\/a><\/p>\n","protected":false},"excerpt":{"rendered":"<p>Playlisty i YouTube Mixy rozpoczynaj\u0105ce si\u0119 od litery: S Sanah &#8211; playlista https:\/\/m.youtube.com\/results?search_query=Sanah+Playlist Sarsa &#8211; playlists https:\/\/m.youtube.com\/results?search_query=Sarsa+Playlist Seweryn Krajewski \u2013 Playlista https:\/\/m.youtube.com\/results?search_query=Seweryn+Krajewski+Playlist Shellerini &#8211; playlista https:\/\/m.youtube.com\/results?search_query=Shellerini+playlist Sidney Polak &#8211; playlista https:\/\/m.youtube.com\/results?search_query=Sidney+Polak+Playlist Skaldowie \u2013 Playlista https:\/\/m.youtube.com\/results?search_query=Skaldowie+Playlist Slums Attack &#8211; playlista https:\/\/m.youtube.com\/results?search_query=Slums+Attack+playlist S\u0142awa Przybylska \u2013 Playlista https:\/\/m.youtube.com\/results?search_query=S\u0142awa+Przybylska+Playlist S\u0142awek Wierzcholski \u2013 Playlista https:\/\/m.youtube.com\/results?search_query=S\u0142awek+Wierzcholski+Playlist S\u0142o\u0144 &#8211; playlista https:\/\/m.youtube.com\/results?search_query=S\u0142o\u0144+playlist S\u0142o\u0144 [&hellip;]<\/p>\n","protected":false},"author":1,"featured_media":0,"parent":0,"menu_order":0,"comment_status":"closed","ping_status":"closed","template":"","meta":{"footnotes":""},"class_list":["post-71","page","type-page","status-publish","hentry"],"_links":{"self":[{"href":"https:\/\/0-zz.com\/pl\/wp-json\/wp\/v2\/pages\/71","targetHints":{"allow":["GET"]}}],"collection":[{"href":"https:\/\/0-zz.com\/pl\/wp-json\/wp\/v2\/pages"}],"about":[{"href":"https:\/\/0-zz.com\/pl\/wp-json\/wp\/v2\/types\/page"}],"author":[{"embeddable":true,"href":"https:\/\/0-zz.com\/pl\/wp-json\/wp\/v2\/users\/1"}],"replies":[{"embeddable":true,"href":"https:\/\/0-zz.com\/pl\/wp-json\/wp\/v2\/comments?post=71"}],"version-history":[{"count":15,"href":"https:\/\/0-zz.com\/pl\/wp-json\/wp\/v2\/pages\/71\/revisions"}],"predecessor-version":[{"id":497,"href":"https:\/\/0-zz.com\/pl\/wp-json\/wp\/v2\/pages\/71\/revisions\/497"}],"wp:attachment":[{"href":"https:\/\/0-zz.com\/pl\/wp-json\/wp\/v2\/media?parent=71"}],"curies":[{"name":"wp","href":"https:\/\/api.w.org\/{rel}","templated":true}]}}