{"id":35,"date":"2019-10-23T15:30:34","date_gmt":"2019-10-23T13:30:34","guid":{"rendered":"http:\/\/0-zz.com\/pl\/?page_id=35"},"modified":"2022-01-13T04:58:47","modified_gmt":"2022-01-13T16:58:47","slug":"c","status":"publish","type":"page","link":"https:\/\/0-zz.com\/pl\/c\/","title":{"rendered":"C"},"content":{"rendered":"\n<h2 class=\"wp-block-heading\">Playlisty i YouTube Mixy rozpoczynaj\u0105ce si\u0119 od litery: C<\/h2>\n\n\n\n<h2 class=\"wp-block-heading\"><strong>Carrion<\/strong> &#8211; playlista<\/h2>\n\n\n\n<p><a href=\"https:\/\/m.youtube.com\/results?search_query=Zesp\u00f3\u0142+Carrion+playlist\">https:\/\/m.youtube.com\/results?search_query=Zesp\u00f3\u0142+Carrion+playlist<\/a><\/p>\n\n\n\n<h2 class=\"wp-block-heading\">Chada &#8211; playlista<\/h2>\n\n\n\n<p><a href=\"https:\/\/m.youtube.com\/results?search_query=Chada+playlist\">https:\/\/m.youtube.com\/results?search_query=Chada+playlist<\/a><\/p>\n\n\n\n<h2 class=\"wp-block-heading\">Ch\u0142opcy z Placu Broni &#8211; Playlista<\/h2>\n\n\n\n<p><a href=\"https:\/\/m.youtube.com\/results?search_query=Ch\u0142opcy+z+Placu+Broni+Playlist\">https:\/\/m.youtube.com\/results?search_query=Ch\u0142opcy+z+Placu+Broni+Playlist<\/a><\/p>\n\n\n\n<h2 class=\"wp-block-heading\">Fr\u00e9d\u00e9ric Chopin !!PL<\/h2>\n\n\n\n<p><a href=\"https:\/\/m.youtube.com\/channel\/UCyTnUReB5s38R-ZKlb2wyVg\">https:\/\/m.youtube.com\/channel\/UCyTnUReB5s38R-ZKlb2wyVg<\/a><\/p>\n\n\n\n<h2 class=\"wp-block-heading\">Cleo &#8211; playlista<\/h2>\n\n\n\n<p><a href=\"https:\/\/m.youtube.com\/results?search_query=Cleo+playlist\">https:\/\/m.youtube.com\/results?search_query=Cleo+playlist<\/a><\/p>\n\n\n\n<h2 class=\"wp-block-heading\">Closterkeller &#8211; playlista<\/h2>\n\n\n\n<p><a href=\"https:\/\/m.youtube.com\/results?search_query=Closterkeller+playlist\">https:\/\/m.youtube.com\/results?search_query=Closterkeller+playlist<\/a><\/p>\n\n\n\n<h2 class=\"wp-block-heading\">Coma &#8211; playlista<\/h2>\n\n\n\n<p><a href=\"https:\/\/m.youtube.com\/results?search_query=Coma+playlist\">https:\/\/m.youtube.com\/results?search_query=Coma+playlist<\/a><\/p>\n\n\n\n<h2 class=\"wp-block-heading\">Czarno-Czarni &#8211; playlista<\/h2>\n\n\n\n<p><a href=\"https:\/\/m.youtube.com\/results?search_query=Czarno-Czarni+Playlist\">https:\/\/m.youtube.com\/results?search_query=Czarno-Czarni+Playlist<\/a><\/p>\n\n\n\n<h2 class=\"wp-block-heading\">Czerwone Gitary &#8211; Playlista<\/h2>\n\n\n\n<p><a href=\"https:\/\/m.youtube.com\/results?search_query=Czerwone+Gitary+Playlist\">https:\/\/m.youtube.com\/results?search_query=Czerwone+Gitary+Playlist<\/a><\/p>\n\n\n\n<h2 class=\"wp-block-heading\">Czerwony Tulipan \u2013 Playlista<\/h2>\n\n\n\n<p><a href=\"https:\/\/m.youtube.com\/results?search_query=Czerwony+Tulipan+Playlist\">https:\/\/m.youtube.com\/results?search_query=Czerwony+Tulipan+Playlist<\/a><\/p>\n\n\n\n<h2 class=\"wp-block-heading\">Czes\u0142aw Niemen &#8211; Playlista<\/h2>\n\n\n\n<p><a href=\"https:\/\/m.youtube.com\/results?search_query=Czes\u0142aw+Niemen+Playlist\">https:\/\/m.youtube.com\/results?search_query=Czes\u0142aw+Niemen+Playlist<\/a><\/p>\n\n\n\n<h2 class=\"wp-block-heading\">Czes\u0142aw \u015apiewa &#8211; playlista<\/h2>\n\n\n\n<p><a href=\"https:\/\/m.youtube.com\/results?search_query=Czes\u0142aw+\u015apiewa+playlist\">https:\/\/m.youtube.com\/results?search_query=Czes\u0142aw+\u015apiewa+playlist<\/a><\/p>\n","protected":false},"excerpt":{"rendered":"<p>Playlisty i YouTube Mixy rozpoczynaj\u0105ce si\u0119 od litery: C Carrion &#8211; playlista https:\/\/m.youtube.com\/results?search_query=Zesp\u00f3\u0142+Carrion+playlist Chada &#8211; playlista https:\/\/m.youtube.com\/results?search_query=Chada+playlist Ch\u0142opcy z Placu Broni &#8211; Playlista https:\/\/m.youtube.com\/results?search_query=Ch\u0142opcy+z+Placu+Broni+Playlist Fr\u00e9d\u00e9ric Chopin !!PL https:\/\/m.youtube.com\/channel\/UCyTnUReB5s38R-ZKlb2wyVg Cleo &#8211; playlista https:\/\/m.youtube.com\/results?search_query=Cleo+playlist Closterkeller &#8211; playlista https:\/\/m.youtube.com\/results?search_query=Closterkeller+playlist Coma &#8211; playlista https:\/\/m.youtube.com\/results?search_query=Coma+playlist Czarno-Czarni &#8211; playlista https:\/\/m.youtube.com\/results?search_query=Czarno-Czarni+Playlist Czerwone Gitary &#8211; Playlista https:\/\/m.youtube.com\/results?search_query=Czerwone+Gitary+Playlist Czerwony Tulipan \u2013 Playlista https:\/\/m.youtube.com\/results?search_query=Czerwony+Tulipan+Playlist Czes\u0142aw [&hellip;]<\/p>\n","protected":false},"author":1,"featured_media":0,"parent":0,"menu_order":0,"comment_status":"closed","ping_status":"closed","template":"","meta":{"footnotes":""},"class_list":["post-35","page","type-page","status-publish","hentry"],"_links":{"self":[{"href":"https:\/\/0-zz.com\/pl\/wp-json\/wp\/v2\/pages\/35","targetHints":{"allow":["GET"]}}],"collection":[{"href":"https:\/\/0-zz.com\/pl\/wp-json\/wp\/v2\/pages"}],"about":[{"href":"https:\/\/0-zz.com\/pl\/wp-json\/wp\/v2\/types\/page"}],"author":[{"embeddable":true,"href":"https:\/\/0-zz.com\/pl\/wp-json\/wp\/v2\/users\/1"}],"replies":[{"embeddable":true,"href":"https:\/\/0-zz.com\/pl\/wp-json\/wp\/v2\/comments?post=35"}],"version-history":[{"count":10,"href":"https:\/\/0-zz.com\/pl\/wp-json\/wp\/v2\/pages\/35\/revisions"}],"predecessor-version":[{"id":500,"href":"https:\/\/0-zz.com\/pl\/wp-json\/wp\/v2\/pages\/35\/revisions\/500"}],"wp:attachment":[{"href":"https:\/\/0-zz.com\/pl\/wp-json\/wp\/v2\/media?parent=35"}],"curies":[{"name":"wp","href":"https:\/\/api.w.org\/{rel}","templated":true}]}}