{"id":12,"date":"2019-10-23T15:28:02","date_gmt":"2019-10-23T13:28:02","guid":{"rendered":"http:\/\/0-zz.com\/pl\/?page_id=12"},"modified":"2020-12-23T14:33:39","modified_gmt":"2020-12-24T02:33:39","slug":"1-2","status":"publish","type":"page","link":"https:\/\/0-zz.com\/pl\/1-2\/","title":{"rendered":"1"},"content":{"rendered":"\n<h2 class=\"wp-block-heading\">Playlisty i YouTube Mixy rozpoczynaj\u0105ce si\u0119 od cyfry: 1<\/h2>\n\n\n\n<h2 class=\"wp-block-heading\">13. Polski Top Wszech Czas\u00f3w \u2013 Toplista !! 2020 <\/h2>\n\n\n\n<p><a href=\"https:\/\/m.youtube.com\/watch?v=zb9Obfsfhrw&amp;list=PLmRTSpNn3aWMAp0Ftpq6WioSrITxRWJee\">https:\/\/m.youtube.com\/watch?v=zb9Obfsfhrw&amp;list=PLmRTSpNn3aWMAp0Ftpq6WioSrITxRWJee<\/a><\/p>\n","protected":false},"excerpt":{"rendered":"<p>Playlisty i YouTube Mixy rozpoczynaj\u0105ce si\u0119 od cyfry: 1 13. Polski Top Wszech Czas\u00f3w \u2013 Toplista !! 2020 https:\/\/m.youtube.com\/watch?v=zb9Obfsfhrw&amp;list=PLmRTSpNn3aWMAp0Ftpq6WioSrITxRWJee<\/p>\n","protected":false},"author":1,"featured_media":0,"parent":0,"menu_order":0,"comment_status":"closed","ping_status":"closed","template":"","meta":{"footnotes":""},"class_list":["post-12","page","type-page","status-publish","hentry"],"_links":{"self":[{"href":"https:\/\/0-zz.com\/pl\/wp-json\/wp\/v2\/pages\/12","targetHints":{"allow":["GET"]}}],"collection":[{"href":"https:\/\/0-zz.com\/pl\/wp-json\/wp\/v2\/pages"}],"about":[{"href":"https:\/\/0-zz.com\/pl\/wp-json\/wp\/v2\/types\/page"}],"author":[{"embeddable":true,"href":"https:\/\/0-zz.com\/pl\/wp-json\/wp\/v2\/users\/1"}],"replies":[{"embeddable":true,"href":"https:\/\/0-zz.com\/pl\/wp-json\/wp\/v2\/comments?post=12"}],"version-history":[{"count":2,"href":"https:\/\/0-zz.com\/pl\/wp-json\/wp\/v2\/pages\/12\/revisions"}],"predecessor-version":[{"id":394,"href":"https:\/\/0-zz.com\/pl\/wp-json\/wp\/v2\/pages\/12\/revisions\/394"}],"wp:attachment":[{"href":"https:\/\/0-zz.com\/pl\/wp-json\/wp\/v2\/media?parent=12"}],"curies":[{"name":"wp","href":"https:\/\/api.w.org\/{rel}","templated":true}]}}