{"id":25,"date":"2020-04-11T11:43:47","date_gmt":"2020-04-11T11:43:47","guid":{"rendered":"http:\/\/0-zz.com\/it\/?page_id=25"},"modified":"2022-01-08T20:55:34","modified_gmt":"2022-01-08T20:55:34","slug":"a","status":"publish","type":"page","link":"https:\/\/0-zz.com\/it\/a\/","title":{"rendered":"A"},"content":{"rendered":"\n<h2 class=\"wp-block-heading\">A<\/h2>\n\n\n\n<figure class=\"wp-block-embed is-type-video is-provider-youtube wp-block-embed-youtube wp-embed-aspect-4-3 wp-has-aspect-ratio\"><div class=\"wp-block-embed__wrapper\">\n<iframe loading=\"lazy\" title=\"AL BANO &amp; ROMINA POWER-Felicita(the original video)\" width=\"580\" height=\"435\" src=\"https:\/\/www.youtube.com\/embed\/m31Rqprl0dg?feature=oembed\" frameborder=\"0\" allow=\"accelerometer; autoplay; clipboard-write; encrypted-media; gyroscope; picture-in-picture; web-share\" referrerpolicy=\"strict-origin-when-cross-origin\" allowfullscreen><\/iframe>\n<\/div><figcaption><strong>Al Bano &amp; Romina Power &#8211; Felicita<\/strong><br><br>Felicita&#8217;<br>E&#8217; tenersi per mano, andare lontano<br>La felicita&#8217;<br>E&#8217; il tuo sguardo innocente<br>In mezzo alla gente<br>La felicit\u00e0&#8217;<br>E&#8217; restare vicini come bambini<br>La felicit\u00e0&#8217;, felicit\u00e0&#8217;<br><br>Felicita&#8217;<br>E&#8217; un cuscino di piume, l&#8217;acqua del fiume<br>Che passa e che va<br>E&#8217; la pioggia che scende, dietro le tende<br>La felicita&#8217;<br>E&#8217; abbassare la luce per fare pace<br>La felicita&#8217;, felicita&#8217;<br><br>Felicita&#8217;<br>E&#8217; un bicchiere di vino con un panino<br>La felicita&#8217;<br>E&#8217; lasciarti un biglietto, dentro al cassetto<br>La felicita&#8217;<br>E&#8217; cantare a due voci, quanto mi piaci<br>La felicita&#8217;, felicita&#8217;<br><br>Senti nell&#8217;aria c&#8217;e&#8217; gia&#8217;<br>La nostra canzone d&#8217;amore che va<br>Come un pensiero che sa<br>Di felicita&#8217;<br>Senti nell&#8217;aria c&#8217;e&#8217; gia&#8217;<br>Un raggio di sole piu caldo che va<br>Come un sorriso che sa<br>Di felicita&#8217;&#8230;<br><br>Felicita&#8217;<br>E&#8217; una sera a sorpresa<br>La luna accesa e la radio che va<br>E&#8217; un biglietto d&#8217;auguri pieno di cuori<br>La felicita&#8217;<br>E&#8217; una telefonata non aspettata<br>La felicita&#8217;, felicita&#8217;<br><br>Felicita&#8217;<br>\u00c8 una spiaggia di notte, l&#8217;onda che parte, la felicit\u00e0.<br>\u00c8 una mano sul cuore piena d&#8217;amore, la felicit\u00e0.<br>\u00c8 aspettare l&#8217;aurora per farlo ancora, la felicit\u00e0,<br>Felicit\u00e0.<br><br>Senti nell&#8217;aria c&#8217;e&#8217; gia&#8217;<br>La nostra canzone d&#8217;amore che va<br>Come un pensiero che sa<br>Di felicita&#8217;<br>Senti nell&#8217;aria c&#8217;e&#8217; gia&#8217;<br>Un raggio di sole piu caldo che va<br>Come un sorriso che sa<br>Di felicita&#8217;<br>Senti nell&#8217;aria c&#8217;e&#8217; gia&#8217;<br>La nostra canzone d&#8217;amore che va<br>Come un pensiero che sa<br>Di felicita&#8217;&#8230;<\/figcaption><\/figure>\n\n\n\n<h2 class=\"wp-block-heading\">Al Bano &amp; Romina Power !!82IT<\/h2>\n\n\n\n<p><a href=\"https:\/\/m.youtube.com\/channel\/UCnvMBIYmNaa5PkA83ujhOLg\">https:\/\/m.youtube.com\/channel\/UCnvMBIYmNaa5PkA83ujhOLg<\/a><\/p>\n\n\n\n<h2 class=\"wp-block-heading\">Adriano Celentano !!IT<\/h2>\n\n\n\n<p><a href=\"https:\/\/m.youtube.com\/results?search_query=Adriano+Celentano\">https:\/\/m.youtube.com\/results?search_query=Adriano+Celentano<\/a><\/p>\n\n\n\n<h2 class=\"wp-block-heading\">Alan Sorrenti !!IT<\/h2>\n\n\n\n<p><a href=\"https:\/\/m.youtube.com\/results?search_query=alan+sorrenti\">https:\/\/m.youtube.com\/results?search_query=alan+sorrenti<\/a><\/p>\n\n\n\n<h2 class=\"wp-block-heading\">Tomaso Albinoni !!IT<\/h2>\n\n\n\n<p><a href=\"https:\/\/m.youtube.com\/channel\/UCKX_yQkKBNrqnCNrpM19e0Q\">https:\/\/m.youtube.com\/channel\/UCKX_yQkKBNrqnCNrpM19e0Q<\/a><\/p>\n\n\n\n<h2 class=\"wp-block-heading\">Alice \u2013 Carla Bissi !!IT<\/h2>\n\n\n\n<p><a href=\"https:\/\/m.youtube.com\/results?search_query=alice\">https:\/\/m.youtube.com\/results?search_query=alice<\/a><\/p>\n\n\n\n<h2 class=\"wp-block-heading\">Amanda Lear !!IT<\/h2>\n\n\n\n<p><a href=\"https:\/\/m.youtube.com\/channel\/UCO5CRTXIMj3Z05wS96MrXgQ\">https:\/\/m.youtube.com\/channel\/UCO5CRTXIMj3Z05wS96MrXgQ<\/a><\/p>\n\n\n\n<h2 class=\"wp-block-heading\">Andrea Bocelli !96 !!IT<\/h2>\n\n\n\n<p><a href=\"https:\/\/m.youtube.com\/results?search_query=andrea+bocelli\">https:\/\/m.youtube.com\/results?search_query=andrea+bocelli<\/a><\/p>\n\n\n\n<h2 class=\"wp-block-heading\">Angelo Branduardi !!IT<\/h2>\n\n\n\n<p><a href=\"https:\/\/m.youtube.com\/results?search_query=Angelo+Branduardi\">https:\/\/m.youtube.com\/results?search_query=Angelo+Branduardi<\/a><\/p>\n","protected":false},"excerpt":{"rendered":"<p>A Al Bano &amp; Romina Power !!82IT https:\/\/m.youtube.com\/channel\/UCnvMBIYmNaa5PkA83ujhOLg Adriano Celentano !!IT https:\/\/m.youtube.com\/results?search_query=Adriano+Celentano Alan Sorrenti !!IT https:\/\/m.youtube.com\/results?search_query=alan+sorrenti Tomaso Albinoni !!IT https:\/\/m.youtube.com\/channel\/UCKX_yQkKBNrqnCNrpM19e0Q Alice \u2013 Carla Bissi !!IT https:\/\/m.youtube.com\/results?search_query=alice Amanda Lear !!IT https:\/\/m.youtube.com\/channel\/UCO5CRTXIMj3Z05wS96MrXgQ Andrea Bocelli !96 !!IT https:\/\/m.youtube.com\/results?search_query=andrea+bocelli Angelo Branduardi !!IT https:\/\/m.youtube.com\/results?search_query=Angelo+Branduardi<\/p>\n","protected":false},"author":1,"featured_media":0,"parent":0,"menu_order":0,"comment_status":"closed","ping_status":"closed","template":"","meta":{"footnotes":""},"class_list":["post-25","page","type-page","status-publish","hentry"],"_links":{"self":[{"href":"https:\/\/0-zz.com\/it\/wp-json\/wp\/v2\/pages\/25","targetHints":{"allow":["GET"]}}],"collection":[{"href":"https:\/\/0-zz.com\/it\/wp-json\/wp\/v2\/pages"}],"about":[{"href":"https:\/\/0-zz.com\/it\/wp-json\/wp\/v2\/types\/page"}],"author":[{"embeddable":true,"href":"https:\/\/0-zz.com\/it\/wp-json\/wp\/v2\/users\/1"}],"replies":[{"embeddable":true,"href":"https:\/\/0-zz.com\/it\/wp-json\/wp\/v2\/comments?post=25"}],"version-history":[{"count":9,"href":"https:\/\/0-zz.com\/it\/wp-json\/wp\/v2\/pages\/25\/revisions"}],"predecessor-version":[{"id":112,"href":"https:\/\/0-zz.com\/it\/wp-json\/wp\/v2\/pages\/25\/revisions\/112"}],"wp:attachment":[{"href":"https:\/\/0-zz.com\/it\/wp-json\/wp\/v2\/media?parent=25"}],"curies":[{"name":"wp","href":"https:\/\/api.w.org\/{rel}","templated":true}]}}