{"id":85,"date":"2020-05-13T13:51:41","date_gmt":"2020-05-13T13:51:41","guid":{"rendered":"http:\/\/0-zz.com\/hc\/?page_id=85"},"modified":"2020-05-13T14:42:37","modified_gmt":"2020-05-13T14:42:37","slug":"x","status":"publish","type":"page","link":"https:\/\/0-zz.com\/hc\/x\/","title":{"rendered":"X"},"content":{"rendered":"\n<h5>#Hot16challenge to wyzwanie polegaj\u0105ce na nagraniu 16 wers\u00f3w i nominowaniu kolejnych os\u00f3b do akcji, kt\u00f3re maj\u0105 stworzy\u0107 sw\u00f3j kawa\u0142ek w 72 godziny. Druga edycja legendarnej rapowanej akcji to nie tylko nagrywanie muzyki, ale r\u00f3wnie\u017c pomoc w walce z koronawirusem. Wraz z #hot16challenge2 ruszy\u0142a zbi\u00f3rka &#8211; \u201cBeef z koronawirusem #hot16challenge\u201d dla <a rel=\"noreferrer noopener\" href=\"https:\/\/www.siepomaga.pl\/\" target=\"_blank\">Siepomaga.pl<\/a>. Zar\u00f3wno nominowani jak i fani mog\u0105 wp\u0142aca\u0107 pieni\u0105dze na pomoc pracownikom s\u0142u\u017cby zdrowia w walce z Koronawirusem. <br><br> Poni\u017cej wykonawcy rozpoczynaj\u0105cy si\u0119 na: X<\/h5>\n\n\n\n<figure class=\"wp-block-embed-youtube wp-block-embed is-type-video is-provider-youtube wp-embed-aspect-16-9 wp-has-aspect-ratio\"><div class=\"wp-block-embed__wrapper\">\n<iframe loading=\"lazy\" title=\"x-kom #hot16challenge2\" width=\"580\" height=\"326\" src=\"https:\/\/www.youtube.com\/embed\/BXki7w4sPh8?feature=oembed\" frameborder=\"0\" allow=\"accelerometer; autoplay; clipboard-write; encrypted-media; gyroscope; picture-in-picture; web-share\" referrerpolicy=\"strict-origin-when-cross-origin\" allowfullscreen><\/iframe>\n<\/div><figcaption>x-kom #hot16challenge2<br>Opublikowany 5 maj 2020<br>Pomogli\u015bmy ju\u017c szpitalom i chcemy pomaga\u0107 dalej. To by\u0142 tylko dobry pretekst. Dorzu\u0107 si\u0119 i Ty: <a rel=\"noreferrer noopener\" target=\"_blank\" href=\"https:\/\/www.youtube.com\/redirect?q=https%3A%2F%2Fwww.siepomaga.pl%2Fhot16challenge&amp;v=BXki7w4sPh8&amp;redir_token=FbexjaLiK2A1C8e1yQMJhTZpReB8MTU4OTQ2NzMyOUAxNTg5MzgwOTI5&amp;event=video_description\">https:\/\/www.siepomaga.pl\/hot16challenge<\/a> \/ Nominujemy: <a href=\"https:\/\/m.youtube.com\/channel\/UCSAMYthmI9mzM92Z8HVw4dQ\">@Polsport &#8211; Micha\u0142 Pol<\/a> <a href=\"https:\/\/m.youtube.com\/channel\/UCBHKz5QakSAs3QxN_xVfdKw\">@ESL Polska<\/a> <a href=\"https:\/\/m.youtube.com\/channel\/UCwAiG5lj7w24SbgPy6eiYvg\">@Netflix Polska<\/a> <a href=\"https:\/\/m.youtube.com\/channel\/UCELOp53ps7F22ixRjUPCwZQ\">@TechlandGames<\/a> <a href=\"https:\/\/m.youtube.com\/channel\/UC90BoNcD4sBLNr6isweUExQ\">@Komputer \u015awiat<\/a> ?<\/figcaption><\/figure>\n","protected":false},"excerpt":{"rendered":"<p>#Hot16challenge to wyzwanie polegaj\u0105ce na nagraniu 16 wers\u00f3w i nominowaniu kolejnych os\u00f3b do akcji, kt\u00f3re maj\u0105 stworzy\u0107 sw\u00f3j kawa\u0142ek w 72 godziny. Druga edycja legendarnej rapowanej akcji to nie tylko nagrywanie muzyki, ale r\u00f3wnie\u017c pomoc w walce z koronawirusem. Wraz z #hot16challenge2 ruszy\u0142a zbi\u00f3rka &#8211; \u201cBeef z koronawirusem #hot16challenge\u201d dla Siepomaga.pl. Zar\u00f3wno nominowani jak i [&hellip;]<\/p>\n","protected":false},"author":1,"featured_media":0,"parent":0,"menu_order":0,"comment_status":"closed","ping_status":"closed","template":"","meta":{"footnotes":""},"class_list":["post-85","page","type-page","status-publish","hentry"],"_links":{"self":[{"href":"https:\/\/0-zz.com\/hc\/wp-json\/wp\/v2\/pages\/85","targetHints":{"allow":["GET"]}}],"collection":[{"href":"https:\/\/0-zz.com\/hc\/wp-json\/wp\/v2\/pages"}],"about":[{"href":"https:\/\/0-zz.com\/hc\/wp-json\/wp\/v2\/types\/page"}],"author":[{"embeddable":true,"href":"https:\/\/0-zz.com\/hc\/wp-json\/wp\/v2\/users\/1"}],"replies":[{"embeddable":true,"href":"https:\/\/0-zz.com\/hc\/wp-json\/wp\/v2\/comments?post=85"}],"version-history":[{"count":2,"href":"https:\/\/0-zz.com\/hc\/wp-json\/wp\/v2\/pages\/85\/revisions"}],"predecessor-version":[{"id":102,"href":"https:\/\/0-zz.com\/hc\/wp-json\/wp\/v2\/pages\/85\/revisions\/102"}],"wp:attachment":[{"href":"https:\/\/0-zz.com\/hc\/wp-json\/wp\/v2\/media?parent=85"}],"curies":[{"name":"wp","href":"https:\/\/api.w.org\/{rel}","templated":true}]}}