{"id":77,"date":"2020-05-13T13:49:34","date_gmt":"2020-05-13T13:49:34","guid":{"rendered":"http:\/\/0-zz.com\/hc\/?page_id=77"},"modified":"2020-05-14T15:25:56","modified_gmt":"2020-05-14T15:25:56","slug":"t","status":"publish","type":"page","link":"https:\/\/0-zz.com\/hc\/t\/","title":{"rendered":"T"},"content":{"rendered":"\n<h5>#Hot16challenge to wyzwanie polegaj\u0105ce na nagraniu 16 wers\u00f3w i nominowaniu kolejnych os\u00f3b do akcji, kt\u00f3re maj\u0105 stworzy\u0107 sw\u00f3j kawa\u0142ek w 72 godziny. Druga edycja legendarnej rapowanej akcji to nie tylko nagrywanie muzyki, ale r\u00f3wnie\u017c pomoc w walce z koronawirusem. Wraz z #hot16challenge2 ruszy\u0142a zbi\u00f3rka &#8211; \u201cBeef z koronawirusem #hot16challenge\u201d dla <a rel=\"noreferrer noopener\" href=\"https:\/\/www.siepomaga.pl\/\" target=\"_blank\">Siepomaga.pl<\/a>. Zar\u00f3wno nominowani jak i fani mog\u0105 wp\u0142aca\u0107 pieni\u0105dze na pomoc pracownikom s\u0142u\u017cby zdrowia w walce z Koronawirusem. <br><br> Poni\u017cej wykonawcy rozpoczynaj\u0105cy si\u0119 na: T<\/h5>\n\n\n\n<h4 class=\"wp-block-heading\">Taco Hemingway #Hot16Challenge2 na YT &#8211; YouTube.com<\/h4>\n\n\n\n<figure class=\"wp-block-embed-youtube wp-block-embed is-type-video is-provider-youtube wp-embed-aspect-16-9 wp-has-aspect-ratio\"><div class=\"wp-block-embed__wrapper\">\n<iframe loading=\"lazy\" title=\"Taco Hemingway #hot16challenge2\" width=\"580\" height=\"326\" src=\"https:\/\/www.youtube.com\/embed\/rtyfH-WXDRk?feature=oembed\" frameborder=\"0\" allow=\"accelerometer; autoplay; clipboard-write; encrypted-media; gyroscope; picture-in-picture; web-share\" referrerpolicy=\"strict-origin-when-cross-origin\" allowfullscreen><\/iframe>\n<\/div><\/figure>\n\n\n\n<p>Opublikowany 1 maj 2020<br>Lekarzu, lekarko, piel\u0119gniarzu, piel\u0119gniarko; ca\u0142y personelu medyczny \u2014 dzi\u0119kujemy z ca\u0142ego serca. My, raperzyny, mo\u017cemy pom\u00f3c tylko tak jak umiemy \u2014 rymuj\u0105c ze sob\u0105 s\u0142owa (czasem ledwo) i pomagaj\u0105c wam zebra\u0107 fundusze. Jeste\u015bcie naszymi bohaterami. Link do zbi\u00f3rki: <a rel=\"noreferrer noopener\" target=\"_blank\" href=\"https:\/\/www.youtube.com\/redirect?event=video_description&amp;v=rtyfH-WXDRk&amp;redir_token=DoS3ytm37eYzOvBJ7vQwvaxG7oV8MTU4OTU1NDI0OEAxNTg5NDY3ODQ4&amp;q=https%3A%2F%2Fwww.siepomaga.pl%2Fhot16challenge\">https:\/\/www.siepomaga.pl\/hot16challenge<\/a><\/p>\n\n\n\n<h4 class=\"wp-block-heading\">TACONAFIDE #Top16Challenge2<\/h4>\n\n\n\n<figure class=\"wp-block-embed-youtube wp-block-embed is-type-video is-provider-youtube wp-embed-aspect-16-9 wp-has-aspect-ratio\"><div class=\"wp-block-embed__wrapper\">\n<iframe loading=\"lazy\" title=\"TACONAFIDE #hot16challenge2\" width=\"580\" height=\"326\" src=\"https:\/\/www.youtube.com\/embed\/vuMiAmMdpdE?feature=oembed\" frameborder=\"0\" allow=\"accelerometer; autoplay; clipboard-write; encrypted-media; gyroscope; picture-in-picture; web-share\" referrerpolicy=\"strict-origin-when-cross-origin\" allowfullscreen><\/iframe>\n<\/div><\/figure>\n\n\n\n<p>Opublikowany 4 maj 2020Zbi\u00f3rka: <a target=\"_blank\" rel=\"noreferrer noopener\" href=\"https:\/\/www.youtube.com\/redirect?redir_token=FjR3WdPuVnsr_Mp3VxMKT_0C-M18MTU4OTU1NjAzNUAxNTg5NDY5NjM1&amp;event=video_description&amp;v=vuMiAmMdpdE&amp;q=https%3A%2F%2Fwww.siepomaga.pl%2Fhot16challenge\">https:\/\/www.siepomaga.pl\/hot16challenge<\/a> bit: Urb rapik: @quebahombre &amp; @tacohemingway realizacja, mix &amp; master: Jan Kwapisz (@studio_nagrywarka) operator: Krzy Krzysztof monta\u017c: Partyka<\/p>\n","protected":false},"excerpt":{"rendered":"<p>#Hot16challenge to wyzwanie polegaj\u0105ce na nagraniu 16 wers\u00f3w i nominowaniu kolejnych os\u00f3b do akcji, kt\u00f3re maj\u0105 stworzy\u0107 sw\u00f3j kawa\u0142ek w 72 godziny. Druga edycja legendarnej rapowanej akcji to nie tylko nagrywanie muzyki, ale r\u00f3wnie\u017c pomoc w walce z koronawirusem. Wraz z #hot16challenge2 ruszy\u0142a zbi\u00f3rka &#8211; \u201cBeef z koronawirusem #hot16challenge\u201d dla Siepomaga.pl. Zar\u00f3wno nominowani jak i [&hellip;]<\/p>\n","protected":false},"author":1,"featured_media":0,"parent":0,"menu_order":0,"comment_status":"closed","ping_status":"closed","template":"","meta":{"footnotes":""},"class_list":["post-77","page","type-page","status-publish","hentry"],"_links":{"self":[{"href":"https:\/\/0-zz.com\/hc\/wp-json\/wp\/v2\/pages\/77","targetHints":{"allow":["GET"]}}],"collection":[{"href":"https:\/\/0-zz.com\/hc\/wp-json\/wp\/v2\/pages"}],"about":[{"href":"https:\/\/0-zz.com\/hc\/wp-json\/wp\/v2\/types\/page"}],"author":[{"embeddable":true,"href":"https:\/\/0-zz.com\/hc\/wp-json\/wp\/v2\/users\/1"}],"replies":[{"embeddable":true,"href":"https:\/\/0-zz.com\/hc\/wp-json\/wp\/v2\/comments?post=77"}],"version-history":[{"count":5,"href":"https:\/\/0-zz.com\/hc\/wp-json\/wp\/v2\/pages\/77\/revisions"}],"predecessor-version":[{"id":111,"href":"https:\/\/0-zz.com\/hc\/wp-json\/wp\/v2\/pages\/77\/revisions\/111"}],"wp:attachment":[{"href":"https:\/\/0-zz.com\/hc\/wp-json\/wp\/v2\/media?parent=77"}],"curies":[{"name":"wp","href":"https:\/\/api.w.org\/{rel}","templated":true}]}}