{"id":75,"date":"2020-05-13T13:47:45","date_gmt":"2020-05-13T13:47:45","guid":{"rendered":"http:\/\/0-zz.com\/hc\/?page_id=75"},"modified":"2020-05-14T20:57:15","modified_gmt":"2020-05-14T20:57:15","slug":"s","status":"publish","type":"page","link":"https:\/\/0-zz.com\/hc\/s\/","title":{"rendered":"S"},"content":{"rendered":"\n<h5>#Hot16challenge to wyzwanie polegaj\u0105ce na nagraniu 16 wers\u00f3w i nominowaniu kolejnych os\u00f3b do akcji, kt\u00f3re maj\u0105 stworzy\u0107 sw\u00f3j kawa\u0142ek w 72 godziny. Druga edycja legendarnej rapowanej akcji to nie tylko nagrywanie muzyki, ale r\u00f3wnie\u017c pomoc w walce z koronawirusem. Wraz z #hot16challenge2 ruszy\u0142a zbi\u00f3rka &#8211; \u201cBeef z koronawirusem #hot16challenge\u201d dla <a rel=\"noreferrer noopener\" href=\"https:\/\/www.siepomaga.pl\/\" target=\"_blank\">Siepomaga.pl<\/a>. Zar\u00f3wno nominowani jak i fani mog\u0105 wp\u0142aca\u0107 pieni\u0105dze na pomoc pracownikom s\u0142u\u017cby zdrowia w walce z Koronawirusem. <br><br> Poni\u017cej wykonawcy rozpoczynaj\u0105cy si\u0119 na: S<\/h5>\n\n\n\n<h4 class=\"wp-block-heading\">SARSA #Hot16Challenge2<\/h4>\n\n\n\n<figure class=\"wp-block-embed-youtube wp-block-embed is-type-video is-provider-youtube wp-embed-aspect-16-9 wp-has-aspect-ratio\"><div class=\"wp-block-embed__wrapper\">\n<iframe loading=\"lazy\" title=\"SARSA #hot16challenge2\" width=\"580\" height=\"326\" src=\"https:\/\/www.youtube.com\/embed\/mK-jyrpwWY0?feature=oembed\" frameborder=\"0\" allow=\"accelerometer; autoplay; clipboard-write; encrypted-media; gyroscope; picture-in-picture; web-share\" referrerpolicy=\"strict-origin-when-cross-origin\" allowfullscreen><\/iframe>\n<\/div><\/figure>\n\n\n\n<p>Opublikowany 10 maj 2020Link do zbi\u00f3rki: <a target=\"_blank\" rel=\"noreferrer noopener\" href=\"https:\/\/www.youtube.com\/redirect?q=https%3A%2F%2Fwww.siepomaga.pl%2Fhot16challenge&amp;v=mK-jyrpwWY0&amp;redir_token=8SK4-9bc-gHqTiJgxreAxVPLpml8MTU4OTU2NzYwN0AxNTg5NDgxMjA3&amp;event=video_description\">https:\/\/www.siepomaga.pl\/hot16challenge<\/a> MEEK OH WHY Dzi\u0119kuje za nominacj\u0119 &#8211; a rzucam wyzwanie dalej do DamianaUkeje, L.U.C, EwaPrzydryga, Hyper son Hot16challenge to wyzwanie polegaj\u0105ce na nagraniu 16 wers\u00f3w i nominowaniu kolejnych os\u00f3b do akcji, kt\u00f3re maj\u0105 stworzy\u0107 sw\u00f3j kawa\u0142ek w 72 godziny. Druga edycja legendarnej rapowanej akcji to nie tylko nagrywanie muzyki, ale r\u00f3wnie\u017c pomoc w walce z koronawirusem. Wraz z <a href=\"https:\/\/m.youtube.com\/results?search_query=%23hot16challenge2\">#hot16challenge2<\/a> ruszy\u0142a zbi\u00f3rka &#8211; \u201cBeef z koronawirusem <a href=\"https:\/\/m.youtube.com\/results?search_query=%23hot16challenge\">#hot16challenge<\/a>\u201d dla Siepomaga.pl. Zar\u00f3wno nominowani jak i fani mog\u0105 wp\u0142aca\u0107 pieni\u0105dze na pomoc pracownikom s\u0142u\u017cby zdrowia w walce z Koronawirusem. NAPISY na filmie &#8211; iamsmera<\/p>\n\n\n\n<h4 class=\"wp-block-heading\">SOLAR #Hot16Challenge2<\/h4>\n\n\n\n<figure class=\"wp-block-embed-youtube wp-block-embed is-type-video is-provider-youtube wp-embed-aspect-16-9 wp-has-aspect-ratio\"><div class=\"wp-block-embed__wrapper\">\n<iframe loading=\"lazy\" title=\"SOLAR #Hot16Challenge2\" width=\"580\" height=\"326\" src=\"https:\/\/www.youtube.com\/embed\/fG3Mzg3bkgs?feature=oembed\" frameborder=\"0\" allow=\"accelerometer; autoplay; clipboard-write; encrypted-media; gyroscope; picture-in-picture; web-share\" referrerpolicy=\"strict-origin-when-cross-origin\" allowfullscreen><\/iframe>\n<\/div><\/figure>\n\n\n\n<p>Opublikowany 28 kwi 2020<a target=\"_blank\" rel=\"noreferrer noopener\" href=\"https:\/\/www.youtube.com\/redirect?redir_token=VDoU5DJ01uVtIEs-_VmztMtjvZZ8MTU4OTU1MTk3MkAxNTg5NDY1NTcy&amp;event=video_description&amp;v=fG3Mzg3bkgs&amp;q=https%3A%2F%2Fwww.siepomaga.pl%2Fhot16challenge\">https:\/\/www.siepomaga.pl\/hot16challenge<\/a> Witam serdecznie spo\u0142eczno\u015b\u0107 internetu! Kto by si\u0119 spodziewa\u0142, \u017ce tym razem hot16challenge zostanie zainicjowany przez nietoperza z Chin. Mimo tego egzotycznego nalotu, podstawowe zasady si\u0119 nie zmieniaj\u0105. Zmieni\u0142y si\u0119 okoliczno\u015bci, bo tym razem musimy uratowa\u0107 \u015bwiat. W zwi\u0105zku z panuj\u0105c\u0105 pandemi\u0105, integraln\u0105 cz\u0119\u015bci\u0105 akcji staje si\u0119 zbi\u00f3rka charytatywna &#8211; Beef z koronawirusem <a href=\"https:\/\/m.youtube.com\/results?search_query=%23hot16challenge\">#hot16challenge<\/a> &#8211; organizowana wraz z fundacj\u0105 Siepomaga.pl. Do udzia\u0142u w zbi\u00f3rce chcia\u0142bym zach\u0119ci\u0107 nie tylko nominowanych, ale i wszystkich s\u0142uchaczy. Mo\u017cesz wp\u0142aci\u0107 pieni\u0105dze na zbi\u00f3rk\u0119 kt\u00f3r\u0105 stworzy\u0142em, ale je\u015bli wolisz wesprze\u0107 inaczej, \u017caden problem. Zliczaniem wszystkich wp\u0142at na specjalnym liczniku umieszczonym na stronie <a target=\"_blank\" rel=\"noreferrer noopener\" href=\"https:\/\/www.youtube.com\/redirect?redir_token=VDoU5DJ01uVtIEs-_VmztMtjvZZ8MTU4OTU1MTk3MkAxNTg5NDY1NTcy&amp;event=video_description&amp;v=fG3Mzg3bkgs&amp;q=http%3A%2F%2Fhot16challenge.network\">http:\/\/hot16challenge.network<\/a> zajmie si\u0119 Rap Genius Polska. Wierz\u0119, \u017ce zbiorowa obserwacja rosn\u0105cej kwoty b\u0119dzie \u015bwietnym mobilizatorem do wp\u0142at, dlatego, je\u015bli czujesz si\u0119 z tym okej, chcia\u0142bym Ci\u0119 poprosi\u0107 o udost\u0119pnienie informacji o wysoko\u015bci przekazanej kwoty. Pami\u0119tajmy jednak, \u017ce to nie jest zabawa dla bogaczy, ani wy\u015bcig zbroje\u0144, jakakolwiek pomoc jest super. Ostateczny wyb\u00f3r zostawiam Tobie. Tak czy inaczej by\u0142oby super obserwowa\u0107 jak licznik ro\u015bnie, a na ko\u0144cu zobaczy\u0107 nag\u0142\u00f3wek \u201cPolski Hip-Hop zebra\u0142 milion na walk\u0119 z koronawirusem&#8221;! \ud83d\ude42 Pieni\u0105dze w ca\u0142o\u015bci zostan\u0105 przeznaczone na pomoc lekarzom i szpitalom w walce z COVID-19. Wysoko\u015b\u0107 wp\u0142aty jest dowolna. Problem jest globalny, dlatego drug\u0105 innowacj\u0105 jest wprowadzenie specjalnego, pi\u0105tego slotu, kt\u00f3ry przeznaczony jest na zaproszenie zagraniczne. Let&#8217;s make it international! <a href=\"https:\/\/m.youtube.com\/results?search_query=%23hot16challenge2\">#hot16challenge2<\/a><a target=\"_blank\" rel=\"noreferrer noopener\" href=\"https:\/\/www.youtube.com\/redirect?redir_token=VDoU5DJ01uVtIEs-_VmztMtjvZZ8MTU4OTU1MTk3MkAxNTg5NDY1NTcy&amp;event=video_description&amp;v=fG3Mzg3bkgs&amp;q=https%3A%2F%2Fiv.pl%2Fimage%2FGtFSdW1\">https:\/\/iv.pl\/image\/GtFSdW1<\/a> \/ S &#8212;- Hot16challenge is an initiative for rappers and singers. Idea of the action is to record one verse including 16 bars, publish it and then nominate four more artists who have 72 hours to reply. Main goal of Hot16challenge is to activate as many artists as possible and to mobilize firstly hip-hop industry, then hopefully whole music industry to help fight COVID-19 by music. Hot16challenge participants and their fans as well can donate to link or any charity campaign in fight with coronavirus. Official Site: hot16challenge.network Solar na FB \u27a1 <a target=\"_blank\" rel=\"noreferrer noopener\" href=\"https:\/\/www.youtube.com\/redirect?redir_token=VDoU5DJ01uVtIEs-_VmztMtjvZZ8MTU4OTU1MTk3MkAxNTg5NDY1NTcy&amp;event=video_description&amp;v=fG3Mzg3bkgs&amp;q=https%3A%2F%2Ftiny.pl%2Ftdlqj\">https:\/\/tiny.pl\/tdlqj<\/a> Solar na IG \u27a1 <a target=\"_blank\" rel=\"noreferrer noopener\" href=\"https:\/\/www.youtube.com\/redirect?redir_token=VDoU5DJ01uVtIEs-_VmztMtjvZZ8MTU4OTU1MTk3MkAxNTg5NDY1NTcy&amp;event=video_description&amp;v=fG3Mzg3bkgs&amp;q=https%3A%2F%2Ftiny.pl%2Ftdlql\">https:\/\/tiny.pl\/tdlql<\/a> SBM Label na FB \u27a1 <a target=\"_blank\" rel=\"noreferrer noopener\" href=\"https:\/\/www.youtube.com\/redirect?redir_token=VDoU5DJ01uVtIEs-_VmztMtjvZZ8MTU4OTU1MTk3MkAxNTg5NDY1NTcy&amp;event=video_description&amp;v=fG3Mzg3bkgs&amp;q=https%3A%2F%2Ftiny.pl%2F7mw7g\">https:\/\/tiny.pl\/7mw7g<\/a> SBM Label na IG \u27a1 <a target=\"_blank\" rel=\"noreferrer noopener\" href=\"https:\/\/www.youtube.com\/redirect?redir_token=VDoU5DJ01uVtIEs-_VmztMtjvZZ8MTU4OTU1MTk3MkAxNTg5NDY1NTcy&amp;event=video_description&amp;v=fG3Mzg3bkgs&amp;q=https%3A%2F%2Ftiny.pl%2F7mw7q\">https:\/\/tiny.pl\/7mw7q<\/a> produkcja: sem0r realizacja: Yah00 Mix\/mastering: Dj Johny video: Marathon \u00a9 2020 SBM Label<\/p>\n","protected":false},"excerpt":{"rendered":"<p>#Hot16challenge to wyzwanie polegaj\u0105ce na nagraniu 16 wers\u00f3w i nominowaniu kolejnych os\u00f3b do akcji, kt\u00f3re maj\u0105 stworzy\u0107 sw\u00f3j kawa\u0142ek w 72 godziny. Druga edycja legendarnej rapowanej akcji to nie tylko nagrywanie muzyki, ale r\u00f3wnie\u017c pomoc w walce z koronawirusem. Wraz z #hot16challenge2 ruszy\u0142a zbi\u00f3rka &#8211; \u201cBeef z koronawirusem #hot16challenge\u201d dla Siepomaga.pl. Zar\u00f3wno nominowani jak i [&hellip;]<\/p>\n","protected":false},"author":1,"featured_media":0,"parent":0,"menu_order":0,"comment_status":"closed","ping_status":"closed","template":"","meta":{"footnotes":""},"class_list":["post-75","page","type-page","status-publish","hentry"],"_links":{"self":[{"href":"https:\/\/0-zz.com\/hc\/wp-json\/wp\/v2\/pages\/75","targetHints":{"allow":["GET"]}}],"collection":[{"href":"https:\/\/0-zz.com\/hc\/wp-json\/wp\/v2\/pages"}],"about":[{"href":"https:\/\/0-zz.com\/hc\/wp-json\/wp\/v2\/types\/page"}],"author":[{"embeddable":true,"href":"https:\/\/0-zz.com\/hc\/wp-json\/wp\/v2\/users\/1"}],"replies":[{"embeddable":true,"href":"https:\/\/0-zz.com\/hc\/wp-json\/wp\/v2\/comments?post=75"}],"version-history":[{"count":4,"href":"https:\/\/0-zz.com\/hc\/wp-json\/wp\/v2\/pages\/75\/revisions"}],"predecessor-version":[{"id":130,"href":"https:\/\/0-zz.com\/hc\/wp-json\/wp\/v2\/pages\/75\/revisions\/130"}],"wp:attachment":[{"href":"https:\/\/0-zz.com\/hc\/wp-json\/wp\/v2\/media?parent=75"}],"curies":[{"name":"wp","href":"https:\/\/api.w.org\/{rel}","templated":true}]}}