{"id":73,"date":"2020-05-13T13:45:52","date_gmt":"2020-05-13T13:45:52","guid":{"rendered":"http:\/\/0-zz.com\/hc\/?page_id=73"},"modified":"2020-05-14T21:39:11","modified_gmt":"2020-05-14T21:39:11","slug":"r","status":"publish","type":"page","link":"https:\/\/0-zz.com\/hc\/r\/","title":{"rendered":"R"},"content":{"rendered":"\n<h5>#Hot16challenge to wyzwanie polegaj\u0105ce na nagraniu 16 wers\u00f3w i nominowaniu kolejnych os\u00f3b do akcji, kt\u00f3re maj\u0105 stworzy\u0107 sw\u00f3j kawa\u0142ek w 72 godziny. Druga edycja legendarnej rapowanej akcji to nie tylko nagrywanie muzyki, ale r\u00f3wnie\u017c pomoc w walce z koronawirusem. Wraz z #hot16challenge2 ruszy\u0142a zbi\u00f3rka &#8211; \u201cBeef z koronawirusem #hot16challenge\u201d dla <a rel=\"noreferrer noopener\" href=\"https:\/\/www.siepomaga.pl\/\" target=\"_blank\">Siepomaga.pl<\/a>. Zar\u00f3wno nominowani jak i fani mog\u0105 wp\u0142aca\u0107 pieni\u0105dze na pomoc pracownikom s\u0142u\u017cby zdrowia w walce z Koronawirusem. <br><br> Poni\u017cej wykonawcy rozpoczynaj\u0105cy si\u0119 na: R<\/h5>\n\n\n\n<h4 class=\"wp-block-heading\">Rafa\u0142 Brzozowski #Hot16Challenge2<\/h4>\n\n\n\n<figure class=\"wp-block-embed-youtube wp-block-embed is-type-video is-provider-youtube wp-embed-aspect-16-9 wp-has-aspect-ratio\"><div class=\"wp-block-embed__wrapper\">\n<iframe loading=\"lazy\" title=\"Rafa\u0142 Brzozowski #Hot16Challange2\" width=\"580\" height=\"326\" src=\"https:\/\/www.youtube.com\/embed\/6ktfHw7jSXM?feature=oembed\" frameborder=\"0\" allow=\"accelerometer; autoplay; clipboard-write; encrypted-media; gyroscope; picture-in-picture; web-share\" referrerpolicy=\"strict-origin-when-cross-origin\" allowfullscreen><\/iframe>\n<\/div><\/figure>\n\n\n\n<p>Opublikowany 7 maj 2020Link do zbi\u00f3rki: <a target=\"_blank\" rel=\"noreferrer noopener\" href=\"https:\/\/www.youtube.com\/redirect?q=https%3A%2F%2Fwww.siepomaga.pl%2Fhot16challenge&amp;redir_token=Z5XMJe8QZ6E7Wng7FyqO6KkZitV8MTU4OTQ2NjYyMEAxNTg5MzgwMjIw&amp;v=6ktfHw7jSXM&amp;event=video_description\">https:\/\/www.siepomaga.pl\/hot16challenge<\/a><a href=\"https:\/\/m.youtube.com\/results?search_query=%23Hot16Challenge\">#Hot16Challenge<\/a> is an initiative for rappers and singers. Idea of the action is to record one verse including 16 bars, publish it and then nominate four more artists who have 72 hours to reply. Main goal of Hot16challenge is to activate as many artists as possible and to mobilize firstly hip-hop industry, then hopefully whole music industry to help fight COVID-19 by music. Hot16challenge participants and their fans as well can donate to link or any charity campaign in fight with coronavirus. Official Site: hot16challenge.network<\/p>\n\n\n\n<h4 class=\"wp-block-heading\">RED LIPS #Hot16Challenge<\/h4>\n\n\n\n<figure class=\"wp-block-embed-youtube wp-block-embed is-type-video is-provider-youtube wp-embed-aspect-16-9 wp-has-aspect-ratio\"><div class=\"wp-block-embed__wrapper\">\n<iframe loading=\"lazy\" title=\"RED LIPS #Hot16Challenge2\" width=\"580\" height=\"326\" src=\"https:\/\/www.youtube.com\/embed\/6LPkWgx4Gyo?feature=oembed\" frameborder=\"0\" allow=\"accelerometer; autoplay; clipboard-write; encrypted-media; gyroscope; picture-in-picture; web-share\" referrerpolicy=\"strict-origin-when-cross-origin\" allowfullscreen><\/iframe>\n<\/div><\/figure>\n\n\n\n<p>Opublikowany 13 maj 2020RED LIPS <a href=\"https:\/\/m.youtube.com\/results?search_query=%23Hot16Challenge2\">#Hot16Challenge2<\/a> Link do zbi\u00f3rki <a rel=\"noreferrer noopener\" target=\"_blank\" href=\"https:\/\/www.youtube.com\/redirect?v=6LPkWgx4Gyo&amp;event=video_description&amp;q=https%3A%2F%2Fwww.siepomaga.pl%2Fhot16challenge&amp;redir_token=JpIZcbiR2WaT4-7Wy6vTGJrPvtR8MTU4OTU2ODQyNkAxNTg5NDgyMDI2\">https:\/\/www.siepomaga.pl\/hot16challenge<\/a> Dzi\u0119ki @CLEO za nominacj\u0119! Dzi\u015b mia\u0142am pisa\u0107 nowe piosenki na kolejny album Lecz nominowa\u0142a mnie Cleo i jednak zaczynam od tego sound\u2019u Ponad podzia\u0142ami Krzysztof Zalewski, Jarecki, Grubson i Sok\u00f3\u0142 Majka Je\u017cowska, Sarsa, Margaret i inni podchodz\u0105 do jednego lotu W jednym momencie na ca\u0142ej planecie wyblak\u0142y neony, kolory Pogas\u0142y sceny i \u015bwiat\u0142a, zamkni\u0119to kluby i wszystkie dancefloor\u2019y Puste s\u0105 miasta, galerie, kina, si\u0142ownie i szko\u0142y Jeste\u015bmy r\u00f3wni i czujemy respekt do jednej korony Za odwo\u0142ane koncerty, wakacje, kolacje i loty Za niskie gie\u0142dowe akcje i polityczne be\u0142koty Za duszne mieszkania, ciasne pokoje i utracone banknoty Za wszystkie du\u017ce i ma\u0142e, te du\u017ce ma\u0142e t\u0119sknoty Za to co by\u0107 mia\u0142o, czego nam ma\u0142o, a co ju\u017c si\u0119 nie wydarzy Za zdrowie medyk\u00f3w, wszyscy razem za zdrowie lekarzy Za\u0142\u00f3\u017ccie maski, zbijcie oklaski i w domach jeszcze zosta\u0144cie A ja Wam wszystkim za to ponownie zata\u0144cz\u0119 T\u0119sknie i czekam na naszych ludzi i nasz\u0105 ekip\u0119 Lazer, Siekierka, Wolak, Mago\u015bka, Ogrzi, Tomasz, Dwa Jacki, Ma\u0142yszka i nasza muzyka Hot 16 Challenge dzi\u0119ki za t\u0105 nominacj\u0119 Natalia Kukulska, Bovska, Roch, Ka\u0142amaga teraz czekam na Wasze wariacje! s\u0142owa, wokal: RUDA muzyka: LAZER INSTAGRAM <a rel=\"noreferrer noopener\" target=\"_blank\" href=\"https:\/\/www.youtube.com\/redirect?v=6LPkWgx4Gyo&amp;event=video_description&amp;q=https%3A%2F%2Fwww.instagram.com%2Fredlipsmusi&amp;redir_token=JpIZcbiR2WaT4-7Wy6vTGJrPvtR8MTU4OTU2ODQyNkAxNTg5NDgyMDI2\">https:\/\/www.instagram.com\/redlipsmusi<\/a>&#8230; FACEBOOK <a rel=\"noreferrer noopener\" target=\"_blank\" href=\"https:\/\/www.youtube.com\/redirect?v=6LPkWgx4Gyo&amp;event=video_description&amp;q=https%3A%2F%2Fwww.facebook.com%2FRedLipsMusic&amp;redir_token=JpIZcbiR2WaT4-7Wy6vTGJrPvtR8MTU4OTU2ODQyNkAxNTg5NDgyMDI2\">https:\/\/www.facebook.com\/RedLipsMusic<\/a><\/p>\n\n\n\n<h4 class=\"wp-block-heading\">Roksana W\u0119giel #Hot16Challenge2<\/h4>\n\n\n\n<figure class=\"wp-block-embed-youtube wp-block-embed is-type-video is-provider-youtube wp-embed-aspect-16-9 wp-has-aspect-ratio\"><div class=\"wp-block-embed__wrapper\">\n<iframe loading=\"lazy\" title=\"Roksana W\u0119giel #Hot16Challenge2 (prod. Deemz)\" width=\"580\" height=\"326\" src=\"https:\/\/www.youtube.com\/embed\/525pszSp5xM?feature=oembed\" frameborder=\"0\" allow=\"accelerometer; autoplay; clipboard-write; encrypted-media; gyroscope; picture-in-picture; web-share\" referrerpolicy=\"strict-origin-when-cross-origin\" allowfullscreen><\/iframe>\n<\/div><\/figure>\n\n\n\n<p>Opublikowany 12 maj 2020Zbi\u00f3rka: <a target=\"_blank\" rel=\"noreferrer noopener\" href=\"https:\/\/www.youtube.com\/redirect?q=https%3A%2F%2Fwww.siepomaga.pl%2Fhot16challenge&amp;v=525pszSp5xM&amp;redir_token=4cAwMeOyZK3C8RwlR-VCq7M67-18MTU4OTU2NzU5NkAxNTg5NDgxMTk2&amp;event=video_description\">https:\/\/www.siepomaga.pl\/hot16challenge<\/a> Hot16challenge to wyzwanie polegaj\u0105ce na nagraniu 16 wers\u00f3w i nominowaniu kolejnych os\u00f3b do akcji, kt\u00f3re maj\u0105 stworzy\u0107 sw\u00f3j kawa\u0142ek w 72 godziny. Druga edycja legendarnej rapowanej akcji to nie tylko nagrywanie muzyki, ale r\u00f3wnie\u017c pomoc w walce z koronawirusem. Wraz z <a href=\"https:\/\/m.youtube.com\/results?search_query=%23hot16challenge2\">#hot16challenge2<\/a> ruszy\u0142a zbi\u00f3rka &#8211; \u201cBeef z koronawirusem <a href=\"https:\/\/m.youtube.com\/results?search_query=%23hot16challenge\">#hot16challenge<\/a>\u201d dla Siepomaga.pl. Zar\u00f3wno nominowani jak i fani mog\u0105 wp\u0142aca\u0107 pieni\u0105dze na pomoc pracownikom s\u0142u\u017cby zdrowia w walce z Koronawirusem. Zbi\u00f3rka dost\u0119pna jest pod adresem: <a target=\"_blank\" rel=\"noreferrer noopener\" href=\"https:\/\/www.youtube.com\/redirect?q=http%3A%2F%2Fsiepomaga.pl%2Fhot16challenge&amp;v=525pszSp5xM&amp;redir_token=4cAwMeOyZK3C8RwlR-VCq7M67-18MTU4OTU2NzU5NkAxNTg5NDgxMTk2&amp;event=video_description\">http:\/\/siepomaga.pl\/hot16challenge<\/a>. Ca\u0142\u0105 akcj\u0119 mo\u017cna \u015bledzi\u0107 na stronie <a target=\"_blank\" rel=\"noreferrer noopener\" href=\"https:\/\/www.youtube.com\/redirect?q=http%3A%2F%2Fhot16challenge.network&amp;v=525pszSp5xM&amp;redir_token=4cAwMeOyZK3C8RwlR-VCq7M67-18MTU4OTU2NzU5NkAxNTg5NDgxMTk2&amp;event=video_description\">http:\/\/hot16challenge.network<\/a>. Hot16challenge is an initiative for rappers and singers. Idea of the action is to record one verse including 16 bars, publish it and then nominate four more artists who have 72 hours to reply. Main goal of Hot16challenge is to activate as many artists as possible and to mobilize firstly hip-hop industry, then hopefully whole music industry to help fight COVID-19 by music. Hot16challenge participants and their fans as well can donate to link or any charity campaign in fight with coronavirus. Official Site: <a target=\"_blank\" rel=\"noreferrer noopener\" href=\"https:\/\/www.youtube.com\/redirect?q=http%3A%2F%2Fhot16challenge.network&amp;v=525pszSp5xM&amp;redir_token=4cAwMeOyZK3C8RwlR-VCq7M67-18MTU4OTU2NzU5NkAxNTg5NDgxMTk2&amp;event=video_description\">http:\/\/hot16challenge.network<\/a>. Qry i Ralph Kaminski \u2013 dzi\u0119ki za nominacje! Deemz, dzi\u0119ki za super beat! Adma, dzi\u0119ki za \u015bwietne rady! Nominuj\u0119: Edyta G\u00f3rniak Suchar Codzienny Anika D\u0105browska Beyonc\u00e9 oraz specjalne TikTok nominacje: Karol Pieszko Lena Moonlight Colorowyy Nagrajcie filmy z Waszymi nawijkami i rozszerzajcie akcj\u0119 <a href=\"https:\/\/m.youtube.com\/results?search_query=%23Hot16Challenge2\">#Hot16Challenge2<\/a> jak najdalej! Ka\u017cda pomoc si\u0119 liczy! Facebook: <a target=\"_blank\" rel=\"noreferrer noopener\" href=\"https:\/\/www.youtube.com\/redirect?q=https%3A%2F%2Fwww.facebook.com%2Froxiewegiel&amp;v=525pszSp5xM&amp;redir_token=4cAwMeOyZK3C8RwlR-VCq7M67-18MTU4OTU2NzU5NkAxNTg5NDgxMTk2&amp;event=video_description\">https:\/\/www.facebook.com\/roxiewegiel<\/a> Instagram: <a target=\"_blank\" rel=\"noreferrer noopener\" href=\"https:\/\/www.youtube.com\/redirect?q=https%3A%2F%2Fwww.instagram.com%2Froxie_wegiel&amp;v=525pszSp5xM&amp;redir_token=4cAwMeOyZK3C8RwlR-VCq7M67-18MTU4OTU2NzU5NkAxNTg5NDgxMTk2&amp;event=video_description\">https:\/\/www.instagram.com\/roxie_wegiel<\/a> TikTok: <a target=\"_blank\" rel=\"noreferrer noopener\" href=\"https:\/\/www.youtube.com\/redirect?q=https%3A%2F%2Fwww.tiktok.com%2F%40roxiewegiel&amp;v=525pszSp5xM&amp;redir_token=4cAwMeOyZK3C8RwlR-VCq7M67-18MTU4OTU2NzU5NkAxNTg5NDgxMTk2&amp;event=video_description\">https:\/\/www.tiktok.com\/@roxiewegiel<\/a> Active Rights Management: Magic Records Management: management@magicrecords.pl Koncerty: biuro@kmevents.pl Project Manager\/Media: tomasz.mosiolek@umusic.com <a href=\"https:\/\/m.youtube.com\/results?search_query=%23Hot16Challenge2\">#Hot16Challenge2<\/a><\/p>\n","protected":false},"excerpt":{"rendered":"<p>#Hot16challenge to wyzwanie polegaj\u0105ce na nagraniu 16 wers\u00f3w i nominowaniu kolejnych os\u00f3b do akcji, kt\u00f3re maj\u0105 stworzy\u0107 sw\u00f3j kawa\u0142ek w 72 godziny. Druga edycja legendarnej rapowanej akcji to nie tylko nagrywanie muzyki, ale r\u00f3wnie\u017c pomoc w walce z koronawirusem. Wraz z #hot16challenge2 ruszy\u0142a zbi\u00f3rka &#8211; \u201cBeef z koronawirusem #hot16challenge\u201d dla Siepomaga.pl. Zar\u00f3wno nominowani jak i [&hellip;]<\/p>\n","protected":false},"author":1,"featured_media":0,"parent":0,"menu_order":0,"comment_status":"closed","ping_status":"closed","template":"","meta":{"footnotes":""},"class_list":["post-73","page","type-page","status-publish","hentry"],"_links":{"self":[{"href":"https:\/\/0-zz.com\/hc\/wp-json\/wp\/v2\/pages\/73","targetHints":{"allow":["GET"]}}],"collection":[{"href":"https:\/\/0-zz.com\/hc\/wp-json\/wp\/v2\/pages"}],"about":[{"href":"https:\/\/0-zz.com\/hc\/wp-json\/wp\/v2\/types\/page"}],"author":[{"embeddable":true,"href":"https:\/\/0-zz.com\/hc\/wp-json\/wp\/v2\/users\/1"}],"replies":[{"embeddable":true,"href":"https:\/\/0-zz.com\/hc\/wp-json\/wp\/v2\/comments?post=73"}],"version-history":[{"count":4,"href":"https:\/\/0-zz.com\/hc\/wp-json\/wp\/v2\/pages\/73\/revisions"}],"predecessor-version":[{"id":146,"href":"https:\/\/0-zz.com\/hc\/wp-json\/wp\/v2\/pages\/73\/revisions\/146"}],"wp:attachment":[{"href":"https:\/\/0-zz.com\/hc\/wp-json\/wp\/v2\/media?parent=73"}],"curies":[{"name":"wp","href":"https:\/\/api.w.org\/{rel}","templated":true}]}}