{"id":69,"date":"2020-05-13T13:44:07","date_gmt":"2020-05-13T13:44:07","guid":{"rendered":"http:\/\/0-zz.com\/hc\/?page_id=69"},"modified":"2020-05-14T21:22:38","modified_gmt":"2020-05-14T21:22:38","slug":"p","status":"publish","type":"page","link":"https:\/\/0-zz.com\/hc\/p\/","title":{"rendered":"P"},"content":{"rendered":"\n<h5>#Hot16challenge to wyzwanie polegaj\u0105ce na nagraniu 16 wers\u00f3w i nominowaniu kolejnych os\u00f3b do akcji, kt\u00f3re maj\u0105 stworzy\u0107 sw\u00f3j kawa\u0142ek w 72 godziny. Druga edycja legendarnej rapowanej akcji to nie tylko nagrywanie muzyki, ale r\u00f3wnie\u017c pomoc w walce z koronawirusem. Wraz z #hot16challenge2 ruszy\u0142a zbi\u00f3rka &#8211; \u201cBeef z koronawirusem #hot16challenge\u201d dla <a rel=\"noreferrer noopener\" href=\"https:\/\/www.siepomaga.pl\/\" target=\"_blank\">Siepomaga.pl<\/a>. Zar\u00f3wno nominowani jak i fani mog\u0105 wp\u0142aca\u0107 pieni\u0105dze na pomoc pracownikom s\u0142u\u017cby zdrowia w walce z Koronawirusem. <br><br> Poni\u017cej wykonawcy rozpoczynaj\u0105cy si\u0119 na: P<\/h5>\n\n\n\n<h4 class=\"wp-block-heading\">PAWE\u0141 DOMAGA\u0141A #Hot16Challenge2<\/h4>\n\n\n\n<figure class=\"wp-block-embed-youtube wp-block-embed is-type-video is-provider-youtube wp-embed-aspect-16-9 wp-has-aspect-ratio\"><div class=\"wp-block-embed__wrapper\">\n<iframe loading=\"lazy\" title=\"Pawe\u0142 Domaga\u0142a #hot16challenge2\" width=\"580\" height=\"326\" src=\"https:\/\/www.youtube.com\/embed\/m25bP_8wU3U?feature=oembed\" frameborder=\"0\" allow=\"accelerometer; autoplay; clipboard-write; encrypted-media; gyroscope; picture-in-picture; web-share\" referrerpolicy=\"strict-origin-when-cross-origin\" allowfullscreen><\/iframe>\n<\/div><\/figure>\n\n\n\n<p>Opublikowany 5 maj 2020Link do zbi\u00f3rki: <a rel=\"noreferrer noopener\" target=\"_blank\" href=\"https:\/\/www.youtube.com\/redirect?v=m25bP_8wU3U&amp;redir_token=3Z5yE3vuGOUgcVdRRlJkQ376SxR8MTU4OTU3NjY4OEAxNTg5NDkwMjg4&amp;event=video_description&amp;q=https%3A%2F%2Fwww.siepomaga.pl%2Fhot16challenge\">https:\/\/www.siepomaga.pl\/hot16challenge<\/a> Hot16challenge to wyzwanie polegaj\u0105ce na nagraniu 16 wers\u00f3w i nominowaniu kolejnych os\u00f3b do akcji, kt\u00f3re maj\u0105 stworzy\u0107 sw\u00f3j kawa\u0142ek w 72 godziny. Druga edycja legendarnej rapowanej akcji to nie tylko nagrywanie muzyki, ale r\u00f3wnie\u017c pomoc w walce z koronawirusem. Wraz z <a href=\"https:\/\/m.youtube.com\/results?search_query=%23hot16challenge2\">#hot16challenge2<\/a> ruszy\u0142a zbi\u00f3rka &#8211; \u201cBeef z koronawirusem <a href=\"https:\/\/m.youtube.com\/results?search_query=%23hot16challenge\">#hot16challenge<\/a>\u201d dla Siepomaga.pl. Zar\u00f3wno nominowani jak i fani mog\u0105 wp\u0142aca\u0107 pieni\u0105dze na pomoc pracownikom s\u0142u\u017cby zdrowia w walce z Koronawirusem. Official Site: <a rel=\"noreferrer noopener\" target=\"_blank\" href=\"https:\/\/www.youtube.com\/redirect?v=m25bP_8wU3U&amp;redir_token=3Z5yE3vuGOUgcVdRRlJkQ376SxR8MTU4OTU3NjY4OEAxNTg5NDkwMjg4&amp;event=video_description&amp;q=http%3A%2F%2Fhot16challenge.network\">http:\/\/hot16challenge.network<\/a> Nominuje: &#8211; Artur Andrus &#8211; Jakub J\u00f3zef Orli\u0144ski &#8211; Duet: Zagi&amp;Micha\u0142 Wrzos &#8211; Igor Herbut &#8211; The Teskey Brothers <a href=\"https:\/\/m.youtube.com\/results?search_query=%23Hot16challenge2\">#Hot16challenge2<\/a><\/p>\n\n\n\n<h4 class=\"wp-block-heading\">PECTUS Hot16Challenge2<\/h4>\n\n\n\n<figure class=\"wp-block-embed-youtube wp-block-embed is-type-video is-provider-youtube wp-embed-aspect-16-9 wp-has-aspect-ratio\"><div class=\"wp-block-embed__wrapper\">\n<iframe loading=\"lazy\" title=\"PECTUS #hot16challenge2\" width=\"580\" height=\"326\" src=\"https:\/\/www.youtube.com\/embed\/0ZMQWyhB-bo?feature=oembed\" frameborder=\"0\" allow=\"accelerometer; autoplay; clipboard-write; encrypted-media; gyroscope; picture-in-picture; web-share\" referrerpolicy=\"strict-origin-when-cross-origin\" allowfullscreen><\/iframe>\n<\/div><\/figure>\n\n\n\n<p>Opublikowany 14 maj 2020<a href=\"https:\/\/m.youtube.com\/results?search_query=%23hot16challenge2\">#hot16challenge2<\/a> PECTUS <a href=\"https:\/\/m.youtube.com\/results?search_query=%23hot16challenge2\">#hot16challenge2<\/a><a target=\"_blank\" rel=\"noreferrer noopener\" href=\"https:\/\/www.youtube.com\/redirect?v=0ZMQWyhB-bo&amp;event=video_description&amp;redir_token=-ROxGi9dHAyJ809-vDb8Tvs5z0t8MTU4OTU2NzYxOUAxNTg5NDgxMjE5&amp;q=https%3A%2F%2Fwww.siepomaga.pl%2Fhot16challenge\">https:\/\/www.siepomaga.pl\/hot16challenge<\/a> Nominacja od Prezydenta Andrzeja Dudy. Hot16challenge to wyzwanie polegaj\u0105ce na nagraniu 16 wers\u00f3w i nominowaniu kolejnych os\u00f3b do akcji, kt\u00f3re maj\u0105 stworzy\u0107 sw\u00f3j kawa\u0142ek w 72 godziny. Druga edycja legendarnej rapowanej akcji to nie tylko nagrywanie muzyki, ale r\u00f3wnie\u017c pomoc w walce z koronawirusem. Wraz z <a href=\"https:\/\/m.youtube.com\/results?search_query=%23hot16challenge2\">#hot16challenge2<\/a> ruszy\u0142a zbi\u00f3rka &#8211; \u201cBeef z koronawirusem <a href=\"https:\/\/m.youtube.com\/results?search_query=%23hot16challenge\">#hot16challenge<\/a>\u201d dla Siepomaga.pl. Zar\u00f3wno nominowani jak i fani mog\u0105 wp\u0142aca\u0107 pieni\u0105dze na pomoc pracownikom s\u0142u\u017cby zdrowia w walce z Koronawirusem. Zbi\u00f3rka dost\u0119pna jest pod adresem: <a target=\"_blank\" rel=\"noreferrer noopener\" href=\"https:\/\/www.youtube.com\/redirect?v=0ZMQWyhB-bo&amp;event=video_description&amp;redir_token=-ROxGi9dHAyJ809-vDb8Tvs5z0t8MTU4OTU2NzYxOUAxNTg5NDgxMjE5&amp;q=http%3A%2F%2Fsiepomaga.pl%2Fhot16challenge\">http:\/\/siepomaga.pl\/hot16challenge<\/a>. Ca\u0142\u0105 akcj\u0119 mo\u017cna \u015bledzi\u0107 na stronie: <a target=\"_blank\" rel=\"noreferrer noopener\" href=\"https:\/\/www.youtube.com\/redirect?v=0ZMQWyhB-bo&amp;event=video_description&amp;redir_token=-ROxGi9dHAyJ809-vDb8Tvs5z0t8MTU4OTU2NzYxOUAxNTg5NDgxMjE5&amp;q=https%3A%2F%2Fhot16challenge.network\">https:\/\/hot16challenge.network<\/a> Hot16challenge is an initiative for rappers and singers. Idea of the action is to record one verse including 16 bars, publish it and then nominate four more artists who have 72 hours to reply. Main goal of Hot16challenge is to activate as many artists as possible and to mobilize firstly hip-hop industry, then hopefully whole music industry to help fight COVID-19 by music. Hot16challenge participants and their fans as well can donate to link or any charity campaign in fight with coronavirus. Six years ago, <a href=\"https:\/\/m.youtube.com\/results?search_query=%23hot16challenge\">#hot16challenge<\/a> went viral as an artist-to-artist movement. Now we\u2019re launching a sequel, but with a charitable twist and going worldwide. Official Site: <a target=\"_blank\" rel=\"noreferrer noopener\" href=\"https:\/\/www.youtube.com\/redirect?v=0ZMQWyhB-bo&amp;event=video_description&amp;redir_token=-ROxGi9dHAyJ809-vDb8Tvs5z0t8MTU4OTU2NzYxOUAxNTg5NDgxMjE5&amp;q=http%3A%2F%2Fhot16challenge.network\">http:\/\/hot16challenge.network<\/a> Tekst: swobodna kompilacja tekst\u00f3w Tadeusza Kija\u0144skiego Muzyka: Tomasz Szczepanik Produkcja\/Mix\/Mastering: Gall Anonim Obraz: Gall Anonim Nominacje: PREZYDENCI LECH WA\u0141\u0118SA ALEKSANDER KWA\u015aNIEWSKI BRONIS\u0141AW KOMOROWSKI NIKT NIE WIE, CO GO CZEKA Nikt nie wie, nikt nie wie, co go czeka, nikt nie wie nikt nie wie, co go czeka, nikt nie wie nikt nie wie, co go czeka, nikt nie wie Powiedzcie mi, jak b\u0119dziecie \u017cy\u0107 Jak b\u0119dziecie ta\u0144czy\u0107 w deszczu Jak b\u0119dziecie \u015bni\u0107 Powiedzcie, \u017ce dobry jest \u015bwiat \u017be nie szukamy pi\u0119kna po omacku, po omacku Oto jest \u015bwiat, zrodzonych z ziemi Matki Ludzi bia\u0142ych, czerwonych, \u017c\u00f3\u0142tych i czarnych Spokojnych, szalonych, m\u0105drych i brzydkich \u017bywota \u015bwiat i \u015bmierci \u015bwiat Boj\u0119 si\u0119 nowego dnia Roz\u0142upywania kamieni si\u0119 boj\u0119 Zakrytego nieba bez deszczu Milczenia si\u0119 boj\u0119 \u015awiata le\u017c\u0105cego osobno, si\u0119 boj\u0119 Ludzie, nie zabierajcie mi wiatru Nowego dnia nie zabierajcie mi Pozw\u00f3lcie wybudowa\u0107 dom Nowy z ogrodem dla mych dzieci Pozw\u00f3lcie dalej \u017cy\u0107 w ojczy\u017anie Kt\u00f3ra moja jest i Wasza Pozw\u00f3lcie dalej \u017cy\u0107 w ojczy\u017anie Kt\u00f3ra moja jest i Wasza Kt\u00f3ra moja jest nikt nie wie, co go czeka, nikt nie wie nikt nie wie, co go czeka, nikt nie wie nikt nie wie, co go czeka, nikt nie wie Pectus Facebook: <a target=\"_blank\" rel=\"noreferrer noopener\" href=\"https:\/\/www.youtube.com\/redirect?v=0ZMQWyhB-bo&amp;event=video_description&amp;redir_token=-ROxGi9dHAyJ809-vDb8Tvs5z0t8MTU4OTU2NzYxOUAxNTg5NDgxMjE5&amp;q=https%3A%2F%2Fwww.facebook.com%2FZespol\">https:\/\/www.facebook.com\/Zespol<\/a> Pectus Instagram: <a target=\"_blank\" rel=\"noreferrer noopener\" href=\"https:\/\/www.youtube.com\/redirect?v=0ZMQWyhB-bo&amp;event=video_description&amp;redir_token=-ROxGi9dHAyJ809-vDb8Tvs5z0t8MTU4OTU2NzYxOUAxNTg5NDgxMjE5&amp;q=https%3A%2F%2Fwww.instagram.com%2Fpectus_official\">https:\/\/www.instagram.com\/pectus_offi&#8230;<\/a> www: <a target=\"_blank\" rel=\"noreferrer noopener\" href=\"https:\/\/www.youtube.com\/redirect?v=0ZMQWyhB-bo&amp;event=video_description&amp;redir_token=-ROxGi9dHAyJ809-vDb8Tvs5z0t8MTU4OTU2NzYxOUAxNTg5NDgxMjE5&amp;q=https%3A%2F%2Fpectus.com.pl\">https:\/\/pectus.com.pl<\/a><\/p>\n\n\n\n<h4 class=\"wp-block-heading\">PIOTR ROGUCKI #Hot16Challenge2<\/h4>\n\n\n\n<figure class=\"wp-block-embed-youtube wp-block-embed is-type-video is-provider-youtube wp-embed-aspect-16-9 wp-has-aspect-ratio\"><div class=\"wp-block-embed__wrapper\">\n<iframe loading=\"lazy\" title=\"Rogucki  #hot16challenge2\" width=\"580\" height=\"326\" src=\"https:\/\/www.youtube.com\/embed\/anMF1MHBW4Y?feature=oembed\" frameborder=\"0\" allow=\"accelerometer; autoplay; clipboard-write; encrypted-media; gyroscope; picture-in-picture; web-share\" referrerpolicy=\"strict-origin-when-cross-origin\" allowfullscreen><\/iframe>\n<\/div><\/figure>\n\n\n\n<p>Opublikowany 12 maj 2020Link do zbi\u00f3rki: <a target=\"_blank\" rel=\"noreferrer noopener\" href=\"https:\/\/www.youtube.com\/redirect?q=https%3A%2F%2Fwww.siepomaga.pl%2Fhot16challenge&amp;redir_token=mI0ZFJc61RNYZS8lfSOcxUZxGFV8MTU4OTU3NjM5MUAxNTg5NDg5OTkx&amp;event=video_description&amp;v=anMF1MHBW4Y\">https:\/\/www.siepomaga.pl\/hot16challenge<\/a> Hot16challenge to wyzwanie polegaj\u0105ce na nagraniu 16 wers\u00f3w i nominowaniu kolejnych os\u00f3b do akcji, kt\u00f3re maj\u0105 stworzy\u0107 sw\u00f3j kawa\u0142ek w 72 godziny. Druga edycja legendarnej rapowanej akcji to nie tylko nagrywanie muzyki, ale r\u00f3wnie\u017c pomoc w walce z koronawirusem. Wraz z <a href=\"https:\/\/m.youtube.com\/results?search_query=%23hot16challenge2\">#hot16challenge2<\/a> ruszy\u0142a zbi\u00f3rka &#8211; \u201cBeef z koronawirusem <a href=\"https:\/\/m.youtube.com\/results?search_query=%23hot16challenge\">#hot16challenge<\/a>\u201d dla Siepomaga.pl. Zar\u00f3wno nominowani jak i fani mog\u0105 wp\u0142aca\u0107 pieni\u0105dze na pomoc pracownikom s\u0142u\u017cby zdrowia w walce z Koronawirusem. Zbi\u00f3rka dost\u0119pna jest pod adresem: <a target=\"_blank\" rel=\"noreferrer noopener\" href=\"https:\/\/www.youtube.com\/redirect?q=http%3A%2F%2Fsiepomaga.pl%2Fhot16challenge&amp;redir_token=mI0ZFJc61RNYZS8lfSOcxUZxGFV8MTU4OTU3NjM5MUAxNTg5NDg5OTkx&amp;event=video_description&amp;v=anMF1MHBW4Y\">http:\/\/siepomaga.pl\/hot16challenge<\/a>. Ca\u0142\u0105 akcj\u0119 mo\u017cna \u015bledzi\u0107 na stronie <a target=\"_blank\" rel=\"noreferrer noopener\" href=\"https:\/\/www.youtube.com\/redirect?q=http%3A%2F%2Fhot16challenge.network&amp;redir_token=mI0ZFJc61RNYZS8lfSOcxUZxGFV8MTU4OTU3NjM5MUAxNTg5NDg5OTkx&amp;event=video_description&amp;v=anMF1MHBW4Y\">http:\/\/hot16challenge.network<\/a> s\u0142owa, muzyka, video: Rogucki nominacje dla: Matylda Dami\u0119cka, \u0141ukasz Lach Piotr Bukartyk<\/p>\n","protected":false},"excerpt":{"rendered":"<p>#Hot16challenge to wyzwanie polegaj\u0105ce na nagraniu 16 wers\u00f3w i nominowaniu kolejnych os\u00f3b do akcji, kt\u00f3re maj\u0105 stworzy\u0107 sw\u00f3j kawa\u0142ek w 72 godziny. Druga edycja legendarnej rapowanej akcji to nie tylko nagrywanie muzyki, ale r\u00f3wnie\u017c pomoc w walce z koronawirusem. Wraz z #hot16challenge2 ruszy\u0142a zbi\u00f3rka &#8211; \u201cBeef z koronawirusem #hot16challenge\u201d dla Siepomaga.pl. Zar\u00f3wno nominowani jak i [&hellip;]<\/p>\n","protected":false},"author":1,"featured_media":0,"parent":0,"menu_order":0,"comment_status":"closed","ping_status":"closed","template":"","meta":{"footnotes":""},"class_list":["post-69","page","type-page","status-publish","hentry"],"_links":{"self":[{"href":"https:\/\/0-zz.com\/hc\/wp-json\/wp\/v2\/pages\/69","targetHints":{"allow":["GET"]}}],"collection":[{"href":"https:\/\/0-zz.com\/hc\/wp-json\/wp\/v2\/pages"}],"about":[{"href":"https:\/\/0-zz.com\/hc\/wp-json\/wp\/v2\/types\/page"}],"author":[{"embeddable":true,"href":"https:\/\/0-zz.com\/hc\/wp-json\/wp\/v2\/users\/1"}],"replies":[{"embeddable":true,"href":"https:\/\/0-zz.com\/hc\/wp-json\/wp\/v2\/comments?post=69"}],"version-history":[{"count":6,"href":"https:\/\/0-zz.com\/hc\/wp-json\/wp\/v2\/pages\/69\/revisions"}],"predecessor-version":[{"id":141,"href":"https:\/\/0-zz.com\/hc\/wp-json\/wp\/v2\/pages\/69\/revisions\/141"}],"wp:attachment":[{"href":"https:\/\/0-zz.com\/hc\/wp-json\/wp\/v2\/media?parent=69"}],"curies":[{"name":"wp","href":"https:\/\/api.w.org\/{rel}","templated":true}]}}