{"id":65,"date":"2020-05-13T13:42:58","date_gmt":"2020-05-13T13:42:58","guid":{"rendered":"http:\/\/0-zz.com\/hc\/?page_id=65"},"modified":"2020-05-14T21:14:45","modified_gmt":"2020-05-14T21:14:45","slug":"n","status":"publish","type":"page","link":"https:\/\/0-zz.com\/hc\/n\/","title":{"rendered":"N"},"content":{"rendered":"\n<h5>#Hot16challenge to wyzwanie polegaj\u0105ce na nagraniu 16 wers\u00f3w i nominowaniu kolejnych os\u00f3b do akcji, kt\u00f3re maj\u0105 stworzy\u0107 sw\u00f3j kawa\u0142ek w 72 godziny. Druga edycja legendarnej rapowanej akcji to nie tylko nagrywanie muzyki, ale r\u00f3wnie\u017c pomoc w walce z koronawirusem. Wraz z #hot16challenge2 ruszy\u0142a zbi\u00f3rka &#8211; \u201cBeef z koronawirusem #hot16challenge\u201d dla <a rel=\"noreferrer noopener\" href=\"https:\/\/www.siepomaga.pl\/\" target=\"_blank\">Siepomaga.pl<\/a>. Zar\u00f3wno nominowani jak i fani mog\u0105 wp\u0142aca\u0107 pieni\u0105dze na pomoc pracownikom s\u0142u\u017cby zdrowia w walce z Koronawirusem. <br><br> Poni\u017cej wykonawcy rozpoczynaj\u0105cy si\u0119 na: N<\/h5>\n\n\n\n<h4 class=\"wp-block-heading\">Natalia Kukulska #Hot16Challenge2<\/h4>\n\n\n\n<figure class=\"wp-block-embed-youtube wp-block-embed is-type-video is-provider-youtube wp-embed-aspect-16-9 wp-has-aspect-ratio\"><div class=\"wp-block-embed__wrapper\">\n<iframe loading=\"lazy\" title=\"Natalia Kukulska #hot16challenge2\" width=\"580\" height=\"326\" src=\"https:\/\/www.youtube.com\/embed\/3dIM70Tb3Uc?feature=oembed\" frameborder=\"0\" allow=\"accelerometer; autoplay; clipboard-write; encrypted-media; gyroscope; picture-in-picture; web-share\" referrerpolicy=\"strict-origin-when-cross-origin\" allowfullscreen><\/iframe>\n<\/div><\/figure>\n\n\n\n<p>Opublikowany 13 maj 2020Link do zbi\u00f3rki: <a target=\"_blank\" rel=\"noreferrer noopener\" href=\"https:\/\/www.youtube.com\/redirect?q=https%3A%2F%2Fwww.siepomaga.pl%2Fhot16challenge&amp;event=video_description&amp;v=3dIM70Tb3Uc&amp;redir_token=_uoXarXawjRnJmC3Fiey2B-u6ld8MTU4OTU3NzE2MEAxNTg5NDkwNzYw\">https:\/\/www.siepomaga.pl\/hot16challenge<\/a> Hot16challenge to wyzwanie polegaj\u0105ce na nagraniu 16 wers\u00f3w i nominowaniu kolejnych os\u00f3b do akcji, kt\u00f3re maj\u0105 stworzy\u0107 sw\u00f3j kawa\u0142ek w 72 godziny (oops, ma\u0142y po\u015blizg ;)). Druga edycja legendarnej rapowanej akcji to nie tylko nagrywanie muzyki, ale r\u00f3wnie\u017c pomoc w walce z koronawirusem. Wraz z <a href=\"https:\/\/m.youtube.com\/results?search_query=%23hot16challenge2\">#hot16challenge2<\/a> ruszy\u0142a zbi\u00f3rka &#8211; \u201cBeef z koronawirusem <a href=\"https:\/\/m.youtube.com\/results?search_query=%23hot16challenge\">#hot16challenge<\/a> \u201d dla Siepomaga.pl. Zar\u00f3wno nominowani jak i fani mog\u0105 wp\u0142aca\u0107 pieni\u0105dze na pomoc pracownikom s\u0142u\u017cby zdrowia w walce z Koronawirusem. Zbi\u00f3rka dost\u0119pna jest pod adresem: <a target=\"_blank\" rel=\"noreferrer noopener\" href=\"https:\/\/www.youtube.com\/redirect?q=http%3A%2F%2Fsiepomaga.pl%2Fhot16challenge&amp;event=video_description&amp;v=3dIM70Tb3Uc&amp;redir_token=_uoXarXawjRnJmC3Fiey2B-u6ld8MTU4OTU3NzE2MEAxNTg5NDkwNzYw\">http:\/\/siepomaga.pl\/hot16challenge<\/a> . Ca\u0142\u0105 akcj\u0119 mo\u017cna \u015bledzi\u0107 na stronie <a target=\"_blank\" rel=\"noreferrer noopener\" href=\"https:\/\/www.youtube.com\/redirect?q=http%3A%2F%2Fhot16challenge.network&amp;event=video_description&amp;v=3dIM70Tb3Uc&amp;redir_token=_uoXarXawjRnJmC3Fiey2B-u6ld8MTU4OTU3NzE2MEAxNTg5NDkwNzYw\">http:\/\/hot16challenge.network<\/a> Nominacje: Bovska | Dorota Mas\u0142owska | PiKej \/ Piotr Kukulski | Adam Sztaba | Pilich \/ Wojtek Pilichowski Tekst: Natalia Kukulska Muzyka: Micha\u0142 D\u0105br\u00f3wka Realizacja video: Mortvideo Specjalne podzi\u0119kowania za udzia\u0142 w video dla Ma\u0142gosi Sochy.<\/p>\n\n\n\n<h4 class=\"wp-block-heading\">Natalia Szroeder #Hot16Challenge2<\/h4>\n\n\n\n<figure class=\"wp-block-embed-youtube wp-block-embed is-type-video is-provider-youtube wp-embed-aspect-16-9 wp-has-aspect-ratio\"><div class=\"wp-block-embed__wrapper\">\n<iframe loading=\"lazy\" title=\"Natalia Szroeder #Hot16Challenge2\" width=\"580\" height=\"326\" src=\"https:\/\/www.youtube.com\/embed\/m8ENTfu4F2I?feature=oembed\" frameborder=\"0\" allow=\"accelerometer; autoplay; clipboard-write; encrypted-media; gyroscope; picture-in-picture; web-share\" referrerpolicy=\"strict-origin-when-cross-origin\" allowfullscreen><\/iframe>\n<\/div><\/figure>\n\n\n\n<p>Opublikowany 10 maj 2020<br>Zbi\u00f3rka: <a rel=\"noreferrer noopener\" target=\"_blank\" href=\"https:\/\/www.youtube.com\/redirect?v=m8ENTfu4F2I&amp;event=video_description&amp;redir_token=9A5AYKOKX6EqrdPvnqOryPIS1018MTU4OTQ1ODQ3NEAxNTg5MzcyMDc0&amp;q=https%3A%2F%2Fwww.siepomaga.pl%2Fhot16challenge\">https:\/\/www.siepomaga.pl\/hot16challenge<\/a><\/p>\n\n\n\n<h4 class=\"wp-block-heading\">NOSOWSKA #Hot16Challenge2<\/h4>\n\n\n\n<figure class=\"wp-block-embed-youtube wp-block-embed is-type-video is-provider-youtube wp-embed-aspect-16-9 wp-has-aspect-ratio\"><div class=\"wp-block-embed__wrapper\">\n<iframe loading=\"lazy\" title=\"NOSOWSKA (prod. FOX) #hot16challenge2\" width=\"580\" height=\"326\" src=\"https:\/\/www.youtube.com\/embed\/Z4Qnvijsdxc?feature=oembed\" frameborder=\"0\" allow=\"accelerometer; autoplay; clipboard-write; encrypted-media; gyroscope; picture-in-picture; web-share\" referrerpolicy=\"strict-origin-when-cross-origin\" allowfullscreen><\/iframe>\n<\/div><\/figure>\n\n\n\n<p>Opublikowany 9 maj 2020Link do zbi\u00f3rki: <a target=\"_blank\" rel=\"noreferrer noopener\" href=\"https:\/\/www.youtube.com\/redirect?q=https%3A%2F%2Fwww.siepomaga.pl%2Fhot16challenge&amp;event=video_description&amp;v=Z4Qnvijsdxc&amp;redir_token=txhuwcALZ9-EOR6-qOULre1o8ap8MTU4OTU3NDk4NUAxNTg5NDg4NTg1\">https:\/\/www.siepomaga.pl\/hot16challenge<\/a> Hot16challenge to wyzwanie polegaj\u0105ce na nagraniu 16 wers\u00f3w i nominowaniu kolejnych os\u00f3b do akcji, kt\u00f3re maj\u0105 stworzy\u0107 sw\u00f3j kawa\u0142ek w 72 godziny. Druga edycja legendarnej rapowanej akcji to nie tylko nagrywanie muzyki, ale r\u00f3wnie\u017c pomoc w walce z koronawirusem. Wraz z <a href=\"https:\/\/m.youtube.com\/results?search_query=%23hot16challenge2\">#hot16challenge2<\/a> ruszy\u0142a zbi\u00f3rka &#8211; \u201cBeef z koronawirusem <a href=\"https:\/\/m.youtube.com\/results?search_query=%23hot16challenge\">#hot16challenge<\/a>\u201d dla Siepomaga.pl. Zar\u00f3wno nominowani jak i fani mog\u0105 wp\u0142aca\u0107 pieni\u0105dze na pomoc pracownikom s\u0142u\u017cby zdrowia w walce z Koronawirusem. Zbi\u00f3rka dost\u0119pna jest pod adresem: <a target=\"_blank\" rel=\"noreferrer noopener\" href=\"https:\/\/www.youtube.com\/redirect?q=http%3A%2F%2Fsiepomaga.pl%2Fhot16challenge&amp;event=video_description&amp;v=Z4Qnvijsdxc&amp;redir_token=txhuwcALZ9-EOR6-qOULre1o8ap8MTU4OTU3NDk4NUAxNTg5NDg4NTg1\">http:\/\/siepomaga.pl\/hot16challenge<\/a>. Ca\u0142\u0105 akcj\u0119 mo\u017cna \u015bledzi\u0107 na stronie <a target=\"_blank\" rel=\"noreferrer noopener\" href=\"https:\/\/www.youtube.com\/redirect?q=http%3A%2F%2Fhot16challenge.network&amp;event=video_description&amp;v=Z4Qnvijsdxc&amp;redir_token=txhuwcALZ9-EOR6-qOULre1o8ap8MTU4OTU3NDk4NUAxNTg5NDg4NTg1\">http:\/\/hot16challenge.network<\/a> Tekst: Katarzyna Nosowska Produkcja: Micha\u0142 FOX Kr\u00f3l Realizacja wokalu: Pawe\u0142 Krawczyk Mastershot: MQ Home Video Recording Monta\u017c: Artur Klimczak Nominacje: Micha\u0142 Rusinek Wojciech Mann Micha\u0142 Wiraszko Kayah Kasia Klich M\u00f3wi\u0119 do Ciebie z pobocza, marginesu zdarze\u0144, zajezdni Z tego miejsca w dalekiej przysz\u0142o\u015bci, do kt\u00f3rego dotrzesz gdy mnie ju\u017c nie b\u0119dzie Tu kutasy, dawniej pr\u0119\u017c\u0105ce si\u0119 dumnie, ci\u0105\u017c\u0105 ku ziemi i dyndaj\u0105 smutno Tu chwytasz w d\u0142o\u0144 i wdychasz z powrotem wydech, co tr\u0105ci star\u0105 taks\u00f3wk\u0105 Pytasz mnie jak si\u0119 mam, czy popieram noszenie maseczek My\u015bl\u0119 \u017ce mo\u017ce oddycha\u0107 si\u0119 ci\u0119\u017cko, gdy nosi\u0142o si\u0119 mask\u0119 ju\u017c wcze\u015bniej, Pytasz czy s\u0142ysz\u0119 co m\u00f3wi\u0105, czasami, cho\u0107 przyznam, \u017ce nie chc\u0119 W pewnym wieku wygl\u0105dasz tre\u015bci, spust sylabami, nie tre\u015bci\u0105 &#8211; Ci\u0119 m\u0119czy. Wystawiam g\u0142ow\u0119 na wiatr, by wywia\u0142 z niej resztki przesz\u0142o\u015bci, Sprawdzam przez sk\u00f3r\u0119 i \u017cebra serce, czy ci\u0105gle bije czy ma si\u0119 dobrze. Jak nie zwariowa\u0107 w pandemii? Nie polecam ucieczki w u\u017cywki Papier \u015bcierny polecam lub pilnik, pi\u0142owanie w skupieniu ego a\u017c zniknie. Gdyby\u015b mnie szuka\u0142 to dzwo\u0144, dzwo\u0144 do skutku, cierpliwie Bo tu, gdzie jestem, mi\u0119dzy my\u015bl\u0105 a my\u015bl\u0105, mog\u0119 dzwonka nie s\u0142ysze\u0107. I jeszcze tylko na koniec &#8211; w zajezdni nie jest najgorzej Bo nikt mi nie mo\u017ce niczego kaza\u0107 a tym bardziej zabroni\u0107.<\/p>\n","protected":false},"excerpt":{"rendered":"<p>#Hot16challenge to wyzwanie polegaj\u0105ce na nagraniu 16 wers\u00f3w i nominowaniu kolejnych os\u00f3b do akcji, kt\u00f3re maj\u0105 stworzy\u0107 sw\u00f3j kawa\u0142ek w 72 godziny. Druga edycja legendarnej rapowanej akcji to nie tylko nagrywanie muzyki, ale r\u00f3wnie\u017c pomoc w walce z koronawirusem. Wraz z #hot16challenge2 ruszy\u0142a zbi\u00f3rka &#8211; \u201cBeef z koronawirusem #hot16challenge\u201d dla Siepomaga.pl. Zar\u00f3wno nominowani jak i [&hellip;]<\/p>\n","protected":false},"author":1,"featured_media":0,"parent":0,"menu_order":0,"comment_status":"closed","ping_status":"closed","template":"","meta":{"footnotes":""},"class_list":["post-65","page","type-page","status-publish","hentry"],"_links":{"self":[{"href":"https:\/\/0-zz.com\/hc\/wp-json\/wp\/v2\/pages\/65","targetHints":{"allow":["GET"]}}],"collection":[{"href":"https:\/\/0-zz.com\/hc\/wp-json\/wp\/v2\/pages"}],"about":[{"href":"https:\/\/0-zz.com\/hc\/wp-json\/wp\/v2\/types\/page"}],"author":[{"embeddable":true,"href":"https:\/\/0-zz.com\/hc\/wp-json\/wp\/v2\/users\/1"}],"replies":[{"embeddable":true,"href":"https:\/\/0-zz.com\/hc\/wp-json\/wp\/v2\/comments?post=65"}],"version-history":[{"count":7,"href":"https:\/\/0-zz.com\/hc\/wp-json\/wp\/v2\/pages\/65\/revisions"}],"predecessor-version":[{"id":138,"href":"https:\/\/0-zz.com\/hc\/wp-json\/wp\/v2\/pages\/65\/revisions\/138"}],"wp:attachment":[{"href":"https:\/\/0-zz.com\/hc\/wp-json\/wp\/v2\/media?parent=65"}],"curies":[{"name":"wp","href":"https:\/\/api.w.org\/{rel}","templated":true}]}}