{"id":63,"date":"2020-05-13T13:42:20","date_gmt":"2020-05-13T13:42:20","guid":{"rendered":"http:\/\/0-zz.com\/hc\/?page_id=63"},"modified":"2020-05-14T21:33:14","modified_gmt":"2020-05-14T21:33:14","slug":"m","status":"publish","type":"page","link":"https:\/\/0-zz.com\/hc\/m\/","title":{"rendered":"M"},"content":{"rendered":"\n<h5>#Hot16challenge to wyzwanie polegaj\u0105ce na nagraniu 16 wers\u00f3w i nominowaniu kolejnych os\u00f3b do akcji, kt\u00f3re maj\u0105 stworzy\u0107 sw\u00f3j kawa\u0142ek w 72 godziny. Druga edycja legendarnej rapowanej akcji to nie tylko nagrywanie muzyki, ale r\u00f3wnie\u017c pomoc w walce z koronawirusem. Wraz z #hot16challenge2 ruszy\u0142a zbi\u00f3rka &#8211; \u201cBeef z koronawirusem #hot16challenge\u201d dla <a rel=\"noreferrer noopener\" href=\"https:\/\/www.siepomaga.pl\/\" target=\"_blank\">Siepomaga.pl<\/a>. Zar\u00f3wno nominowani jak i fani mog\u0105 wp\u0142aca\u0107 pieni\u0105dze na pomoc pracownikom s\u0142u\u017cby zdrowia w walce z Koronawirusem. <br><br> Poni\u017cej wykonawcy rozpoczynaj\u0105cy si\u0119 na: M<\/h5>\n\n\n\n<h4 class=\"wp-block-heading\">MAJKA JE\u017bOWSKA BAND #Hot16Challenge2<\/h4>\n\n\n\n<figure class=\"wp-block-embed-youtube wp-block-embed is-type-video is-provider-youtube wp-embed-aspect-16-9 wp-has-aspect-ratio\"><div class=\"wp-block-embed__wrapper\">\n<iframe loading=\"lazy\" title=\"MAJKA JE\u017bOWSKA BAND #hot16challenge2\" width=\"580\" height=\"326\" src=\"https:\/\/www.youtube.com\/embed\/Gfd1LFcQkFU?feature=oembed\" frameborder=\"0\" allow=\"accelerometer; autoplay; clipboard-write; encrypted-media; gyroscope; picture-in-picture; web-share\" referrerpolicy=\"strict-origin-when-cross-origin\" allowfullscreen><\/iframe>\n<\/div><\/figure>\n\n\n\n<p>Opublikowany 11 maj 2020Link do zbi\u00f3rki: <a rel=\"noreferrer noopener\" target=\"_blank\" href=\"https:\/\/www.youtube.com\/redirect?q=https%3A%2F%2Fwww.siepomaga.pl%2Fhot16challenge&amp;v=Gfd1LFcQkFU&amp;event=video_description&amp;redir_token=VJWvxgdsRUHXHwE5kFIRu_-Z5FZ8MTU4OTU2NzYxMUAxNTg5NDgxMjEx\">https:\/\/www.siepomaga.pl\/hot16challenge<\/a> Hot16challenge to wyzwanie polegaj\u0105ce na nagraniu 16 wers\u00f3w i nominowaniu kolejnych os\u00f3b do akcji, kt\u00f3re maj\u0105 stworzy\u0107 sw\u00f3j kawa\u0142ek w 72 godziny. Druga edycja legendarnej rapowanej akcji to nie tylko nagrywanie muzyki, ale r\u00f3wnie\u017c pomoc w walce z koronawirusem. Wraz z <a href=\"https:\/\/m.youtube.com\/results?search_query=%23hot16challenge2\">#hot16challenge2<\/a> ruszy\u0142a zbi\u00f3rka &#8211; \u201cBeef z koronawirusem <a href=\"https:\/\/m.youtube.com\/results?search_query=%23hot16challenge\">#hot16challenge<\/a>\u201d dla Siepomaga.pl. Zar\u00f3wno nominowani jak i fani mog\u0105 wp\u0142aca\u0107 pieni\u0105dze na pomoc pracownikom s\u0142u\u017cby zdrowia w walce z Koronawirusem. Zbi\u00f3rka dost\u0119pna jest pod adresem: <a rel=\"noreferrer noopener\" target=\"_blank\" href=\"https:\/\/www.youtube.com\/redirect?q=http%3A%2F%2Fsiepomaga.pl%2Fhot16challenge&amp;v=Gfd1LFcQkFU&amp;event=video_description&amp;redir_token=VJWvxgdsRUHXHwE5kFIRu_-Z5FZ8MTU4OTU2NzYxMUAxNTg5NDgxMjEx\">http:\/\/siepomaga.pl\/hot16challenge<\/a>. Ca\u0142\u0105 akcj\u0119 mo\u017cna \u015bledzi\u0107 na stronie <a rel=\"noreferrer noopener\" target=\"_blank\" href=\"https:\/\/www.youtube.com\/redirect?q=http%3A%2F%2Fhot16challenge.network&amp;v=Gfd1LFcQkFU&amp;event=video_description&amp;redir_token=VJWvxgdsRUHXHwE5kFIRu_-Z5FZ8MTU4OTU2NzYxMUAxNTg5NDgxMjEx\">http:\/\/hot16challenge.network<\/a><a href=\"https:\/\/m.youtube.com\/results?search_query=%23nowo%C5%9B%C4%87\">#nowo\u015b\u0107<\/a><a href=\"https:\/\/m.youtube.com\/results?search_query=%23hot\">#hot<\/a><a href=\"https:\/\/m.youtube.com\/results?search_query=%23hot16\">#hot16<\/a><a href=\"https:\/\/m.youtube.com\/results?search_query=%23majkaje%C5%BCowska\">#majkaje\u017cowska<\/a> Muzyka: Majka Je\u017cowska Tekst: Majka Je\u017cowska, \u0141ukasz St\u0119pniewicz, Mateusz Modrzejewski. Majka Je\u017cowska &#8211; Rap, Vocale Lena Romul &#8211; Back Voc Marek Tarnowski &#8211; keys, dzwonki Micha\u0142 W\u0105sik &#8211; bass Mateusz Modrzejewski &#8211; Rap \u0141ukasz St\u0119pniewicz &#8211; Rap, Gity, Produkcja, Video. Polub FB: <a rel=\"noreferrer noopener\" target=\"_blank\" href=\"https:\/\/www.youtube.com\/redirect?q=https%3A%2F%2Fwww.facebook.com%2Fmajkajezowska&amp;v=Gfd1LFcQkFU&amp;event=video_description&amp;redir_token=VJWvxgdsRUHXHwE5kFIRu_-Z5FZ8MTU4OTU2NzYxMUAxNTg5NDgxMjEx\">https:\/\/www.facebook.com\/majkajezowska<\/a> INSTA: <a rel=\"noreferrer noopener\" target=\"_blank\" href=\"https:\/\/www.youtube.com\/redirect?q=https%3A%2F%2Fwww.instagram.com%2Fmajka_jezowska_%2F%3Fhl%3Dpl&amp;v=Gfd1LFcQkFU&amp;event=video_description&amp;redir_token=VJWvxgdsRUHXHwE5kFIRu_-Z5FZ8MTU4OTU2NzYxMUAxNTg5NDgxMjEx\">https:\/\/www.instagram.com\/majka_jezow&#8230;<\/a><a href=\"https:\/\/m.youtube.com\/results?search_query=%23nowo%C5%9B%C4%87\">#nowo\u015b\u0107<\/a><a href=\"https:\/\/m.youtube.com\/results?search_query=%23hot\">#hot<\/a><a href=\"https:\/\/m.youtube.com\/results?search_query=%23hot16\">#hot16<\/a><a href=\"https:\/\/m.youtube.com\/results?search_query=%23majkaje%C5%BCowska\">#majkaje\u017cowska<\/a><\/p>\n\n\n\n<h4 class=\"wp-block-heading\">Margaret #Hot16Challenge2<\/h4>\n\n\n\n<figure class=\"wp-block-embed-youtube wp-block-embed is-type-video is-provider-youtube wp-embed-aspect-16-9 wp-has-aspect-ratio\"><div class=\"wp-block-embed__wrapper\">\n<iframe loading=\"lazy\" title=\"Margaret #Hot16Challenge2\" width=\"580\" height=\"326\" src=\"https:\/\/www.youtube.com\/embed\/I7_l4e_kEZY?feature=oembed\" frameborder=\"0\" allow=\"accelerometer; autoplay; clipboard-write; encrypted-media; gyroscope; picture-in-picture; web-share\" referrerpolicy=\"strict-origin-when-cross-origin\" allowfullscreen><\/iframe>\n<\/div><\/figure>\n\n\n\n<p>Opublikowany 7 maj 2020<br>Zbi\u00f3rka: <a rel=\"noreferrer noopener\" target=\"_blank\" href=\"https:\/\/www.youtube.com\/redirect?v=I7_l4e_kEZY&amp;event=video_description&amp;redir_token=hhodfbiWxuMmkXmOWFD3p6g2BPR8MTU4OTQ1NzcyNEAxNTg5MzcxMzI0&amp;q=https%3A%2F%2Fwww.siepomaga.pl%2Fhot16challenge\">https:\/\/www.siepomaga.pl\/hot16challenge<\/a><\/p>\n\n\n\n<h4 class=\"wp-block-heading\">MEZO #Hot16Challenge2<\/h4>\n\n\n\n<figure class=\"wp-block-embed-youtube wp-block-embed is-type-video is-provider-youtube wp-embed-aspect-16-9 wp-has-aspect-ratio\"><div class=\"wp-block-embed__wrapper\">\n<iframe loading=\"lazy\" title=\"MEZO #HOT16CHALLENGE2\" width=\"580\" height=\"326\" src=\"https:\/\/www.youtube.com\/embed\/-OqR8YsF5Yw?feature=oembed\" frameborder=\"0\" allow=\"accelerometer; autoplay; clipboard-write; encrypted-media; gyroscope; picture-in-picture; web-share\" referrerpolicy=\"strict-origin-when-cross-origin\" allowfullscreen><\/iframe>\n<\/div><\/figure>\n\n\n\n<p>Opublikowany 10 maj 2020Zbi\u00f3rka: <a target=\"_blank\" rel=\"noreferrer noopener\" href=\"https:\/\/www.youtube.com\/redirect?event=video_description&amp;v=-OqR8YsF5Yw&amp;redir_token=CdMgAl5I_6j1S9wKeuBystZENet8MTU4OTU3ODIxNkAxNTg5NDkxODE2&amp;q=https%3A%2F%2Fwww.siepomaga.pl%2Fhot16challenge\">https:\/\/www.siepomaga.pl\/hot16challenge<\/a> ? Tekst i wykonanie: Jacek MEZO Mejer Produkcja: Pawe\u0142 P.A.F.F. Kasperski Video: Maciej Olejniczak FANPAGE MEZO: <a target=\"_blank\" rel=\"noreferrer noopener\" href=\"https:\/\/www.youtube.com\/redirect?event=video_description&amp;v=-OqR8YsF5Yw&amp;redir_token=CdMgAl5I_6j1S9wKeuBystZENet8MTU4OTU3ODIxNkAxNTg5NDkxODE2&amp;q=https%3A%2F%2Fwww.facebook.com%2FMezokracja\">https:\/\/www.facebook.com\/Mezokracja<\/a> INSTAGRAM MEZO: <a target=\"_blank\" rel=\"noreferrer noopener\" href=\"https:\/\/www.youtube.com\/redirect?event=video_description&amp;v=-OqR8YsF5Yw&amp;redir_token=CdMgAl5I_6j1S9wKeuBystZENet8MTU4OTU3ODIxNkAxNTg5NDkxODE2&amp;q=https%3A%2F%2Fwww.instagram.com%2Fjacek_mezo_mejer%2F\">https:\/\/www.instagram.com\/jacek_mezo_&#8230;<\/a> Tekst: Czy oddasz dusze kostusze? Czy przejdziesz przez burze z Jezusem? Czy zwyci\u0119\u017c\u0105 faryzeusze? To jest wa\u017cne jak Kazanie na g\u00f3rze Bezkr\u00f3lewie &#8211; interregnum Dochodzimy do kluczowego momentu T\u0142um prowadzi w\u0142adc\u0119 na szafot To b\u0119dzie d\u0142ugie i bolesne lato Pogr\u0105\u017ceni w strachu Nara\u017ceni na nadej\u015bcie krachu Wszyscy chcemy by\u0107 wolni Porywisty nurt historii Przyda si\u0119 stoicki spok\u00f3j Odnajdziesz go Bracie tylko w Bogu Krocz spokojnie w\u015br\u00f3d po\u015bpiechu I spotkajmy si\u0119 na drugim brzegu<\/p>\n\n\n\n<h4 class=\"wp-block-heading\">MROZU #Hot16Challenge2<\/h4>\n\n\n\n<figure class=\"wp-block-embed-youtube wp-block-embed is-type-video is-provider-youtube wp-embed-aspect-16-9 wp-has-aspect-ratio\"><div class=\"wp-block-embed__wrapper\">\n<iframe loading=\"lazy\" title=\"MROZU #hot16challenge2\" width=\"580\" height=\"326\" src=\"https:\/\/www.youtube.com\/embed\/I8noMShqSgs?feature=oembed\" frameborder=\"0\" allow=\"accelerometer; autoplay; clipboard-write; encrypted-media; gyroscope; picture-in-picture; web-share\" referrerpolicy=\"strict-origin-when-cross-origin\" allowfullscreen><\/iframe>\n<\/div><\/figure>\n\n\n\n<p>Data premiery: 10 maj 2020Link do zbi\u00f3rki: <a target=\"_blank\" rel=\"noreferrer noopener\" href=\"https:\/\/www.youtube.com\/redirect?v=I8noMShqSgs&amp;redir_token=VLBlLIw5M1u3ZOlDkjhOwrFFjZR8MTU4OTU2Nzg4OUAxNTg5NDgxNDg5&amp;event=video_description&amp;q=https%3A%2F%2Fwww.siepomaga.pl%2Fhot16challenge\">https:\/\/www.siepomaga.pl\/hot16challenge<\/a> Hot16challenge to wyzwanie polegaj\u0105ce na nagraniu 16 wers\u00f3w i nominowaniu kolejnych os\u00f3b do akcji, kt\u00f3re maj\u0105 stworzy\u0107 sw\u00f3j kawa\u0142ek w 72 godziny. Druga edycja legendarnej rapowanej akcji to nie tylko nagrywanie muzyki, ale r\u00f3wnie\u017c pomoc w walce z koronawirusem. Wraz z <a href=\"https:\/\/m.youtube.com\/results?search_query=%23hot16challenge2\">#hot16challenge2<\/a> ruszy\u0142a zbi\u00f3rka &#8211; \u201cBeef z koronawirusem <a href=\"https:\/\/m.youtube.com\/results?search_query=%23hot16challenge\">#hot16challenge<\/a>\u201d dla Siepomaga.pl. Zar\u00f3wno nominowani jak i fani mog\u0105 wp\u0142aca\u0107 pieni\u0105dze na pomoc pracownikom s\u0142u\u017cby zdrowia w walce z Koronawirusem. Zbi\u00f3rka dost\u0119pna jest pod adresem: <a target=\"_blank\" rel=\"noreferrer noopener\" href=\"https:\/\/www.youtube.com\/redirect?v=I8noMShqSgs&amp;redir_token=VLBlLIw5M1u3ZOlDkjhOwrFFjZR8MTU4OTU2Nzg4OUAxNTg5NDgxNDg5&amp;event=video_description&amp;q=http%3A%2F%2Fsiepomaga.pl%2Fhot16challenge\">http:\/\/siepomaga.pl\/hot16challenge<\/a>. Ca\u0142\u0105 akcj\u0119 mo\u017cna \u015bledzi\u0107 na stronie <a target=\"_blank\" rel=\"noreferrer noopener\" href=\"https:\/\/www.youtube.com\/redirect?v=I8noMShqSgs&amp;redir_token=VLBlLIw5M1u3ZOlDkjhOwrFFjZR8MTU4OTU2Nzg4OUAxNTg5NDgxNDg5&amp;event=video_description&amp;q=http%3A%2F%2Fhot16challenge.network\">http:\/\/hot16challenge.network<\/a> BIT : DrySkull VIDEO : Leaking mind <a target=\"_blank\" rel=\"noreferrer noopener\" href=\"https:\/\/www.youtube.com\/redirect?v=I8noMShqSgs&amp;redir_token=VLBlLIw5M1u3ZOlDkjhOwrFFjZR8MTU4OTU2Nzg4OUAxNTg5NDgxNDg5&amp;event=video_description&amp;q=https%3A%2F%2Fwww.facebook.com%2Fleakingmindphotos%2F\">https:\/\/www.facebook.com\/leakingmindp&#8230;<\/a><\/p>\n","protected":false},"excerpt":{"rendered":"<p>#Hot16challenge to wyzwanie polegaj\u0105ce na nagraniu 16 wers\u00f3w i nominowaniu kolejnych os\u00f3b do akcji, kt\u00f3re maj\u0105 stworzy\u0107 sw\u00f3j kawa\u0142ek w 72 godziny. Druga edycja legendarnej rapowanej akcji to nie tylko nagrywanie muzyki, ale r\u00f3wnie\u017c pomoc w walce z koronawirusem. Wraz z #hot16challenge2 ruszy\u0142a zbi\u00f3rka &#8211; \u201cBeef z koronawirusem #hot16challenge\u201d dla Siepomaga.pl. Zar\u00f3wno nominowani jak i [&hellip;]<\/p>\n","protected":false},"author":1,"featured_media":0,"parent":0,"menu_order":0,"comment_status":"closed","ping_status":"closed","template":"","meta":{"footnotes":""},"class_list":["post-63","page","type-page","status-publish","hentry"],"_links":{"self":[{"href":"https:\/\/0-zz.com\/hc\/wp-json\/wp\/v2\/pages\/63","targetHints":{"allow":["GET"]}}],"collection":[{"href":"https:\/\/0-zz.com\/hc\/wp-json\/wp\/v2\/pages"}],"about":[{"href":"https:\/\/0-zz.com\/hc\/wp-json\/wp\/v2\/types\/page"}],"author":[{"embeddable":true,"href":"https:\/\/0-zz.com\/hc\/wp-json\/wp\/v2\/users\/1"}],"replies":[{"embeddable":true,"href":"https:\/\/0-zz.com\/hc\/wp-json\/wp\/v2\/comments?post=63"}],"version-history":[{"count":5,"href":"https:\/\/0-zz.com\/hc\/wp-json\/wp\/v2\/pages\/63\/revisions"}],"predecessor-version":[{"id":145,"href":"https:\/\/0-zz.com\/hc\/wp-json\/wp\/v2\/pages\/63\/revisions\/145"}],"wp:attachment":[{"href":"https:\/\/0-zz.com\/hc\/wp-json\/wp\/v2\/media?parent=63"}],"curies":[{"name":"wp","href":"https:\/\/api.w.org\/{rel}","templated":true}]}}