{"id":61,"date":"2020-05-13T13:41:37","date_gmt":"2020-05-13T13:41:37","guid":{"rendered":"http:\/\/0-zz.com\/hc\/?page_id=61"},"modified":"2020-05-14T21:29:03","modified_gmt":"2020-05-14T21:29:03","slug":"l","status":"publish","type":"page","link":"https:\/\/0-zz.com\/hc\/l\/","title":{"rendered":"L"},"content":{"rendered":"\n<h5>#Hot16challenge to wyzwanie polegaj\u0105ce na nagraniu 16 wers\u00f3w i nominowaniu kolejnych os\u00f3b do akcji, kt\u00f3re maj\u0105 stworzy\u0107 sw\u00f3j kawa\u0142ek w 72 godziny. Druga edycja legendarnej rapowanej akcji to nie tylko nagrywanie muzyki, ale r\u00f3wnie\u017c pomoc w walce z koronawirusem. Wraz z #hot16challenge2 ruszy\u0142a zbi\u00f3rka &#8211; \u201cBeef z koronawirusem #hot16challenge\u201d dla <a rel=\"noreferrer noopener\" href=\"https:\/\/www.siepomaga.pl\/\" target=\"_blank\">Siepomaga.pl<\/a>. Zar\u00f3wno nominowani jak i fani mog\u0105 wp\u0142aca\u0107 pieni\u0105dze na pomoc pracownikom s\u0142u\u017cby zdrowia w walce z Koronawirusem. <br><br> Poni\u017cej wykonawcy rozpoczynaj\u0105cy si\u0119 na: L<\/h5>\n\n\n\n<h4 class=\"wp-block-heading\">Lanberry #Hot16Challenge2<\/h4>\n\n\n\n<figure class=\"wp-block-embed-youtube wp-block-embed is-type-video is-provider-youtube wp-embed-aspect-16-9 wp-has-aspect-ratio\"><div class=\"wp-block-embed__wrapper\">\n<iframe loading=\"lazy\" title=\"Lanberry #hot16challenge2\" width=\"580\" height=\"326\" src=\"https:\/\/www.youtube.com\/embed\/kwkjupFl7Po?feature=oembed\" frameborder=\"0\" allow=\"accelerometer; autoplay; clipboard-write; encrypted-media; gyroscope; picture-in-picture; web-share\" referrerpolicy=\"strict-origin-when-cross-origin\" allowfullscreen><\/iframe>\n<\/div><\/figure>\n\n\n\n<p>Opublikowany 10 maj 2020Dorzu\u0107 si\u0119 do zbi\u00f3rki: <a rel=\"noreferrer noopener\" target=\"_blank\" href=\"https:\/\/www.youtube.com\/redirect?q=https%3A%2F%2Fwww.siepomaga.pl%2Fhot16challenge&amp;redir_token=W5j39DUNALQIcWO3oFwAWUIzdMp8MTU4OTU2ODE2N0AxNTg5NDgxNzY3&amp;event=video_description&amp;v=kwkjupFl7Po\">https:\/\/www.siepomaga.pl\/hot16challenge<\/a> Nominuj\u0119: Hotel Torino, Saszan, Dawida Kwiatkowskiego muzyka: Jakub Krupski, Lanberry s\u0142owa: Ma\u0142gorzata U\u015bci\u0142owska<\/p>\n\n\n\n<h4 class=\"wp-block-heading\">Liber #Hot16Challenge2<\/h4>\n\n\n\n<figure class=\"wp-block-embed-youtube wp-block-embed is-type-video is-provider-youtube wp-embed-aspect-16-9 wp-has-aspect-ratio\"><div class=\"wp-block-embed__wrapper\">\n<iframe loading=\"lazy\" title=\"Liber #Hot16Challenge2\" width=\"580\" height=\"326\" src=\"https:\/\/www.youtube.com\/embed\/WevicM1OtVk?feature=oembed\" frameborder=\"0\" allow=\"accelerometer; autoplay; clipboard-write; encrypted-media; gyroscope; picture-in-picture; web-share\" referrerpolicy=\"strict-origin-when-cross-origin\" allowfullscreen><\/iframe>\n<\/div><\/figure>\n\n\n\n<p>Opublikowany 13 maj 2020Zbi\u00f3rka: <a target=\"_blank\" rel=\"noreferrer noopener\" href=\"https:\/\/www.youtube.com\/redirect?v=WevicM1OtVk&amp;redir_token=2SQf0Hp--sWAD9lLiQIHhSUBhoZ8MTU4OTU3Nzk0OUAxNTg5NDkxNTQ5&amp;event=video_description&amp;q=https%3A%2F%2Fwww.siepomaga.pl%2Fhot16challenge\">https:\/\/www.siepomaga.pl\/hot16challenge<\/a> Hot16challenge to wyzwanie polegaj\u0105ce na nagraniu 16 wers\u00f3w i nominowaniu kolejnych os\u00f3b do akcji, kt\u00f3re maj\u0105 stworzy\u0107 sw\u00f3j kawa\u0142ek w 72 godziny. Druga edycja legendarnej rapowanej akcji to nie tylko nagrywanie muzyki, ale r\u00f3wnie\u017c pomoc w walce z koronawirusem. Wraz z <a href=\"https:\/\/m.youtube.com\/results?search_query=%23hot16challenge2\">#hot16challenge2<\/a> ruszy\u0142a zbi\u00f3rka &#8211; \u201cBeef z koronawirusem <a href=\"https:\/\/m.youtube.com\/results?search_query=%23hot16challenge\">#hot16challenge<\/a>\u201d dla Siepomaga.pl. Zar\u00f3wno nominowani jak i fani mog\u0105 wp\u0142aca\u0107 pieni\u0105dze na pomoc pracownikom s\u0142u\u017cby zdrowia w walce z Koronawirusem. Zbi\u00f3rka dost\u0119pna jest pod adresem: <a target=\"_blank\" rel=\"noreferrer noopener\" href=\"https:\/\/www.youtube.com\/redirect?v=WevicM1OtVk&amp;redir_token=2SQf0Hp--sWAD9lLiQIHhSUBhoZ8MTU4OTU3Nzk0OUAxNTg5NDkxNTQ5&amp;event=video_description&amp;q=http%3A%2F%2Fsiepomaga.pl%2Fhot16challenge\">http:\/\/siepomaga.pl\/hot16challenge<\/a>. Ca\u0142\u0105 akcj\u0119 mo\u017cna \u015bledzi\u0107 na stronie <a target=\"_blank\" rel=\"noreferrer noopener\" href=\"https:\/\/www.youtube.com\/redirect?v=WevicM1OtVk&amp;redir_token=2SQf0Hp--sWAD9lLiQIHhSUBhoZ8MTU4OTU3Nzk0OUAxNTg5NDkxNTQ5&amp;event=video_description&amp;q=http%3A%2F%2Fhot16challenge.network\">http:\/\/hot16challenge.network<\/a><\/p>\n","protected":false},"excerpt":{"rendered":"<p>#Hot16challenge to wyzwanie polegaj\u0105ce na nagraniu 16 wers\u00f3w i nominowaniu kolejnych os\u00f3b do akcji, kt\u00f3re maj\u0105 stworzy\u0107 sw\u00f3j kawa\u0142ek w 72 godziny. Druga edycja legendarnej rapowanej akcji to nie tylko nagrywanie muzyki, ale r\u00f3wnie\u017c pomoc w walce z koronawirusem. Wraz z #hot16challenge2 ruszy\u0142a zbi\u00f3rka &#8211; \u201cBeef z koronawirusem #hot16challenge\u201d dla Siepomaga.pl. Zar\u00f3wno nominowani jak i [&hellip;]<\/p>\n","protected":false},"author":1,"featured_media":0,"parent":0,"menu_order":0,"comment_status":"closed","ping_status":"closed","template":"","meta":{"footnotes":""},"class_list":["post-61","page","type-page","status-publish","hentry"],"_links":{"self":[{"href":"https:\/\/0-zz.com\/hc\/wp-json\/wp\/v2\/pages\/61","targetHints":{"allow":["GET"]}}],"collection":[{"href":"https:\/\/0-zz.com\/hc\/wp-json\/wp\/v2\/pages"}],"about":[{"href":"https:\/\/0-zz.com\/hc\/wp-json\/wp\/v2\/types\/page"}],"author":[{"embeddable":true,"href":"https:\/\/0-zz.com\/hc\/wp-json\/wp\/v2\/users\/1"}],"replies":[{"embeddable":true,"href":"https:\/\/0-zz.com\/hc\/wp-json\/wp\/v2\/comments?post=61"}],"version-history":[{"count":5,"href":"https:\/\/0-zz.com\/hc\/wp-json\/wp\/v2\/pages\/61\/revisions"}],"predecessor-version":[{"id":144,"href":"https:\/\/0-zz.com\/hc\/wp-json\/wp\/v2\/pages\/61\/revisions\/144"}],"wp:attachment":[{"href":"https:\/\/0-zz.com\/hc\/wp-json\/wp\/v2\/media?parent=61"}],"curies":[{"name":"wp","href":"https:\/\/api.w.org\/{rel}","templated":true}]}}