{"id":59,"date":"2020-05-13T13:41:10","date_gmt":"2020-05-13T13:41:10","guid":{"rendered":"http:\/\/0-zz.com\/hc\/?page_id=59"},"modified":"2020-05-14T22:08:47","modified_gmt":"2020-05-14T22:08:47","slug":"k","status":"publish","type":"page","link":"https:\/\/0-zz.com\/hc\/k\/","title":{"rendered":"K"},"content":{"rendered":"\n<h5>#Hot16challenge to wyzwanie polegaj\u0105ce na nagraniu 16 wers\u00f3w i nominowaniu kolejnych os\u00f3b do akcji, kt\u00f3re maj\u0105 stworzy\u0107 sw\u00f3j kawa\u0142ek w 72 godziny. Druga edycja legendarnej rapowanej akcji to nie tylko nagrywanie muzyki, ale r\u00f3wnie\u017c pomoc w walce z koronawirusem. Wraz z #hot16challenge2 ruszy\u0142a zbi\u00f3rka &#8211; \u201cBeef z koronawirusem #hot16challenge\u201d dla <a rel=\"noreferrer noopener\" href=\"https:\/\/www.siepomaga.pl\/\" target=\"_blank\">Siepomaga.pl<\/a>. Zar\u00f3wno nominowani jak i fani mog\u0105 wp\u0142aca\u0107 pieni\u0105dze na pomoc pracownikom s\u0142u\u017cby zdrowia w walce z Koronawirusem. <br><br> Poni\u017cej wykonawcy rozpoczynaj\u0105cy si\u0119 na: K<\/h5>\n\n\n\n<h4 class=\"wp-block-heading\">Kasia Klich #Hot16Challenge2<\/h4>\n\n\n\n<figure class=\"wp-block-embed-youtube wp-block-embed is-type-video is-provider-youtube wp-embed-aspect-16-9 wp-has-aspect-ratio\"><div class=\"wp-block-embed__wrapper\">\n<iframe loading=\"lazy\" title=\"Kasia Klich (prod. Yaro) #hot16challenge2\" width=\"580\" height=\"326\" src=\"https:\/\/www.youtube.com\/embed\/MfeKh9CAUnI?feature=oembed\" frameborder=\"0\" allow=\"accelerometer; autoplay; clipboard-write; encrypted-media; gyroscope; picture-in-picture; web-share\" referrerpolicy=\"strict-origin-when-cross-origin\" allowfullscreen><\/iframe>\n<\/div><\/figure>\n\n\n\n<p>Opublikowany 13 maj 2020<a target=\"_blank\" rel=\"noreferrer noopener\" href=\"https:\/\/www.youtube.com\/redirect?event=video_description&amp;v=MfeKh9CAUnI&amp;q=https%3A%2F%2Fwww.siepomaga.pl%2Fhot16challenge&amp;redir_token=hw7cIjvhjEbrz2qCmNgp4ZYrGtR8MTU4OTU3NzQ5NUAxNTg5NDkxMDk1\">https:\/\/www.siepomaga.pl\/hot16challenge<\/a> Hot16challenge to wyzwanie polegaj\u0105ce na nagraniu 16 wers\u00f3w i nominowaniu kolejnych os\u00f3b do akcji, kt\u00f3re maj\u0105 stworzy\u0107 sw\u00f3j kawa\u0142ek w 72 godziny. Druga edycja legendarnej rapowanej akcji to nie tylko nagrywanie muzyki, ale r\u00f3wnie\u017c pomoc w walce z koronawirusem. Wraz z <a href=\"https:\/\/m.youtube.com\/results?search_query=%23hot16challenge2\">#hot16challenge2<\/a> ruszy\u0142a zbi\u00f3rka &#8211; \u201cBeef z koronawirusem <a href=\"https:\/\/m.youtube.com\/results?search_query=%23hot16challenge\">#hot16challenge<\/a>\u201d dla Siepomaga.pl. Zar\u00f3wno nominowani jak i fani mog\u0105 wp\u0142aca\u0107 pieni\u0105dze na pomoc pracownikom s\u0142u\u017cby zdrowia w walce z Koronawirusem. Zbi\u00f3rka dost\u0119pna jest pod adresem: <a target=\"_blank\" rel=\"noreferrer noopener\" href=\"https:\/\/www.youtube.com\/redirect?event=video_description&amp;v=MfeKh9CAUnI&amp;q=http%3A%2F%2Fsiepomaga.pl%2Fhot16challenge&amp;redir_token=hw7cIjvhjEbrz2qCmNgp4ZYrGtR8MTU4OTU3NzQ5NUAxNTg5NDkxMDk1\">http:\/\/siepomaga.pl\/hot16challenge<\/a>. Ca\u0142\u0105 akcj\u0119 mo\u017cna \u015bledzi\u0107 na stronie: <a target=\"_blank\" rel=\"noreferrer noopener\" href=\"https:\/\/www.youtube.com\/redirect?event=video_description&amp;v=MfeKh9CAUnI&amp;q=https%3A%2F%2Fhot16challenge.network&amp;redir_token=hw7cIjvhjEbrz2qCmNgp4ZYrGtR8MTU4OTU3NzQ5NUAxNTg5NDkxMDk1\">https:\/\/hot16challenge.network<\/a> Hot16challenge is an initiative for rappers and singers. Idea of the action is to record one verse including 16 bars, publish it and then nominate four more artists who have 72 hours to reply. Main goal of Hot16challenge is to activate as many artists as possible and to mobilize firstly hip-hop industry, then hopefully whole music industry to help fight COVID-19 by music. Hot16challenge participants and their fans as well can donate to link or any charity campaign in fight with coronavirus. Six years ago, <a href=\"https:\/\/m.youtube.com\/results?search_query=%23hot16challenge\">#hot16challenge<\/a> went viral as an artist-to-artist movement. Now we\u2019re launching a sequel, but with a charitable twist and going worldwide. Official Site: <a target=\"_blank\" rel=\"noreferrer noopener\" href=\"https:\/\/www.youtube.com\/redirect?event=video_description&amp;v=MfeKh9CAUnI&amp;q=http%3A%2F%2Fhot16challenge.network&amp;redir_token=hw7cIjvhjEbrz2qCmNgp4ZYrGtR8MTU4OTU3NzQ5NUAxNTg5NDkxMDk1\">http:\/\/hot16challenge.network<\/a> Tekst: Kasia Klich Muzyka: Jaros\u0142aw Yaro P\u0142ocica, Kasia Klich Produkcja\/Mix\/Mastering: Jaros\u0142aw Yaro P\u0142ocica (Jazzda Music) Yaro daje beat, nap\u2026dalamy beatem w Covid Nie podoba nam si\u0119 co si\u0119 z nim medialnie robi Strach ma wielkie oczy, \u0142atwo si\u0119 zarz\u0105dza strachem A ci co na g\u00f3rze tylko k\u0142ad\u0105 na nas lach\u0119 Tak ochoczo dzisiaj bij\u0105 s\u0142u\u017cbie zdrowia brawa Czy wyskocz\u0105 z hajsu jak si\u0119 sko\u0144czy ta zabawa? Dadz\u0105 podwy\u017cki za trud i zn\u00f3j? Czy powiedza znowu: Id\u017a pan w ch.. C-O-V-I-D trzymajmy si\u0119 razem Bo tylko razem pokonamy zaraz\u0119 Hot 16, bang bang w ten shit C-O-V-I-D-19 C-O-V-I-D trzymajmy si\u0119 razem Bo tylko razem pokonamy zaraz\u0119 Hot 16, bang bang w ten shit C-O-V-I-D-19<\/p>\n\n\n\n<h4 class=\"wp-block-heading\">KAYAH #Hot16Challenge2<\/h4>\n\n\n\n<figure class=\"wp-block-embed-youtube wp-block-embed is-type-video is-provider-youtube wp-embed-aspect-16-9 wp-has-aspect-ratio\"><div class=\"wp-block-embed__wrapper\">\n<iframe loading=\"lazy\" title=\"KAYAH #hot16challenge2\" width=\"580\" height=\"326\" src=\"https:\/\/www.youtube.com\/embed\/UyByWSb-Cgk?feature=oembed\" frameborder=\"0\" allow=\"accelerometer; autoplay; clipboard-write; encrypted-media; gyroscope; picture-in-picture; web-share\" referrerpolicy=\"strict-origin-when-cross-origin\" allowfullscreen><\/iframe>\n<\/div><\/figure>\n\n\n\n<p>Opublikowany 12 maj 2020<a rel=\"noreferrer noopener\" target=\"_blank\" href=\"https:\/\/www.youtube.com\/redirect?event=video_description&amp;v=UyByWSb-Cgk&amp;redir_token=KMsHLXM8cFFDOWRDayNblPR10j18MTU4OTU2NzMzN0AxNTg5NDgwOTM3&amp;q=https%3A%2F%2Fwww.siepomaga.pl%2Fhot16challenge\">https:\/\/www.siepomaga.pl\/hot16challenge<\/a> Hot16challenge to wyzwanie polegaj\u0105ce na nagraniu 16 wers\u00f3w i nominowaniu kolejnych os\u00f3b do akcji, kt\u00f3re maj\u0105 stworzy\u0107 sw\u00f3j kawa\u0142ek w 72 godziny. Druga edycja legendarnej rapowanej akcji to nie tylko nagrywanie muzyki, ale r\u00f3wnie\u017c pomoc w walce z koronawirusem. Wraz z <a href=\"https:\/\/m.youtube.com\/results?search_query=%23hot16challenge2\">#hot16challenge2<\/a> ruszy\u0142a zbi\u00f3rka &#8211; \u201cBeef z koronawirusem <a href=\"https:\/\/m.youtube.com\/results?search_query=%23hot16challenge\">#hot16challenge<\/a>\u201d dla Siepomaga.pl. Zar\u00f3wno nominowani jak i fani mog\u0105 wp\u0142aca\u0107 pieni\u0105dze na pomoc pracownikom s\u0142u\u017cby zdrowia w walce z Koronawirusem. Zbi\u00f3rka dost\u0119pna jest pod adresem: <a rel=\"noreferrer noopener\" target=\"_blank\" href=\"https:\/\/www.youtube.com\/redirect?event=video_description&amp;v=UyByWSb-Cgk&amp;redir_token=KMsHLXM8cFFDOWRDayNblPR10j18MTU4OTU2NzMzN0AxNTg5NDgwOTM3&amp;q=http%3A%2F%2Fsiepomaga.pl%2Fhot16challenge\">http:\/\/siepomaga.pl\/hot16challenge<\/a>. Ca\u0142\u0105 akcj\u0119 mo\u017cna \u015bledzi\u0107 na stronie: <a rel=\"noreferrer noopener\" target=\"_blank\" href=\"https:\/\/www.youtube.com\/redirect?event=video_description&amp;v=UyByWSb-Cgk&amp;redir_token=KMsHLXM8cFFDOWRDayNblPR10j18MTU4OTU2NzMzN0AxNTg5NDgwOTM3&amp;q=https%3A%2F%2Fhot16challenge.network\">https:\/\/hot16challenge.network<\/a> Hot16challenge is an initiative for rappers and singers. Idea of the action is to record one verse including 16 bars, publish it and then nominate four more artists who have 72 hours to reply. Main goal of Hot16challenge is to activate as many artists as possible and to mobilize firstly hip-hop industry, then hopefully whole music industry to help fight COVID-19 by music. Hot16challenge participants and their fans as well can donate to link or any charity campaign in fight with coronavirus. Six years ago, <a href=\"https:\/\/m.youtube.com\/results?search_query=%23hot16challenge\">#hot16challenge<\/a> went viral as an artist-to-artist movement. Now we\u2019re launching a sequel, but with a charitable twist and going worldwide. Official Site: <a rel=\"noreferrer noopener\" target=\"_blank\" href=\"https:\/\/www.youtube.com\/redirect?event=video_description&amp;v=UyByWSb-Cgk&amp;redir_token=KMsHLXM8cFFDOWRDayNblPR10j18MTU4OTU2NzMzN0AxNTg5NDgwOTM3&amp;q=http%3A%2F%2Fhot16challenge.network\">http:\/\/hot16challenge.network<\/a> Tekst: Kayah Muzyka: Kayah Produkcja\/Mix\/Mastering: Krzysztof Pszona Obraz: Krzysztof Szl\u0119zak Nominacje: Idan Raichel Viki Gabor Jos\u00e9 Torres Dzi\u0119ki Kasia Nosowska, za ten zaszczyt wielki Wszystkie Ka\u015bki, to fajne ch\u0142opaki, opadaj\u0105 szcz\u0119ki Mo\u017ce niekoniecznie teraz, nigdy nie rapowa\u0142am, cholera Poprosz\u0119 premiera, poprawia\u0142 mi teksty nieraz Jak si\u0119 duma, to skuma, co teraz powiem Je\u015bli chodzi o koron\u0119, nosz\u0119 j\u0105 na g\u0142owie Mog\u0119 zdj\u0105\u0107, przekaza\u0107 na si\u0119 pomaga Wybaczcie \u201epeople\u201d ja pier*le rapuj\u0119 jak \u0142amaga (anty bragga) Lecz intencje s\u0105 wa\u017cne, wspierajmy i w ko\u0144cu Przyda\u0142oby si\u0119 wesprze\u0107 tak\u017ce przedsi\u0119biorc\u00f3w Wesprze\u0107 artyst\u00f3w Kochani, bo tam kto\u015b na g\u00f3rze Odmro\u017ceniem mami, a zapomnia\u0142 o kulturze \u017byjemy w kraju na zach\u00f3d od wschodu i na wsch\u00f3d od zachodu Gdzie wiemy kto wygra, chocia\u017c nikt nie wie, kiedy jest czas wybor\u00f3w A ja w kwarantannie, pragn\u0119 normalnie, przytuli\u0107 si\u0119 do Narodu (Hej Ty, ostry cie\u0144 mg\u0142y) Do\u015b\u0107 zam\u0119tu, lamentu, l\u0119ku wszystkich ludzi This is wake up call, bo czas si\u0119 budzi\u0107 Je\u015bli zara\u017ca\u0107, to tylko mi\u0142o\u015bci\u0105 Szczepi\u0107 pozytywem, jedno\u015bci\u0105, \u015bwiadomo\u015bci\u0105 My\u015ble\u0107 samodzielnie i opu\u015bci\u0107 stado baran\u00f3w Co wybierasz, w co wierzysz, we\u017a si\u0119 zastan\u00f3w\u2026 My\u015bl\u0119, wi\u0119c nie jestem My\u015bl\u0119, wi\u0119c mnie nie ma Kayah Facebook: <a rel=\"noreferrer noopener\" target=\"_blank\" href=\"https:\/\/www.youtube.com\/redirect?event=video_description&amp;v=UyByWSb-Cgk&amp;redir_token=KMsHLXM8cFFDOWRDayNblPR10j18MTU4OTU2NzMzN0AxNTg5NDgwOTM3&amp;q=https%3A%2F%2Fwww.facebook.com%2Fkayah.official\">https:\/\/www.facebook.com\/kayah.official<\/a> Instagram: <a rel=\"noreferrer noopener\" target=\"_blank\" href=\"https:\/\/www.youtube.com\/redirect?event=video_description&amp;v=UyByWSb-Cgk&amp;redir_token=KMsHLXM8cFFDOWRDayNblPR10j18MTU4OTU2NzMzN0AxNTg5NDgwOTM3&amp;q=https%3A%2F%2Finstagram.com%2Fkayah_official\">https:\/\/instagram.com\/kayah_official<\/a> www: <a rel=\"noreferrer noopener\" target=\"_blank\" href=\"https:\/\/www.youtube.com\/redirect?event=video_description&amp;v=UyByWSb-Cgk&amp;redir_token=KMsHLXM8cFFDOWRDayNblPR10j18MTU4OTU2NzMzN0AxNTg5NDgwOTM3&amp;q=http%3A%2F%2Fkayah.pl\">http:\/\/kayah.pl<\/a> Krzysztof Szl\u0119zak: Facebook: <a rel=\"noreferrer noopener\" target=\"_blank\" href=\"https:\/\/www.youtube.com\/redirect?event=video_description&amp;v=UyByWSb-Cgk&amp;redir_token=KMsHLXM8cFFDOWRDayNblPR10j18MTU4OTU2NzMzN0AxNTg5NDgwOTM3&amp;q=https%3A%2F%2Fwww.facebook.com%2Fkrzysztof.szlezak.photo\">https:\/\/www.facebook.com\/krzysztof.sz&#8230;<\/a> Instagram: <a rel=\"noreferrer noopener\" target=\"_blank\" href=\"https:\/\/www.youtube.com\/redirect?event=video_description&amp;v=UyByWSb-Cgk&amp;redir_token=KMsHLXM8cFFDOWRDayNblPR10j18MTU4OTU2NzMzN0AxNTg5NDgwOTM3&amp;q=https%3A%2F%2Fwww.instagram.com%2Fkrzysztofszlezak\">https:\/\/www.instagram.com\/krzysztofsz&#8230;<\/a><\/p>\n\n\n\n<h4 class=\"wp-block-heading\">Kwiat Jab\u0142oni #Hot16Challenge2<\/h4>\n\n\n\n<figure class=\"wp-block-embed-youtube wp-block-embed is-type-video is-provider-youtube wp-embed-aspect-16-9 wp-has-aspect-ratio\"><div class=\"wp-block-embed__wrapper\">\n<iframe loading=\"lazy\" title=\"Kwiat Jab\u0142oni #Hot16Challenge2\" width=\"580\" height=\"326\" src=\"https:\/\/www.youtube.com\/embed\/ZRytyttJ28o?feature=oembed\" frameborder=\"0\" allow=\"accelerometer; autoplay; clipboard-write; encrypted-media; gyroscope; picture-in-picture; web-share\" referrerpolicy=\"strict-origin-when-cross-origin\" allowfullscreen><\/iframe>\n<\/div><\/figure>\n\n\n\n<p>Opublikowany 12 maj 2020Link do zbi\u00f3rki: <a target=\"_blank\" rel=\"noreferrer noopener\" href=\"https:\/\/www.youtube.com\/redirect?q=https%3A%2F%2Fwww.siepomaga.pl%2Fhot16challenge&amp;redir_token=2XH05OIiX0L3rXogAJP_yWdia698MTU4OTU4MDQ5NkAxNTg5NDk0MDk2&amp;event=video_description&amp;v=ZRytyttJ28o\">https:\/\/www.siepomaga.pl\/hot16challenge<\/a> Hot16challenge to wyzwanie polegaj\u0105ce na nagraniu 16 wers\u00f3w i nominowaniu kolejnych os\u00f3b do akcji, kt\u00f3re maj\u0105 stworzy\u0107 sw\u00f3j kawa\u0142ek w 72 godziny. Druga edycja legendarnej rapowanej akcji to nie tylko nagrywanie muzyki, ale r\u00f3wnie\u017c pomoc w walce z koronawirusem. Wraz z <a href=\"https:\/\/m.youtube.com\/results?search_query=%23hot16challenge2\">#hot16challenge2<\/a> ruszy\u0142a zbi\u00f3rka &#8211; \u201cBeef z koronawirusem <a href=\"https:\/\/m.youtube.com\/results?search_query=%23hot16challenge\">#hot16challenge<\/a>\u201d dla Siepomaga.pl. Zar\u00f3wno nominowani jak i fani mog\u0105 wp\u0142aca\u0107 pieni\u0105dze na pomoc pracownikom s\u0142u\u017cby zdrowia w walce z koronawirusem. Official Site: <a target=\"_blank\" rel=\"noreferrer noopener\" href=\"https:\/\/www.youtube.com\/redirect?q=http%3A%2F%2Fhot16challenge.network&amp;redir_token=2XH05OIiX0L3rXogAJP_yWdia698MTU4OTU4MDQ5NkAxNTg5NDk0MDk2&amp;event=video_description&amp;v=ZRytyttJ28o\">http:\/\/hot16challenge.network<\/a> Nominujemy: &#8211; Jacka Stachurskiego <a href=\"https:\/\/m.youtube.com\/channel\/UChg6q9HUyotc1YW9f6eajKw\">@StachurskyTV<\/a> &#8211; Jurka Owsiaka &#8211; Sorry Boys &#8211; Kub\u0119 Sienkiewicza<\/p>\n","protected":false},"excerpt":{"rendered":"<p>#Hot16challenge to wyzwanie polegaj\u0105ce na nagraniu 16 wers\u00f3w i nominowaniu kolejnych os\u00f3b do akcji, kt\u00f3re maj\u0105 stworzy\u0107 sw\u00f3j kawa\u0142ek w 72 godziny. Druga edycja legendarnej rapowanej akcji to nie tylko nagrywanie muzyki, ale r\u00f3wnie\u017c pomoc w walce z koronawirusem. Wraz z #hot16challenge2 ruszy\u0142a zbi\u00f3rka &#8211; \u201cBeef z koronawirusem #hot16challenge\u201d dla Siepomaga.pl. Zar\u00f3wno nominowani jak i [&hellip;]<\/p>\n","protected":false},"author":1,"featured_media":0,"parent":0,"menu_order":0,"comment_status":"closed","ping_status":"closed","template":"","meta":{"footnotes":""},"class_list":["post-59","page","type-page","status-publish","hentry"],"_links":{"self":[{"href":"https:\/\/0-zz.com\/hc\/wp-json\/wp\/v2\/pages\/59","targetHints":{"allow":["GET"]}}],"collection":[{"href":"https:\/\/0-zz.com\/hc\/wp-json\/wp\/v2\/pages"}],"about":[{"href":"https:\/\/0-zz.com\/hc\/wp-json\/wp\/v2\/types\/page"}],"author":[{"embeddable":true,"href":"https:\/\/0-zz.com\/hc\/wp-json\/wp\/v2\/users\/1"}],"replies":[{"embeddable":true,"href":"https:\/\/0-zz.com\/hc\/wp-json\/wp\/v2\/comments?post=59"}],"version-history":[{"count":4,"href":"https:\/\/0-zz.com\/hc\/wp-json\/wp\/v2\/pages\/59\/revisions"}],"predecessor-version":[{"id":148,"href":"https:\/\/0-zz.com\/hc\/wp-json\/wp\/v2\/pages\/59\/revisions\/148"}],"wp:attachment":[{"href":"https:\/\/0-zz.com\/hc\/wp-json\/wp\/v2\/media?parent=59"}],"curies":[{"name":"wp","href":"https:\/\/api.w.org\/{rel}","templated":true}]}}