{"id":57,"date":"2020-05-13T13:40:46","date_gmt":"2020-05-13T13:40:46","guid":{"rendered":"http:\/\/0-zz.com\/hc\/?page_id=57"},"modified":"2020-05-14T21:25:29","modified_gmt":"2020-05-14T21:25:29","slug":"j","status":"publish","type":"page","link":"https:\/\/0-zz.com\/hc\/j\/","title":{"rendered":"J"},"content":{"rendered":"\n<h5>#Hot16challenge to wyzwanie polegaj\u0105ce na nagraniu 16 wers\u00f3w i nominowaniu kolejnych os\u00f3b do akcji, kt\u00f3re maj\u0105 stworzy\u0107 sw\u00f3j kawa\u0142ek w 72 godziny. Druga edycja legendarnej rapowanej akcji to nie tylko nagrywanie muzyki, ale r\u00f3wnie\u017c pomoc w walce z koronawirusem. Wraz z #hot16challenge2 ruszy\u0142a zbi\u00f3rka &#8211; \u201cBeef z koronawirusem #hot16challenge\u201d dla <a rel=\"noreferrer noopener\" href=\"https:\/\/www.siepomaga.pl\/\" target=\"_blank\">Siepomaga.pl<\/a>. Zar\u00f3wno nominowani jak i fani mog\u0105 wp\u0142aca\u0107 pieni\u0105dze na pomoc pracownikom s\u0142u\u017cby zdrowia w walce z Koronawirusem. <br><br> Poni\u017cej wykonawcy rozpoczynaj\u0105cy si\u0119 na: J<\/h5>\n\n\n\n<h4 class=\"wp-block-heading\">JedenOsiemL #Hot16Challenge2<\/h4>\n\n\n\n<figure class=\"wp-block-embed-youtube wp-block-embed is-type-video is-provider-youtube wp-embed-aspect-16-9 wp-has-aspect-ratio\"><div class=\"wp-block-embed__wrapper\">\n<iframe loading=\"lazy\" title=\"JedenOsiemL - #HOT16CHALLENGE2\" width=\"580\" height=\"326\" src=\"https:\/\/www.youtube.com\/embed\/pOVFN3WzT9I?feature=oembed\" frameborder=\"0\" allow=\"accelerometer; autoplay; clipboard-write; encrypted-media; gyroscope; picture-in-picture; web-share\" referrerpolicy=\"strict-origin-when-cross-origin\" allowfullscreen><\/iframe>\n<\/div><\/figure>\n\n\n\n<p>Opublikowany 12 maj 2020Wielkie podzi\u0119kowania dla wszystkich pracownik\u00f3w naszej s\u0142u\u017cby zdrowia. Dzi\u0119ki za wszystko, k\u0142aniamy si\u0119 nisko! Zach\u0119camy wszystkich bardzo gor\u0105co do wspierania akcji. Zbi\u00f3rka: <a target=\"_blank\" rel=\"noreferrer noopener\" href=\"https:\/\/www.youtube.com\/redirect?q=https%3A%2F%2Fwww.siepomaga.pl%2Fhot16challenge&amp;v=pOVFN3WzT9I&amp;redir_token=EPX_hcWX1Df3IR6n9L3JVMCMZQV8MTU4OTU2NzYyNUAxNTg5NDgxMjI1&amp;event=video_description\">https:\/\/www.siepomaga.pl\/hot16challenge<\/a> Nowator, Mad Hatters P\u0142ock, INDEB i GRAF dzi\u0119kujemy za nominacje! Nominacje lec\u0105 do: Wojtek Wojda Farben Lehre Zawidzki Spi\u0119ty Lao Che Tekst: \u0141ukasz Produkcja; Chris Toffson Hot16challenge to wyzwanie polegaj\u0105ce na nagraniu 16 wers\u00f3w i nominowaniu kolejnych os\u00f3b do akcji, kt\u00f3re maj\u0105 stworzy\u0107 sw\u00f3j kawa\u0142ek w 72 godziny. Druga edycja legendarnej rapowanej akcji to nie tylko nagrywanie muzyki, ale r\u00f3wnie\u017c pomoc w walce z koronawirusem. Wraz z <a href=\"https:\/\/m.youtube.com\/results?search_query=%23hot16challenge2\">#hot16challenge2<\/a> ruszy\u0142a zbi\u00f3rka &#8211; \u201cBeef z koronawirusem <a href=\"https:\/\/m.youtube.com\/results?search_query=%23hot16challenge\">#hot16challenge<\/a>\u201d dla Siepomaga.pl. Zar\u00f3wno nominowani jak i fani mog\u0105 wp\u0142aca\u0107 pieni\u0105dze na pomoc pracownikom s\u0142u\u017cby zdrowia w walce z Koronawirusem. Zbi\u00f3rka dost\u0119pna jest pod adresem: <a target=\"_blank\" rel=\"noreferrer noopener\" href=\"https:\/\/www.youtube.com\/redirect?q=http%3A%2F%2Fsiepomaga.pl%2Fhot16challenge&amp;v=pOVFN3WzT9I&amp;redir_token=EPX_hcWX1Df3IR6n9L3JVMCMZQV8MTU4OTU2NzYyNUAxNTg5NDgxMjI1&amp;event=video_description\">http:\/\/siepomaga.pl\/hot16challenge<\/a> . Ca\u0142\u0105 akcj\u0119 mo\u017cna \u015bledzi\u0107 na stronie hot16challenge.network. Hot16challenge is an initiative for rappers and singers. Idea of the action is to record one verse including 16 bars, publish it and then nominate four more artists who have 72 hours to reply. Main goal of Hot16challenge is to activate as many artists as possible and to mobilize firstly hip-hop industry, then hopefully whole music industry to help fight COVID-19 by music. Hot16challenge participants and their fans as well can donate to link or any charity campaign in fight with coronavirus. Six years ago, <a href=\"https:\/\/m.youtube.com\/results?search_query=%23hot16challenge\">#hot16challenge<\/a> went viral as an artist-to-artist movement. Now we\u2019re launching a sequel, but with a charitable twist and going worldwide. FACEBOOK: <a target=\"_blank\" rel=\"noreferrer noopener\" href=\"https:\/\/www.youtube.com\/redirect?q=https%3A%2F%2Fwww.facebook.com%2FJedenosieml&amp;v=pOVFN3WzT9I&amp;redir_token=EPX_hcWX1Df3IR6n9L3JVMCMZQV8MTU4OTU2NzYyNUAxNTg5NDgxMjI1&amp;event=video_description\">https:\/\/www.facebook.com\/Jedenosieml<\/a> INSTAGRAM: <a target=\"_blank\" rel=\"noreferrer noopener\" href=\"https:\/\/www.youtube.com\/redirect?q=https%3A%2F%2Fwww.instagram.com%2Fjedenosieml_official&amp;v=pOVFN3WzT9I&amp;redir_token=EPX_hcWX1Df3IR6n9L3JVMCMZQV8MTU4OTU2NzYyNUAxNTg5NDgxMjI1&amp;event=video_description\">https:\/\/www.instagram.com\/jedenosieml&#8230;<\/a><a href=\"https:\/\/m.youtube.com\/results?search_query=%23jedenosieml\">#jedenosieml<\/a><a href=\"https:\/\/m.youtube.com\/results?search_query=%23hot16challenge2\">#hot16challenge2<\/a><a href=\"https:\/\/m.youtube.com\/results?search_query=%23hot16\">#hot16<\/a><\/p>\n","protected":false},"excerpt":{"rendered":"<p>#Hot16challenge to wyzwanie polegaj\u0105ce na nagraniu 16 wers\u00f3w i nominowaniu kolejnych os\u00f3b do akcji, kt\u00f3re maj\u0105 stworzy\u0107 sw\u00f3j kawa\u0142ek w 72 godziny. Druga edycja legendarnej rapowanej akcji to nie tylko nagrywanie muzyki, ale r\u00f3wnie\u017c pomoc w walce z koronawirusem. Wraz z #hot16challenge2 ruszy\u0142a zbi\u00f3rka &#8211; \u201cBeef z koronawirusem #hot16challenge\u201d dla Siepomaga.pl. Zar\u00f3wno nominowani jak i [&hellip;]<\/p>\n","protected":false},"author":1,"featured_media":0,"parent":0,"menu_order":0,"comment_status":"closed","ping_status":"closed","template":"","meta":{"footnotes":""},"class_list":["post-57","page","type-page","status-publish","hentry"],"_links":{"self":[{"href":"https:\/\/0-zz.com\/hc\/wp-json\/wp\/v2\/pages\/57","targetHints":{"allow":["GET"]}}],"collection":[{"href":"https:\/\/0-zz.com\/hc\/wp-json\/wp\/v2\/pages"}],"about":[{"href":"https:\/\/0-zz.com\/hc\/wp-json\/wp\/v2\/types\/page"}],"author":[{"embeddable":true,"href":"https:\/\/0-zz.com\/hc\/wp-json\/wp\/v2\/users\/1"}],"replies":[{"embeddable":true,"href":"https:\/\/0-zz.com\/hc\/wp-json\/wp\/v2\/comments?post=57"}],"version-history":[{"count":2,"href":"https:\/\/0-zz.com\/hc\/wp-json\/wp\/v2\/pages\/57\/revisions"}],"predecessor-version":[{"id":142,"href":"https:\/\/0-zz.com\/hc\/wp-json\/wp\/v2\/pages\/57\/revisions\/142"}],"wp:attachment":[{"href":"https:\/\/0-zz.com\/hc\/wp-json\/wp\/v2\/media?parent=57"}],"curies":[{"name":"wp","href":"https:\/\/api.w.org\/{rel}","templated":true}]}}