{"id":55,"date":"2020-05-13T13:40:18","date_gmt":"2020-05-13T13:40:18","guid":{"rendered":"http:\/\/0-zz.com\/hc\/?page_id=55"},"modified":"2020-05-14T20:59:22","modified_gmt":"2020-05-14T20:59:22","slug":"i","status":"publish","type":"page","link":"https:\/\/0-zz.com\/hc\/i\/","title":{"rendered":"I"},"content":{"rendered":"\n<h5>#Hot16challenge to wyzwanie polegaj\u0105ce na nagraniu 16 wers\u00f3w i nominowaniu kolejnych os\u00f3b do akcji, kt\u00f3re maj\u0105 stworzy\u0107 sw\u00f3j kawa\u0142ek w 72 godziny. Druga edycja legendarnej rapowanej akcji to nie tylko nagrywanie muzyki, ale r\u00f3wnie\u017c pomoc w walce z koronawirusem. Wraz z #hot16challenge2 ruszy\u0142a zbi\u00f3rka &#8211; \u201cBeef z koronawirusem #hot16challenge\u201d dla <a rel=\"noreferrer noopener\" href=\"https:\/\/www.siepomaga.pl\/\" target=\"_blank\">Siepomaga.pl<\/a>. Zar\u00f3wno nominowani jak i fani mog\u0105 wp\u0142aca\u0107 pieni\u0105dze na pomoc pracownikom s\u0142u\u017cby zdrowia w walce z Koronawirusem. <br><br> Poni\u017cej wykonawcy rozpoczynaj\u0105cy si\u0119 na: I<\/h5>\n\n\n\n<h4 class=\"wp-block-heading\">Igor Herbut #Hot16Challenge2<\/h4>\n\n\n\n<figure class=\"wp-block-embed-youtube wp-block-embed is-type-video is-provider-youtube wp-embed-aspect-16-9 wp-has-aspect-ratio\"><div class=\"wp-block-embed__wrapper\">\n<iframe loading=\"lazy\" title=\"Igor Herbut #hot16challenge2\" width=\"580\" height=\"326\" src=\"https:\/\/www.youtube.com\/embed\/JOK0h3cAMC8?feature=oembed\" frameborder=\"0\" allow=\"accelerometer; autoplay; clipboard-write; encrypted-media; gyroscope; picture-in-picture; web-share\" referrerpolicy=\"strict-origin-when-cross-origin\" allowfullscreen><\/iframe>\n<\/div><\/figure>\n\n\n\n<p>Opublikowany 6 maj 2020Do akcji nominowa\u0142 mnie wczoraj Pawe\u0142 Domaga\u0142a, bardzo si\u0119 stara\u0142em \ud83d\ude42 Przy nagraniu nie ucierpia\u0142 \u017caden Kai! Jestem gap\u0105, bo nominowa\u0142em osoby ju\u017c nominowane, ale trzy pozosta\u0142y \ud83d\ude42 Ja bardzo kocham polski rap, i bardzo bym nie chcia\u0142, \u017ceby moi idole, uznali mnie za g\u0142upka \ud83d\ude1b Cze\u015b\u0107 ! wokal i bit: Igor Herbut Link do zbi\u00f3rki: <a target=\"_blank\" rel=\"noreferrer noopener\" href=\"https:\/\/www.youtube.com\/redirect?redir_token=rPeSgtTwiGqvMgyQBUhqs4vlHeF8MTU4OTU3NjI1NkAxNTg5NDg5ODU2&amp;v=JOK0h3cAMC8&amp;q=https%3A%2F%2Fwww.siepomaga.pl%2Fhot16challenge&amp;event=video_description\">https:\/\/www.siepomaga.pl\/hot16challenge<\/a> Hot16challenge to wyzwanie polegaj\u0105ce na nagraniu 16 wers\u00f3w i nominowaniu kolejnych os\u00f3b do akcji, kt\u00f3re maj\u0105 stworzy\u0107 sw\u00f3j kawa\u0142ek w 72 godziny. Druga edycja legendarnej rapowanej akcji to nie tylko nagrywanie muzyki, ale r\u00f3wnie\u017c pomoc w walce z koronawirusem. Wraz z <a href=\"https:\/\/m.youtube.com\/results?search_query=%23hot16challenge2\">#hot16challenge2<\/a> ruszy\u0142a zbi\u00f3rka &#8211; \u201cBeef z koronawirusem <a href=\"https:\/\/m.youtube.com\/results?search_query=%23hot16challenge\">#hot16challenge<\/a>\u201d dla Siepomaga.pl. Zar\u00f3wno nominowani jak i fani mog\u0105 wp\u0142aca\u0107 pieni\u0105dze na pomoc pracownikom s\u0142u\u017cby zdrowia w walce z Koronawirusem. Official Site: <a target=\"_blank\" rel=\"noreferrer noopener\" href=\"https:\/\/www.youtube.com\/redirect?redir_token=rPeSgtTwiGqvMgyQBUhqs4vlHeF8MTU4OTU3NjI1NkAxNTg5NDg5ODU2&amp;v=JOK0h3cAMC8&amp;q=http%3A%2F%2Fhot16challenge.network&amp;event=video_description\">http:\/\/hot16challenge.network<\/a> Nominuj\u0119: &#8211; Abradab &#8211; Piotr Rogucki &#8211; Daria Zawia\u0142ow<\/p>\n","protected":false},"excerpt":{"rendered":"<p>#Hot16challenge to wyzwanie polegaj\u0105ce na nagraniu 16 wers\u00f3w i nominowaniu kolejnych os\u00f3b do akcji, kt\u00f3re maj\u0105 stworzy\u0107 sw\u00f3j kawa\u0142ek w 72 godziny. Druga edycja legendarnej rapowanej akcji to nie tylko nagrywanie muzyki, ale r\u00f3wnie\u017c pomoc w walce z koronawirusem. Wraz z #hot16challenge2 ruszy\u0142a zbi\u00f3rka &#8211; \u201cBeef z koronawirusem #hot16challenge\u201d dla Siepomaga.pl. Zar\u00f3wno nominowani jak i [&hellip;]<\/p>\n","protected":false},"author":1,"featured_media":0,"parent":0,"menu_order":0,"comment_status":"closed","ping_status":"closed","template":"","meta":{"footnotes":""},"class_list":["post-55","page","type-page","status-publish","hentry"],"_links":{"self":[{"href":"https:\/\/0-zz.com\/hc\/wp-json\/wp\/v2\/pages\/55","targetHints":{"allow":["GET"]}}],"collection":[{"href":"https:\/\/0-zz.com\/hc\/wp-json\/wp\/v2\/pages"}],"about":[{"href":"https:\/\/0-zz.com\/hc\/wp-json\/wp\/v2\/types\/page"}],"author":[{"embeddable":true,"href":"https:\/\/0-zz.com\/hc\/wp-json\/wp\/v2\/users\/1"}],"replies":[{"embeddable":true,"href":"https:\/\/0-zz.com\/hc\/wp-json\/wp\/v2\/comments?post=55"}],"version-history":[{"count":2,"href":"https:\/\/0-zz.com\/hc\/wp-json\/wp\/v2\/pages\/55\/revisions"}],"predecessor-version":[{"id":131,"href":"https:\/\/0-zz.com\/hc\/wp-json\/wp\/v2\/pages\/55\/revisions\/131"}],"wp:attachment":[{"href":"https:\/\/0-zz.com\/hc\/wp-json\/wp\/v2\/media?parent=55"}],"curies":[{"name":"wp","href":"https:\/\/api.w.org\/{rel}","templated":true}]}}