{"id":53,"date":"2020-05-13T13:39:48","date_gmt":"2020-05-13T13:39:48","guid":{"rendered":"http:\/\/0-zz.com\/hc\/?page_id=53"},"modified":"2020-05-13T13:39:48","modified_gmt":"2020-05-13T13:39:48","slug":"h","status":"publish","type":"page","link":"https:\/\/0-zz.com\/hc\/h\/","title":{"rendered":"H"},"content":{"rendered":"\n<h5>#Hot16challenge to wyzwanie polegaj\u0105ce na nagraniu 16 wers\u00f3w i nominowaniu kolejnych os\u00f3b do akcji, kt\u00f3re maj\u0105 stworzy\u0107 sw\u00f3j kawa\u0142ek w 72 godziny. Druga edycja legendarnej rapowanej akcji to nie tylko nagrywanie muzyki, ale r\u00f3wnie\u017c pomoc w walce z koronawirusem. Wraz z #hot16challenge2 ruszy\u0142a zbi\u00f3rka &#8211; \u201cBeef z koronawirusem #hot16challenge\u201d dla <a rel=\"noreferrer noopener\" href=\"https:\/\/www.siepomaga.pl\/\" target=\"_blank\">Siepomaga.pl<\/a>. Zar\u00f3wno nominowani jak i fani mog\u0105 wp\u0142aca\u0107 pieni\u0105dze na pomoc pracownikom s\u0142u\u017cby zdrowia w walce z Koronawirusem. <br \/><br \/> Poni\u017cej wykonawcy rozpoczynaj\u0105cy si\u0119 na: H<\/h5>\n","protected":false},"excerpt":{"rendered":"<p>#Hot16challenge to wyzwanie polegaj\u0105ce na nagraniu 16 wers\u00f3w i nominowaniu kolejnych os\u00f3b do akcji, kt\u00f3re maj\u0105 stworzy\u0107 sw\u00f3j kawa\u0142ek w 72 godziny. Druga edycja legendarnej rapowanej akcji to nie tylko nagrywanie muzyki, ale r\u00f3wnie\u017c pomoc w walce z koronawirusem. Wraz z #hot16challenge2 ruszy\u0142a zbi\u00f3rka &#8211; \u201cBeef z koronawirusem #hot16challenge\u201d dla Siepomaga.pl. Zar\u00f3wno nominowani jak i [&hellip;]<\/p>\n","protected":false},"author":1,"featured_media":0,"parent":0,"menu_order":0,"comment_status":"closed","ping_status":"closed","template":"","meta":{"footnotes":""},"class_list":["post-53","page","type-page","status-publish","hentry"],"_links":{"self":[{"href":"https:\/\/0-zz.com\/hc\/wp-json\/wp\/v2\/pages\/53","targetHints":{"allow":["GET"]}}],"collection":[{"href":"https:\/\/0-zz.com\/hc\/wp-json\/wp\/v2\/pages"}],"about":[{"href":"https:\/\/0-zz.com\/hc\/wp-json\/wp\/v2\/types\/page"}],"author":[{"embeddable":true,"href":"https:\/\/0-zz.com\/hc\/wp-json\/wp\/v2\/users\/1"}],"replies":[{"embeddable":true,"href":"https:\/\/0-zz.com\/hc\/wp-json\/wp\/v2\/comments?post=53"}],"version-history":[{"count":1,"href":"https:\/\/0-zz.com\/hc\/wp-json\/wp\/v2\/pages\/53\/revisions"}],"predecessor-version":[{"id":54,"href":"https:\/\/0-zz.com\/hc\/wp-json\/wp\/v2\/pages\/53\/revisions\/54"}],"wp:attachment":[{"href":"https:\/\/0-zz.com\/hc\/wp-json\/wp\/v2\/media?parent=53"}],"curies":[{"name":"wp","href":"https:\/\/api.w.org\/{rel}","templated":true}]}}