{"id":51,"date":"2020-05-13T13:39:24","date_gmt":"2020-05-13T13:39:24","guid":{"rendered":"http:\/\/0-zz.com\/hc\/?page_id=51"},"modified":"2020-05-14T21:16:53","modified_gmt":"2020-05-14T21:16:53","slug":"g","status":"publish","type":"page","link":"https:\/\/0-zz.com\/hc\/g\/","title":{"rendered":"G"},"content":{"rendered":"\n<h5>#Hot16challenge to wyzwanie polegaj\u0105ce na nagraniu 16 wers\u00f3w i nominowaniu kolejnych os\u00f3b do akcji, kt\u00f3re maj\u0105 stworzy\u0107 sw\u00f3j kawa\u0142ek w 72 godziny. Druga edycja legendarnej rapowanej akcji to nie tylko nagrywanie muzyki, ale r\u00f3wnie\u017c pomoc w walce z koronawirusem. Wraz z #hot16challenge2 ruszy\u0142a zbi\u00f3rka &#8211; \u201cBeef z koronawirusem #hot16challenge\u201d dla <a rel=\"noreferrer noopener\" href=\"https:\/\/www.siepomaga.pl\/\" target=\"_blank\">Siepomaga.pl<\/a>. Zar\u00f3wno nominowani jak i fani mog\u0105 wp\u0142aca\u0107 pieni\u0105dze na pomoc pracownikom s\u0142u\u017cby zdrowia w walce z Koronawirusem. <br><br> Poni\u017cej wykonawcy rozpoczynaj\u0105cy si\u0119 na: G<\/h5>\n\n\n\n<h4 class=\"wp-block-heading\">Gosia Andrzejewicz #Hot16Challenge2<\/h4>\n\n\n\n<figure class=\"wp-block-embed-youtube wp-block-embed is-type-video is-provider-youtube wp-embed-aspect-16-9 wp-has-aspect-ratio\"><div class=\"wp-block-embed__wrapper\">\n<iframe loading=\"lazy\" title=\"Gosia Andrzejewicz -  #hot16challenge2\" width=\"580\" height=\"326\" src=\"https:\/\/www.youtube.com\/embed\/3aqIQxMsKDM?feature=oembed\" frameborder=\"0\" allow=\"accelerometer; autoplay; clipboard-write; encrypted-media; gyroscope; picture-in-picture; web-share\" referrerpolicy=\"strict-origin-when-cross-origin\" allowfullscreen><\/iframe>\n<\/div><\/figure>\n\n\n\n<p>Opublikowany 13 maj 2020<a target=\"_blank\" rel=\"noreferrer noopener\" href=\"https:\/\/www.youtube.com\/redirect?event=video_description&amp;v=3aqIQxMsKDM&amp;redir_token=_kd0bTco9nVSW265G7eqDtLRn5V8MTU4OTU3NzMwMkAxNTg5NDkwOTAy&amp;q=https%3A%2F%2Fwww.siepomaga.pl%2Fhot16challenge\">https:\/\/www.siepomaga.pl\/hot16challenge<\/a> Nominacje: Edyta G\u00f3rniak, Anita Lipnicka, Vogule Poland, Norbert D\u0105bek, Zbigniew Czarnecki, Dymek Hot16challenge to wyzwanie polegaj\u0105ce na nagraniu 16 wers\u00f3w i nominowaniu kolejnych os\u00f3b do akcji, kt\u00f3re maj\u0105 stworzy\u0107 sw\u00f3j kawa\u0142ek w 72 godziny. Druga edycja legendarnej rapowanej akcji to nie tylko nagrywanie muzyki ale r\u00f3wnie\u017c pomoc w walce z koronawirusem. Wraz z <a href=\"https:\/\/m.youtube.com\/results?search_query=%23hot16challenge2\">#hot16challenge2<\/a> ruszy\u0142a zbi\u00f3rka &#8211; \u201cBeef z koronawirusem <a href=\"https:\/\/m.youtube.com\/results?search_query=%23hot16challenge\">#hot16challenge<\/a>\u201d dla siepomaga.pl. Zar\u00f3wno nominowani jak i fani mog\u0105 wp\u0142aca\u0107 pieni\u0105dze na pomoc pracownikom s\u0142u\u017cby zdrowia w walce z Koronawirusem. Zbi\u00f3rka dost\u0119pna jest pod adresem: <a target=\"_blank\" rel=\"noreferrer noopener\" href=\"https:\/\/www.youtube.com\/redirect?event=video_description&amp;v=3aqIQxMsKDM&amp;redir_token=_kd0bTco9nVSW265G7eqDtLRn5V8MTU4OTU3NzMwMkAxNTg5NDkwOTAy&amp;q=http%3A%2F%2Fsiepomaga.pl%2Fhot16challenge\">http:\/\/siepomaga.pl\/hot16challenge<\/a>. Ca\u0142\u0105 akcj\u0119 mo\u017cna \u015bledzi\u0107 na stronie <a target=\"_blank\" rel=\"noreferrer noopener\" href=\"https:\/\/www.youtube.com\/redirect?event=video_description&amp;v=3aqIQxMsKDM&amp;redir_token=_kd0bTco9nVSW265G7eqDtLRn5V8MTU4OTU3NzMwMkAxNTg5NDkwOTAy&amp;q=http%3A%2F%2Fhot16challenge.network\">http:\/\/hot16challenge.network<\/a> Hot16challenge is an initiative for rappers and singers. Idea of the action is to record one verse including 16 bars, publish it and then nominate four more artists who have 72 hours to reply. Main goal of Hot16challenge is to activate as many artists as possible and to mobilize firstly hip-hop industry, then hopefully whole music industry to help fight COVID-19 by music. Hot16challenge participants and their fans as well can donate to link or any charity campaign in fight with coronavirus. Six years ago, <a href=\"https:\/\/m.youtube.com\/results?search_query=%23hot16challenge\">#hot16challenge<\/a> went viral as an artist-to-artist movement. Now we\u2019re launching a sequel, but with a charitable twist and going worldwide. Official Site: <a target=\"_blank\" rel=\"noreferrer noopener\" href=\"https:\/\/www.youtube.com\/redirect?event=video_description&amp;v=3aqIQxMsKDM&amp;redir_token=_kd0bTco9nVSW265G7eqDtLRn5V8MTU4OTU3NzMwMkAxNTg5NDkwOTAy&amp;q=http%3A%2F%2Fhot16challenge.network\">http:\/\/hot16challenge.network<\/a> Witaj na tym \u015bwiecie w dziwnych czasach kwarantanny gdzie wszystko odwr\u00f3cone jest do g\u00f3ry nogami \u015bwiat stan\u0105\u0142 na g\u0142owie, co\u015b tu si\u0119 nie zgadza kto\u015b nam brak wolno\u015bci poma\u0142u wprowadza Ogl\u0105dam telewizj\u0119 i zaczynam s\u0142ucha\u0107 ludzi kt\u00f3rzy chc\u0105 przekaza\u0107 na mnie ich w\u0142asny strach moja dusza buntownika nie pozwala mi na to wy\u0142\u0105czam si\u0119 z tego nie zamierzam si\u0119 ba\u0107 Wychodz\u0119 z domu, by zobaczy\u0107 co si\u0119 dzieje wszystkim m\u00f3wi\u0119 dzie\u0144 dobry, w masce zaraz oszalej\u0119 ju\u017c trac\u0119 cierpliwo\u015b\u0107, nie krzycz\u0119 lecz pytam czy ta maska kaganiec to symbol niewolnika? Zdejmuj\u0119 j\u0105 ukradkiem, mam wra\u017cenie, \u017ce si\u0119 dusz\u0119 jak zatrzyma\u0107 to szale\u0144stwo, co\u015b wymy\u015bli\u0107 w ko\u0144cu musz\u0119 zdemaskowana czerpi\u0119 energi\u0119 ze s\u0142o\u0144ca ciesz\u0119 si\u0119 z pi\u0119kna przyrody bez ko\u0144ca Wy\u0142\u0105czam matrix nie b\u0119d\u0119 si\u0119 ba\u0107 pobieram energi\u0119 ze s\u0142o\u0144ca i gwiazd Czasem czuj\u0119 si\u0119 jak w jakim\u015b filmie since fiction jak w grze komputerowej, a to nowa rzeczywisto\u015b\u0107&#8230; jak w grze komputerowej, a to nowa rzeczywisto\u015b\u0107&#8230; to nowa rzeczywisto\u015b\u0107&#8230; Tekst: Gosia Andrzejewicz Produkcja: Artur St0ne Kami\u0144ski FACEBOOK: <a target=\"_blank\" rel=\"noreferrer noopener\" href=\"https:\/\/www.youtube.com\/redirect?event=video_description&amp;v=3aqIQxMsKDM&amp;redir_token=_kd0bTco9nVSW265G7eqDtLRn5V8MTU4OTU3NzMwMkAxNTg5NDkwOTAy&amp;q=https%3A%2F%2Fwww.facebook.com%2Fgosiaofficial\">https:\/\/www.facebook.com\/gosiaofficial<\/a> INSTAGRAM: <a target=\"_blank\" rel=\"noreferrer noopener\" href=\"https:\/\/www.youtube.com\/redirect?event=video_description&amp;v=3aqIQxMsKDM&amp;redir_token=_kd0bTco9nVSW265G7eqDtLRn5V8MTU4OTU3NzMwMkAxNTg5NDkwOTAy&amp;q=https%3A%2F%2Fwww.instagram.com%2Fgosiaand\">https:\/\/www.instagram.com\/gosiaand<\/a> Artur &#8222;St0ne&#8221; Kami\u0144ski: INSTAGRAM: <a target=\"_blank\" rel=\"noreferrer noopener\" href=\"https:\/\/www.youtube.com\/redirect?event=video_description&amp;v=3aqIQxMsKDM&amp;redir_token=_kd0bTco9nVSW265G7eqDtLRn5V8MTU4OTU3NzMwMkAxNTg5NDkwOTAy&amp;q=https%3A%2F%2Fwww.instagram.com%2Fstonestd\">https:\/\/www.instagram.com\/stonestd<\/a><\/p>\n\n\n\n<h4 class=\"wp-block-heading\">GRUBSON #Hot16Challenge2<\/h4>\n\n\n\n<figure class=\"wp-block-embed-youtube wp-block-embed is-type-video is-provider-youtube wp-embed-aspect-16-9 wp-has-aspect-ratio\"><div class=\"wp-block-embed__wrapper\">\n<iframe loading=\"lazy\" title=\"GRUBSON #hot16challenge2 (prod.BRK)\" width=\"580\" height=\"326\" src=\"https:\/\/www.youtube.com\/embed\/knqdAl0oLa4?feature=oembed\" frameborder=\"0\" allow=\"accelerometer; autoplay; clipboard-write; encrypted-media; gyroscope; picture-in-picture; web-share\" referrerpolicy=\"strict-origin-when-cross-origin\" allowfullscreen><\/iframe>\n<\/div><\/figure>\n\n\n\n<p>Opublikowany 10 maj 2020Link do zbi\u00f3rki: <a target=\"_blank\" rel=\"noreferrer noopener\" href=\"https:\/\/www.youtube.com\/redirect?v=knqdAl0oLa4&amp;event=video_description&amp;q=https%3A%2F%2Fwww.siepomaga.pl%2Fhot16challenge&amp;redir_token=zmF1slNaxEOpeV7ihMBqFnKD36J8MTU4OTU3NjgzNEAxNTg5NDkwNDM0\">https:\/\/www.siepomaga.pl\/hot16challenge<\/a> Hot16challenge to wyzwanie polegaj\u0105ce na nagraniu 16 wers\u00f3w i nominowaniu kolejnych os\u00f3b do akcji, kt\u00f3re maj\u0105 stworzy\u0107 sw\u00f3j kawa\u0142ek w 72 godziny. Druga edycja legendarnej rapowanej akcji to nie tylko nagrywanie muzyki, ale r\u00f3wnie\u017c pomoc w walce z koronawirusem. Wraz z <a href=\"https:\/\/m.youtube.com\/results?search_query=%23hot16challenge2\">#hot16challenge2<\/a> ruszy\u0142a zbi\u00f3rka &#8211; \u201cBeef z koronawirusem <a href=\"https:\/\/m.youtube.com\/results?search_query=%23hot16challenge\">#hot16challenge<\/a>\u201d dla Siepomaga.pl. Zar\u00f3wno nominowani jak i fani mog\u0105 wp\u0142aca\u0107 pieni\u0105dze na pomoc pracownikom s\u0142u\u017cby zdrowia w walce z Koronawirusem. Zbi\u00f3rka dost\u0119pna jest pod adresem: <a target=\"_blank\" rel=\"noreferrer noopener\" href=\"https:\/\/www.youtube.com\/redirect?v=knqdAl0oLa4&amp;event=video_description&amp;q=http%3A%2F%2Fsiepomaga.pl%2Fhot16challenge&amp;redir_token=zmF1slNaxEOpeV7ihMBqFnKD36J8MTU4OTU3NjgzNEAxNTg5NDkwNDM0\">http:\/\/siepomaga.pl\/hot16challenge<\/a>. Oficjalna Strona: <a target=\"_blank\" rel=\"noreferrer noopener\" href=\"https:\/\/www.youtube.com\/redirect?v=knqdAl0oLa4&amp;event=video_description&amp;q=http%3A%2F%2Fhot16challenge.network&amp;redir_token=zmF1slNaxEOpeV7ihMBqFnKD36J8MTU4OTU3NjgzNEAxNTg5NDkwNDM0\">http:\/\/hot16challenge.network<\/a> MUZYKA: BRK S\u0141OWA: GRUBSON MASTERING: MICHA\u0141 \u201eEPROM\u201d BAJ MONTA\u017b: MICHA\u0141 JAGIE\u0141\u0141O <a target=\"_blank\" rel=\"noreferrer noopener\" href=\"https:\/\/www.youtube.com\/redirect?v=knqdAl0oLa4&amp;event=video_description&amp;q=https%3A%2F%2Fwdeszczu.pl%2F&amp;redir_token=zmF1slNaxEOpeV7ihMBqFnKD36J8MTU4OTU3NjgzNEAxNTg5NDkwNDM0\">https:\/\/wdeszczu.pl\/<\/a> RUDEBOY STUDIO SUPA\u2019 HIGH MUSIC 2020<\/p>\n","protected":false},"excerpt":{"rendered":"<p>#Hot16challenge to wyzwanie polegaj\u0105ce na nagraniu 16 wers\u00f3w i nominowaniu kolejnych os\u00f3b do akcji, kt\u00f3re maj\u0105 stworzy\u0107 sw\u00f3j kawa\u0142ek w 72 godziny. Druga edycja legendarnej rapowanej akcji to nie tylko nagrywanie muzyki, ale r\u00f3wnie\u017c pomoc w walce z koronawirusem. Wraz z #hot16challenge2 ruszy\u0142a zbi\u00f3rka &#8211; \u201cBeef z koronawirusem #hot16challenge\u201d dla Siepomaga.pl. Zar\u00f3wno nominowani jak i [&hellip;]<\/p>\n","protected":false},"author":1,"featured_media":0,"parent":0,"menu_order":0,"comment_status":"closed","ping_status":"closed","template":"","meta":{"footnotes":""},"class_list":["post-51","page","type-page","status-publish","hentry"],"_links":{"self":[{"href":"https:\/\/0-zz.com\/hc\/wp-json\/wp\/v2\/pages\/51","targetHints":{"allow":["GET"]}}],"collection":[{"href":"https:\/\/0-zz.com\/hc\/wp-json\/wp\/v2\/pages"}],"about":[{"href":"https:\/\/0-zz.com\/hc\/wp-json\/wp\/v2\/types\/page"}],"author":[{"embeddable":true,"href":"https:\/\/0-zz.com\/hc\/wp-json\/wp\/v2\/users\/1"}],"replies":[{"embeddable":true,"href":"https:\/\/0-zz.com\/hc\/wp-json\/wp\/v2\/comments?post=51"}],"version-history":[{"count":4,"href":"https:\/\/0-zz.com\/hc\/wp-json\/wp\/v2\/pages\/51\/revisions"}],"predecessor-version":[{"id":139,"href":"https:\/\/0-zz.com\/hc\/wp-json\/wp\/v2\/pages\/51\/revisions\/139"}],"wp:attachment":[{"href":"https:\/\/0-zz.com\/hc\/wp-json\/wp\/v2\/media?parent=51"}],"curies":[{"name":"wp","href":"https:\/\/api.w.org\/{rel}","templated":true}]}}