{"id":45,"date":"2020-05-13T13:37:41","date_gmt":"2020-05-13T13:37:41","guid":{"rendered":"http:\/\/0-zz.com\/hc\/?page_id=45"},"modified":"2020-05-14T20:53:37","modified_gmt":"2020-05-14T20:53:37","slug":"d","status":"publish","type":"page","link":"https:\/\/0-zz.com\/hc\/d\/","title":{"rendered":"D"},"content":{"rendered":"\n<h5>#Hot16challenge to wyzwanie polegaj\u0105ce na nagraniu 16 wers\u00f3w i nominowaniu kolejnych os\u00f3b do akcji, kt\u00f3re maj\u0105 stworzy\u0107 sw\u00f3j kawa\u0142ek w 72 godziny. Druga edycja legendarnej rapowanej akcji to nie tylko nagrywanie muzyki, ale r\u00f3wnie\u017c pomoc w walce z koronawirusem. Wraz z #hot16challenge2 ruszy\u0142a zbi\u00f3rka &#8211; \u201cBeef z koronawirusem #hot16challenge\u201d dla <a rel=\"noreferrer noopener\" href=\"https:\/\/www.siepomaga.pl\/\" target=\"_blank\">Siepomaga.pl<\/a>. Zar\u00f3wno nominowani jak i fani mog\u0105 wp\u0142aca\u0107 pieni\u0105dze na pomoc pracownikom s\u0142u\u017cby zdrowia w walce z Koronawirusem. <br><br> Poni\u017cej wykonawcy rozpoczynaj\u0105cy si\u0119 na: D<\/h5>\n\n\n\n<h4 class=\"wp-block-heading\">Daria Zawia\u0142ow #Hot16Challenge2<\/h4>\n\n\n\n<figure class=\"wp-block-embed-youtube wp-block-embed is-type-video is-provider-youtube wp-embed-aspect-16-9 wp-has-aspect-ratio\"><div class=\"wp-block-embed__wrapper\">\n<iframe loading=\"lazy\" title=\"Daria Zawia\u0142ow, Micha\u0142 Kush #Hot16Challenge2\" width=\"580\" height=\"326\" src=\"https:\/\/www.youtube.com\/embed\/VqyL1NDRH7U?feature=oembed\" frameborder=\"0\" allow=\"accelerometer; autoplay; clipboard-write; encrypted-media; gyroscope; picture-in-picture; web-share\" referrerpolicy=\"strict-origin-when-cross-origin\" allowfullscreen><\/iframe>\n<\/div><\/figure>\n\n\n\n<p>Opublikowany 8 maj 2020Link do zbi\u00f3rki: <a rel=\"noreferrer noopener\" target=\"_blank\" href=\"https:\/\/www.youtube.com\/redirect?q=https%3A%2F%2Fwww.siepomaga.pl%2Fhot16challenge&amp;redir_token=T9ugfSV8aFAnL70dPeqB8Z1Z-Et8MTU4OTQ2NjM1NEAxNTg5Mzc5OTU0&amp;event=video_description&amp;v=VqyL1NDRH7U\">https:\/\/www.siepomaga.pl\/hot16challenge<\/a> Hot16challenge to wyzwanie polegaj\u0105ce na nagraniu 16 wers\u00f3w i nominowaniu kolejnych os\u00f3b do akcji, kt\u00f3re maj\u0105 stworzy\u0107 sw\u00f3j kawa\u0142ek w 72 godziny. Druga edycja legendarnej rapowanej akcji to nie tylko nagrywanie muzyki, ale r\u00f3wnie\u017c pomoc w walce z koronawirusem. Wraz z <a href=\"https:\/\/m.youtube.com\/results?search_query=%23hot16challenge2\">#hot16challenge2<\/a> ruszy\u0142a zbi\u00f3rka &#8211; \u201cBeef z koronawirusem <a href=\"https:\/\/m.youtube.com\/results?search_query=%23hot16challenge\">#hot16challenge<\/a>\u201d dla Siepomaga.pl. Zar\u00f3wno nominowani jak i fani mog\u0105 wp\u0142aca\u0107 pieni\u0105dze na pomoc pracownikom s\u0142u\u017cby zdrowia w walce z Koronawirusem. Zbi\u00f3rka dost\u0119pna jest pod adresem: <a rel=\"noreferrer noopener\" target=\"_blank\" href=\"https:\/\/www.youtube.com\/redirect?q=http%3A%2F%2Fsiepomaga.pl%2Fhot16challenge&amp;redir_token=T9ugfSV8aFAnL70dPeqB8Z1Z-Et8MTU4OTQ2NjM1NEAxNTg5Mzc5OTU0&amp;event=video_description&amp;v=VqyL1NDRH7U\">http:\/\/siepomaga.pl\/hot16challenge<\/a>. Ca\u0142\u0105 akcj\u0119 mo\u017cna \u015bledzi\u0107 na stronie <a rel=\"noreferrer noopener\" target=\"_blank\" href=\"https:\/\/www.youtube.com\/redirect?q=http%3A%2F%2Fhot16challenge.network&amp;redir_token=T9ugfSV8aFAnL70dPeqB8Z1Z-Et8MTU4OTQ2NjM1NEAxNTg5Mzc5OTU0&amp;event=video_description&amp;v=VqyL1NDRH7U\">http:\/\/hot16challenge.network<\/a> S\u0142owa: Daria Zawia\u0142ow Muzyka: Micha\u0142 Kush, Daria Zawia\u0142ow Operator: Tomasz Kaczmarek (nie, to nie ten s\u0142ynny agent) Monta\u017c: Mariusz Elert Dzi\u0119ki Marek Heimburger! Nominacje Darii: Krzysiek Zalewski PRO8L3M Artur Rojek Nominacje Micha\u0142a: Duit Kuba Kara\u015b Bogdan Kondracki (wersja Kobong)<\/p>\n\n\n\n<h4 class=\"wp-block-heading\">Dawid Kwiatkowski #Hot16Challenge2<\/h4>\n\n\n\n<figure class=\"wp-block-embed-youtube wp-block-embed is-type-video is-provider-youtube wp-embed-aspect-16-9 wp-has-aspect-ratio\"><div class=\"wp-block-embed__wrapper\">\n<iframe loading=\"lazy\" title=\"DAWID KWIATKOWSKI #hot16challenge2\" width=\"580\" height=\"326\" src=\"https:\/\/www.youtube.com\/embed\/ZqYc-0-lnmE?feature=oembed\" frameborder=\"0\" allow=\"accelerometer; autoplay; clipboard-write; encrypted-media; gyroscope; picture-in-picture; web-share\" referrerpolicy=\"strict-origin-when-cross-origin\" allowfullscreen><\/iframe>\n<\/div><\/figure>\n\n\n\n<p>Data premiery: 12 maj 2020link do zbi\u00f3rki: siepomaga.pl\/hot16challenge produkcja: Amek Krebs (CUKIER) obraz: Wojciech Trusewicz (BEMY) dzi\u0119ki ch\u0142opaki!<\/p>\n\n\n\n<h4 class=\"wp-block-heading\">Dawid Podsiad\u0142o #Hot16Challenge2<\/h4>\n\n\n\n<figure class=\"wp-block-embed-youtube wp-block-embed is-type-video is-provider-youtube wp-embed-aspect-16-9 wp-has-aspect-ratio\"><div class=\"wp-block-embed__wrapper\">\n<iframe loading=\"lazy\" title=\"Dawid Podsiadlo #hot16challenge2\" width=\"580\" height=\"326\" src=\"https:\/\/www.youtube.com\/embed\/q8Xf-3x5qrM?feature=oembed\" frameborder=\"0\" allow=\"accelerometer; autoplay; clipboard-write; encrypted-media; gyroscope; picture-in-picture; web-share\" referrerpolicy=\"strict-origin-when-cross-origin\" allowfullscreen><\/iframe>\n<\/div><\/figure>\n\n\n\n<p>Opublikowany 6 maj 2020Link do zbi\u00f3rki: <a target=\"_blank\" rel=\"noreferrer noopener\" href=\"https:\/\/www.youtube.com\/redirect?redir_token=hhodfbiWxuMmkXmOWFD3p6g2BPR8MTU4OTQ1NzcyNEAxNTg5MzcxMzI0&amp;v=q8Xf-3x5qrM&amp;q=https%3A%2F%2Fwww.siepomaga.pl%2Fhot16challenge&amp;event=video_description\">https:\/\/www.siepomaga.pl\/hot16challenge<\/a> Hot16challenge to wyzwanie polegaj\u0105ce na nagraniu 16 wers\u00f3w i nominowaniu kolejnych os\u00f3b do akcji, kt\u00f3re maj\u0105 stworzy\u0107 sw\u00f3j kawa\u0142ek w 72 godziny. Druga edycja legendarnej rapowanej akcji to nie tylko nagrywanie muzyki, ale r\u00f3wnie\u017c pomoc w walce z koronawirusem. Wraz z <a href=\"https:\/\/m.youtube.com\/results?search_query=%23hot16challenge2\">#hot16challenge2<\/a> ruszy\u0142a zbi\u00f3rka &#8211; \u201cBeef z koronawirusem <a href=\"https:\/\/m.youtube.com\/results?search_query=%23hot16challenge\">#hot16challenge<\/a>\u201d dla Siepomaga.pl. Zar\u00f3wno nominowani jak i fani mog\u0105 wp\u0142aca\u0107 pieni\u0105dze na pomoc pracownikom s\u0142u\u017cby zdrowia w walce z Koronawirusem. Zbi\u00f3rka dost\u0119pna jest pod adresem: <a target=\"_blank\" rel=\"noreferrer noopener\" href=\"https:\/\/www.youtube.com\/redirect?redir_token=hhodfbiWxuMmkXmOWFD3p6g2BPR8MTU4OTQ1NzcyNEAxNTg5MzcxMzI0&amp;v=q8Xf-3x5qrM&amp;q=http%3A%2F%2Fsiepomaga.pl%2Fhot16challenge&amp;event=video_description\">http:\/\/siepomaga.pl\/hot16challenge<\/a>. Ca\u0142\u0105 akcj\u0119 mo\u017cna \u015bledzi\u0107 na stronie <a target=\"_blank\" rel=\"noreferrer noopener\" href=\"https:\/\/www.youtube.com\/redirect?redir_token=hhodfbiWxuMmkXmOWFD3p6g2BPR8MTU4OTQ1NzcyNEAxNTg5MzcxMzI0&amp;v=q8Xf-3x5qrM&amp;q=http%3A%2F%2Fhot16challenge.network&amp;event=video_description\">http:\/\/hot16challenge.network<\/a> muzyka: Dawid s\u0142owa: Podsiad\u0142o operator: Dawid Podsiad\u0142o literki: Hubia<\/p>\n","protected":false},"excerpt":{"rendered":"<p>#Hot16challenge to wyzwanie polegaj\u0105ce na nagraniu 16 wers\u00f3w i nominowaniu kolejnych os\u00f3b do akcji, kt\u00f3re maj\u0105 stworzy\u0107 sw\u00f3j kawa\u0142ek w 72 godziny. Druga edycja legendarnej rapowanej akcji to nie tylko nagrywanie muzyki, ale r\u00f3wnie\u017c pomoc w walce z koronawirusem. Wraz z #hot16challenge2 ruszy\u0142a zbi\u00f3rka &#8211; \u201cBeef z koronawirusem #hot16challenge\u201d dla Siepomaga.pl. Zar\u00f3wno nominowani jak i [&hellip;]<\/p>\n","protected":false},"author":1,"featured_media":0,"parent":0,"menu_order":0,"comment_status":"closed","ping_status":"closed","template":"","meta":{"footnotes":""},"class_list":["post-45","page","type-page","status-publish","hentry"],"_links":{"self":[{"href":"https:\/\/0-zz.com\/hc\/wp-json\/wp\/v2\/pages\/45","targetHints":{"allow":["GET"]}}],"collection":[{"href":"https:\/\/0-zz.com\/hc\/wp-json\/wp\/v2\/pages"}],"about":[{"href":"https:\/\/0-zz.com\/hc\/wp-json\/wp\/v2\/types\/page"}],"author":[{"embeddable":true,"href":"https:\/\/0-zz.com\/hc\/wp-json\/wp\/v2\/users\/1"}],"replies":[{"embeddable":true,"href":"https:\/\/0-zz.com\/hc\/wp-json\/wp\/v2\/comments?post=45"}],"version-history":[{"count":4,"href":"https:\/\/0-zz.com\/hc\/wp-json\/wp\/v2\/pages\/45\/revisions"}],"predecessor-version":[{"id":129,"href":"https:\/\/0-zz.com\/hc\/wp-json\/wp\/v2\/pages\/45\/revisions\/129"}],"wp:attachment":[{"href":"https:\/\/0-zz.com\/hc\/wp-json\/wp\/v2\/media?parent=45"}],"curies":[{"name":"wp","href":"https:\/\/api.w.org\/{rel}","templated":true}]}}