{"id":41,"date":"2020-05-13T13:36:27","date_gmt":"2020-05-13T13:36:27","guid":{"rendered":"http:\/\/0-zz.com\/hc\/?page_id=41"},"modified":"2020-05-14T20:46:07","modified_gmt":"2020-05-14T20:46:07","slug":"b","status":"publish","type":"page","link":"https:\/\/0-zz.com\/hc\/b\/","title":{"rendered":"B"},"content":{"rendered":"\n<h5>#Hot16challenge to wyzwanie polegaj\u0105ce na nagraniu 16 wers\u00f3w i nominowaniu kolejnych os\u00f3b do akcji, kt\u00f3re maj\u0105 stworzy\u0107 sw\u00f3j kawa\u0142ek w 72 godziny. Druga edycja legendarnej rapowanej akcji to nie tylko nagrywanie muzyki, ale r\u00f3wnie\u017c pomoc w walce z koronawirusem. Wraz z #hot16challenge2 ruszy\u0142a zbi\u00f3rka &#8211; \u201cBeef z koronawirusem #hot16challenge\u201d dla <a rel=\"noreferrer noopener\" href=\"https:\/\/www.siepomaga.pl\/\" target=\"_blank\">Siepomaga.pl<\/a>. Zar\u00f3wno nominowani jak i fani mog\u0105 wp\u0142aca\u0107 pieni\u0105dze na pomoc pracownikom s\u0142u\u017cby zdrowia w walce z Koronawirusem. <br><br> Poni\u017cej wykonawcy rozpoczynaj\u0105cy si\u0119 na: B<\/h5>\n\n\n\n<h4 class=\"wp-block-heading\">Bedoes #Hot16Challenge2<\/h4>\n\n\n\n<figure class=\"wp-block-embed-youtube wp-block-embed is-type-video is-provider-youtube wp-embed-aspect-16-9 wp-has-aspect-ratio\"><div class=\"wp-block-embed__wrapper\">\n<iframe loading=\"lazy\" title=\"Bedoes #Hot16Challenge2\" width=\"580\" height=\"326\" src=\"https:\/\/www.youtube.com\/embed\/lvfK574O8U0?feature=oembed\" frameborder=\"0\" allow=\"accelerometer; autoplay; clipboard-write; encrypted-media; gyroscope; picture-in-picture; web-share\" referrerpolicy=\"strict-origin-when-cross-origin\" allowfullscreen><\/iframe>\n<\/div><\/figure>\n\n\n\n<p>Opublikowany 2 maj 2020<a rel=\"noreferrer noopener\" target=\"_blank\" href=\"https:\/\/www.youtube.com\/redirect?v=lvfK574O8U0&amp;event=video_description&amp;redir_token=dXavMZTM1pslcV2yjBaCK-EI6eh8MTU4OTU1NjA0MEAxNTg5NDY5NjQw&amp;q=https%3A%2F%2Fwww.siepomaga.pl%2Fhot16challenge\">https:\/\/www.siepomaga.pl\/hot16challenge<\/a> Hot16challenge to wyzwanie polegaj\u0105ce na nagraniu 16 wers\u00f3w i nominowaniu kolejnych os\u00f3b do akcji, kt\u00f3re maj\u0105 stworzy\u0107 sw\u00f3j kawa\u0142ek w 72 godziny. Druga edycja legendarnej rapowanej akcji to nie tylko nagrywanie muzyki, ale r\u00f3wnie\u017c pomoc w walce z koronawirusem. Wraz z <a href=\"https:\/\/m.youtube.com\/results?search_query=%23hot16challenge2\">#hot16challenge2<\/a> ruszy\u0142a zbi\u00f3rka &#8211; \u201cBeef z koronawirusem <a href=\"https:\/\/m.youtube.com\/results?search_query=%23hot16challenge\">#hot16challenge<\/a>\u201d dla Siepomaga.pl. Zar\u00f3wno nominowani jak i fani mog\u0105 wp\u0142aca\u0107 pieni\u0105dze na pomoc pracownikom s\u0142u\u017cby zdrowia w walce z Koronawirusem. Zbi\u00f3rka dost\u0119pna jest pod adresem: <a rel=\"noreferrer noopener\" target=\"_blank\" href=\"https:\/\/www.youtube.com\/redirect?v=lvfK574O8U0&amp;event=video_description&amp;redir_token=dXavMZTM1pslcV2yjBaCK-EI6eh8MTU4OTU1NjA0MEAxNTg5NDY5NjQw&amp;q=http%3A%2F%2Fsiepomaga.pl%2Fhot16challenge\">http:\/\/siepomaga.pl\/hot16challenge<\/a>. Ca\u0142\u0105 akcj\u0119 mo\u017cna \u015bledzi\u0107 na stronie <a rel=\"noreferrer noopener\" target=\"_blank\" href=\"https:\/\/www.youtube.com\/redirect?v=lvfK574O8U0&amp;event=video_description&amp;redir_token=dXavMZTM1pslcV2yjBaCK-EI6eh8MTU4OTU1NjA0MEAxNTg5NDY5NjQw&amp;q=http%3A%2F%2Fhot16challenge.network\">http:\/\/hot16challenge.network<\/a> Hot16challenge is an initiative for rappers and singers. Idea of the action is to record one verse including 16 bars, publish it and then nominate four more artists who have 72 hours to reply. Main goal of Hot16challenge is to activate as many artists as possible and to mobilize firstly hip-hop industry, then hopefully whole music industry to help fight COVID-19 by music. Hot16challenge participants and their fans as well can donate to link or any charity campaign in fight with coronavirus. Six years ago, <a href=\"https:\/\/m.youtube.com\/results?search_query=%23hot16challenge\">#hot16challenge<\/a> went viral as an artist-to-artist movement. Now we\u2019re launching a sequel, but with a charitable twist and going worldwide. Official Site: <a rel=\"noreferrer noopener\" target=\"_blank\" href=\"https:\/\/www.youtube.com\/redirect?v=lvfK574O8U0&amp;event=video_description&amp;redir_token=dXavMZTM1pslcV2yjBaCK-EI6eh8MTU4OTU1NjA0MEAxNTg5NDY5NjQw&amp;q=http%3A%2F%2Fhot16challenge.network\">http:\/\/hot16challenge.network<\/a> Rap: Bedoes Bit: Lanek Mix\/Mastering: DJ Johny (NOBOCOTO Studio) video: Waverunners text PL: <a rel=\"noreferrer noopener\" target=\"_blank\" href=\"https:\/\/www.youtube.com\/redirect?v=lvfK574O8U0&amp;event=video_description&amp;redir_token=dXavMZTM1pslcV2yjBaCK-EI6eh8MTU4OTU1NjA0MEAxNTg5NDY5NjQw&amp;q=https%3A%2F%2Fgenius.com%2FBedoes-hot16challenge2-lyrics\">https:\/\/genius.com\/Bedoes-hot16challe&#8230;<\/a> text ENG: <a rel=\"noreferrer noopener\" target=\"_blank\" href=\"https:\/\/www.youtube.com\/redirect?v=lvfK574O8U0&amp;event=video_description&amp;redir_token=dXavMZTM1pslcV2yjBaCK-EI6eh8MTU4OTU1NjA0MEAxNTg5NDY5NjQw&amp;q=https%3A%2F%2Fgenius.com%2FGenius-english-translations-bedoes-hot16challenge2-english-translation-lyrics\">https:\/\/genius.com\/Genius-english-tra&#8230;<\/a><\/p>\n\n\n\n<h4 class=\"wp-block-heading\">Brodka Hot16Challenge2<\/h4>\n\n\n\n<figure class=\"wp-block-embed-youtube wp-block-embed is-type-video is-provider-youtube wp-embed-aspect-16-9 wp-has-aspect-ratio\"><div class=\"wp-block-embed__wrapper\">\n<iframe loading=\"lazy\" title=\"Brodka #hot16challenge2\" width=\"580\" height=\"326\" src=\"https:\/\/www.youtube.com\/embed\/NF8yYZ2L55E?feature=oembed\" frameborder=\"0\" allow=\"accelerometer; autoplay; clipboard-write; encrypted-media; gyroscope; picture-in-picture; web-share\" referrerpolicy=\"strict-origin-when-cross-origin\" allowfullscreen><\/iframe>\n<\/div><\/figure>\n\n\n\n<p>Opublikowany 9 maj 2020Zbi\u00f3rka: <a target=\"_blank\" rel=\"noreferrer noopener\" href=\"https:\/\/www.youtube.com\/redirect?redir_token=PKKg86bwa8WJnVt5rV98zOS5csR8MTU4OTU3NTM5M0AxNTg5NDg4OTkz&amp;v=NF8yYZ2L55E&amp;q=https%3A%2F%2Fwww.siepomaga.pl%2Fhot16challenge&amp;event=video_description\">https:\/\/www.siepomaga.pl\/hot16challenge<\/a> Tekst: Brodka Produkcja: 1988 Zdj\u0119cia: Dzienis Monta\u017c: Nikodem Chabior<\/p>\n","protected":false},"excerpt":{"rendered":"<p>#Hot16challenge to wyzwanie polegaj\u0105ce na nagraniu 16 wers\u00f3w i nominowaniu kolejnych os\u00f3b do akcji, kt\u00f3re maj\u0105 stworzy\u0107 sw\u00f3j kawa\u0142ek w 72 godziny. Druga edycja legendarnej rapowanej akcji to nie tylko nagrywanie muzyki, ale r\u00f3wnie\u017c pomoc w walce z koronawirusem. Wraz z #hot16challenge2 ruszy\u0142a zbi\u00f3rka &#8211; \u201cBeef z koronawirusem #hot16challenge\u201d dla Siepomaga.pl. Zar\u00f3wno nominowani jak i [&hellip;]<\/p>\n","protected":false},"author":1,"featured_media":0,"parent":0,"menu_order":0,"comment_status":"closed","ping_status":"closed","template":"","meta":{"footnotes":""},"class_list":["post-41","page","type-page","status-publish","hentry"],"_links":{"self":[{"href":"https:\/\/0-zz.com\/hc\/wp-json\/wp\/v2\/pages\/41","targetHints":{"allow":["GET"]}}],"collection":[{"href":"https:\/\/0-zz.com\/hc\/wp-json\/wp\/v2\/pages"}],"about":[{"href":"https:\/\/0-zz.com\/hc\/wp-json\/wp\/v2\/types\/page"}],"author":[{"embeddable":true,"href":"https:\/\/0-zz.com\/hc\/wp-json\/wp\/v2\/users\/1"}],"replies":[{"embeddable":true,"href":"https:\/\/0-zz.com\/hc\/wp-json\/wp\/v2\/comments?post=41"}],"version-history":[{"count":4,"href":"https:\/\/0-zz.com\/hc\/wp-json\/wp\/v2\/pages\/41\/revisions"}],"predecessor-version":[{"id":127,"href":"https:\/\/0-zz.com\/hc\/wp-json\/wp\/v2\/pages\/41\/revisions\/127"}],"wp:attachment":[{"href":"https:\/\/0-zz.com\/hc\/wp-json\/wp\/v2\/media?parent=41"}],"curies":[{"name":"wp","href":"https:\/\/api.w.org\/{rel}","templated":true}]}}