{"id":39,"date":"2020-05-13T13:35:57","date_gmt":"2020-05-13T13:35:57","guid":{"rendered":"http:\/\/0-zz.com\/hc\/?page_id=39"},"modified":"2020-05-19T08:30:20","modified_gmt":"2020-05-19T08:30:20","slug":"a","status":"publish","type":"page","link":"https:\/\/0-zz.com\/hc\/a\/","title":{"rendered":"A"},"content":{"rendered":"\n<h5>#Hot16challenge to wyzwanie polegaj\u0105ce na nagraniu 16 wers\u00f3w i nominowaniu kolejnych os\u00f3b do akcji, kt\u00f3re maj\u0105 stworzy\u0107 sw\u00f3j kawa\u0142ek w 72 godziny. Druga edycja legendarnej rapowanej akcji to nie tylko nagrywanie muzyki, ale r\u00f3wnie\u017c pomoc w walce z koronawirusem. Wraz z #hot16challenge2 ruszy\u0142a zbi\u00f3rka &#8211; \u201cBeef z koronawirusem #hot16challenge\u201d dla <a rel=\"noreferrer noopener\" href=\"https:\/\/www.siepomaga.pl\/\" target=\"_blank\">Siepomaga.pl<\/a>. Zar\u00f3wno nominowani jak i fani mog\u0105 wp\u0142aca\u0107 pieni\u0105dze na pomoc pracownikom s\u0142u\u017cby zdrowia w walce z Koronawirusem. <br><br> Poni\u017cej wykonawcy rozpoczynaj\u0105cy si\u0119 na: A<\/h5>\n\n\n\n<h2 class=\"wp-block-heading\">Andrzej Duda #Hot16Challenge2<\/h2>\n\n\n\n<figure class=\"wp-block-embed-youtube wp-block-embed is-type-video is-provider-youtube wp-embed-aspect-16-9 wp-has-aspect-ratio\"><div class=\"wp-block-embed__wrapper\">\n<iframe loading=\"lazy\" title=\"Andrzej Duda #Hot16Challenge2\" width=\"580\" height=\"326\" src=\"https:\/\/www.youtube.com\/embed\/DjDSUqTcrv4?feature=oembed\" frameborder=\"0\" allow=\"accelerometer; autoplay; clipboard-write; encrypted-media; gyroscope; picture-in-picture; web-share\" referrerpolicy=\"strict-origin-when-cross-origin\" allowfullscreen><\/iframe>\n<\/div><\/figure>\n\n\n\n<p>Opublikowany 11 maj 2020 Link do zbi\u00f3rki: <a rel=\"noreferrer noopener\" target=\"_blank\" href=\"https:\/\/www.youtube.com\/redirect?q=https%3A%2F%2Fwww.siepomaga.pl%2Fhot16challenge&amp;event=video_description&amp;v=DjDSUqTcrv4&amp;redir_token=u2BBU9tt_ESDCRGNWNmJ6atAM_18MTU4OTk2MzI2MUAxNTg5ODc2ODYx\">https:\/\/www.siepomaga.pl\/hot16challenge<\/a> <\/p>\n\n\n\n<p><strong>Oto ca\u0142y tekst\u00a0<\/strong><a href=\"https:\/\/twitter.com\/hashtag\/Hot16Challenge2?src=hashtag_click\"><strong>#Hot16Challenge2<\/strong><\/a><strong>\u00a0w wykonaniu Andrzeja Dudy:<\/strong><\/p>\n\n\n\n<p>&#8222;<em>Nie pytaj\u0105 ci\u0119 o imi\u0119, walcz\u0105 z ostrym cieniem mg\u0142y<\/em>.<\/p>\n\n\n\n<p><em>Nie pytaj\u0105 ci\u0119 o imi\u0119, walcz\u0105 z ostrym cieniem mg\u0142y<\/em>.<\/p>\n\n\n\n<p><em>Nie pytaj\u0105 ci\u0119 o imi\u0119, walcz\u0105 z ostrym cieniem mg\u0142y<\/em>.<\/p>\n\n\n\n<p><em>To jest maj, nie pachnie Saska K\u0119pa,<\/em><\/p>\n\n\n\n<p><em>Mo\u017ce kto\u015b to gdzie\u015b przewidzia\u0142, ale wr\u00f3\u017cba raczej t\u0119pa.<\/em><\/p>\n\n\n\n<p><em>Nie pytaj\u0105 ci\u0119 o imi\u0119, walcz\u0105 z ostrym cieniem mg\u0142y<\/em>.<\/p>\n\n\n\n<p><em>Nie pytaj\u0105 ci\u0119 o imi\u0119, walcz\u0105 z ostrym cieniem mg\u0142y<\/em>.<\/p>\n\n\n\n<p><em>Nie pytaj\u0105 ci\u0119 o imi\u0119, walcz\u0105 z ostrym cieniem mg\u0142y<\/em>.<\/p>\n\n\n\n<p><em>Ostre niebo tu i teraz, ostra ziemia, ostry kurz.<\/em><\/p>\n\n\n\n<p><em>Wczoraj znika w nieostro\u015bci, jutro, dzisiaj, zaraz ju\u017c.<\/em><\/p>\n\n\n\n<p><em>Nie pytaj\u0105 ci\u0119 o imi\u0119, walcz\u0105 z ostrym cieniem mg\u0142y<\/em>.<\/p>\n\n\n\n<p><em>Nie pytaj\u0105 ci\u0119 o imi\u0119, walcz\u0105 z ostrym cieniem mg\u0142y<\/em>.<\/p>\n\n\n\n<p><em>Nie pytaj\u0105 ci\u0119 o imi\u0119, walcz\u0105 z ostrym cieniem mg\u0142y<\/em>.<\/p>\n\n\n\n<p><em>Ciep\u0142y wiecz\u00f3r, bez ciemno\u015bci, trawa spok\u00f3j, my i wy,<br><br>My i wy. My to oni, oni my.<br><br>Nie pytaj\u0105 ci\u0119 o imi\u0119, walcz\u0105 z ostrym cieniem mg\u0142y<\/em>.<\/p>\n\n\n\n<p><em>Nie pytaj\u0105 ci\u0119 o imi\u0119, walcz\u0105 z ostrym cieniem mg\u0142y<\/em>.<\/p>\n\n\n\n<p><em>Nie pytaj\u0105 ci\u0119 o imi\u0119, walcz\u0105 z ostrym cieniem mg\u0142y.<br><br>Mocne r\u0119ce ratownik\u00f3w, wszyscy razem &#8211; chwa\u0142a im.<br><br>Wszyscy razem &#8211; chwa\u0142a im.<br><br>Mocne r\u0119ce ratownik\u00f3w, wszyscy razem &#8211; chwa\u0142a im.<br><br>Nie pytaj\u0105 ci\u0119 o imi\u0119, walcz\u0105 z ostrym cieniem mg\u0142y.<\/em><\/p>\n\n\n\n<p> <em>Mocne r\u0119ce ratownik\u00f3w, wszyscy razem \u2013 chwa\u0142a im<\/em>.<em>&#8222;<\/em><\/p>\n","protected":false},"excerpt":{"rendered":"<p>#Hot16challenge to wyzwanie polegaj\u0105ce na nagraniu 16 wers\u00f3w i nominowaniu kolejnych os\u00f3b do akcji, kt\u00f3re maj\u0105 stworzy\u0107 sw\u00f3j kawa\u0142ek w 72 godziny. Druga edycja legendarnej rapowanej akcji to nie tylko nagrywanie muzyki, ale r\u00f3wnie\u017c pomoc w walce z koronawirusem. Wraz z #hot16challenge2 ruszy\u0142a zbi\u00f3rka &#8211; \u201cBeef z koronawirusem #hot16challenge\u201d dla Siepomaga.pl. Zar\u00f3wno nominowani jak i [&hellip;]<\/p>\n","protected":false},"author":1,"featured_media":0,"parent":0,"menu_order":0,"comment_status":"closed","ping_status":"closed","template":"","meta":{"footnotes":""},"class_list":["post-39","page","type-page","status-publish","hentry"],"_links":{"self":[{"href":"https:\/\/0-zz.com\/hc\/wp-json\/wp\/v2\/pages\/39","targetHints":{"allow":["GET"]}}],"collection":[{"href":"https:\/\/0-zz.com\/hc\/wp-json\/wp\/v2\/pages"}],"about":[{"href":"https:\/\/0-zz.com\/hc\/wp-json\/wp\/v2\/types\/page"}],"author":[{"embeddable":true,"href":"https:\/\/0-zz.com\/hc\/wp-json\/wp\/v2\/users\/1"}],"replies":[{"embeddable":true,"href":"https:\/\/0-zz.com\/hc\/wp-json\/wp\/v2\/comments?post=39"}],"version-history":[{"count":8,"href":"https:\/\/0-zz.com\/hc\/wp-json\/wp\/v2\/pages\/39\/revisions"}],"predecessor-version":[{"id":154,"href":"https:\/\/0-zz.com\/hc\/wp-json\/wp\/v2\/pages\/39\/revisions\/154"}],"wp:attachment":[{"href":"https:\/\/0-zz.com\/hc\/wp-json\/wp\/v2\/media?parent=39"}],"curies":[{"name":"wp","href":"https:\/\/api.w.org\/{rel}","templated":true}]}}