{"id":64,"date":"2020-04-11T15:50:12","date_gmt":"2020-04-11T15:50:12","guid":{"rendered":"http:\/\/0-zz.com\/fr\/?page_id=64"},"modified":"2022-01-08T13:56:28","modified_gmt":"2022-01-08T13:56:28","slug":"t","status":"publish","type":"page","link":"https:\/\/0-zz.com\/fr\/t\/","title":{"rendered":"T"},"content":{"rendered":"\n<h2 class=\"wp-block-heading\">T<\/h2>\n\n\n\n<h2 class=\"wp-block-heading\">T\u00e9tard !!FR<\/h2>\n\n\n\n<p><a href=\"https:\/\/m.youtube.com\/results?search_query=T\u00e9tard\">https:\/\/m.youtube.com\/results?search_query=T\u00e9tard<\/a><\/p>\n\n\n\n<h2 class=\"wp-block-heading\">T\u00e9t\u00e9 !!FR<\/h2>\n\n\n\n<p><a href=\"https:\/\/m.youtube.com\/channel\/UC1d45xf5nPaFU8uC4n6E0xQ\">https:\/\/m.youtube.com\/channel\/UC1d45xf5nPaFU8uC4n6E0xQ<\/a><\/p>\n\n\n\n<h2 class=\"wp-block-heading\">Tim Dup !!FR<\/h2>\n\n\n\n<p><a href=\"https:\/\/m.youtube.com\/channel\/UCs2tefzUGrNB6O8QT58TBnA\">https:\/\/m.youtube.com\/channel\/UCs2tefzUGrNB6O8QT58TBnA<\/a><\/p>\n\n\n\n<h2 class=\"wp-block-heading\">Trio Soula\u00ffr\u00e8s !!FR<\/h2>\n\n\n\n<p><a href=\"https:\/\/m.youtube.com\/results?search_query=Trio+Soula\u00ffr\u00e8s\">https:\/\/m.youtube.com\/results?search_query=Trio+Soula\u00ffr\u00e8s<\/a><\/p>\n\n\n\n<h2 class=\"wp-block-heading\">Trois Caf\u00e9s Gourmands !!FR<\/h2>\n\n\n\n<p><a href=\"https:\/\/m.youtube.com\/channel\/UClKUdelRG2pdq_fzFL3Srdw\">https:\/\/m.youtube.com\/channel\/UClKUdelRG2pdq_fzFL3Srdw<\/a><\/p>\n\n\n\n<h2 class=\"wp-block-heading\">Twin Twin !!FR<\/h2>\n\n\n\n<p><a href=\"https:\/\/m.youtube.com\/results?search_query=twin+twin\">https:\/\/m.youtube.com\/results?search_query=twin+twin<\/a><\/p>\n","protected":false},"excerpt":{"rendered":"<p>T T\u00e9tard !!FR https:\/\/m.youtube.com\/results?search_query=T\u00e9tard T\u00e9t\u00e9 !!FR https:\/\/m.youtube.com\/channel\/UC1d45xf5nPaFU8uC4n6E0xQ Tim Dup !!FR https:\/\/m.youtube.com\/channel\/UCs2tefzUGrNB6O8QT58TBnA Trio Soula\u00ffr\u00e8s !!FR https:\/\/m.youtube.com\/results?search_query=Trio+Soula\u00ffr\u00e8s Trois Caf\u00e9s Gourmands !!FR https:\/\/m.youtube.com\/channel\/UClKUdelRG2pdq_fzFL3Srdw Twin Twin !!FR https:\/\/m.youtube.com\/results?search_query=twin+twin<\/p>\n","protected":false},"author":1,"featured_media":0,"parent":0,"menu_order":0,"comment_status":"closed","ping_status":"closed","template":"","meta":{"footnotes":""},"class_list":["post-64","page","type-page","status-publish","hentry"],"_links":{"self":[{"href":"https:\/\/0-zz.com\/fr\/wp-json\/wp\/v2\/pages\/64","targetHints":{"allow":["GET"]}}],"collection":[{"href":"https:\/\/0-zz.com\/fr\/wp-json\/wp\/v2\/pages"}],"about":[{"href":"https:\/\/0-zz.com\/fr\/wp-json\/wp\/v2\/types\/page"}],"author":[{"embeddable":true,"href":"https:\/\/0-zz.com\/fr\/wp-json\/wp\/v2\/users\/1"}],"replies":[{"embeddable":true,"href":"https:\/\/0-zz.com\/fr\/wp-json\/wp\/v2\/comments?post=64"}],"version-history":[{"count":4,"href":"https:\/\/0-zz.com\/fr\/wp-json\/wp\/v2\/pages\/64\/revisions"}],"predecessor-version":[{"id":150,"href":"https:\/\/0-zz.com\/fr\/wp-json\/wp\/v2\/pages\/64\/revisions\/150"}],"wp:attachment":[{"href":"https:\/\/0-zz.com\/fr\/wp-json\/wp\/v2\/media?parent=64"}],"curies":[{"name":"wp","href":"https:\/\/api.w.org\/{rel}","templated":true}]}}