{"id":40,"date":"2020-04-11T15:45:26","date_gmt":"2020-04-11T15:45:26","guid":{"rendered":"http:\/\/0-zz.com\/fr\/?page_id=40"},"modified":"2022-01-08T12:11:49","modified_gmt":"2022-01-08T12:11:49","slug":"h","status":"publish","type":"page","link":"https:\/\/0-zz.com\/fr\/h\/","title":{"rendered":"H"},"content":{"rendered":"\n<h2 class=\"wp-block-heading\">H<\/h2>\n\n\n\n<h2 class=\"wp-block-heading\">H\u00e9l\u00e8ne S\u00e9gara &amp; Joe Dassin !!FR<\/h2>\n\n\n\n<p><a href=\"https:\/\/m.youtube.com\/results?search_query=H\u00e9l\u00e8ne+S\u00e9gara+%26+Joe+Dassin\">https:\/\/m.youtube.com\/results?search_query=H\u00e9l\u00e8ne+S\u00e9gara+%26+Joe+Dassin<\/a><\/p>\n\n\n\n<h2 class=\"wp-block-heading\">Henri Salvador !!FR<\/h2>\n\n\n\n<p><a href=\"https:\/\/m.youtube.com\/results?search_query=Henri+Salvador\">https:\/\/m.youtube.com\/results?search_query=Henri+Salvador<\/a><\/p>\n\n\n\n<h2 class=\"wp-block-heading\">Herv\u00e9 Vilard !!FR<\/h2>\n\n\n\n<p><a href=\"https:\/\/m.youtube.com\/results?search_query=Herv\u00e9+Vilard\">https:\/\/m.youtube.com\/results?search_query=Herv\u00e9+Vilard<\/a><\/p>\n\n\n\n<h2 class=\"wp-block-heading\">Holden !!FR<\/h2>\n\n\n\n<p><a href=\"https:\/\/m.youtube.com\/channel\/UCKKIu1uWnrV5tbKsQwec0hw\">https:\/\/m.youtube.com\/channel\/UCKKIu1uWnrV5tbKsQwec0hw<\/a><\/p>\n\n\n\n<h2 class=\"wp-block-heading\">Hugues Aufray !!FR<\/h2>\n\n\n\n<p><a href=\"https:\/\/m.youtube.com\/results?search_query=Hugues+Aufray\">https:\/\/m.youtube.com\/results?search_query=Hugues+Aufray<\/a><\/p>\n","protected":false},"excerpt":{"rendered":"<p>H H\u00e9l\u00e8ne S\u00e9gara &amp; Joe Dassin !!FR https:\/\/m.youtube.com\/results?search_query=H\u00e9l\u00e8ne+S\u00e9gara+%26+Joe+Dassin Henri Salvador !!FR https:\/\/m.youtube.com\/results?search_query=Henri+Salvador Herv\u00e9 Vilard !!FR https:\/\/m.youtube.com\/results?search_query=Herv\u00e9+Vilard Holden !!FR https:\/\/m.youtube.com\/channel\/UCKKIu1uWnrV5tbKsQwec0hw Hugues Aufray !!FR https:\/\/m.youtube.com\/results?search_query=Hugues+Aufray<\/p>\n","protected":false},"author":1,"featured_media":0,"parent":0,"menu_order":0,"comment_status":"closed","ping_status":"closed","template":"","meta":{"footnotes":""},"class_list":["post-40","page","type-page","status-publish","hentry"],"_links":{"self":[{"href":"https:\/\/0-zz.com\/fr\/wp-json\/wp\/v2\/pages\/40","targetHints":{"allow":["GET"]}}],"collection":[{"href":"https:\/\/0-zz.com\/fr\/wp-json\/wp\/v2\/pages"}],"about":[{"href":"https:\/\/0-zz.com\/fr\/wp-json\/wp\/v2\/types\/page"}],"author":[{"embeddable":true,"href":"https:\/\/0-zz.com\/fr\/wp-json\/wp\/v2\/users\/1"}],"replies":[{"embeddable":true,"href":"https:\/\/0-zz.com\/fr\/wp-json\/wp\/v2\/comments?post=40"}],"version-history":[{"count":3,"href":"https:\/\/0-zz.com\/fr\/wp-json\/wp\/v2\/pages\/40\/revisions"}],"predecessor-version":[{"id":125,"href":"https:\/\/0-zz.com\/fr\/wp-json\/wp\/v2\/pages\/40\/revisions\/125"}],"wp:attachment":[{"href":"https:\/\/0-zz.com\/fr\/wp-json\/wp\/v2\/media?parent=40"}],"curies":[{"name":"wp","href":"https:\/\/api.w.org\/{rel}","templated":true}]}}