{"id":40,"date":"2020-04-11T14:05:48","date_gmt":"2020-04-11T14:05:48","guid":{"rendered":"http:\/\/0-zz.com\/es\/?page_id=40"},"modified":"2022-01-13T09:32:47","modified_gmt":"2022-01-13T09:32:47","slug":"g","status":"publish","type":"page","link":"https:\/\/0-zz.com\/es\/g\/","title":{"rendered":"G"},"content":{"rendered":"\n<h2 class=\"wp-block-heading\">G<\/h2>\n\n\n\n<h2 class=\"wp-block-heading\">Giulia y Los Tellarini !!ES<\/h2>\n\n\n\n<p><a href=\"https:\/\/m.youtube.com\/results?search_query=Giulia+y+Los+Tellarini\">https:\/\/m.youtube.com\/results?search_query=Giulia+y+Los+Tellarini<\/a><\/p>\n\n\n\n<figure class=\"wp-block-embed is-type-video is-provider-youtube wp-block-embed-youtube wp-embed-aspect-16-9 wp-has-aspect-ratio\"><div class=\"wp-block-embed__wrapper\">\n<iframe loading=\"lazy\" title=\"Gotan Project - Diferente\" width=\"580\" height=\"326\" src=\"https:\/\/www.youtube.com\/embed\/9W5S-JqQ5SQ?feature=oembed\" frameborder=\"0\" allow=\"accelerometer; autoplay; clipboard-write; encrypted-media; gyroscope; picture-in-picture; web-share\" referrerpolicy=\"strict-origin-when-cross-origin\" allowfullscreen><\/iframe>\n<\/div><figcaption><strong>Gotan Project &#8211; Diferente<\/strong><br><br>En el mundo habr\u00e1 un lugar<br>para cada despertar<br>un jard\u00edn de pan y de poes\u00eda<br><br>Porque puestos a so\u00f1ar<br>f\u00e1cil es imaginar<br>esta humanidad en harmon\u00eda<br><br>Vibra mi mente al pensar<br>en la posibilidad<br>de encontrar un rumbo diferente<br><br>Para abrir de par en par<br>los cuadernos del amor<br>del gauchaje y de toda la gente<br><br>Qu\u00e9 bueno che, qu\u00e9 lindo es<br>re\u00edrnos como hermanos<br>Porqu\u00e9 esperar para cambiar<br>de murga y de comp\u00e1s.<\/figcaption><\/figure>\n\n\n\n<figure class=\"wp-block-embed is-type-video is-provider-youtube wp-block-embed-youtube wp-embed-aspect-16-9 wp-has-aspect-ratio\"><div class=\"wp-block-embed__wrapper\">\n<iframe loading=\"lazy\" title=\"Gotan Project - \u00c9poca\" width=\"580\" height=\"326\" src=\"https:\/\/www.youtube.com\/embed\/Jc7Lt5FLRiA?feature=oembed\" frameborder=\"0\" allow=\"accelerometer; autoplay; clipboard-write; encrypted-media; gyroscope; picture-in-picture; web-share\" referrerpolicy=\"strict-origin-when-cross-origin\" allowfullscreen><\/iframe>\n<\/div><figcaption><strong>Gotan Project &#8211; \u00c9poca<\/strong><br><br>Si desapareci\u00f3<br>en mi aparecer\u00e1<br>creyeron que muri\u00f3<br>pero renacer\u00e1<br>Llovi\u00f3, par\u00f3, llovi\u00f3<br>y un chico adivin\u00f3<br>o\u00edmos una voz, y desde un tango<br>rumor de pa\u00f1uelo blanco<br>No eran buenas esas \u00e9pocas<br>malos eran esos aires<br>fue hace veinticinco a\u00f1os<br>y vos exist\u00edas,<br>No eran buenas esas \u00e9pocas<br>malos eran esos aires<br>fue hace veinticinco a\u00f1os<br>y vos exist\u00edas, sin existir todav\u00eda<br>Si desapareci\u00f3<br>en mi aparecer\u00e1<br>creyeron que muri\u00f3 y aqu\u00ed se nace,<br>aqu\u00ed la vida renace<br>No eran buenas esas \u00e9pocas<br>malos eran esos aires<br>fue hace veintinco a\u00f1os<br>y vos exist\u00edas<br>No eran buenas esas \u00e9pocas<br>malos eran esos aires<br>fue hace veinticinco a\u00f1os<br>y vos exist\u00edas, sin existir todav\u00eda<\/figcaption><\/figure>\n\n\n\n<figure class=\"wp-block-embed is-type-video is-provider-youtube wp-block-embed-youtube wp-embed-aspect-4-3 wp-has-aspect-ratio\"><div class=\"wp-block-embed__wrapper\">\n<iframe loading=\"lazy\" title=\"Mi Confesion\" width=\"580\" height=\"435\" src=\"https:\/\/www.youtube.com\/embed\/Pt_I4sjf1ks?feature=oembed\" frameborder=\"0\" allow=\"accelerometer; autoplay; clipboard-write; encrypted-media; gyroscope; picture-in-picture; web-share\" referrerpolicy=\"strict-origin-when-cross-origin\" allowfullscreen><\/iframe>\n<\/div><figcaption><strong>Gotan Project &#8211; Mi Confesi\u00f3n<\/strong><br><br>(Feat. Koxmoz)<br><br>(Apolo Novax)<br>Proyecto Gotan&#8230; desde el Koxmoz para el mundo&#8230;s\u00ed, soy yo\u2026<br>y la voz de mi pensamiento&#8230;mis pensamientos&#8230; pensamientos del coraz\u00f3n.<br>C\u00f3mo es la clave, cu\u00e1l el secreto? Para estar en paz por completo,<br>dos pies en la tierra y un relato desde hace rato me tienen sujeto. El mundo es mi suelo,<br>el cielo mi techo, Buenos Aires donde cosecho mis anhelos y mis pasiones,<br>pero solo hay vac\u00edo y no estoy satisfecho.<br>Si hablo de amor&#8230; s\u00e9 que la extra\u00f1o, de mis actos en vida soy due\u00f1o,<br>pero me calla el dolor por el da\u00f1o, es como un sue\u00f1o dentro de otro sue\u00f1o.<br>Apuesto a pleno pero de callado, cada uno en la suya, yo ando rayado, sigo esperando sentado&#8230;<br>que esta vez el destino no me deje plantado&#8230; que no me deje plantado&#8230; no nena.<br>Escuchame bien&#8230; no es chamuyo&#8230;es amor.<br><br>(Chili Parker)<br>Me la bati\u00f3 un gom\u00eda che, la culpa no fue m\u00eda, de amor yo no s\u00e9 nada,<br>lo m\u00edo es la astronom\u00eda, vos sab\u00edas bien que yo era un mamarracho,<br>vos lo sab\u00edas bien&#8230;soy un borracho. As\u00ed que ya no me reclam\u00e9s,<br>no me esper\u00e9s flaca ya no me llam\u00e9s, todos lo saben prefiero ser MC,<br>hasta el farolito de la calle en que nac\u00ed. Tengo una balada para un loco,<br>que la compuse yo, para m\u00ed, porque estoy loco, y eso me provoc\u00f3 que en vos pensase,<br>y as\u00ed un poema nace. Los m\u00e1s h\u00e1biles dejamos pasar los abriles,<br>inm\u00f3viles para no quedar como giles, as\u00ed ya no me enamoro de nuevo&#8230;<br>as\u00ed ya no me enamoro de vos de nuevo.<br><br>(Apolo Novax)<br>Pensamientos del coraz\u00f3n\u2026 son mi confesi\u00f3n&#8230;<br>\u00ab\u00bfqu\u00e9?\u00bb&#8230; tampoco mi inspiraci\u00f3n.<br>Pensamientos del coraz\u00f3n\u2026 son mi confesi\u00f3n&#8230;<br>\u00abqu\u00e9 s\u00e9 yo, pero s\u00e9 que no es chamuyo\u00bb&#8230; tampoco mi inspiraci\u00f3n. ( Bis X2)<br><br>(Chili Parker)<br>&#8230; y es as\u00ed, todos tropezamos con la misma piedra.<br><br>(Apolo Novax)<br>No es chamuyo&#8230; es amor.<\/figcaption><\/figure>\n\n\n\n<figure class=\"wp-block-embed is-type-video is-provider-youtube wp-block-embed-youtube wp-embed-aspect-16-9 wp-has-aspect-ratio\"><div class=\"wp-block-embed__wrapper\">\n<iframe loading=\"lazy\" title=\"Gotan Project - Santa Maria (Del Buen Ayre)\" width=\"580\" height=\"326\" src=\"https:\/\/www.youtube.com\/embed\/mQusfSWFt6M?feature=oembed\" frameborder=\"0\" allow=\"accelerometer; autoplay; clipboard-write; encrypted-media; gyroscope; picture-in-picture; web-share\" referrerpolicy=\"strict-origin-when-cross-origin\" allowfullscreen><\/iframe>\n<\/div><figcaption><strong>Gotan Project &#8211; Santa Mar\u00eda (Del Buen Ayre)<\/strong><br><br>Hay milonga de amor<br>hay temblor de got\u00e1n<br>este tango es para vos<br>Hay milonga de amor<br>hay temblor de got\u00e1n<br>Hay milonga de amor<br>Este tango es para vos<br>Hay milonga de amor<br>hay temblor de got\u00e1n<br>este tango es para vos<\/figcaption><\/figure>\n","protected":false},"excerpt":{"rendered":"<p>G Giulia y Los Tellarini !!ES https:\/\/m.youtube.com\/results?search_query=Giulia+y+Los+Tellarini<\/p>\n","protected":false},"author":1,"featured_media":0,"parent":0,"menu_order":0,"comment_status":"closed","ping_status":"closed","template":"","meta":{"footnotes":""},"class_list":["post-40","page","type-page","status-publish","hentry"],"_links":{"self":[{"href":"https:\/\/0-zz.com\/es\/wp-json\/wp\/v2\/pages\/40","targetHints":{"allow":["GET"]}}],"collection":[{"href":"https:\/\/0-zz.com\/es\/wp-json\/wp\/v2\/pages"}],"about":[{"href":"https:\/\/0-zz.com\/es\/wp-json\/wp\/v2\/types\/page"}],"author":[{"embeddable":true,"href":"https:\/\/0-zz.com\/es\/wp-json\/wp\/v2\/users\/1"}],"replies":[{"embeddable":true,"href":"https:\/\/0-zz.com\/es\/wp-json\/wp\/v2\/comments?post=40"}],"version-history":[{"count":6,"href":"https:\/\/0-zz.com\/es\/wp-json\/wp\/v2\/pages\/40\/revisions"}],"predecessor-version":[{"id":182,"href":"https:\/\/0-zz.com\/es\/wp-json\/wp\/v2\/pages\/40\/revisions\/182"}],"wp:attachment":[{"href":"https:\/\/0-zz.com\/es\/wp-json\/wp\/v2\/media?parent=40"}],"curies":[{"name":"wp","href":"https:\/\/api.w.org\/{rel}","templated":true}]}}