{"id":94,"date":"2022-04-15T19:40:43","date_gmt":"2022-04-15T19:40:43","guid":{"rendered":"https:\/\/0-zz.com\/dh\/?page_id=94"},"modified":"2022-04-15T19:40:43","modified_gmt":"2022-04-15T19:40:43","slug":"y","status":"publish","type":"page","link":"https:\/\/0-zz.com\/dh\/y\/","title":{"rendered":"Y"},"content":{"rendered":"\n<h2 class=\"wp-block-heading\">y &#8211; dh\/y &#8211; DHY<\/h2>\n\n\n\n<figure class=\"wp-block-embed is-type-video is-provider-youtube wp-block-embed-youtube wp-embed-aspect-16-9 wp-has-aspect-ratio\"><div class=\"wp-block-embed__wrapper\">\n<iframe loading=\"lazy\" title=\"Andrea Bocelli, Matteo Bocelli - Fall On Me (Official Music Video)\" width=\"580\" height=\"326\" src=\"https:\/\/www.youtube.com\/embed\/ChcR2gKt5WM?feature=oembed\" frameborder=\"0\" allow=\"accelerometer; autoplay; clipboard-write; encrypted-media; gyroscope; picture-in-picture; web-share\" referrerpolicy=\"strict-origin-when-cross-origin\" allowfullscreen><\/iframe>\n<\/div><\/figure>\n\n\n\n<h2 class=\"wp-block-heading\">Andrea Bocelli, Matteo Bocelli &#8211; Fall On Me<\/h2>\n\n\n\n<p>99M views\u00a0\u00b7\u00a03 years ago<\/p>\n\n\n\n<h2 class=\"wp-block-heading\">Andrea Bocelli<\/h2>\n\n\n\n<p>SUBSCRIBED 5.2M subscribers<\/p>\n\n\n\n<p><a href=\"https:\/\/m.youtube.com\/channel\/UCb4JB8-ZAeceuR7EPCPOPzg\">https:\/\/m.youtube.com\/channel\/UCb4JB8-ZAeceuR7EPCPOPzg<\/a><\/p>\n\n\n\n<p>I thought sooner or later,<br>The lights up above<br>Will come down in circles<br>And guide me to love<br>But I don&#8217;t know what&#8217;s right for me,<br>I cannot see straight.<br>I&#8217;ve been here too long<br>And I don&#8217;t want to wait for it<br>Fly like a cannonball<br>Straight to my soul,<br>Tear me to pieces<br>And make me feel whole<br>I&#8217;m willing to fight for it,<br>And carry this weight<br>But with every step<br>I keep questioning what it&#8217;s true<\/p>\n\n\n\n<p>Fall on me<br>With open arms<br>Fall on me<br>From where you are<br>Fall on me<br>With all your light<br>With all your light<br>With all your light<\/p>\n\n\n\n<p>Presto una luce ti illuminer\u00e0<br>Seguila sempre, guidarti sapr\u00e0<br>Tu non arrenderti,<br>Attento a non perderti<br>E il tuo passato avr\u00e0 senso per te<br>Vorrei che credessi in te stesso, ma s\u00ec<br>In ogni passo che muoverai qui<br>\u00c8 un viaggio infinito<br>Sorrider\u00f2 se<br>Nel tempo che fugge mi porti con te<\/p>\n\n\n\n<p>Fall on me<br>Ascoltami<br>Fall on me<br>Abbracciami<br>Fall on me<br>Finch\u00e9 vorrai<br>Finch\u00e9 vorrai<br>Finch\u00e9 vorrai<br>Finch\u00e9 vorrai<\/p>\n\n\n\n<p>I close my eyes<br>And I&#8217;m seeing you everywhere<br>I step outside,<br>It&#8217;s like I&#8217;m breathing you in the air<br>I can feel you&#8217;re there<\/p>\n\n\n\n<p>Fall on me<br>Ascoltami<br>Fall on me<br>Abbracciami<br>Fall on me<br>With all your light<br>With all your light<br>With all your light<\/p>\n\n\n\n<p><a href=\"https:\/\/www.tekstowo.pl\/piosenka,andrea_bocelli__matteo_bocelli_1,fall_on_me.html\">https:\/\/www.tekstowo.pl\/piosenka,andrea_bocelli__matteo_bocelli_1,fall_on_me.html<\/a><\/p>\n","protected":false},"excerpt":{"rendered":"<p>y &#8211; dh\/y &#8211; DHY Andrea Bocelli, Matteo Bocelli &#8211; Fall On Me 99M views\u00a0\u00b7\u00a03 years ago Andrea Bocelli SUBSCRIBED 5.2M subscribers https:\/\/m.youtube.com\/channel\/UCb4JB8-ZAeceuR7EPCPOPzg I thought sooner or later,The lights up aboveWill come down in circlesAnd guide me to loveBut I don&#8217;t know what&#8217;s right for me,I cannot see straight.I&#8217;ve been here too longAnd I don&#8217;t [&hellip;]<\/p>\n","protected":false},"author":1,"featured_media":0,"parent":0,"menu_order":0,"comment_status":"closed","ping_status":"closed","template":"","meta":{"footnotes":""},"class_list":["post-94","page","type-page","status-publish","hentry"],"_links":{"self":[{"href":"https:\/\/0-zz.com\/dh\/wp-json\/wp\/v2\/pages\/94","targetHints":{"allow":["GET"]}}],"collection":[{"href":"https:\/\/0-zz.com\/dh\/wp-json\/wp\/v2\/pages"}],"about":[{"href":"https:\/\/0-zz.com\/dh\/wp-json\/wp\/v2\/types\/page"}],"author":[{"embeddable":true,"href":"https:\/\/0-zz.com\/dh\/wp-json\/wp\/v2\/users\/1"}],"replies":[{"embeddable":true,"href":"https:\/\/0-zz.com\/dh\/wp-json\/wp\/v2\/comments?post=94"}],"version-history":[{"count":1,"href":"https:\/\/0-zz.com\/dh\/wp-json\/wp\/v2\/pages\/94\/revisions"}],"predecessor-version":[{"id":95,"href":"https:\/\/0-zz.com\/dh\/wp-json\/wp\/v2\/pages\/94\/revisions\/95"}],"wp:attachment":[{"href":"https:\/\/0-zz.com\/dh\/wp-json\/wp\/v2\/media?parent=94"}],"curies":[{"name":"wp","href":"https:\/\/api.w.org\/{rel}","templated":true}]}}