{"id":74,"date":"2020-04-11T17:57:38","date_gmt":"2020-04-11T17:57:38","guid":{"rendered":"http:\/\/0-zz.com\/de\/?page_id=74"},"modified":"2022-01-13T16:34:47","modified_gmt":"2022-01-13T16:34:47","slug":"w","status":"publish","type":"page","link":"https:\/\/0-zz.com\/de\/w\/","title":{"rendered":"W"},"content":{"rendered":"\n<h2 class=\"wp-block-heading\">W<\/h2>\n\n\n\n<h2 class=\"wp-block-heading\">Richard Wagner !!DE<\/h2>\n\n\n\n<p><a href=\"https:\/\/m.youtube.com\/channel\/UCqRT-aGYojd-in6xTOT2-OQ\">https:\/\/m.youtube.com\/channel\/UCqRT-aGYojd-in6xTOT2-OQ<\/a><\/p>\n\n\n\n<h2 class=\"wp-block-heading\">Warner Music Germany Digital Services<\/h2>\n\n\n\n<p><a href=\"https:\/\/m.youtube.com\/channel\/UCLwCO3lzGLZHd-Up6y_-e5g\">https:\/\/m.youtube.com\/channel\/UCLwCO3lzGLZHd-Up6y_-e5g<\/a><\/p>\n\n\n\n<h2 class=\"wp-block-heading\">Wolfsheim !!DE<\/h2>\n\n\n\n<p><a href=\"https:\/\/m.youtube.com\/channel\/UCqnmpTrlOehB9_7lNLhTrog\">https:\/\/m.youtube.com\/channel\/UCqnmpTrlOehB9_7lNLhTrog<\/a><\/p>\n\n\n\n<figure class=\"wp-block-embed is-type-video is-provider-youtube wp-block-embed-youtube wp-embed-aspect-4-3 wp-has-aspect-ratio\"><div class=\"wp-block-embed__wrapper\">\n<iframe loading=\"lazy\" title=\"Wolfsheim - Kein Zur\u00fcck\" width=\"580\" height=\"435\" src=\"https:\/\/www.youtube.com\/embed\/icUC32-0WuY?feature=oembed\" frameborder=\"0\" allow=\"accelerometer; autoplay; clipboard-write; encrypted-media; gyroscope; picture-in-picture; web-share\" referrerpolicy=\"strict-origin-when-cross-origin\" allowfullscreen><\/iframe>\n<\/div><figcaption><strong>Wolfsheim &#8211; Kein zur\u00fcck<\/strong><br><br>Es geht kein Weg zur\u00fcck\u2026<br><br>Wei\u00dft Du noch wie&#8217;s war,<br>Kinderzeit&#8230; wunderbar&#8230;<br>Die Welt ist bunt und sch\u00f6n.<br>Bis du irgendwann begreifst,<br>dass nicht jeder Abschied hei\u00dft,<br>es gibt auch ein Wiedersehen.<br><br>Immer vorw\u00e4rts, Schritt um Schritt&#8230;<br>Es geht kein Weg zur\u00fcck!<br>Und was jetzt ist, wird nie mehr ungeschehen.<br>Die Zeit l\u00e4uft uns davon,<br>was getan ist, ist getan.<br>Und was jetzt ist wird nie mehr so geschehen.<br><br>Es geht kein Weg zur\u00fcck.<br>Es geht kein Weg zur\u00fcck.<br><br>Ein Wort zuviel im Zorn gesagt,<br>&#8217;n Schritt zu weit nach vorn gewagt.<br>Schon ist es vorbei.<br>Was auch immer jetzt getan,<br>was ich gesagt hab&#8216;, ist gesagt.<br>Was wie ewig schien ist schon Vergangenheit.<br><br>Immer vorw\u00e4rts, Schritt um Schritt&#8230;<br>Es geht kein Weg zur\u00fcck!<br>Und was jetzt ist wird nie mehr ungeschehen.<br>Die Zeit l\u00e4uft uns davon,<br>was getan ist, ist getan.<br>Und was jetzt ist, wird nie mehr so geschehen.<br><br>Ach, und k\u00f6nnt&#8216; ich doch<br>nur ein einz&#8217;ges Mal,<br>die Uhren r\u00fcckw\u00e4rts drehen.<br><br>Denn wie viel vom dem,<br>was ich heute wei\u00df,<br>h\u00e4tt&#8216; ich lieber nie gesehen.<br><br>Es geht kein Weg zur\u00fcck.<br>Es geht kein Weg zur\u00fcck.<br>Es geht kein Weg zur\u00fcck.<br><br>Dein Leben dreht sich nur im Kreis,<br>so voll von weggeworfener Zeit,<br>und deine Tr\u00e4ume schiebst Du endlos vor dir her.<br>Du willst noch leben irgendwann,<br>doch wenn nicht heute, wann denn dann&#8230;?<br>Denn irgendwann ist auch ein Traum zu lange her.<br><br>Immer vorw\u00e4rts, Schritt um Schritt&#8230;<br>Es geht kein Weg zur\u00fcck!<br>Und was jetzt ist wird nie mehr ungeschehen.<br>Die Zeit l\u00e4uft uns davon,<br>was getan ist, ist getan.<br>Und was jetzt ist, wird nie mehr so geschehen.<br><br>Immer vorw\u00e4rts, Schritt um Schritt&#8230;<br>Es geht kein Weg zur\u00fcck!<br>Und was jetzt ist wird nie mehr ungeschehen.<br>Die Zeit l\u00e4uft uns davon,<br>was getan ist, ist getan.<br>Und was jetzt ist, wird nie mehr so geschehen.<br><br>Ach, und k\u00f6nnt&#8216; ich doch<br>nur ein einz&#8217;ges Mal,<br>die Uhren r\u00fcckw\u00e4rts drehen.<br><br>Denn wie viel vom dem,<br>was ich heute wei\u00df,<br>h\u00e4tt&#8216; ich lieber nie gesehen.<\/figcaption><\/figure>\n\n\n\n<figure class=\"wp-block-embed is-type-video is-provider-youtube wp-block-embed-youtube wp-embed-aspect-4-3 wp-has-aspect-ratio\"><div class=\"wp-block-embed__wrapper\">\n<iframe loading=\"lazy\" title=\"Wolfsheim - K\u00fcnstliche Welten\" width=\"580\" height=\"435\" src=\"https:\/\/www.youtube.com\/embed\/qWbGk5isCV4?feature=oembed\" frameborder=\"0\" allow=\"accelerometer; autoplay; clipboard-write; encrypted-media; gyroscope; picture-in-picture; web-share\" referrerpolicy=\"strict-origin-when-cross-origin\" allowfullscreen><\/iframe>\n<\/div><figcaption><strong>Wolfsheim &#8211; K\u00fcnstliche Welten<\/strong><br><br>Ich komm&#8216; zu dir<br>Halt deine Hand<br>Wir geben gemeinsam durch dies wunderbare Land<br>Das ich f\u00fcr dich erfand<br>Mit mathematischen Versand<br><br>Ref.:<br>Ein Wunder hier<br>Ein Traum gleich dort<br>Grad&#8216; noch hier und doch schon fort<br>Ich zeige die mein Angesicht<br>Doch du siehst mich nicht<br><br>Ich wei\u00df genau was dir gef\u00e4llt<br>Ich schaff&#8216; dir eine neue Zauberwelt<br>In der kein Regen f\u00e4llt<br>In der nur deine Wahrheit z\u00e4hlt<br><br>Ich zeig dir Berge<br>Zeig dir Seen<br>Hier brauchst du alles nur mit meinem Augen sehen<br>Und nicht zu verstehen<br>Keine Angst du kannst ruhig mit mir gehen<br><br>In ein gro\u00dfes All<br>Ganz f\u00fcr dich allein<br>Hier kannst du endlich mal du selber sein<br>Im Neon &#8211; Sonnenschein<br>Fang ich dir deine W\u00fcnsche ein<\/figcaption><\/figure>\n","protected":false},"excerpt":{"rendered":"<p>W Richard Wagner !!DE https:\/\/m.youtube.com\/channel\/UCqRT-aGYojd-in6xTOT2-OQ Warner Music Germany Digital Services https:\/\/m.youtube.com\/channel\/UCLwCO3lzGLZHd-Up6y_-e5g Wolfsheim !!DE https:\/\/m.youtube.com\/channel\/UCqnmpTrlOehB9_7lNLhTrog<\/p>\n","protected":false},"author":1,"featured_media":0,"parent":0,"menu_order":0,"comment_status":"closed","ping_status":"closed","template":"","meta":{"footnotes":""},"class_list":["post-74","page","type-page","status-publish","hentry"],"_links":{"self":[{"href":"https:\/\/0-zz.com\/de\/wp-json\/wp\/v2\/pages\/74","targetHints":{"allow":["GET"]}}],"collection":[{"href":"https:\/\/0-zz.com\/de\/wp-json\/wp\/v2\/pages"}],"about":[{"href":"https:\/\/0-zz.com\/de\/wp-json\/wp\/v2\/types\/page"}],"author":[{"embeddable":true,"href":"https:\/\/0-zz.com\/de\/wp-json\/wp\/v2\/users\/1"}],"replies":[{"embeddable":true,"href":"https:\/\/0-zz.com\/de\/wp-json\/wp\/v2\/comments?post=74"}],"version-history":[{"count":6,"href":"https:\/\/0-zz.com\/de\/wp-json\/wp\/v2\/pages\/74\/revisions"}],"predecessor-version":[{"id":146,"href":"https:\/\/0-zz.com\/de\/wp-json\/wp\/v2\/pages\/74\/revisions\/146"}],"wp:attachment":[{"href":"https:\/\/0-zz.com\/de\/wp-json\/wp\/v2\/media?parent=74"}],"curies":[{"name":"wp","href":"https:\/\/api.w.org\/{rel}","templated":true}]}}