{"id":64,"date":"2020-04-11T17:56:48","date_gmt":"2020-04-11T17:56:48","guid":{"rendered":"http:\/\/0-zz.com\/de\/?page_id=64"},"modified":"2020-04-12T19:57:09","modified_gmt":"2020-04-12T19:57:09","slug":"r","status":"publish","type":"page","link":"https:\/\/0-zz.com\/de\/r\/","title":{"rendered":"R"},"content":{"rendered":"\n<p>R<\/p>\n\n\n\n<figure class=\"wp-block-embed-youtube wp-block-embed is-type-video is-provider-youtube wp-embed-aspect-16-9 wp-has-aspect-ratio\"><div class=\"wp-block-embed__wrapper\">\n<iframe loading=\"lazy\" title=\"Rammstein - Amerika (Official Video)\" width=\"580\" height=\"326\" src=\"https:\/\/www.youtube.com\/embed\/Rr8ljRgcJNM?feature=oembed\" frameborder=\"0\" allow=\"accelerometer; autoplay; clipboard-write; encrypted-media; gyroscope; picture-in-picture; web-share\" referrerpolicy=\"strict-origin-when-cross-origin\" allowfullscreen><\/iframe>\n<\/div><figcaption><strong>Rammstein &#8211; Amerika<\/strong><br><br>Amerika<br>We&#8217;re all living in Amerika<br>Amerika ist wunderbar<br>We&#8217;re all living in Amerika<br>Amerika, Amerika<br><br>We&#8217;re all living in Amerika<br>Amerika ist wunderbar<br>We&#8217;re all living in Amerika<br>Amerika, Amerika<br><br>Wenn getanzt wird will ich f\u00fchren<br>auch wenn ihr euch alleine dreht<br>Lasst euch ein wenig kontrollieren<br>Ich zeige euch wie es richtig geht<br><br>Wir bilden einen lieben Reigen<br>Die Freiheit spielt auf allen Geigen<br>Musik kommt aus dem Wei\u00dfen Haus<br>und vor Paris steht Micky Maus<br><br>We&#8217;re all living in Amerika<br>Amerika ist wunderbar<br>We&#8217;re all living in Amerika<br>Amerika, Amerika<br><br>Ich kenne Schritte die sehr n\u00fctzen<br>und werde euch vor Fehltritt sch\u00fctzen<br>Und wer nicht tanzen will am Schluss<br>wei\u00df noch nicht dass er tanzen muss<br><br>Wir bilden einen lieben Reigen<br>Ich werde euch die Richtung zeigen<br>Nach Afrika kommt Santa Claus<br>und vor Paris steht Micky Maus<br><br>We&#8217;re all living in Amerika<br>Amerika ist wunderbar<br>We&#8217;re all living in Amerika<br>Amerika, Amerika<br><br>We&#8217;re all living in Amerika<br>Coca-Cola, wonderbra<br>We&#8217;re all living in Amerika<br>Amerika, Amerika<br><br>This is not a love song<br>This is not a love song<br>I don&#8217;t sing my mother tongue<br>No, this is not a love song<br><br>We&#8217;re all living in Amerika<br>Amerika ist wunderbar<br>We&#8217;re all living in Amerika<br>Amerika, Amerika<br><br>We&#8217;re all living in Amerika<br>Coca-Cola, sometimes war<br>We&#8217;re all living in Amerika<br>Amerika, Amerika<\/figcaption><\/figure>\n\n\n\n<figure class=\"wp-block-embed-youtube wp-block-embed is-type-video is-provider-youtube wp-embed-aspect-16-9 wp-has-aspect-ratio\"><div class=\"wp-block-embed__wrapper\">\n<iframe loading=\"lazy\" title=\"Rammstein - Du Hast (Official 4K Video)\" width=\"580\" height=\"326\" src=\"https:\/\/www.youtube.com\/embed\/W3q8Od5qJio?feature=oembed\" frameborder=\"0\" allow=\"accelerometer; autoplay; clipboard-write; encrypted-media; gyroscope; picture-in-picture; web-share\" referrerpolicy=\"strict-origin-when-cross-origin\" allowfullscreen><\/iframe>\n<\/div><figcaption><strong>Rammstein &#8211; Du Hast<\/strong><br><br>Du&#8230;<br>Du hast&#8230;<br>Du hast mich&#8230;<br><br>(*Mo\u017cna odbiera\u0107 r\u00f3wnie\u017c jako:<br>Du&#8230;<br>Du hasst&#8230;<br>Du hasst mich&#8230;)<br><br>Du&#8230;<br>Du hast&#8230;<br>Du hast mich&#8230;<br><br>Du&#8230;<br>Du hast&#8230;<br>Du hast mich&#8230;<br><br>Du&#8230;<br>Du hast&#8230;<br>Du hast mich&#8230;<br><br>Du&#8230;<br>Du hast&#8230;<br>Du hast mich&#8230;<br>Du hast mich&#8230;<br>Du hast mich gefragt<br>Du hast mich gefragt<br>Du hast mich gefragt und ich hab&#8216; nichts gesagt<br><br>Willst du bis der Tod euch scheidet<br>treu ihr sein f\u00fcr alle Tage?<br><br>(Ja) Nein!<br>(Ja) Nein!<br><br>Willst du bis der Tod euch scheidet<br>treu ihr sein f\u00fcr alle Tage?<br><br>(Ja) Nein!<br>(Ja) Nein!<br><br>Du&#8230;<br>Du hast&#8230;<br>Du hast mich&#8230;<br><br>Du&#8230;<br>Du hast&#8230;<br>Du hast mich&#8230;<br><br>Du&#8230;<br>Du hast&#8230;<br>Du hast mich&#8230;<br>Du hast mich&#8230;<br>Du hast mich gefragt<br>Du hast mich gefragt<br>Du hast mich gefragt und ich hab&#8216; nichts gesagt<br><br>Willst du bis der Tod euch scheidet<br>treu ihr sein f\u00fcr alle Tage?<br><br>(Ja) Nein!<br>(Ja) Nein!<br><br>Willst du bis zum Tod, der scheidet<br>sie lieben auch in schlechten Tagen?<br><br>(Ja) Nein!<br>(Ja) Nein!<br><br>Willst du bis der Tod euch scheidet<br>treu ihr sein?<br><br>(Ja) Nein!<br>(Ja) Nein!<\/figcaption><\/figure>\n","protected":false},"excerpt":{"rendered":"<p>R<\/p>\n","protected":false},"author":1,"featured_media":0,"parent":0,"menu_order":0,"comment_status":"closed","ping_status":"closed","template":"","meta":{"footnotes":""},"class_list":["post-64","page","type-page","status-publish","hentry"],"_links":{"self":[{"href":"https:\/\/0-zz.com\/de\/wp-json\/wp\/v2\/pages\/64","targetHints":{"allow":["GET"]}}],"collection":[{"href":"https:\/\/0-zz.com\/de\/wp-json\/wp\/v2\/pages"}],"about":[{"href":"https:\/\/0-zz.com\/de\/wp-json\/wp\/v2\/types\/page"}],"author":[{"embeddable":true,"href":"https:\/\/0-zz.com\/de\/wp-json\/wp\/v2\/users\/1"}],"replies":[{"embeddable":true,"href":"https:\/\/0-zz.com\/de\/wp-json\/wp\/v2\/comments?post=64"}],"version-history":[{"count":4,"href":"https:\/\/0-zz.com\/de\/wp-json\/wp\/v2\/pages\/64\/revisions"}],"predecessor-version":[{"id":98,"href":"https:\/\/0-zz.com\/de\/wp-json\/wp\/v2\/pages\/64\/revisions\/98"}],"wp:attachment":[{"href":"https:\/\/0-zz.com\/de\/wp-json\/wp\/v2\/media?parent=64"}],"curies":[{"name":"wp","href":"https:\/\/api.w.org\/{rel}","templated":true}]}}