{"id":56,"date":"2020-04-11T17:56:12","date_gmt":"2020-04-11T17:56:12","guid":{"rendered":"http:\/\/0-zz.com\/de\/?page_id=56"},"modified":"2023-10-29T21:48:35","modified_gmt":"2023-10-29T21:48:35","slug":"n","status":"publish","type":"page","link":"https:\/\/0-zz.com\/de\/n\/","title":{"rendered":"N"},"content":{"rendered":"\n<p>N<\/p>\n\n\n\n<figure class=\"wp-block-embed is-type-video is-provider-youtube wp-block-embed-youtube wp-embed-aspect-16-9 wp-has-aspect-ratio\"><div class=\"wp-block-embed__wrapper\">\n<iframe loading=\"lazy\" title=\"NENA | 99 Luftballons [1983] [Offizielles HD Musikvideo]\" width=\"580\" height=\"435\" src=\"https:\/\/www.youtube.com\/embed\/Fpu5a0Bl8eY?feature=oembed\" frameborder=\"0\" allow=\"accelerometer; autoplay; clipboard-write; encrypted-media; gyroscope; picture-in-picture; web-share\" referrerpolicy=\"strict-origin-when-cross-origin\" allowfullscreen><\/iframe>\n<\/div><figcaption class=\"wp-element-caption\"><br><br><br><br><strong>Nena &#8211; 99 Luftballons<\/strong><br><br>Hast Du etwas Zeit f\u00fcr mich<br>Dann singe ich ein Lied f\u00fcr Dich<br>Von 99 Luftballons<br>Auf ihrem Weg zum Horizont<br>Denkst Du vielleicht grad&#8216; an mich<br>Dann singe ich ein Lied f\u00fcr Dich<br>Von 99 Luftballons<br>Und dass sowas von sowas kommt<br><br>99 Luftballons<br>Auf ihrem Weg zum Horizont<br>Hielt man f\u00fcr UFOs aus dem All<br>Darum schickte ein General<br>&#8217;ne Fliegerstaffel hinterher<br>Alarm zu geben, wenn&#8217;s so w\u00e4r<br>Dabei war&#8217;n da am Horizont<br>Nur 99 Luftballons<br><br>99 D\u00fcsenflieger<br>Jeder war ein gro\u03b2er Krieger<br>Hielten sich f\u00fcr Capitan Kirk<br>Es gab ein gro\u03b2es Feuerwerk<br>Die Nachbarn haben nichts gerafft<br>Und f\u00fchlten sich gleich angemacht<br>Dabei schoss man am Horizont<br>Auf 99 Luftbalons<br><br>99 Kreigsminister<br>Streichholz und Benzinkanister<br>Hielten sich f\u00fcr schlaue Leute<br>Witterten schon fette Beute<br>Diesen Krieg und wollten Macht<br>Mann, wer h\u00e4tte das gedacht<br>Dass es einmal soweit kommt<br>Wegen 99 Luftballons<br>Wegen 99 Luftballons<br>99 Luftballons<br><br>99 Jahre Krieg<br>Liessen keinen Platz f\u00fcr Sieger<br>Kriegsminister gibt&#8217;s nicht mehr<br>Und auch keine D\u00fcsenflieger<br>Heute zieh ich meine Runden<br>Seh&#8216; die Welt in Tr\u00fcmmern liegen<br>Hab&#8216; &#8217;nen Luftballon gefunden<br>Denk&#8216; an Dich und lass&#8216; ihn fliegen<\/figcaption><\/figure>\n","protected":false},"excerpt":{"rendered":"<p>N<\/p>\n","protected":false},"author":1,"featured_media":0,"parent":0,"menu_order":0,"comment_status":"closed","ping_status":"closed","template":"","meta":{"footnotes":""},"class_list":["post-56","page","type-page","status-publish","hentry"],"_links":{"self":[{"href":"https:\/\/0-zz.com\/de\/wp-json\/wp\/v2\/pages\/56","targetHints":{"allow":["GET"]}}],"collection":[{"href":"https:\/\/0-zz.com\/de\/wp-json\/wp\/v2\/pages"}],"about":[{"href":"https:\/\/0-zz.com\/de\/wp-json\/wp\/v2\/types\/page"}],"author":[{"embeddable":true,"href":"https:\/\/0-zz.com\/de\/wp-json\/wp\/v2\/users\/1"}],"replies":[{"embeddable":true,"href":"https:\/\/0-zz.com\/de\/wp-json\/wp\/v2\/comments?post=56"}],"version-history":[{"count":7,"href":"https:\/\/0-zz.com\/de\/wp-json\/wp\/v2\/pages\/56\/revisions"}],"predecessor-version":[{"id":164,"href":"https:\/\/0-zz.com\/de\/wp-json\/wp\/v2\/pages\/56\/revisions\/164"}],"wp:attachment":[{"href":"https:\/\/0-zz.com\/de\/wp-json\/wp\/v2\/media?parent=56"}],"curies":[{"name":"wp","href":"https:\/\/api.w.org\/{rel}","templated":true}]}}