{"id":50,"date":"2020-04-11T17:55:44","date_gmt":"2020-04-11T17:55:44","guid":{"rendered":"http:\/\/0-zz.com\/de\/?page_id=50"},"modified":"2022-01-13T11:19:12","modified_gmt":"2022-01-13T11:19:12","slug":"k","status":"publish","type":"page","link":"https:\/\/0-zz.com\/de\/k\/","title":{"rendered":"K"},"content":{"rendered":"\n<h2 class=\"wp-block-heading\">K<\/h2>\n\n\n\n<h2 class=\"wp-block-heading\">Klaus Badelt !!DE<\/h2>\n\n\n\n<p><a href=\"https:\/\/m.youtube.com\/results?search_query=klaus+badelt\">https:\/\/m.youtube.com\/results?search_query=klaus+badelt<\/a><\/p>\n\n\n\n<h2 class=\"wp-block-heading\">Kraftwerk !!R74<\/h2>\n\n\n\n<p><a href=\"https:\/\/m.youtube.com\/user\/KraftwerkCatalogue\">https:\/\/m.youtube.com\/user\/KraftwerkCatalogue<\/a><\/p>\n\n\n\n<figure class=\"wp-block-embed is-type-video is-provider-youtube wp-block-embed-youtube wp-embed-aspect-16-9 wp-has-aspect-ratio\"><div class=\"wp-block-embed__wrapper\">\n<iframe loading=\"lazy\" title=\"Kraftwerk - Das Model\" width=\"580\" height=\"326\" src=\"https:\/\/www.youtube.com\/embed\/OQIYEPe6DWY?feature=oembed\" frameborder=\"0\" allow=\"accelerometer; autoplay; clipboard-write; encrypted-media; gyroscope; picture-in-picture; web-share\" referrerpolicy=\"strict-origin-when-cross-origin\" allowfullscreen><\/iframe>\n<\/div><figcaption><strong>Kraftwerk &#8211; Das Modell<\/strong><br><br>Sie ist ein Modell und sie sieht gut aus,<br>ich nehme sie heut&#8216; gerne mit zu mir nach Haus&#8216;.<br>Sie wirkt so k\u00fchl, an sie kommt niemand &#8218;ran,<br>doch vor der Kamera da zeigt sie, was sie kann.<br><br>Sie trinkt im Nachtclubszimmer Sekt (korr-ekt!)<br>und hat hier alle M\u00e4nner abgecheckt.<br>Im Scheinwerferlicht ihr junges L\u00e4cheln strahlt.<br>Sie sieht gut aus und Sch\u00f6nheit wird bezahlt.<br><br>Sie stellt sich zur Schau f\u00fcr das Konsumprodukt<br>und wird von Millionen Augen angeguckt.<br>Ihr neues Titelbild ist einfach fabelhaft.<br>Ich muss sie wiedersehen, ich weiss, sie hat&#8217;s geschafft<br><\/figcaption><\/figure>\n","protected":false},"excerpt":{"rendered":"<p>K Klaus Badelt !!DE https:\/\/m.youtube.com\/results?search_query=klaus+badelt Kraftwerk !!R74 https:\/\/m.youtube.com\/user\/KraftwerkCatalogue<\/p>\n","protected":false},"author":1,"featured_media":0,"parent":0,"menu_order":0,"comment_status":"closed","ping_status":"closed","template":"","meta":{"footnotes":""},"class_list":["post-50","page","type-page","status-publish","hentry"],"_links":{"self":[{"href":"https:\/\/0-zz.com\/de\/wp-json\/wp\/v2\/pages\/50","targetHints":{"allow":["GET"]}}],"collection":[{"href":"https:\/\/0-zz.com\/de\/wp-json\/wp\/v2\/pages"}],"about":[{"href":"https:\/\/0-zz.com\/de\/wp-json\/wp\/v2\/types\/page"}],"author":[{"embeddable":true,"href":"https:\/\/0-zz.com\/de\/wp-json\/wp\/v2\/users\/1"}],"replies":[{"embeddable":true,"href":"https:\/\/0-zz.com\/de\/wp-json\/wp\/v2\/comments?post=50"}],"version-history":[{"count":4,"href":"https:\/\/0-zz.com\/de\/wp-json\/wp\/v2\/pages\/50\/revisions"}],"predecessor-version":[{"id":138,"href":"https:\/\/0-zz.com\/de\/wp-json\/wp\/v2\/pages\/50\/revisions\/138"}],"wp:attachment":[{"href":"https:\/\/0-zz.com\/de\/wp-json\/wp\/v2\/media?parent=50"}],"curies":[{"name":"wp","href":"https:\/\/api.w.org\/{rel}","templated":true}]}}