{"id":40,"date":"2020-04-11T17:54:54","date_gmt":"2020-04-11T17:54:54","guid":{"rendered":"http:\/\/0-zz.com\/de\/?page_id=40"},"modified":"2022-01-13T09:26:08","modified_gmt":"2022-01-13T09:26:08","slug":"f","status":"publish","type":"page","link":"https:\/\/0-zz.com\/de\/f\/","title":{"rendered":"F"},"content":{"rendered":"\n<h2 class=\"wp-block-heading\">F<\/h2>\n\n\n\n<h2 class=\"wp-block-heading\">FALCO !!DE<\/h2>\n\n\n\n<p><a href=\"https:\/\/m.youtube.com\/channel\/UCMU63WkFaKXxg3I7uG-TDUg\">https:\/\/m.youtube.com\/channel\/UCMU63WkFaKXxg3I7uG-TDUg<\/a><\/p>\n\n\n\n<figure class=\"wp-block-embed is-type-video is-provider-youtube wp-block-embed-youtube wp-embed-aspect-16-9 wp-has-aspect-ratio\"><div class=\"wp-block-embed__wrapper\">\n<iframe loading=\"lazy\" title=\"Falco - Jeanny (Video)\" width=\"580\" height=\"326\" src=\"https:\/\/www.youtube.com\/embed\/Urw-iutHw5E?feature=oembed\" frameborder=\"0\" allow=\"accelerometer; autoplay; clipboard-write; encrypted-media; gyroscope; picture-in-picture; web-share\" referrerpolicy=\"strict-origin-when-cross-origin\" allowfullscreen><\/iframe>\n<\/div><figcaption><strong>Falco &#8211; Jeanny<\/strong><br><br>Jeanny, komm, come on<br>Steh auf &#8211; bitte, du wirst ganz na\u00df<br>Schon sp\u00e4t, komm &#8211; wir m\u00fcssen weg hier,<br>raus aus dem Wald, verstehst du nicht?<br>Wo ist dein Schuh, du hast ihn verloren,<br>als ich dir den Weg zeigen mu\u00dfte<br>Wer hat verloren? Du dich?<br>Ich mich? Oder, oder wir uns?<br><br>Jeanny, quit livin&#8216; on dreams<br>Jeanny, life is not what it seems<br>Such a lonely little girl in a cold, cold world<br>There&#8217;s someone who needs you<br>Jeanny, quit livin&#8216; on dreams<br>Jeanny, life is not what it seems<br>You&#8217;re lost in the night, don&#8217;t wanna struggle and fight<br>There&#8217;s someone, who needs you, babe<br><br>Es ist kalt, wir m\u00fcssen weg hier, komm<br>Dein Lippenstift ist verwischt<br>Du hast ihn gekauft und ich habe es gesehen<br>Zuviel rot auf deinen Lippen und du hast gesagt:<br>&#8222;Mach mich nicht an&#8220;<br>Aber du warst durchschaut, Augen sagen mehr als Worte<br>Du brauchst mich doch, hmh?<br>Alle wissen, da\u00df wir zusammen sind ab heute,<br>jetzt h\u00f6r ich sie! Sie kommen<br>Sie kommen, dich zu holen<br>Sie werden dich nicht finden<br>Niemand wird dich finden, du bist bei mir<br><br>Jeanny, &#8230;<br><br>Newsflash: In den letzten Monaten ist die Zahl der vermi\u00dften Personen dramatisch angestiegen. Die j\u00fcngste Ver\u00f6ffentlichung der lokalen Polizeibeh\u00f6rde berichtet von einem weiteren tragischen Fall. Es handelt sich um ein neunzehnj\u00e4hriges M\u00e4dchen, das zuletzt vor vierzehn Tagen gesehen wurde. Die Polizei schlie\u00dft die M\u00f6glichkeit nicht aus, da\u00df es sich hier um ein Verbrechen handelt.<br><br>Jeanny<br>Jeanny, &#8230;<\/figcaption><\/figure>\n\n\n\n<figure class=\"wp-block-embed is-type-video is-provider-youtube wp-block-embed-youtube wp-embed-aspect-4-3 wp-has-aspect-ratio\"><div class=\"wp-block-embed__wrapper\">\n<iframe loading=\"lazy\" title=\"Falco - Out Of The Dark [Official Music Video]\" width=\"580\" height=\"435\" src=\"https:\/\/www.youtube.com\/embed\/cyrdPtEHKzE?feature=oembed\" frameborder=\"0\" allow=\"accelerometer; autoplay; clipboard-write; encrypted-media; gyroscope; picture-in-picture; web-share\" referrerpolicy=\"strict-origin-when-cross-origin\" allowfullscreen><\/iframe>\n<\/div><figcaption><strong>Falco &#8211; Out Of The Dark<\/strong><br><br>Ich krieg von Dir niemals genug, Du bist in jedem Atemzug<br>alles dreht sich nur um Dich, warum ausgerechnet Ich<br>z\u00e4hl die Stunden, die Sekunden<br>doch die Zeit scheint still zu stehn<br>hab mich geschunden, gewunden, la\u00df mich gehen<br>was willst Du noch &#8211; willst Du meine Tage z\u00e4hln<br>warum mu\u00dft Du mich mit meiner Sehnsucht qu\u00e4len<br>Deine H\u00f6lle &#8211; brennt in mir &#8211; Du bist mein \u00dcberlebenselexier<br>Ich bin Zerrissen &#8211; wann kommst Du meine Wunden k\u00fcssen ?<br><br>Ref.<br>OUT OF THE DARK &#8211; h\u00f6rst Du die Stimme die Dir sagt<br>INTO THE LIGHT &#8211; I GIVE UP AND CLOSE MY EYES<br>OUT OF THE DARK &#8211; h\u00f6rst Du die Stimme die Dir sagt<br>INTO THE LIGHT &#8211;<br>I GIVE UP AND YOU WASTE YOUR TEARS &#8211; TO THE NIGHT<br><br><br>Ich bin bereit, denn es ist Zeit<br>f\u00fcr unsern Pakt \u00fcber die Ewigkeit<br>Du bist schon da, ganz nah, ich kann Dich sp\u00fcrn<br>la\u00df mich verf\u00fchrn, la\u00df mich entf\u00fchrn<br>heute Nacht zum letzten mal Ich bin in Deiner Macht<br>Reich mir die Hand, mein Leben, nenn mir den Preis<br>Ich schenk dir Gestern, Heut und Morgen<br>dann schlie\u00dft sich der Kreis<br>kein Weg zur\u00fcck, das wei\u00dfe Licht kommt n\u00e4her<br>St\u00fcck f\u00fcr St\u00fcck<br>Will mich ergeben &#8211;<br>mu\u00df ich denn sterben &#8211; um zu leben ?<br><br>Ref.<br>OUT OF THE DARK &#8211; h\u00f6rst Du die Stimme die Dir sagt<br>INTO THE LIGHT &#8211; I GIVE UP AND CLOSE MY EYES<br>OUT OF THE DARK &#8211; h\u00f6rst Du die Stimme die Dir sagt<br>INTO THE LIGHT &#8211;<br>I GIVE UP AND YOU WASTE YOUR TEARS &#8211; TO THE NIGHT<br><br><br>Ref.<br>OUT OF THE DARK &#8211; h\u00f6rst Du die Stimme die Dir sagt<br>INTO THE LIGHT &#8211; I GIVE UP AND CLOSE MY EYES<br>OUT OF THE DARK &#8211; h\u00f6rst Du die Stimme die Dir sagt<br>INTO THE LIGHT &#8211;<br>I GIVE UP AND YOU WASTE YOUR TEARS &#8211; TO THE NIGHT<\/figcaption><\/figure>\n\n\n\n<figure class=\"wp-block-embed is-type-video is-provider-youtube wp-block-embed-youtube wp-embed-aspect-4-3 wp-has-aspect-ratio\"><div class=\"wp-block-embed__wrapper\">\n<iframe loading=\"lazy\" title=\"Falco - Rock Me Amadeus (Official Video)\" width=\"580\" height=\"435\" src=\"https:\/\/www.youtube.com\/embed\/cVikZ8Oe_XA?feature=oembed\" frameborder=\"0\" allow=\"accelerometer; autoplay; clipboard-write; encrypted-media; gyroscope; picture-in-picture; web-share\" referrerpolicy=\"strict-origin-when-cross-origin\" allowfullscreen><\/iframe>\n<\/div><figcaption><strong>Falco &#8211; Rock Me Amadeus<\/strong><br><br>Er war ein Punker<br>Und er lebte in der grossen Stadt<br>Es war in Wien, war Vienna<br>Wo er alles tat<br>Er hatte Schulden denn er trank<br>Doch ihn liebten alle Frauen<br>Und jede rief:<br>Come and rock me Amadeus<br><br>Er war Superstar<br>Er war populaer<br>Er war so exaltiert<br>Because er hatte Flair<br>Er war ein Virtuose<br>War ein Rockidol<br>Und alles rief:<br>Come and rock me Amadeus<br>Amadeus, Amadeus&#8230;<br><br>Es war um siebzehnhundertachtzig<br>Und es war in Wien<br>No plastic money anymore<br>Die Banken gegen ihn<br>Woher die Schulden kamen<br>War wohl jedermann bekannt<br>Er war ein Mann der Frauen<br>Frauen liebten seinen Punk<br><br>Er war Superstar<br>Er war populaer<br>Er war so exaltiert<br>Genau das war sein Flair<br>Er war ein Virtuose<br>War ein Rockidol<br>Und alles ruft noch heute:<br>Come and rock me Amadeus<br>Amadeus, Amadeus&#8230;<\/figcaption><\/figure>\n\n\n\n<h2 class=\"wp-block-heading\">Frank Farian !!DE<\/h2>\n\n\n\n<p><a href=\"https:\/\/m.youtube.com\/results?search_query=frank+farian\">https:\/\/m.youtube.com\/results?search_query=frank+farian<\/a><\/p>\n","protected":false},"excerpt":{"rendered":"<p>F FALCO !!DE https:\/\/m.youtube.com\/channel\/UCMU63WkFaKXxg3I7uG-TDUg Frank Farian !!DE https:\/\/m.youtube.com\/results?search_query=frank+farian<\/p>\n","protected":false},"author":1,"featured_media":0,"parent":0,"menu_order":0,"comment_status":"closed","ping_status":"closed","template":"","meta":{"footnotes":""},"class_list":["post-40","page","type-page","status-publish","hentry"],"_links":{"self":[{"href":"https:\/\/0-zz.com\/de\/wp-json\/wp\/v2\/pages\/40","targetHints":{"allow":["GET"]}}],"collection":[{"href":"https:\/\/0-zz.com\/de\/wp-json\/wp\/v2\/pages"}],"about":[{"href":"https:\/\/0-zz.com\/de\/wp-json\/wp\/v2\/types\/page"}],"author":[{"embeddable":true,"href":"https:\/\/0-zz.com\/de\/wp-json\/wp\/v2\/users\/1"}],"replies":[{"embeddable":true,"href":"https:\/\/0-zz.com\/de\/wp-json\/wp\/v2\/comments?post=40"}],"version-history":[{"count":6,"href":"https:\/\/0-zz.com\/de\/wp-json\/wp\/v2\/pages\/40\/revisions"}],"predecessor-version":[{"id":132,"href":"https:\/\/0-zz.com\/de\/wp-json\/wp\/v2\/pages\/40\/revisions\/132"}],"wp:attachment":[{"href":"https:\/\/0-zz.com\/de\/wp-json\/wp\/v2\/media?parent=40"}],"curies":[{"name":"wp","href":"https:\/\/api.w.org\/{rel}","templated":true}]}}