{"id":51,"date":"2022-02-17T20:52:14","date_gmt":"2022-02-17T20:52:14","guid":{"rendered":"https:\/\/0-zz.com\/bm\/?page_id=51"},"modified":"2022-03-16T17:44:57","modified_gmt":"2022-03-16T17:44:57","slug":"n","status":"publish","type":"page","link":"https:\/\/0-zz.com\/bm\/n\/","title":{"rendered":"N"},"content":{"rendered":"<h2>n &#8211; bm\/n &#8211; BMN<\/h2>\n\n\n<figure class=\"wp-block-embed is-type-video is-provider-youtube wp-block-embed-youtube wp-embed-aspect-16-9 wp-has-aspect-ratio\"><div class=\"wp-block-embed__wrapper\">\n<iframe loading=\"lazy\" title=\"Max Manie - Sunday (KlangTherapeuten Remix)\" width=\"580\" height=\"326\" src=\"https:\/\/www.youtube.com\/embed\/ugkK6_XmsaQ?feature=oembed\" frameborder=\"0\" allow=\"accelerometer; autoplay; clipboard-write; encrypted-media; gyroscope; picture-in-picture; web-share\" referrerpolicy=\"strict-origin-when-cross-origin\" allowfullscreen><\/iframe>\n<\/div><\/figure>\n\n\n\n<h2 class=\"wp-block-heading\" id=\"max-manie-sunday-klangtherapeuten-remix\">Max Manie &#8211; Sunday (KlangTherapeuten Remix)<\/h2>\n\n\n\n<p>85M views&nbsp;\u00b7&nbsp;9 years ago<\/p>\n\n\n\n<h2 class=\"wp-block-heading\" id=\"thesoundyouneed\">TheSoundYouNeed<\/h2>\n\n\n\n<p>SUBSCRIBED 5.58M subscribers<\/p>\n\n\n\n<p><a href=\"https:\/\/m.youtube.com\/channel\/UCudKvbd6gvbm5UCYRk5tZKA\">https:\/\/m.youtube.com\/channel\/UCudKvbd6gvbm5UCYRk5tZKA<\/a><\/p>\n\n\n\n<p>Will fall<br>Move out, moves deep<br>Down down<br>Will fall<br>Move on, no see good man.<\/p>\n\n\n\n<p>Will fall<br>Move out, moves deep<br>Down down<br>Will fall<br>Move on, no see good man.<\/p>\n\n\n\n<p>Will fall<br>Move out, moves deep<br>Down down<br>Will fall<br>Move on, no see good man.<\/p>\n\n\n\n<p>Will fall<br>Move out, moves deep<br>Down down<br>Will fall<br>Move on, no see good man.<\/p>\n\n\n\n<p>Will fall<br>Move out, moves deep<br>Down down<br>Will fall<br>Move on, no see good man<\/p>\n\n\n\n<p>Will fall<br>Move out, moves deep<br>Down down<br>Will fall<br>Move on, no see good man.<\/p>\n\n\n\n<p>\u0179r\u00f3d\u0142o:&nbsp;Musixmatch Autorzy utworu: Maximilian Schimke<\/p>\n\n\n\n<hr class=\"wp-block-separator\"\/>\n\n\n\n<h4 class=\"wp-block-heading\">0-zz.com\/0 &#8211; 0-zz.com\/z :<\/h4>\n\n\n\n<p><small><strong><a href=\"http:\/\/0-zz.com\/0\">1\ufe0f\u20e31\ufe0f\u20e3-0<\/a> |<a href=\"http:\/\/0-zz.com\/1\">1\ufe0f\u20e32\ufe0f\u20e3-1<\/a> |<a href=\"http:\/\/0-zz.com\/2\">1\ufe0f\u20e33\ufe0f\u20e3-2<\/a> |<a href=\"http:\/\/0-zz.com\/3\">1\ufe0f\u20e34\ufe0f\u20e3-3<\/a> |<a href=\"http:\/\/0-zz.com\/4\">1\ufe0f\u20e35\ufe0f\u20e3-4<\/a> |<a href=\"http:\/\/0-zz.com\/5\">1\ufe0f\u20e36\ufe0f\u20e3-5<\/a> <\/strong><\/small><br><small> <strong><a href=\"http:\/\/0-zz.com\/6\">2\ufe0f\u20e31\ufe0f\u20e3-6<\/a> |<a href=\"http:\/\/0-zz.com\/7\">2\ufe0f\u20e32\ufe0f\u20e3-7<\/a> |<a href=\"http:\/\/0-zz.com\/8\">2\ufe0f\u20e33\ufe0f\u20e3-8<\/a> |<a href=\"http:\/\/0-zz.com\/9\">2\ufe0f\u20e34\ufe0f\u20e3-9<\/a> |<a href=\"http:\/\/0-zz.com\/a\">2\ufe0f\u20e35\ufe0f\u20e3-A<\/a> |<a href=\"http:\/\/0-zz.com\/b\">2\ufe0f\u20e36\ufe0f\u20e3-B<\/a><\/strong><\/small><br><small> <strong><a href=\"http:\/\/0-zz.com\/c\">3\ufe0f\u20e31\ufe0f\u20e3-C<\/a> |<a href=\"http:\/\/0-zz.com\/d\">3\ufe0f\u20e32\ufe0f\u20e3-D<\/a> |<a href=\"http:\/\/0-zz.com\/e\">3\ufe0f\u20e33\ufe0f\u20e3-E<\/a> |<a href=\"http:\/\/0-zz.com\/f\">3\ufe0f\u20e34\ufe0f\u20e3-F<\/a> |<a href=\"http:\/\/0-zz.com\/g\">3\ufe0f\u20e35\ufe0f\u20e3-G<\/a> |<a href=\"http:\/\/0-zz.com\/h\">3\ufe0f\u20e36\ufe0f\u20e3-H<\/a><\/strong><\/small><br><small> <strong><a href=\"http:\/\/0-zz.com\/i\">4\ufe0f\u20e31\ufe0f\u20e3-I<\/a> |<a href=\"http:\/\/0-zz.com\/j\">4\ufe0f\u20e32\ufe0f\u20e3-J<\/a> |<a href=\"http:\/\/0-zz.com\/k\">4\ufe0f\u20e33\ufe0f\u20e3-K<\/a> |<a href=\"http:\/\/0-zz.com\/l\">4\ufe0f\u20e34\ufe0f\u20e3-L<\/a> |<a href=\"http:\/\/0-zz.com\/m\">4\ufe0f\u20e35\ufe0f\u20e3-M<\/a> |<a href=\"http:\/\/0-zz.com\/n\">4\ufe0f\u20e36\ufe0f\u20e3-N<\/a><\/strong><\/small><br><small> <strong><a href=\"http:\/\/0-zz.com\/o\">5\ufe0f\u20e31\ufe0f\u20e3-O<\/a> |<a href=\"http:\/\/0-zz.com\/p\">5\ufe0f\u20e32\ufe0f\u20e3-P<\/a> |<a href=\"http:\/\/0-zz.com\/q\">5\ufe0f\u20e33\ufe0f\u20e3-Q<\/a> |<a href=\"http:\/\/0-zz.com\/r\">5\ufe0f\u20e34\ufe0f\u20e3-R<\/a> |<a href=\"http:\/\/0-zz.com\/s\">5\ufe0f\u20e35\ufe0f\u20e3-S<\/a> |<a href=\"http:\/\/0-zz.com\/t\">5\ufe0f\u20e36\ufe0f\u20e3-T<\/a><\/strong><\/small><br><small> <strong><a href=\"http:\/\/0-zz.com\/u\">6\ufe0f\u20e31\ufe0f\u20e3-U<\/a> |<a href=\"http:\/\/0-zz.com\/v\">6\ufe0f\u20e32\ufe0f\u20e3-V<\/a> |<a href=\"http:\/\/0-zz.com\/w\">6\ufe0f\u20e33\ufe0f\u20e3-W<\/a> |<a href=\"http:\/\/0-zz.com\/x\">6\ufe0f\u20e34\ufe0f\u20e3-X<\/a> |<a href=\"http:\/\/0-zz.com\/y\">6\ufe0f\u20e35\ufe0f\u20e3-Y<\/a> |<a href=\"http:\/\/0-zz.com\/z\">6\ufe0f\u20e36\ufe0f\u20e3-Z<\/a><\/strong><\/small><\/p>\n\n\n\n<p>Roll 2 dice ?? 1\ufe0f\u20e32\ufe0f\u20e33\ufe0f\u20e34\ufe0f\u20e35\ufe0f\u20e36\ufe0f\u20e3<\/p>\n\n\n\n<p><a href=\"https:\/\/www.random.org\/dice\/\">https:\/\/www.random.org\/dice\/<\/a><\/p>\n\n\n\n<p><a href=\"https:\/\/www.google.com\/search?q=dice+roller\">https:\/\/www.google.com\/search?q=dice+roller<\/a><\/p>\n\n\n\n<hr class=\"wp-block-separator\"\/>\n\n\n\n<p><a href=\"https:\/\/12r.pl\/ea\/\">12r.pl\/ea<\/a>&nbsp;-&gt;&nbsp;<a href=\"https:\/\/12r.uk\/ea\/\">12r.uk\/ea<\/a>&nbsp;-&gt;&nbsp;<a href=\"https:\/\/7hi7.com\/ea\/\">7hi7.com\/ea<\/a><\/p>\n\n\n\n<p>Wikipedia.org &#8211; Play game &#8211; portals, categories, states, cities, capital cities<\/p>\n","protected":false},"excerpt":{"rendered":"<p>n &#8211; bm\/n &#8211; BMN Max Manie &#8211; Sunday (KlangTherapeuten Remix) 85M views&nbsp;\u00b7&nbsp;9 years ago TheSoundYouNeed SUBSCRIBED 5.58M subscribers https:\/\/m.youtube.com\/channel\/UCudKvbd6gvbm5UCYRk5tZKA Will fallMove out, moves deepDown downWill fallMove on, no see good man. Will fallMove out, moves deepDown downWill fallMove on, no see good man. Will fallMove out, moves deepDown downWill fallMove on, no see good [&hellip;]<\/p>\n","protected":false},"author":1,"featured_media":0,"parent":0,"menu_order":0,"comment_status":"closed","ping_status":"closed","template":"","meta":{"footnotes":""},"class_list":["post-51","page","type-page","status-publish","hentry"],"_links":{"self":[{"href":"https:\/\/0-zz.com\/bm\/wp-json\/wp\/v2\/pages\/51","targetHints":{"allow":["GET"]}}],"collection":[{"href":"https:\/\/0-zz.com\/bm\/wp-json\/wp\/v2\/pages"}],"about":[{"href":"https:\/\/0-zz.com\/bm\/wp-json\/wp\/v2\/types\/page"}],"author":[{"embeddable":true,"href":"https:\/\/0-zz.com\/bm\/wp-json\/wp\/v2\/users\/1"}],"replies":[{"embeddable":true,"href":"https:\/\/0-zz.com\/bm\/wp-json\/wp\/v2\/comments?post=51"}],"version-history":[{"count":4,"href":"https:\/\/0-zz.com\/bm\/wp-json\/wp\/v2\/pages\/51\/revisions"}],"predecessor-version":[{"id":243,"href":"https:\/\/0-zz.com\/bm\/wp-json\/wp\/v2\/pages\/51\/revisions\/243"}],"wp:attachment":[{"href":"https:\/\/0-zz.com\/bm\/wp-json\/wp\/v2\/media?parent=51"}],"curies":[{"name":"wp","href":"https:\/\/api.w.org\/{rel}","templated":true}]}}