{"id":2,"date":"2022-02-17T20:41:23","date_gmt":"2022-02-17T20:41:23","guid":{"rendered":"https:\/\/0-zz.com\/bm\/?page_id=2"},"modified":"2023-02-23T07:31:20","modified_gmt":"2023-02-23T07:31:20","slug":"0-2","status":"publish","type":"page","link":"https:\/\/0-zz.com\/bm\/0-2\/","title":{"rendered":"0"},"content":{"rendered":"<h2>0 &#8211; bm\/0 &#8211; BM0<\/h2>\n<p><iframe loading=\"lazy\" title=\"Monsieur P\u00e9rin\u00e9 - Nuestra canci\u00f3n\" width=\"580\" height=\"326\" src=\"https:\/\/www.youtube.com\/embed\/KY6-Svb0xtM?feature=oembed\" frameborder=\"0\" allow=\"accelerometer; autoplay; clipboard-write; encrypted-media; gyroscope; picture-in-picture; web-share\" referrerpolicy=\"strict-origin-when-cross-origin\" allowfullscreen><\/iframe><\/p>\n\n\n<h2 class=\"wp-block-heading\" id=\"monsieur-perine-nuestra-cancion-ft-vicente-garcia\">Monsieur Perin\u00e9 &#8211; Nuestra Canci\u00f3n ft. Vicente Garc\u00eda<\/h2>\n\n\n\n<p>4M views&nbsp;\u00b7&nbsp;5 years ago<\/p>\n\n\n\n<h2 class=\"wp-block-heading\" id=\"monsieur-perine\">Monsieur Perin\u00e9<\/h2>\n\n\n\n<p>SUBSCRIBED 493K subscribers<\/p>\n\n\n\n<p><a href=\"https:\/\/m.youtube.com\/channel\/UCWUnYzfIVQp5Vterkw-1GFA\">https:\/\/m.youtube.com\/channel\/UCWUnYzfIVQp5Vterkw-1GFA<\/a><\/p>\n\n\n\n<p>Te dije adi\u00f3s<br>Llegaste tarde para despedirnos<br>Y si el destino apresurado quiso herirnos<br>Yo descubr\u00ed una soluci\u00f3n para el dolor<\/p>\n\n\n\n<p>Hice la canci\u00f3n<br>Que me ped\u00edas cuando a\u00fan no te quer\u00eda<br>Y prometiste enamorarme alg\u00fan d\u00eda<br>Mientras re\u00edas, el sol acarici\u00f3 mi coraz\u00f3n<\/p>\n\n\n\n<p>Con flores te llevaste mi tristeza<br>Con colores dibujaste la nobleza de la mano<br>A tu lado creci\u00f3 nuestra ilusi\u00f3n<\/p>\n\n\n\n<p>A ciegas<br>Nos entregamos, aunque muchos se opusieran<br>Disimulamos nuestro amor<br>Nos inventamos en cada rinc\u00f3n nuestra canci\u00f3n<\/p>\n\n\n\n<p>No fue el adi\u00f3s<br>Suficiente para despedirnos<br>Y si el destino no lograba predecirlo<br>T\u00fa me ense\u00f1aste una soluci\u00f3n para el dolor<\/p>\n\n\n\n<p>Fue la canci\u00f3n<br>Que te ped\u00eda cuando a\u00fan no me quer\u00edas<br>Cuando era todo pura fantas\u00eda<br>\u00bfQui\u00e9n lo dir\u00eda? El sol hizo brillar tu coraz\u00f3n<\/p>\n\n\n\n<p>Con flores recordaba tu belleza<br>Con colores te tomaba por sorpresa de la mano<br>A tu lado creci\u00f3 nuestra ilusi\u00f3n<\/p>\n\n\n\n<p>A ciegas<br>Nos entregamos, aunque muchos se opusieran<br>Disimulamos nuestro amor<br>Nos inventamos en cada rinc\u00f3n nuestra canci\u00f3n<\/p>\n\n\n\n<p>Dile a la jardinera que traigo flores<br>Dile a la jardinera que traigo amor<br>Dile a la jardinera que traigo flores<br>Dile a la jardinera que traigo amor<\/p>\n\n\n\n<p>Con flores te llevaste mi tristeza<br>Con colores dibujaste la nobleza de la mano<br>A tu lado creci\u00f3 nuestra ilusi\u00f3n<\/p>\n\n\n\n<p>A ciegas<br>Nos entregamos, aunque muchos se opusieran<br>Disimulamos nuestro amor<br>Nos inventamos en cada rinc\u00f3n nuestra canci\u00f3n<\/p>\n\n\n\n<p>\u0179r\u00f3d\u0142o:&nbsp;Musixmatch Autorzy utworu: Catalina Garcia \/ Santiago Prieto<\/p>\n\n\n\n<hr class=\"wp-block-separator has-css-opacity\"\/>\n\n\n\n<h4 class=\"wp-block-heading\">0-zz.com\/0 &#8211; 0-zz.com\/z :<\/h4>\n\n\n\n<p><small><strong><a href=\"http:\/\/0-zz.com\/0\">1\ufe0f\u20e31\ufe0f\u20e3-0<\/a> |<a href=\"http:\/\/0-zz.com\/1\">1\ufe0f\u20e32\ufe0f\u20e3-1<\/a> |<a href=\"http:\/\/0-zz.com\/2\">1\ufe0f\u20e33\ufe0f\u20e3-2<\/a> |<a href=\"http:\/\/0-zz.com\/3\">1\ufe0f\u20e34\ufe0f\u20e3-3<\/a> |<a href=\"http:\/\/0-zz.com\/4\">1\ufe0f\u20e35\ufe0f\u20e3-4<\/a> |<a href=\"http:\/\/0-zz.com\/5\">1\ufe0f\u20e36\ufe0f\u20e3-5<\/a> <\/strong><\/small><br><small> <strong><a href=\"http:\/\/0-zz.com\/6\">2\ufe0f\u20e31\ufe0f\u20e3-6<\/a> |<a href=\"http:\/\/0-zz.com\/7\">2\ufe0f\u20e32\ufe0f\u20e3-7<\/a> |<a href=\"http:\/\/0-zz.com\/8\">2\ufe0f\u20e33\ufe0f\u20e3-8<\/a> |<a href=\"http:\/\/0-zz.com\/9\">2\ufe0f\u20e34\ufe0f\u20e3-9<\/a> |<a href=\"http:\/\/0-zz.com\/a\">2\ufe0f\u20e35\ufe0f\u20e3-A<\/a> |<a href=\"http:\/\/0-zz.com\/b\">2\ufe0f\u20e36\ufe0f\u20e3-B<\/a><\/strong><\/small><br><small> <strong><a href=\"http:\/\/0-zz.com\/c\">3\ufe0f\u20e31\ufe0f\u20e3-C<\/a> |<a href=\"http:\/\/0-zz.com\/d\">3\ufe0f\u20e32\ufe0f\u20e3-D<\/a> |<a href=\"http:\/\/0-zz.com\/e\">3\ufe0f\u20e33\ufe0f\u20e3-E<\/a> |<a href=\"http:\/\/0-zz.com\/f\">3\ufe0f\u20e34\ufe0f\u20e3-F<\/a> |<a href=\"http:\/\/0-zz.com\/g\">3\ufe0f\u20e35\ufe0f\u20e3-G<\/a> |<a href=\"http:\/\/0-zz.com\/h\">3\ufe0f\u20e36\ufe0f\u20e3-H<\/a><\/strong><\/small><br><small> <strong><a href=\"http:\/\/0-zz.com\/i\">4\ufe0f\u20e31\ufe0f\u20e3-I<\/a> |<a href=\"http:\/\/0-zz.com\/j\">4\ufe0f\u20e32\ufe0f\u20e3-J<\/a> |<a href=\"http:\/\/0-zz.com\/k\">4\ufe0f\u20e33\ufe0f\u20e3-K<\/a> |<a href=\"http:\/\/0-zz.com\/l\">4\ufe0f\u20e34\ufe0f\u20e3-L<\/a> |<a href=\"http:\/\/0-zz.com\/m\">4\ufe0f\u20e35\ufe0f\u20e3-M<\/a> |<a href=\"http:\/\/0-zz.com\/n\">4\ufe0f\u20e36\ufe0f\u20e3-N<\/a><\/strong><\/small><br><small> <strong><a href=\"http:\/\/0-zz.com\/o\">5\ufe0f\u20e31\ufe0f\u20e3-O<\/a> |<a href=\"http:\/\/0-zz.com\/p\">5\ufe0f\u20e32\ufe0f\u20e3-P<\/a> |<a href=\"http:\/\/0-zz.com\/q\">5\ufe0f\u20e33\ufe0f\u20e3-Q<\/a> |<a href=\"http:\/\/0-zz.com\/r\">5\ufe0f\u20e34\ufe0f\u20e3-R<\/a> |<a href=\"http:\/\/0-zz.com\/s\">5\ufe0f\u20e35\ufe0f\u20e3-S<\/a> |<a href=\"http:\/\/0-zz.com\/t\">5\ufe0f\u20e36\ufe0f\u20e3-T<\/a><\/strong><\/small><br><small> <strong><a href=\"http:\/\/0-zz.com\/u\">6\ufe0f\u20e31\ufe0f\u20e3-U<\/a> |<a href=\"http:\/\/0-zz.com\/v\">6\ufe0f\u20e32\ufe0f\u20e3-V<\/a> |<a href=\"http:\/\/0-zz.com\/w\">6\ufe0f\u20e33\ufe0f\u20e3-W<\/a> |<a href=\"http:\/\/0-zz.com\/x\">6\ufe0f\u20e34\ufe0f\u20e3-X<\/a> |<a href=\"http:\/\/0-zz.com\/y\">6\ufe0f\u20e35\ufe0f\u20e3-Y<\/a> |<a href=\"http:\/\/0-zz.com\/z\">6\ufe0f\u20e36\ufe0f\u20e3-Z<\/a><\/strong><\/small><\/p>\n\n\n\n<p>Roll 2 dice ?? 1\ufe0f\u20e32\ufe0f\u20e33\ufe0f\u20e34\ufe0f\u20e35\ufe0f\u20e36\ufe0f\u20e3<\/p>\n\n\n\n<p><a href=\"https:\/\/www.random.org\/dice\/\">https:\/\/www.random.org\/dice\/<\/a><\/p>\n\n\n\n<p><a href=\"https:\/\/www.google.com\/search?q=dice+roller\">https:\/\/www.google.com\/search?q=dice+roller<\/a><\/p>\n\n\n\n<hr class=\"wp-block-separator has-css-opacity\"\/>\n\n\n\n<p><a href=\"https:\/\/12r.pl\/ea\/\">12r.pl\/ea<\/a>&nbsp;-&gt;&nbsp;<a href=\"https:\/\/12r.uk\/ea\/\">12r.uk\/ea<\/a>&nbsp;-&gt;&nbsp;<a href=\"https:\/\/7hi7.com\/ea\/\">7hi7.com\/ea<\/a><\/p>\n\n\n\n<p>Wikipedia.org &#8211; Play game &#8211; portals, categories, states, cities, capital cities<\/p>\n","protected":false},"excerpt":{"rendered":"<p>0 &#8211; bm\/0 &#8211; BM0 Monsieur Perin\u00e9 &#8211; Nuestra Canci\u00f3n ft. Vicente Garc\u00eda 4M views&nbsp;\u00b7&nbsp;5 years ago Monsieur Perin\u00e9 SUBSCRIBED 493K subscribers https:\/\/m.youtube.com\/channel\/UCWUnYzfIVQp5Vterkw-1GFA Te dije adi\u00f3sLlegaste tarde para despedirnosY si el destino apresurado quiso herirnosYo descubr\u00ed una soluci\u00f3n para el dolor Hice la canci\u00f3nQue me ped\u00edas cuando a\u00fan no te quer\u00edaY prometiste enamorarme alg\u00fan d\u00edaMientras [&hellip;]<\/p>\n","protected":false},"author":1,"featured_media":0,"parent":0,"menu_order":0,"comment_status":"closed","ping_status":"open","template":"","meta":{"footnotes":""},"class_list":["post-2","page","type-page","status-publish","hentry"],"_links":{"self":[{"href":"https:\/\/0-zz.com\/bm\/wp-json\/wp\/v2\/pages\/2","targetHints":{"allow":["GET"]}}],"collection":[{"href":"https:\/\/0-zz.com\/bm\/wp-json\/wp\/v2\/pages"}],"about":[{"href":"https:\/\/0-zz.com\/bm\/wp-json\/wp\/v2\/types\/page"}],"author":[{"embeddable":true,"href":"https:\/\/0-zz.com\/bm\/wp-json\/wp\/v2\/users\/1"}],"replies":[{"embeddable":true,"href":"https:\/\/0-zz.com\/bm\/wp-json\/wp\/v2\/comments?post=2"}],"version-history":[{"count":6,"href":"https:\/\/0-zz.com\/bm\/wp-json\/wp\/v2\/pages\/2\/revisions"}],"predecessor-version":[{"id":257,"href":"https:\/\/0-zz.com\/bm\/wp-json\/wp\/v2\/pages\/2\/revisions\/257"}],"wp:attachment":[{"href":"https:\/\/0-zz.com\/bm\/wp-json\/wp\/v2\/media?parent=2"}],"curies":[{"name":"wp","href":"https:\/\/api.w.org\/{rel}","templated":true}]}}