{"id":93,"date":"2022-02-21T23:47:55","date_gmt":"2022-02-22T11:47:55","guid":{"rendered":"https:\/\/0-zz.com\/04\/?page_id=93"},"modified":"2022-04-28T22:36:38","modified_gmt":"2022-04-29T10:36:38","slug":"y","status":"publish","type":"page","link":"https:\/\/0-zz.com\/04\/y\/","title":{"rendered":"Y"},"content":{"rendered":"\n<h2 class=\"wp-block-heading\" id=\"y-04-y-04y\">y &#8211; 04\/y &#8211; 04Y<\/h2>\n\n\n\n<figure class=\"wp-block-embed is-type-video is-provider-youtube wp-block-embed-youtube wp-embed-aspect-16-9 wp-has-aspect-ratio\"><div class=\"wp-block-embed__wrapper\">\n<iframe loading=\"lazy\" title=\"Patrycja Markowska - Dzien Za Dniem\" width=\"580\" height=\"326\" src=\"https:\/\/www.youtube.com\/embed\/vpIjtdWzJC8?feature=oembed\" frameborder=\"0\" allow=\"accelerometer; autoplay; clipboard-write; encrypted-media; gyroscope; picture-in-picture; web-share\" referrerpolicy=\"strict-origin-when-cross-origin\" allowfullscreen><\/iframe>\n<\/div><\/figure>\n\n\n\n<h2 class=\"wp-block-heading\" id=\"patrycja-markowska-dzien-za-dniem\">Patrycja Markowska &#8211; Dzien Za Dniem<\/h2>\n\n\n\n<p>7M views&nbsp;\u00b7&nbsp;8 years ago<\/p>\n\n\n\n<h2 class=\"wp-block-heading\" id=\"patrycja-markowska\">Patrycja Markowska<\/h2>\n\n\n\n<p>SUBSCRIBED 57.6K subscribers<\/p>\n\n\n\n<p><a href=\"https:\/\/m.youtube.com\/channel\/UCKtHJBAFD5kc__AFvAv36ew\">https:\/\/m.youtube.com\/channel\/UCKtHJBAFD5kc__AFvAv36ew<\/a><\/p>\n\n\n\n<p>Kiedy ka\u017c\u0105 biec, chwil\u0119 wstrzymaj si\u0119<br>Kiedy wojn\u0119 chc\u0105, \u015bpiewaj po\u015br\u00f3d \u0142\u0105k<br>Kiedy m\u00f3wi\u0105, jak \u015bni\u0107, lepiej wymaza\u0107 sny i tak<br>Kiedy m\u00f3wi\u0105, jak \u017cy\u0107, zamknij oczy i skacz<\/p>\n\n\n\n<p>Gdy wypada l\u015bni\u0107, niewidzialny id\u017a<br>Kiedy krzyczy \u015bwiat, chc\u0119 go w szeptach bra\u0107<br>Kiedy prosz\u0105 o \u0142ad, potargajmy nasz dom od tak<br>Je\u015bli dobrze to znasz, znasz tez i mnie<\/p>\n\n\n\n<p>Dzie\u0144 za dniem, zawracaj rzeki bieg<br>Dzie\u0144 za dniem, znikaj\u0105c w cieniu drzew<br>\u015amiej si\u0119 i ta\u0144cz, niech pl\u0105cze nam w\u0142osy wiatr<br>Je\u015bli dobrze to znasz, znasz te\u017c i mnie<\/p>\n\n\n\n<p>Kiedy gubi nas nat\u0142ok ma\u0142ych spraw<br>Kiedy potok sn\u00f3w w krople zmienia czas<br>\u015apiewaj pod niebem gwiazd, nie oczekuj\u0105c braw<br>Je\u015bli dobrze to znasz, znasz te\u017c i mnie<\/p>\n\n\n\n<p>Dzie\u0144 za dniem, zawracaj rzeki bieg<br>Dzie\u0144 za dniem, znikaj\u0105c w cieniu drzew<br>\u015amiej si\u0119 i ta\u0144cz, niech pl\u0105cze nam w\u0142osy wiatr<br>Je\u015bli dobrze to znasz<\/p>\n\n\n\n<p>Chcia\u0142am cofn\u0105\u0107 czas<br>Cofn\u0105\u0107 rzeki bieg<br>Zetrze\u0107 ka\u017cdy \u015blad<br>Znikn\u0105\u0107 w cieniu drzew<\/p>\n\n\n\n<p>\u015amiej si\u0119 i ta\u0144cz, niech pl\u0105cze nam w\u0142osy wiatr<br>Otw\u00f3rz oczy i patrz, jak dobrze to znasz<\/p>\n\n\n\n<figure class=\"wp-block-table\"><table><tbody><tr><th>Autor tekstu:<\/th><td>Patrycja Markowska, Rafa\u0142 S\u0119dek<\/td><\/tr><tr><th>Kompozytor:<\/th><td>Wojciech Horny, Rafa\u0142 S\u0119dek, Jerzy Runowski<\/td><\/tr><\/tbody><\/table><\/figure>\n\n\n\n<p><a href=\"https:\/\/www.tekstowo.pl\/piosenka,patrycja_markowska,dzien_za_dniem.html\">https:\/\/www.tekstowo.pl\/piosenka,patrycja_markowska,dzien_za_dniem.html<\/a><\/p>\n\n\n\n<hr class=\"wp-block-separator\"\/>\n\n\n\n<h4 class=\"wp-block-heading\">0-zz.com\/0 &#8211; 0-zz.com\/z :<\/h4>\n\n\n\n<p><small><strong><a href=\"http:\/\/0-zz.com\/0\">1\ufe0f\u20e31\ufe0f\u20e3-0<\/a> |<a href=\"http:\/\/0-zz.com\/1\">1\ufe0f\u20e32\ufe0f\u20e3-1<\/a> |<a href=\"http:\/\/0-zz.com\/2\">1\ufe0f\u20e33\ufe0f\u20e3-2<\/a> |<a href=\"http:\/\/0-zz.com\/3\">1\ufe0f\u20e34\ufe0f\u20e3-3<\/a> |<a href=\"http:\/\/0-zz.com\/4\">1\ufe0f\u20e35\ufe0f\u20e3-4<\/a> |<a href=\"http:\/\/0-zz.com\/5\">1\ufe0f\u20e36\ufe0f\u20e3-5<\/a> <\/strong><\/small><br><small> <strong><a href=\"http:\/\/0-zz.com\/6\">2\ufe0f\u20e31\ufe0f\u20e3-6<\/a> |<a href=\"http:\/\/0-zz.com\/7\">2\ufe0f\u20e32\ufe0f\u20e3-7<\/a> |<a href=\"http:\/\/0-zz.com\/8\">2\ufe0f\u20e33\ufe0f\u20e3-8<\/a> |<a href=\"http:\/\/0-zz.com\/9\">2\ufe0f\u20e34\ufe0f\u20e3-9<\/a> |<a href=\"http:\/\/0-zz.com\/a\">2\ufe0f\u20e35\ufe0f\u20e3-A<\/a> |<a href=\"http:\/\/0-zz.com\/b\">2\ufe0f\u20e36\ufe0f\u20e3-B<\/a><\/strong><\/small><br><small> <strong><a href=\"http:\/\/0-zz.com\/c\">3\ufe0f\u20e31\ufe0f\u20e3-C<\/a> |<a href=\"http:\/\/0-zz.com\/d\">3\ufe0f\u20e32\ufe0f\u20e3-D<\/a> |<a href=\"http:\/\/0-zz.com\/e\">3\ufe0f\u20e33\ufe0f\u20e3-E<\/a> |<a href=\"http:\/\/0-zz.com\/f\">3\ufe0f\u20e34\ufe0f\u20e3-F<\/a> |<a href=\"http:\/\/0-zz.com\/g\">3\ufe0f\u20e35\ufe0f\u20e3-G<\/a> |<a href=\"http:\/\/0-zz.com\/h\">3\ufe0f\u20e36\ufe0f\u20e3-H<\/a><\/strong><\/small><br><small> <strong><a href=\"http:\/\/0-zz.com\/i\">4\ufe0f\u20e31\ufe0f\u20e3-I<\/a> |<a href=\"http:\/\/0-zz.com\/j\">4\ufe0f\u20e32\ufe0f\u20e3-J<\/a> |<a href=\"http:\/\/0-zz.com\/k\">4\ufe0f\u20e33\ufe0f\u20e3-K<\/a> |<a href=\"http:\/\/0-zz.com\/l\">4\ufe0f\u20e34\ufe0f\u20e3-L<\/a> |<a href=\"http:\/\/0-zz.com\/m\">4\ufe0f\u20e35\ufe0f\u20e3-M<\/a> |<a href=\"http:\/\/0-zz.com\/n\">4\ufe0f\u20e36\ufe0f\u20e3-N<\/a><\/strong><\/small><br><small> <strong><a href=\"http:\/\/0-zz.com\/o\">5\ufe0f\u20e31\ufe0f\u20e3-O<\/a> |<a href=\"http:\/\/0-zz.com\/p\">5\ufe0f\u20e32\ufe0f\u20e3-P<\/a> |<a href=\"http:\/\/0-zz.com\/q\">5\ufe0f\u20e33\ufe0f\u20e3-Q<\/a> |<a href=\"http:\/\/0-zz.com\/r\">5\ufe0f\u20e34\ufe0f\u20e3-R<\/a> |<a href=\"http:\/\/0-zz.com\/s\">5\ufe0f\u20e35\ufe0f\u20e3-S<\/a> |<a href=\"http:\/\/0-zz.com\/t\">5\ufe0f\u20e36\ufe0f\u20e3-T<\/a><\/strong><\/small><br><small> <strong><a href=\"http:\/\/0-zz.com\/u\">6\ufe0f\u20e31\ufe0f\u20e3-U<\/a> |<a href=\"http:\/\/0-zz.com\/v\">6\ufe0f\u20e32\ufe0f\u20e3-V<\/a> |<a href=\"http:\/\/0-zz.com\/w\">6\ufe0f\u20e33\ufe0f\u20e3-W<\/a> |<a href=\"http:\/\/0-zz.com\/x\">6\ufe0f\u20e34\ufe0f\u20e3-X<\/a> |<a href=\"http:\/\/0-zz.com\/y\">6\ufe0f\u20e35\ufe0f\u20e3-Y<\/a> |<a href=\"http:\/\/0-zz.com\/z\">6\ufe0f\u20e36\ufe0f\u20e3-Z<\/a><\/strong><\/small><\/p>\n\n\n\n<p>Roll 2 dice ?? 1\ufe0f\u20e32\ufe0f\u20e33\ufe0f\u20e34\ufe0f\u20e35\ufe0f\u20e36\ufe0f\u20e3<\/p>\n\n\n\n<p><a href=\"https:\/\/www.random.org\/dice\/\">https:\/\/www.random.org\/dice\/<\/a><\/p>\n\n\n\n<p><a href=\"https:\/\/www.google.com\/search?q=dice+roller\">https:\/\/www.google.com\/search?q=dice+roller<\/a><\/p>\n\n\n\n<hr class=\"wp-block-separator\"\/>\n\n\n\n<p><a href=\"https:\/\/12r.pl\/ea\/\">12r.pl\/ea<\/a>&nbsp;-&gt;&nbsp;<a href=\"https:\/\/12r.uk\/ea\/\">12r.uk\/ea<\/a>&nbsp;-&gt;&nbsp;<a href=\"https:\/\/7hi7.com\/ea\/\">7hi7.com\/ea<\/a><\/p>\n\n\n\n<p>Wikipedia.org &#8211; Play game &#8211; portals, categories, states, cities, capital cities<\/p>\n","protected":false},"excerpt":{"rendered":"<p>y &#8211; 04\/y &#8211; 04Y Patrycja Markowska &#8211; Dzien Za Dniem 7M views&nbsp;\u00b7&nbsp;8 years ago Patrycja Markowska SUBSCRIBED 57.6K subscribers https:\/\/m.youtube.com\/channel\/UCKtHJBAFD5kc__AFvAv36ew Kiedy ka\u017c\u0105 biec, chwil\u0119 wstrzymaj si\u0119Kiedy wojn\u0119 chc\u0105, \u015bpiewaj po\u015br\u00f3d \u0142\u0105kKiedy m\u00f3wi\u0105, jak \u015bni\u0107, lepiej wymaza\u0107 sny i takKiedy m\u00f3wi\u0105, jak \u017cy\u0107, zamknij oczy i skacz Gdy wypada l\u015bni\u0107, niewidzialny id\u017aKiedy krzyczy \u015bwiat, chc\u0119 [&hellip;]<\/p>\n","protected":false},"author":1,"featured_media":0,"parent":0,"menu_order":0,"comment_status":"closed","ping_status":"closed","template":"","meta":{"footnotes":""},"class_list":["post-93","page","type-page","status-publish","hentry"],"_links":{"self":[{"href":"https:\/\/0-zz.com\/04\/wp-json\/wp\/v2\/pages\/93","targetHints":{"allow":["GET"]}}],"collection":[{"href":"https:\/\/0-zz.com\/04\/wp-json\/wp\/v2\/pages"}],"about":[{"href":"https:\/\/0-zz.com\/04\/wp-json\/wp\/v2\/types\/page"}],"author":[{"embeddable":true,"href":"https:\/\/0-zz.com\/04\/wp-json\/wp\/v2\/users\/1"}],"replies":[{"embeddable":true,"href":"https:\/\/0-zz.com\/04\/wp-json\/wp\/v2\/comments?post=93"}],"version-history":[{"count":3,"href":"https:\/\/0-zz.com\/04\/wp-json\/wp\/v2\/pages\/93\/revisions"}],"predecessor-version":[{"id":171,"href":"https:\/\/0-zz.com\/04\/wp-json\/wp\/v2\/pages\/93\/revisions\/171"}],"wp:attachment":[{"href":"https:\/\/0-zz.com\/04\/wp-json\/wp\/v2\/media?parent=93"}],"curies":[{"name":"wp","href":"https:\/\/api.w.org\/{rel}","templated":true}]}}