{"id":87,"date":"2022-02-21T21:38:13","date_gmt":"2022-02-22T09:38:13","guid":{"rendered":"https:\/\/0-zz.com\/04\/?page_id=87"},"modified":"2022-04-28T22:35:41","modified_gmt":"2022-04-29T10:35:41","slug":"x","status":"publish","type":"page","link":"https:\/\/0-zz.com\/04\/x\/","title":{"rendered":"X"},"content":{"rendered":"\n<h2 class=\"wp-block-heading\" id=\"x-04-x-04x\">x &#8211; 04\/x &#8211; 04X<\/h2>\n\n\n\n<figure class=\"wp-block-embed is-type-video is-provider-youtube wp-block-embed-youtube wp-embed-aspect-16-9 wp-has-aspect-ratio\"><div class=\"wp-block-embed__wrapper\">\n<iframe loading=\"lazy\" title=\"Natalia Szroeder - Zamieni\u0119 Ci\u0119 (Radio Edit)  [Official Music Video]\" width=\"580\" height=\"326\" src=\"https:\/\/www.youtube.com\/embed\/bAE0hOUiMiU?feature=oembed\" frameborder=\"0\" allow=\"accelerometer; autoplay; clipboard-write; encrypted-media; gyroscope; picture-in-picture; web-share\" referrerpolicy=\"strict-origin-when-cross-origin\" allowfullscreen><\/iframe>\n<\/div><\/figure>\n\n\n\n<h2 class=\"wp-block-heading\" id=\"natalia-szroeder-zamienie-cie-radio-edit-official-music-video\">Natalia Szroeder &#8211; Zamieni\u0119 Ci\u0119 (Radio Edit) [Official Music Video]<\/h2>\n\n\n\n<p>22M views&nbsp;\u00b7&nbsp;4 years ago<\/p>\n\n\n\n<h2 class=\"wp-block-heading\" id=\"natalia-szroeder\">Natalia Szroeder<\/h2>\n\n\n\n<p>SUBSCRIBED 207K subscribers<\/p>\n\n\n\n<p><a href=\"https:\/\/m.youtube.com\/channel\/UCqnpFp5AKsvKBzsXFVRtnGA\">https:\/\/m.youtube.com\/channel\/UCqnpFp5AKsvKBzsXFVRtnGA<\/a><\/p>\n\n\n\n<p>1. Ty masz w sobie co\u015b, co burzy mi harmoni\u0119 dnia<br>I budzi si\u0119 l\u0119k, \u017ce Twoja czarna magia poch\u0142on\u0119\u0142a mnie<br>Ooo<\/p>\n\n\n\n<p>I im bardziej chc\u0119, i oddalam si\u0119, spadam w d\u00f3\u0142<br>I im bardziej chc\u0119, jeste\u015b bli\u017cej mnie, trac\u0119 grunt<\/p>\n\n\n\n<p>ref.:<br>Zamieni\u0119 Ci\u0119 w szept, wiatr, w ksi\u0119\u017cyc i s\u0142o\u0144ce<br>Zamieni\u0119 w miliony s\u0142\u00f3w, nie oddam Ci\u0119 ju\u017c<br>Zamieni\u0119 Ci\u0119 w szept, wiatr, w ksi\u0119\u017cyc i s\u0142o\u0144ce<br>Zamieni\u0119 w miliony s\u0142\u00f3w, nie oddam Ci\u0119 ju\u017c<\/p>\n\n\n\n<p>2. Ja wiem, zanim spadnie niebo, m\u0142ody spadnie deszcz<br>Obudzi si\u0119 dzie\u0144, z\u0142agodniej\u0119 ca\u0142a w ciszy, ujrz\u0119 Ci\u0119<\/p>\n\n\n\n<p>I cho\u0107 bardzo chc\u0119, m\u00f3c oddali\u0107 si\u0119, jestem tu<br>Bo im bardziej chc\u0119, jeste\u015b bli\u017cej mnie, trac\u0119 grunt<\/p>\n\n\n\n<p>ref.:<br>Zamieni\u0119 Ci\u0119 w szept, wiatr, w ksi\u0119\u017cyc i s\u0142o\u0144ce<br>Zamieni\u0119 w miliony s\u0142\u00f3w, nie oddam Ci\u0119 ju\u017c<br>Zamieni\u0119 Ci\u0119 w pe\u0142ni dnia, nim z\u0142ote zorze ostatni raz<\/p>\n\n\n\n<p>Zamieni\u0119 Ci\u0119 w szept, wiatr, w ksi\u0119\u017cyc i s\u0142o\u0144ce<br>Zamieni\u0119 w miliony s\u0142\u00f3w, nie oddam Ci\u0119 ju\u017c<br>Zamieni\u0119 Ci\u0119 w pe\u0142ni dnia, nim z\u0142ote zorze ostatni raz<br>Ozdobi\u0105 \u015bwiat<\/p>\n\n\n\n<p>Zamieni\u0119 Ci\u0119 w szept, wiatr, w ksi\u0119\u017cyc i s\u0142o\u0144ce<br>W miliony s\u0142\u00f3w, nie oddam Ci\u0119 ju\u017c<\/p>\n\n\n\n<figure class=\"wp-block-table\"><table><tbody><tr><th>Autor tekstu:<\/th><td>Natalia Szroeder<\/td><\/tr><tr><th>Kompozytor:<\/th><td>Natalia Szroeder, Przemys\u0142aw Puk<\/td><\/tr><\/tbody><\/table><\/figure>\n\n\n\n<p><a href=\"https:\/\/www.tekstowo.pl\/piosenka,natalia_szroeder,zamienie_cie.html\">https:\/\/www.tekstowo.pl\/piosenka,natalia_szroeder,zamienie_cie.html<\/a><\/p>\n\n\n\n<hr class=\"wp-block-separator\"\/>\n\n\n\n<h4 class=\"wp-block-heading\">0-zz.com\/0 &#8211; 0-zz.com\/z :<\/h4>\n\n\n\n<p><small><strong><a href=\"http:\/\/0-zz.com\/0\">1\ufe0f\u20e31\ufe0f\u20e3-0<\/a> |<a href=\"http:\/\/0-zz.com\/1\">1\ufe0f\u20e32\ufe0f\u20e3-1<\/a> |<a href=\"http:\/\/0-zz.com\/2\">1\ufe0f\u20e33\ufe0f\u20e3-2<\/a> |<a href=\"http:\/\/0-zz.com\/3\">1\ufe0f\u20e34\ufe0f\u20e3-3<\/a> |<a href=\"http:\/\/0-zz.com\/4\">1\ufe0f\u20e35\ufe0f\u20e3-4<\/a> |<a href=\"http:\/\/0-zz.com\/5\">1\ufe0f\u20e36\ufe0f\u20e3-5<\/a> <\/strong><\/small><br><small> <strong><a href=\"http:\/\/0-zz.com\/6\">2\ufe0f\u20e31\ufe0f\u20e3-6<\/a> |<a href=\"http:\/\/0-zz.com\/7\">2\ufe0f\u20e32\ufe0f\u20e3-7<\/a> |<a href=\"http:\/\/0-zz.com\/8\">2\ufe0f\u20e33\ufe0f\u20e3-8<\/a> |<a href=\"http:\/\/0-zz.com\/9\">2\ufe0f\u20e34\ufe0f\u20e3-9<\/a> |<a href=\"http:\/\/0-zz.com\/a\">2\ufe0f\u20e35\ufe0f\u20e3-A<\/a> |<a href=\"http:\/\/0-zz.com\/b\">2\ufe0f\u20e36\ufe0f\u20e3-B<\/a><\/strong><\/small><br><small> <strong><a href=\"http:\/\/0-zz.com\/c\">3\ufe0f\u20e31\ufe0f\u20e3-C<\/a> |<a href=\"http:\/\/0-zz.com\/d\">3\ufe0f\u20e32\ufe0f\u20e3-D<\/a> |<a href=\"http:\/\/0-zz.com\/e\">3\ufe0f\u20e33\ufe0f\u20e3-E<\/a> |<a href=\"http:\/\/0-zz.com\/f\">3\ufe0f\u20e34\ufe0f\u20e3-F<\/a> |<a href=\"http:\/\/0-zz.com\/g\">3\ufe0f\u20e35\ufe0f\u20e3-G<\/a> |<a href=\"http:\/\/0-zz.com\/h\">3\ufe0f\u20e36\ufe0f\u20e3-H<\/a><\/strong><\/small><br><small> <strong><a href=\"http:\/\/0-zz.com\/i\">4\ufe0f\u20e31\ufe0f\u20e3-I<\/a> |<a href=\"http:\/\/0-zz.com\/j\">4\ufe0f\u20e32\ufe0f\u20e3-J<\/a> |<a href=\"http:\/\/0-zz.com\/k\">4\ufe0f\u20e33\ufe0f\u20e3-K<\/a> |<a href=\"http:\/\/0-zz.com\/l\">4\ufe0f\u20e34\ufe0f\u20e3-L<\/a> |<a href=\"http:\/\/0-zz.com\/m\">4\ufe0f\u20e35\ufe0f\u20e3-M<\/a> |<a href=\"http:\/\/0-zz.com\/n\">4\ufe0f\u20e36\ufe0f\u20e3-N<\/a><\/strong><\/small><br><small> <strong><a href=\"http:\/\/0-zz.com\/o\">5\ufe0f\u20e31\ufe0f\u20e3-O<\/a> |<a href=\"http:\/\/0-zz.com\/p\">5\ufe0f\u20e32\ufe0f\u20e3-P<\/a> |<a href=\"http:\/\/0-zz.com\/q\">5\ufe0f\u20e33\ufe0f\u20e3-Q<\/a> |<a href=\"http:\/\/0-zz.com\/r\">5\ufe0f\u20e34\ufe0f\u20e3-R<\/a> |<a href=\"http:\/\/0-zz.com\/s\">5\ufe0f\u20e35\ufe0f\u20e3-S<\/a> |<a href=\"http:\/\/0-zz.com\/t\">5\ufe0f\u20e36\ufe0f\u20e3-T<\/a><\/strong><\/small><br><small> <strong><a href=\"http:\/\/0-zz.com\/u\">6\ufe0f\u20e31\ufe0f\u20e3-U<\/a> |<a href=\"http:\/\/0-zz.com\/v\">6\ufe0f\u20e32\ufe0f\u20e3-V<\/a> |<a href=\"http:\/\/0-zz.com\/w\">6\ufe0f\u20e33\ufe0f\u20e3-W<\/a> |<a href=\"http:\/\/0-zz.com\/x\">6\ufe0f\u20e34\ufe0f\u20e3-X<\/a> |<a href=\"http:\/\/0-zz.com\/y\">6\ufe0f\u20e35\ufe0f\u20e3-Y<\/a> |<a href=\"http:\/\/0-zz.com\/z\">6\ufe0f\u20e36\ufe0f\u20e3-Z<\/a><\/strong><\/small><\/p>\n\n\n\n<p>Roll 2 dice ?? 1\ufe0f\u20e32\ufe0f\u20e33\ufe0f\u20e34\ufe0f\u20e35\ufe0f\u20e36\ufe0f\u20e3<\/p>\n\n\n\n<p><a href=\"https:\/\/www.random.org\/dice\/\">https:\/\/www.random.org\/dice\/<\/a><\/p>\n\n\n\n<p><a href=\"https:\/\/www.google.com\/search?q=dice+roller\">https:\/\/www.google.com\/search?q=dice+roller<\/a><\/p>\n\n\n\n<hr class=\"wp-block-separator\"\/>\n\n\n\n<p><a href=\"https:\/\/12r.pl\/ea\/\">12r.pl\/ea<\/a>&nbsp;-&gt;&nbsp;<a href=\"https:\/\/12r.uk\/ea\/\">12r.uk\/ea<\/a>&nbsp;-&gt;&nbsp;<a href=\"https:\/\/7hi7.com\/ea\/\">7hi7.com\/ea<\/a><\/p>\n\n\n\n<p>Wikipedia.org &#8211; Play game &#8211; portals, categories, states, cities, capital cities<\/p>\n","protected":false},"excerpt":{"rendered":"<p>x &#8211; 04\/x &#8211; 04X Natalia Szroeder &#8211; Zamieni\u0119 Ci\u0119 (Radio Edit) [Official Music Video] 22M views&nbsp;\u00b7&nbsp;4 years ago Natalia Szroeder SUBSCRIBED 207K subscribers https:\/\/m.youtube.com\/channel\/UCqnpFp5AKsvKBzsXFVRtnGA 1. Ty masz w sobie co\u015b, co burzy mi harmoni\u0119 dniaI budzi si\u0119 l\u0119k, \u017ce Twoja czarna magia poch\u0142on\u0119\u0142a mnieOoo I im bardziej chc\u0119, i oddalam si\u0119, spadam w d\u00f3\u0142I [&hellip;]<\/p>\n","protected":false},"author":1,"featured_media":0,"parent":0,"menu_order":0,"comment_status":"closed","ping_status":"closed","template":"","meta":{"footnotes":""},"class_list":["post-87","page","type-page","status-publish","hentry"],"_links":{"self":[{"href":"https:\/\/0-zz.com\/04\/wp-json\/wp\/v2\/pages\/87","targetHints":{"allow":["GET"]}}],"collection":[{"href":"https:\/\/0-zz.com\/04\/wp-json\/wp\/v2\/pages"}],"about":[{"href":"https:\/\/0-zz.com\/04\/wp-json\/wp\/v2\/types\/page"}],"author":[{"embeddable":true,"href":"https:\/\/0-zz.com\/04\/wp-json\/wp\/v2\/users\/1"}],"replies":[{"embeddable":true,"href":"https:\/\/0-zz.com\/04\/wp-json\/wp\/v2\/comments?post=87"}],"version-history":[{"count":4,"href":"https:\/\/0-zz.com\/04\/wp-json\/wp\/v2\/pages\/87\/revisions"}],"predecessor-version":[{"id":170,"href":"https:\/\/0-zz.com\/04\/wp-json\/wp\/v2\/pages\/87\/revisions\/170"}],"wp:attachment":[{"href":"https:\/\/0-zz.com\/04\/wp-json\/wp\/v2\/media?parent=87"}],"curies":[{"name":"wp","href":"https:\/\/api.w.org\/{rel}","templated":true}]}}