{"id":85,"date":"2022-02-21T21:35:58","date_gmt":"2022-02-22T09:35:58","guid":{"rendered":"https:\/\/0-zz.com\/04\/?page_id=85"},"modified":"2022-04-28T22:34:25","modified_gmt":"2022-04-29T10:34:25","slug":"w","status":"publish","type":"page","link":"https:\/\/0-zz.com\/04\/w\/","title":{"rendered":"W"},"content":{"rendered":"\n<h2 class=\"wp-block-heading\" id=\"w-04-w-04w\">w &#8211; 04\/w &#8211; 04W<\/h2>\n\n\n\n<figure class=\"wp-block-embed is-type-video is-provider-youtube wp-block-embed-youtube wp-embed-aspect-16-9 wp-has-aspect-ratio\"><div class=\"wp-block-embed__wrapper\">\n<iframe loading=\"lazy\" title=\"Ania D\u0105browska - Porady Na Zdrady [Dreszcze]\" width=\"580\" height=\"326\" src=\"https:\/\/www.youtube.com\/embed\/Ah5m-MoBXR0?feature=oembed\" frameborder=\"0\" allow=\"accelerometer; autoplay; clipboard-write; encrypted-media; gyroscope; picture-in-picture; web-share\" referrerpolicy=\"strict-origin-when-cross-origin\" allowfullscreen><\/iframe>\n<\/div><\/figure>\n\n\n\n<h2 class=\"wp-block-heading\" id=\"ania-dabrowska-porady-na-zdrady-dreszcze\">Ania Dabrowska &#8211; Porady Na Zdrady [Dreszcze]<\/h2>\n\n\n\n<p>67M views&nbsp;\u00b7&nbsp;5 years ago<\/p>\n\n\n\n<p>Nie pyta\u0142am jak, kto pyta wci\u0105\u017c nie wiele wie<br>Ufa\u0142am tak, ju\u017c teraz wiem, nie zna\u0142am ci\u0119<br>Jak wolny ptak, na cztery strony \u015bwiata le\u0107<br>Nie pierwszy raz, nie jestem wszystkim czego chcesz<\/p>\n\n\n\n<p>Nie podnios\u0119 g\u0142osu, nie zobaczysz \u0142ez<br>Kiedy do mnie przez pomy\u0142k\u0119 szepniesz imi\u0119 jej<br>Dam Ci dobr\u0105 rad\u0119, zdrady ukry\u0107 chcesz<br>Najpierw lepiej k\u0142ama\u0107 naucz si\u0119<\/p>\n\n\n\n<p>A teraz \u017cegnaj, wyprowad\u017a si\u0119 z mych sn\u00f3w<br>Ju\u017c nigdy wi\u0119cej, zamkn\u0119\u0142am serce<br>\u017badnych wspomnie\u0144 i \u017cadnych twoich s\u0142\u00f3w<br>Tylko dreszcze ze sob\u0105 wezm\u0119<br>\u017begnaj, wyprowad\u017a si\u0119 mych sn\u00f3w<br>Ju\u017c nigdy wi\u0119cej, zamkn\u0119\u0142am serce<br>\u017badnych wspomnie\u0144 i \u017cadnych twoich s\u0142\u00f3w, tylko dreszcze<\/p>\n\n\n\n<p>A gdyby tak pojutrze by\u0107 daleko st\u0105d przeoczy\u0107 znak<br>Co wci\u0105\u017c ostrzega \u017ce to b\u0142\u0105d tak jak ty<br>Na cztery strony \u015bwiata biec<br>By pierwszy raz naprawd\u0119 wiedzie\u0107 czego chc\u0119<\/p>\n\n\n\n<p>\u017begnaj, wyprowad\u017a si\u0119 z mych sn\u00f3w<br>Ju\u017c nigdy wi\u0119cej, zamkn\u0119\u0142am serce<br>\u017badnych wspomnie\u0144 i \u017cadnych twoich s\u0142\u00f3w<br>Tylko dreszcze ze sob\u0105 wezm\u0119<br>\u017begnaj, wyprowad\u017a si\u0119 z mych sn\u00f3w<br>Ju\u017c nigdy wi\u0119cej, zamkn\u0119\u0142am serce<br>\u017badnych wspomnie\u0144 i \u017cadnych twoich s\u0142\u00f3w, tylko dreszcze<\/p>\n\n\n\n<p>Wi\u0119c jak ma na imi\u0119 tw\u00f3j wczorajszy wstyd<br>Czy tak jest \u0142atwiej, czy to dalej ty<br>Na twoje zdrady nie mam ju\u017c rad<\/p>\n\n\n\n<p>\u017begnaj, wyprowad\u017a si\u0119 z mych sn\u00f3w<br>Ju\u017c nigdy wi\u0119cej, zamkn\u0119\u0142am serce<br>\u017badnych wspomnie\u0144 i \u017cadnych twoich s\u0142\u00f3w<br>Tylko dreszcze ze sob\u0105 wezm\u0119<br>\u017begnaj, wyprowad\u017a si\u0119 z mych sn\u00f3w<br>Ju\u017c nigdy wi\u0119cej, zamkn\u0119\u0142am serce<br>\u017badnych wspomnie\u0144 i \u017cadnych twoich s\u0142\u00f3w, tylko dreszcze<\/p>\n\n\n\n<figure class=\"wp-block-table\"><table><tbody><tr><th>Autor tekstu:<\/th><td>Ania D\u0105browska i Martyna Melosik<\/td><\/tr><tr><th>Kompozytor:<\/th><td>Ania D\u0105browska<\/td><\/tr><\/tbody><\/table><\/figure>\n\n\n\n<p><a href=\"https:\/\/www.tekstowo.pl\/piosenka,ania_dabrowska,porady_na_zdrady__dreszcze_.html\">https:\/\/www.tekstowo.pl\/piosenka,ania_dabrowska,porady_na_zdrady__dreszcze_.html<\/a><\/p>\n\n\n\n<figure class=\"wp-block-embed is-type-video is-provider-youtube wp-block-embed-youtube wp-embed-aspect-16-9 wp-has-aspect-ratio\"><div class=\"wp-block-embed__wrapper\">\n<iframe loading=\"lazy\" title=\"Ania - Trudno Mi Sie Przyznac (Video)\" width=\"580\" height=\"326\" src=\"https:\/\/www.youtube.com\/embed\/TeXNBKzBISg?feature=oembed\" frameborder=\"0\" allow=\"accelerometer; autoplay; clipboard-write; encrypted-media; gyroscope; picture-in-picture; web-share\" referrerpolicy=\"strict-origin-when-cross-origin\" allowfullscreen><\/iframe>\n<\/div><\/figure>\n\n\n\n<h2 class=\"wp-block-heading\" id=\"ania-trudno-mi-sie-przyznac-video\">Ania &#8211; Trudno Mi Sie Przyznac (Video)<\/h2>\n\n\n\n<p>16M views&nbsp;\u00b7&nbsp;12 years ago<\/p>\n\n\n\n<h2 class=\"wp-block-heading\" id=\"ania-dabrowska\">Ania D\u0105browska<\/h2>\n\n\n\n<p>SUBSCRIBED 205K subscribers<\/p>\n\n\n\n<p><a href=\"https:\/\/m.youtube.com\/channel\/UCAkllAf9MF8hxUc5rZb7gDw\">https:\/\/m.youtube.com\/channel\/UCAkllAf9MF8hxUc5rZb7gDw<\/a><\/p>\n\n\n\n<p>Wiem, \u017ce jestem jedn\u0105 z tych co nie boj\u0105 si\u0119 \u017cy\u0107.<br>Gdy dzie\u0144 zmienia si\u0119 w ciemn\u0105 noc nie przestraszy mnie nic.<br>Wiem, \u017ce lubi\u0119 sama by\u0107, trwoni\u0107 tak cenny czas.<br>Cho\u0107 nic si\u0119 nie dzieje to dobrze mi jest z tym.<\/p>\n\n\n\n<p>I trudno mi si\u0119 przyzna\u0107, \u017ce to wszystko nagle traci sens<br>gdy Ciebie nie ma.<br>Na g\u0142os nie wypowiem, \u017ce t\u0119skni\u0142am gdy nie by\u0142o Ci\u0119<br>troch\u0119 za d\u0142ugo. x2<\/p>\n\n\n\n<p>Wiem, \u017ce rad\u0119 sobie dam nie potrzebny mi nikt.<br>Nie musz\u0119 t\u0142umaczy\u0107 si\u0119, \u017ce zn\u00f3w nie robi\u0119 nic.<br>Wiem, \u017ce mog\u0119 sobie \u017cy\u0107, jakby nie istnia\u0142 \u015bwiat.<br>Wiem te\u017c, \u017ce dla Ciebie to odda\u0142abym.<\/p>\n\n\n\n<p>I trudno mi si\u0119 przyzna\u0107, \u017ce to wszystko nagle traci sens<br>gdy Ciebie nie ma.<br>Na g\u0142os nie wypowiem, \u017ce t\u0119skni\u0142am gdy nie by\u0142o Ci\u0119<br>troch\u0119 za d\u0142ugo. x4<\/p>\n\n\n\n<p><a href=\"https:\/\/www.tekstowo.pl\/piosenka,ania_dabrowska,trudno_mi_sie_przyznac.html\">https:\/\/www.tekstowo.pl\/piosenka,ania_dabrowska,trudno_mi_sie_przyznac.html<\/a><\/p>\n\n\n\n<hr class=\"wp-block-separator\"\/>\n\n\n\n<h4 class=\"wp-block-heading\">0-zz.com\/0 &#8211; 0-zz.com\/z :<\/h4>\n\n\n\n<p><small><strong><a href=\"http:\/\/0-zz.com\/0\">1\ufe0f\u20e31\ufe0f\u20e3-0<\/a> |<a href=\"http:\/\/0-zz.com\/1\">1\ufe0f\u20e32\ufe0f\u20e3-1<\/a> |<a href=\"http:\/\/0-zz.com\/2\">1\ufe0f\u20e33\ufe0f\u20e3-2<\/a> |<a href=\"http:\/\/0-zz.com\/3\">1\ufe0f\u20e34\ufe0f\u20e3-3<\/a> |<a href=\"http:\/\/0-zz.com\/4\">1\ufe0f\u20e35\ufe0f\u20e3-4<\/a> |<a href=\"http:\/\/0-zz.com\/5\">1\ufe0f\u20e36\ufe0f\u20e3-5<\/a> <\/strong><\/small><br><small> <strong><a href=\"http:\/\/0-zz.com\/6\">2\ufe0f\u20e31\ufe0f\u20e3-6<\/a> |<a href=\"http:\/\/0-zz.com\/7\">2\ufe0f\u20e32\ufe0f\u20e3-7<\/a> |<a href=\"http:\/\/0-zz.com\/8\">2\ufe0f\u20e33\ufe0f\u20e3-8<\/a> |<a href=\"http:\/\/0-zz.com\/9\">2\ufe0f\u20e34\ufe0f\u20e3-9<\/a> |<a href=\"http:\/\/0-zz.com\/a\">2\ufe0f\u20e35\ufe0f\u20e3-A<\/a> |<a href=\"http:\/\/0-zz.com\/b\">2\ufe0f\u20e36\ufe0f\u20e3-B<\/a><\/strong><\/small><br><small> <strong><a href=\"http:\/\/0-zz.com\/c\">3\ufe0f\u20e31\ufe0f\u20e3-C<\/a> |<a href=\"http:\/\/0-zz.com\/d\">3\ufe0f\u20e32\ufe0f\u20e3-D<\/a> |<a href=\"http:\/\/0-zz.com\/e\">3\ufe0f\u20e33\ufe0f\u20e3-E<\/a> |<a href=\"http:\/\/0-zz.com\/f\">3\ufe0f\u20e34\ufe0f\u20e3-F<\/a> |<a href=\"http:\/\/0-zz.com\/g\">3\ufe0f\u20e35\ufe0f\u20e3-G<\/a> |<a href=\"http:\/\/0-zz.com\/h\">3\ufe0f\u20e36\ufe0f\u20e3-H<\/a><\/strong><\/small><br><small> <strong><a href=\"http:\/\/0-zz.com\/i\">4\ufe0f\u20e31\ufe0f\u20e3-I<\/a> |<a href=\"http:\/\/0-zz.com\/j\">4\ufe0f\u20e32\ufe0f\u20e3-J<\/a> |<a href=\"http:\/\/0-zz.com\/k\">4\ufe0f\u20e33\ufe0f\u20e3-K<\/a> |<a href=\"http:\/\/0-zz.com\/l\">4\ufe0f\u20e34\ufe0f\u20e3-L<\/a> |<a href=\"http:\/\/0-zz.com\/m\">4\ufe0f\u20e35\ufe0f\u20e3-M<\/a> |<a href=\"http:\/\/0-zz.com\/n\">4\ufe0f\u20e36\ufe0f\u20e3-N<\/a><\/strong><\/small><br><small> <strong><a href=\"http:\/\/0-zz.com\/o\">5\ufe0f\u20e31\ufe0f\u20e3-O<\/a> |<a href=\"http:\/\/0-zz.com\/p\">5\ufe0f\u20e32\ufe0f\u20e3-P<\/a> |<a href=\"http:\/\/0-zz.com\/q\">5\ufe0f\u20e33\ufe0f\u20e3-Q<\/a> |<a href=\"http:\/\/0-zz.com\/r\">5\ufe0f\u20e34\ufe0f\u20e3-R<\/a> |<a href=\"http:\/\/0-zz.com\/s\">5\ufe0f\u20e35\ufe0f\u20e3-S<\/a> |<a href=\"http:\/\/0-zz.com\/t\">5\ufe0f\u20e36\ufe0f\u20e3-T<\/a><\/strong><\/small><br><small> <strong><a href=\"http:\/\/0-zz.com\/u\">6\ufe0f\u20e31\ufe0f\u20e3-U<\/a> |<a href=\"http:\/\/0-zz.com\/v\">6\ufe0f\u20e32\ufe0f\u20e3-V<\/a> |<a href=\"http:\/\/0-zz.com\/w\">6\ufe0f\u20e33\ufe0f\u20e3-W<\/a> |<a href=\"http:\/\/0-zz.com\/x\">6\ufe0f\u20e34\ufe0f\u20e3-X<\/a> |<a href=\"http:\/\/0-zz.com\/y\">6\ufe0f\u20e35\ufe0f\u20e3-Y<\/a> |<a href=\"http:\/\/0-zz.com\/z\">6\ufe0f\u20e36\ufe0f\u20e3-Z<\/a><\/strong><\/small><\/p>\n\n\n\n<p>Roll 2 dice ?? 1\ufe0f\u20e32\ufe0f\u20e33\ufe0f\u20e34\ufe0f\u20e35\ufe0f\u20e36\ufe0f\u20e3<\/p>\n\n\n\n<p><a href=\"https:\/\/www.random.org\/dice\/\">https:\/\/www.random.org\/dice\/<\/a><\/p>\n\n\n\n<p><a href=\"https:\/\/www.google.com\/search?q=dice+roller\">https:\/\/www.google.com\/search?q=dice+roller<\/a><\/p>\n\n\n\n<hr class=\"wp-block-separator\"\/>\n\n\n\n<p><a href=\"https:\/\/12r.pl\/ea\/\">12r.pl\/ea<\/a>&nbsp;-&gt;&nbsp;<a href=\"https:\/\/12r.uk\/ea\/\">12r.uk\/ea<\/a>&nbsp;-&gt;&nbsp;<a href=\"https:\/\/7hi7.com\/ea\/\">7hi7.com\/ea<\/a><\/p>\n\n\n\n<p>Wikipedia.org &#8211; Play game &#8211; portals, categories, states, cities, capital cities<\/p>\n","protected":false},"excerpt":{"rendered":"<p>w &#8211; 04\/w &#8211; 04W Ania Dabrowska &#8211; Porady Na Zdrady [Dreszcze] 67M views&nbsp;\u00b7&nbsp;5 years ago Nie pyta\u0142am jak, kto pyta wci\u0105\u017c nie wiele wieUfa\u0142am tak, ju\u017c teraz wiem, nie zna\u0142am ci\u0119Jak wolny ptak, na cztery strony \u015bwiata le\u0107Nie pierwszy raz, nie jestem wszystkim czego chcesz Nie podnios\u0119 g\u0142osu, nie zobaczysz \u0142ezKiedy do mnie przez [&hellip;]<\/p>\n","protected":false},"author":1,"featured_media":0,"parent":0,"menu_order":0,"comment_status":"closed","ping_status":"closed","template":"","meta":{"footnotes":""},"class_list":["post-85","page","type-page","status-publish","hentry"],"_links":{"self":[{"href":"https:\/\/0-zz.com\/04\/wp-json\/wp\/v2\/pages\/85","targetHints":{"allow":["GET"]}}],"collection":[{"href":"https:\/\/0-zz.com\/04\/wp-json\/wp\/v2\/pages"}],"about":[{"href":"https:\/\/0-zz.com\/04\/wp-json\/wp\/v2\/types\/page"}],"author":[{"embeddable":true,"href":"https:\/\/0-zz.com\/04\/wp-json\/wp\/v2\/users\/1"}],"replies":[{"embeddable":true,"href":"https:\/\/0-zz.com\/04\/wp-json\/wp\/v2\/comments?post=85"}],"version-history":[{"count":4,"href":"https:\/\/0-zz.com\/04\/wp-json\/wp\/v2\/pages\/85\/revisions"}],"predecessor-version":[{"id":169,"href":"https:\/\/0-zz.com\/04\/wp-json\/wp\/v2\/pages\/85\/revisions\/169"}],"wp:attachment":[{"href":"https:\/\/0-zz.com\/04\/wp-json\/wp\/v2\/media?parent=85"}],"curies":[{"name":"wp","href":"https:\/\/api.w.org\/{rel}","templated":true}]}}