{"id":83,"date":"2022-02-21T21:32:00","date_gmt":"2022-02-22T09:32:00","guid":{"rendered":"https:\/\/0-zz.com\/04\/?page_id=83"},"modified":"2022-04-28T22:33:18","modified_gmt":"2022-04-29T10:33:18","slug":"v","status":"publish","type":"page","link":"https:\/\/0-zz.com\/04\/v\/","title":{"rendered":"V"},"content":{"rendered":"\n<h2 class=\"wp-block-heading\" id=\"v-04-v-04v\">v &#8211; 04\/v &#8211; 04V<\/h2>\n\n\n\n<figure class=\"wp-block-embed is-type-video is-provider-youtube wp-block-embed-youtube wp-embed-aspect-16-9 wp-has-aspect-ratio\"><div class=\"wp-block-embed__wrapper\">\n<iframe loading=\"lazy\" title=\"Kwiat Jab\u0142oni - &quot;Dzi\u015b p\u00f3\u017ano p\u00f3jd\u0119 spa\u0107&quot;\" width=\"580\" height=\"326\" src=\"https:\/\/www.youtube.com\/embed\/FWDXwrgdm9w?feature=oembed\" frameborder=\"0\" allow=\"accelerometer; autoplay; clipboard-write; encrypted-media; gyroscope; picture-in-picture; web-share\" referrerpolicy=\"strict-origin-when-cross-origin\" allowfullscreen><\/iframe>\n<\/div><\/figure>\n\n\n\n<h2 class=\"wp-block-heading\" id=\"kwiat-jabloni-dzis-pozno-pojde-spac\">Kwiat Jab\u0142oni &#8211; &#8222;Dzi\u015b p\u00f3\u017ano p\u00f3jd\u0119 spa\u0107&#8221;<\/h2>\n\n\n\n<p>34M views&nbsp;\u00b7&nbsp;3 years ago<\/p>\n\n\n\n<h2 class=\"wp-block-heading\" id=\"kwiat-jabloni\">Kwiat Jab\u0142oni<\/h2>\n\n\n\n<p>SUBSCRIBED 261K subscribers<\/p>\n\n\n\n<p><a href=\"https:\/\/m.youtube.com\/channel\/UCNot4CpIYzGBIUuEiqJ4lOw\">https:\/\/m.youtube.com\/channel\/UCNot4CpIYzGBIUuEiqJ4lOw<\/a><\/p>\n\n\n\n<p>Dzi\u015b p\u00f3\u017ano p\u00f3jd\u0119 spa\u0107<br>Gdy wszyscy b\u0119d\u0105 w \u0142\u00f3\u017ckach<br>Otwarte oczy mam<br>A g\u0142owa pe\u0142na i pusta<br>I nie wiem, o czym my\u015ble\u0107 mam<br>\u017beby mi si\u0119 przy\u015bni\u0142 taki \u015bwiat<br>W kt\u00f3rym si\u0119 nie boj\u0119 spa\u0107<br>W kt\u00f3rym si\u0119 nie boj\u0119 spa\u0107<\/p>\n\n\n\n<p>Ju\u017c na mnie idzie t\u0142um<br>I depcze wszystko po drodze<br>Nie mog\u0119 uciec mu<br>On te\u017c przed sob\u0105 nie mo\u017ce<br>Gwiazd ju\u017c nie wida\u0107, no bo jak?<br>Kiedy \u0142una z ziemi bije tak<br>Jak gdyby chcia\u0142a zala\u0107 \u015bwiat<br>Jak gdyby chcia\u0142a zala\u0107 \u015bwiat<\/p>\n\n\n\n<p>Ref.: (x2)<br>Cho\u0107 nie chc\u0119 budzi\u0107 si\u0119<br>Nie umiem spa\u0107<br>\u015awiat dziwny jest jak sen<br>A sen jak \u015bwiat<\/p>\n\n\n\n<p>Nie mog\u0119 ruszy\u0107 w prz\u00f3d<br>Nogi sklejone ta\u015bmami<br>Zaczynam spada\u0107 w d\u00f3\u0142<br>Spadam do g\u00f3ry nogami<br>My\u015bl\u0119 sobie &#8211; zaraz obudz\u0119 si\u0119<br>Lecz im bardziej spadam,<br>tym bardziej widz\u0119, \u017ce<br>To wszystko chyba nie jest sen<br>To wszystko chyba nie jest sen<\/p>\n\n\n\n<p>Ref.: (x4)<br>Cho\u0107 nie chc\u0119 budzi\u0107 si\u0119<br>Nie umiem spa\u0107<br>\u015awiat dziwny jest jak sen<br>A sen jak \u015bwiat<\/p>\n\n\n\n<figure class=\"wp-block-table\"><table><tbody><tr><th>Autor tekstu:<\/th><td>Jacek Sienkiewicz<\/td><\/tr><tr><th>Kompozytor:<\/th><td>Jacek Sienkiewicz<\/td><\/tr><\/tbody><\/table><\/figure>\n\n\n\n<p><a href=\"https:\/\/www.tekstowo.pl\/piosenka,kwiat_jabloni,dzis_pozno_pojde_spac.html\">https:\/\/www.tekstowo.pl\/piosenka,kwiat_jabloni,dzis_pozno_pojde_spac.html<\/a><\/p>\n\n\n\n<hr class=\"wp-block-separator\"\/>\n\n\n\n<h4 class=\"wp-block-heading\">0-zz.com\/0 &#8211; 0-zz.com\/z :<\/h4>\n\n\n\n<p><small><strong><a href=\"http:\/\/0-zz.com\/0\">1\ufe0f\u20e31\ufe0f\u20e3-0<\/a> |<a href=\"http:\/\/0-zz.com\/1\">1\ufe0f\u20e32\ufe0f\u20e3-1<\/a> |<a href=\"http:\/\/0-zz.com\/2\">1\ufe0f\u20e33\ufe0f\u20e3-2<\/a> |<a href=\"http:\/\/0-zz.com\/3\">1\ufe0f\u20e34\ufe0f\u20e3-3<\/a> |<a href=\"http:\/\/0-zz.com\/4\">1\ufe0f\u20e35\ufe0f\u20e3-4<\/a> |<a href=\"http:\/\/0-zz.com\/5\">1\ufe0f\u20e36\ufe0f\u20e3-5<\/a> <\/strong><\/small><br><small> <strong><a href=\"http:\/\/0-zz.com\/6\">2\ufe0f\u20e31\ufe0f\u20e3-6<\/a> |<a href=\"http:\/\/0-zz.com\/7\">2\ufe0f\u20e32\ufe0f\u20e3-7<\/a> |<a href=\"http:\/\/0-zz.com\/8\">2\ufe0f\u20e33\ufe0f\u20e3-8<\/a> |<a href=\"http:\/\/0-zz.com\/9\">2\ufe0f\u20e34\ufe0f\u20e3-9<\/a> |<a href=\"http:\/\/0-zz.com\/a\">2\ufe0f\u20e35\ufe0f\u20e3-A<\/a> |<a href=\"http:\/\/0-zz.com\/b\">2\ufe0f\u20e36\ufe0f\u20e3-B<\/a><\/strong><\/small><br><small> <strong><a href=\"http:\/\/0-zz.com\/c\">3\ufe0f\u20e31\ufe0f\u20e3-C<\/a> |<a href=\"http:\/\/0-zz.com\/d\">3\ufe0f\u20e32\ufe0f\u20e3-D<\/a> |<a href=\"http:\/\/0-zz.com\/e\">3\ufe0f\u20e33\ufe0f\u20e3-E<\/a> |<a href=\"http:\/\/0-zz.com\/f\">3\ufe0f\u20e34\ufe0f\u20e3-F<\/a> |<a href=\"http:\/\/0-zz.com\/g\">3\ufe0f\u20e35\ufe0f\u20e3-G<\/a> |<a href=\"http:\/\/0-zz.com\/h\">3\ufe0f\u20e36\ufe0f\u20e3-H<\/a><\/strong><\/small><br><small> <strong><a href=\"http:\/\/0-zz.com\/i\">4\ufe0f\u20e31\ufe0f\u20e3-I<\/a> |<a href=\"http:\/\/0-zz.com\/j\">4\ufe0f\u20e32\ufe0f\u20e3-J<\/a> |<a href=\"http:\/\/0-zz.com\/k\">4\ufe0f\u20e33\ufe0f\u20e3-K<\/a> |<a href=\"http:\/\/0-zz.com\/l\">4\ufe0f\u20e34\ufe0f\u20e3-L<\/a> |<a href=\"http:\/\/0-zz.com\/m\">4\ufe0f\u20e35\ufe0f\u20e3-M<\/a> |<a href=\"http:\/\/0-zz.com\/n\">4\ufe0f\u20e36\ufe0f\u20e3-N<\/a><\/strong><\/small><br><small> <strong><a href=\"http:\/\/0-zz.com\/o\">5\ufe0f\u20e31\ufe0f\u20e3-O<\/a> |<a href=\"http:\/\/0-zz.com\/p\">5\ufe0f\u20e32\ufe0f\u20e3-P<\/a> |<a href=\"http:\/\/0-zz.com\/q\">5\ufe0f\u20e33\ufe0f\u20e3-Q<\/a> |<a href=\"http:\/\/0-zz.com\/r\">5\ufe0f\u20e34\ufe0f\u20e3-R<\/a> |<a href=\"http:\/\/0-zz.com\/s\">5\ufe0f\u20e35\ufe0f\u20e3-S<\/a> |<a href=\"http:\/\/0-zz.com\/t\">5\ufe0f\u20e36\ufe0f\u20e3-T<\/a><\/strong><\/small><br><small> <strong><a href=\"http:\/\/0-zz.com\/u\">6\ufe0f\u20e31\ufe0f\u20e3-U<\/a> |<a href=\"http:\/\/0-zz.com\/v\">6\ufe0f\u20e32\ufe0f\u20e3-V<\/a> |<a href=\"http:\/\/0-zz.com\/w\">6\ufe0f\u20e33\ufe0f\u20e3-W<\/a> |<a href=\"http:\/\/0-zz.com\/x\">6\ufe0f\u20e34\ufe0f\u20e3-X<\/a> |<a href=\"http:\/\/0-zz.com\/y\">6\ufe0f\u20e35\ufe0f\u20e3-Y<\/a> |<a href=\"http:\/\/0-zz.com\/z\">6\ufe0f\u20e36\ufe0f\u20e3-Z<\/a><\/strong><\/small><\/p>\n\n\n\n<p>Roll 2 dice ?? 1\ufe0f\u20e32\ufe0f\u20e33\ufe0f\u20e34\ufe0f\u20e35\ufe0f\u20e36\ufe0f\u20e3<\/p>\n\n\n\n<p><a href=\"https:\/\/www.random.org\/dice\/\">https:\/\/www.random.org\/dice\/<\/a><\/p>\n\n\n\n<p><a href=\"https:\/\/www.google.com\/search?q=dice+roller\">https:\/\/www.google.com\/search?q=dice+roller<\/a><\/p>\n\n\n\n<hr class=\"wp-block-separator\"\/>\n\n\n\n<p><a href=\"https:\/\/12r.pl\/ea\/\">12r.pl\/ea<\/a>&nbsp;-&gt;&nbsp;<a href=\"https:\/\/12r.uk\/ea\/\">12r.uk\/ea<\/a>&nbsp;-&gt;&nbsp;<a href=\"https:\/\/7hi7.com\/ea\/\">7hi7.com\/ea<\/a><\/p>\n\n\n\n<p>Wikipedia.org &#8211; Play game &#8211; portals, categories, states, cities, capital cities<\/p>\n","protected":false},"excerpt":{"rendered":"<p>v &#8211; 04\/v &#8211; 04V Kwiat Jab\u0142oni &#8211; &#8222;Dzi\u015b p\u00f3\u017ano p\u00f3jd\u0119 spa\u0107&#8221; 34M views&nbsp;\u00b7&nbsp;3 years ago Kwiat Jab\u0142oni SUBSCRIBED 261K subscribers https:\/\/m.youtube.com\/channel\/UCNot4CpIYzGBIUuEiqJ4lOw Dzi\u015b p\u00f3\u017ano p\u00f3jd\u0119 spa\u0107Gdy wszyscy b\u0119d\u0105 w \u0142\u00f3\u017ckachOtwarte oczy mamA g\u0142owa pe\u0142na i pustaI nie wiem, o czym my\u015ble\u0107 mam\u017beby mi si\u0119 przy\u015bni\u0142 taki \u015bwiatW kt\u00f3rym si\u0119 nie boj\u0119 spa\u0107W kt\u00f3rym si\u0119 nie [&hellip;]<\/p>\n","protected":false},"author":1,"featured_media":0,"parent":0,"menu_order":0,"comment_status":"closed","ping_status":"closed","template":"","meta":{"footnotes":""},"class_list":["post-83","page","type-page","status-publish","hentry"],"_links":{"self":[{"href":"https:\/\/0-zz.com\/04\/wp-json\/wp\/v2\/pages\/83","targetHints":{"allow":["GET"]}}],"collection":[{"href":"https:\/\/0-zz.com\/04\/wp-json\/wp\/v2\/pages"}],"about":[{"href":"https:\/\/0-zz.com\/04\/wp-json\/wp\/v2\/types\/page"}],"author":[{"embeddable":true,"href":"https:\/\/0-zz.com\/04\/wp-json\/wp\/v2\/users\/1"}],"replies":[{"embeddable":true,"href":"https:\/\/0-zz.com\/04\/wp-json\/wp\/v2\/comments?post=83"}],"version-history":[{"count":3,"href":"https:\/\/0-zz.com\/04\/wp-json\/wp\/v2\/pages\/83\/revisions"}],"predecessor-version":[{"id":168,"href":"https:\/\/0-zz.com\/04\/wp-json\/wp\/v2\/pages\/83\/revisions\/168"}],"wp:attachment":[{"href":"https:\/\/0-zz.com\/04\/wp-json\/wp\/v2\/media?parent=83"}],"curies":[{"name":"wp","href":"https:\/\/api.w.org\/{rel}","templated":true}]}}