{"id":81,"date":"2022-02-21T21:27:23","date_gmt":"2022-02-22T09:27:23","guid":{"rendered":"https:\/\/0-zz.com\/04\/?page_id=81"},"modified":"2022-04-28T22:32:24","modified_gmt":"2022-04-29T10:32:24","slug":"u","status":"publish","type":"page","link":"https:\/\/0-zz.com\/04\/u\/","title":{"rendered":"U"},"content":{"rendered":"\n<h2 class=\"wp-block-heading\" id=\"u-04-u-04u\">u &#8211; 04\/u &#8211; 04U<\/h2>\n\n\n\n<figure class=\"wp-block-embed is-type-video is-provider-youtube wp-block-embed-youtube wp-embed-aspect-4-3 wp-has-aspect-ratio\"><div class=\"wp-block-embed__wrapper\">\n<iframe loading=\"lazy\" title=\"Zawsze tam gdzie Ty\" width=\"580\" height=\"435\" src=\"https:\/\/www.youtube.com\/embed\/JIaJnvZAmhs?feature=oembed\" frameborder=\"0\" allow=\"accelerometer; autoplay; clipboard-write; encrypted-media; gyroscope; picture-in-picture; web-share\" referrerpolicy=\"strict-origin-when-cross-origin\" allowfullscreen><\/iframe>\n<\/div><\/figure>\n\n\n\n<h2 class=\"wp-block-heading\" id=\"lady-pank-zawsze-tam-gdzie-ty\">Lady Pank &#8211; Zawsze tam gdzie Ty<\/h2>\n\n\n\n<p>1.4M views&nbsp;\u00b7&nbsp;2 years ago<\/p>\n\n\n\n<h2 class=\"wp-block-heading\" id=\"lady-pank-topic\">Lady Pank &#8211; Topic<\/h2>\n\n\n\n<p>SUBSCRIBED 15K subscribers<\/p>\n\n\n\n<p><a href=\"https:\/\/m.youtube.com\/channel\/UCN9D7p9x3wNXv5iGhj0NJYQ\">https:\/\/m.youtube.com\/channel\/UCN9D7p9x3wNXv5iGhj0NJYQ<\/a><\/p>\n\n\n\n<p>Zamieni\u0119 ka\u017cdy oddech w niespokojny wiatr<br>By zabra\u0142 mnie z powrotem &#8211; tam, gdzie masz sw\u00f3j \u015bwiat<br>Posk\u0142adam wszystkie szepty w jeden ciep\u0142y krzyk<br>\u017beby znalaz\u0142 Ci\u0119 a\u017c tam, gdzie pochowa\u0142a\u015b sny<\/p>\n\n\n\n<p>Ju\u017c teraz wiem, \u017ce dni s\u0105 tylko po to<br>By do Ciebie wraca\u0107 ka\u017cd\u0105 noc\u0105 z\u0142ot\u0105<br>Nie znam s\u0142\u00f3w, co maj\u0105 jaki\u015b wi\u0119kszy sens<br>Je\u015bli tylko jedno &#8211; jedno tylko wiem:<br>By\u0107 tam, zawsze tam, gdzie Ty<\/p>\n\n\n\n<p>Nie pytaj mnie o jutro &#8211; to za tysi\u0105c lat<br>P\u0142yniemy bia\u0142\u0105 \u0142\u00f3dk\u0105 w niezbadany czas<br>Posk\u0142adam nasze szepty w jeden ciep\u0142y krzyk<br>By ju\u017c nie uciek\u0142y nam, by wysuszy\u0142y \u0142zy<\/p>\n\n\n\n<p>Ju\u017c teraz wiem, \u017ce dni s\u0105 tylko po to<br>By do Ciebie wraca\u0107 ka\u017cd\u0105 noc\u0105 z\u0142ot\u0105<br>Nie znam s\u0142\u00f3w, co maj\u0105 jaki\u015b wi\u0119kszy sens<br>Je\u015bli tylko jedno &#8211; jedno tylko wiem:<br>By\u0107 tam, zawsze tam, gdzie Ty<\/p>\n\n\n\n<p>Ju\u017c teraz wiem, \u017ce dni s\u0105 tylko po to<br>By do Ciebie wraca\u0107 ka\u017cd\u0105 noc\u0105 z\u0142ot\u0105<br>Nie znam s\u0142\u00f3w, co maj\u0105 jaki\u015b wi\u0119kszy sens<br>Je\u015bli tylko jedno &#8211; jedno tylko wiem:<br>By\u0107 tam, zawsze tam, gdzie Ty<br>Budzi\u0107 si\u0119 i chodzi\u0107 spa\u0107 we w\u0142asnym niebie<br>By\u0107 tam, zawsze tam, gdzie Ty<br>\u017begna\u0107 si\u0119 co \u015bwit i wraca\u0107 zn\u00f3w do Ciebie<br>By\u0107 tam, zawsze tam, gdzie Ty<br>Budzi\u0107 si\u0119 i chodzi\u0107 spa\u0107 we w\u0142asnym niebie<br>By\u0107 tam, zawsze tam, gdzie Ty<\/p>\n\n\n\n<p>Zawsze tam gdzie Ty<\/p>\n\n\n\n<figure class=\"wp-block-table\"><table><tbody><tr><th>Autor tekstu:<\/th><td>Jacek Skubikowski<\/td><\/tr><tr><th>Kompozytor:<\/th><td>Jan Borysewicz<\/td><\/tr><\/tbody><\/table><\/figure>\n\n\n\n<p><a href=\"https:\/\/www.tekstowo.pl\/piosenka,lady_pank,zawsze_tam_gdzie_ty.html\">https:\/\/www.tekstowo.pl\/piosenka,lady_pank,zawsze_tam_gdzie_ty.html<\/a><\/p>\n\n\n\n<hr class=\"wp-block-separator\"\/>\n\n\n\n<h4 class=\"wp-block-heading\">0-zz.com\/0 &#8211; 0-zz.com\/z :<\/h4>\n\n\n\n<p><small><strong><a href=\"http:\/\/0-zz.com\/0\">1\ufe0f\u20e31\ufe0f\u20e3-0<\/a> |<a href=\"http:\/\/0-zz.com\/1\">1\ufe0f\u20e32\ufe0f\u20e3-1<\/a> |<a href=\"http:\/\/0-zz.com\/2\">1\ufe0f\u20e33\ufe0f\u20e3-2<\/a> |<a href=\"http:\/\/0-zz.com\/3\">1\ufe0f\u20e34\ufe0f\u20e3-3<\/a> |<a href=\"http:\/\/0-zz.com\/4\">1\ufe0f\u20e35\ufe0f\u20e3-4<\/a> |<a href=\"http:\/\/0-zz.com\/5\">1\ufe0f\u20e36\ufe0f\u20e3-5<\/a> <\/strong><\/small><br><small> <strong><a href=\"http:\/\/0-zz.com\/6\">2\ufe0f\u20e31\ufe0f\u20e3-6<\/a> |<a href=\"http:\/\/0-zz.com\/7\">2\ufe0f\u20e32\ufe0f\u20e3-7<\/a> |<a href=\"http:\/\/0-zz.com\/8\">2\ufe0f\u20e33\ufe0f\u20e3-8<\/a> |<a href=\"http:\/\/0-zz.com\/9\">2\ufe0f\u20e34\ufe0f\u20e3-9<\/a> |<a href=\"http:\/\/0-zz.com\/a\">2\ufe0f\u20e35\ufe0f\u20e3-A<\/a> |<a href=\"http:\/\/0-zz.com\/b\">2\ufe0f\u20e36\ufe0f\u20e3-B<\/a><\/strong><\/small><br><small> <strong><a href=\"http:\/\/0-zz.com\/c\">3\ufe0f\u20e31\ufe0f\u20e3-C<\/a> |<a href=\"http:\/\/0-zz.com\/d\">3\ufe0f\u20e32\ufe0f\u20e3-D<\/a> |<a href=\"http:\/\/0-zz.com\/e\">3\ufe0f\u20e33\ufe0f\u20e3-E<\/a> |<a href=\"http:\/\/0-zz.com\/f\">3\ufe0f\u20e34\ufe0f\u20e3-F<\/a> |<a href=\"http:\/\/0-zz.com\/g\">3\ufe0f\u20e35\ufe0f\u20e3-G<\/a> |<a href=\"http:\/\/0-zz.com\/h\">3\ufe0f\u20e36\ufe0f\u20e3-H<\/a><\/strong><\/small><br><small> <strong><a href=\"http:\/\/0-zz.com\/i\">4\ufe0f\u20e31\ufe0f\u20e3-I<\/a> |<a href=\"http:\/\/0-zz.com\/j\">4\ufe0f\u20e32\ufe0f\u20e3-J<\/a> |<a href=\"http:\/\/0-zz.com\/k\">4\ufe0f\u20e33\ufe0f\u20e3-K<\/a> |<a href=\"http:\/\/0-zz.com\/l\">4\ufe0f\u20e34\ufe0f\u20e3-L<\/a> |<a href=\"http:\/\/0-zz.com\/m\">4\ufe0f\u20e35\ufe0f\u20e3-M<\/a> |<a href=\"http:\/\/0-zz.com\/n\">4\ufe0f\u20e36\ufe0f\u20e3-N<\/a><\/strong><\/small><br><small> <strong><a href=\"http:\/\/0-zz.com\/o\">5\ufe0f\u20e31\ufe0f\u20e3-O<\/a> |<a href=\"http:\/\/0-zz.com\/p\">5\ufe0f\u20e32\ufe0f\u20e3-P<\/a> |<a href=\"http:\/\/0-zz.com\/q\">5\ufe0f\u20e33\ufe0f\u20e3-Q<\/a> |<a href=\"http:\/\/0-zz.com\/r\">5\ufe0f\u20e34\ufe0f\u20e3-R<\/a> |<a href=\"http:\/\/0-zz.com\/s\">5\ufe0f\u20e35\ufe0f\u20e3-S<\/a> |<a href=\"http:\/\/0-zz.com\/t\">5\ufe0f\u20e36\ufe0f\u20e3-T<\/a><\/strong><\/small><br><small> <strong><a href=\"http:\/\/0-zz.com\/u\">6\ufe0f\u20e31\ufe0f\u20e3-U<\/a> |<a href=\"http:\/\/0-zz.com\/v\">6\ufe0f\u20e32\ufe0f\u20e3-V<\/a> |<a href=\"http:\/\/0-zz.com\/w\">6\ufe0f\u20e33\ufe0f\u20e3-W<\/a> |<a href=\"http:\/\/0-zz.com\/x\">6\ufe0f\u20e34\ufe0f\u20e3-X<\/a> |<a href=\"http:\/\/0-zz.com\/y\">6\ufe0f\u20e35\ufe0f\u20e3-Y<\/a> |<a href=\"http:\/\/0-zz.com\/z\">6\ufe0f\u20e36\ufe0f\u20e3-Z<\/a><\/strong><\/small><\/p>\n\n\n\n<p>Roll 2 dice ?? 1\ufe0f\u20e32\ufe0f\u20e33\ufe0f\u20e34\ufe0f\u20e35\ufe0f\u20e36\ufe0f\u20e3<\/p>\n\n\n\n<p><a href=\"https:\/\/www.random.org\/dice\/\">https:\/\/www.random.org\/dice\/<\/a><\/p>\n\n\n\n<p><a href=\"https:\/\/www.google.com\/search?q=dice+roller\">https:\/\/www.google.com\/search?q=dice+roller<\/a><\/p>\n\n\n\n<hr class=\"wp-block-separator\"\/>\n\n\n\n<p><a href=\"https:\/\/12r.pl\/ea\/\">12r.pl\/ea<\/a>&nbsp;-&gt;&nbsp;<a href=\"https:\/\/12r.uk\/ea\/\">12r.uk\/ea<\/a>&nbsp;-&gt;&nbsp;<a href=\"https:\/\/7hi7.com\/ea\/\">7hi7.com\/ea<\/a><\/p>\n\n\n\n<p>Wikipedia.org &#8211; Play game &#8211; portals, categories, states, cities, capital cities<\/p>\n","protected":false},"excerpt":{"rendered":"<p>u &#8211; 04\/u &#8211; 04U Lady Pank &#8211; Zawsze tam gdzie Ty 1.4M views&nbsp;\u00b7&nbsp;2 years ago Lady Pank &#8211; Topic SUBSCRIBED 15K subscribers https:\/\/m.youtube.com\/channel\/UCN9D7p9x3wNXv5iGhj0NJYQ Zamieni\u0119 ka\u017cdy oddech w niespokojny wiatrBy zabra\u0142 mnie z powrotem &#8211; tam, gdzie masz sw\u00f3j \u015bwiatPosk\u0142adam wszystkie szepty w jeden ciep\u0142y krzyk\u017beby znalaz\u0142 Ci\u0119 a\u017c tam, gdzie pochowa\u0142a\u015b sny Ju\u017c teraz [&hellip;]<\/p>\n","protected":false},"author":1,"featured_media":0,"parent":0,"menu_order":0,"comment_status":"closed","ping_status":"closed","template":"","meta":{"footnotes":""},"class_list":["post-81","page","type-page","status-publish","hentry"],"_links":{"self":[{"href":"https:\/\/0-zz.com\/04\/wp-json\/wp\/v2\/pages\/81","targetHints":{"allow":["GET"]}}],"collection":[{"href":"https:\/\/0-zz.com\/04\/wp-json\/wp\/v2\/pages"}],"about":[{"href":"https:\/\/0-zz.com\/04\/wp-json\/wp\/v2\/types\/page"}],"author":[{"embeddable":true,"href":"https:\/\/0-zz.com\/04\/wp-json\/wp\/v2\/users\/1"}],"replies":[{"embeddable":true,"href":"https:\/\/0-zz.com\/04\/wp-json\/wp\/v2\/comments?post=81"}],"version-history":[{"count":3,"href":"https:\/\/0-zz.com\/04\/wp-json\/wp\/v2\/pages\/81\/revisions"}],"predecessor-version":[{"id":167,"href":"https:\/\/0-zz.com\/04\/wp-json\/wp\/v2\/pages\/81\/revisions\/167"}],"wp:attachment":[{"href":"https:\/\/0-zz.com\/04\/wp-json\/wp\/v2\/media?parent=81"}],"curies":[{"name":"wp","href":"https:\/\/api.w.org\/{rel}","templated":true}]}}