{"id":79,"date":"2022-02-21T21:19:04","date_gmt":"2022-02-22T09:19:04","guid":{"rendered":"https:\/\/0-zz.com\/04\/?page_id=79"},"modified":"2022-04-28T22:30:45","modified_gmt":"2022-04-29T10:30:45","slug":"t","status":"publish","type":"page","link":"https:\/\/0-zz.com\/04\/t\/","title":{"rendered":"T"},"content":{"rendered":"\n<h2 class=\"wp-block-heading\" id=\"t-04-t-04t\">t &#8211; 04\/t &#8211; 04T<\/h2>\n\n\n\n<figure class=\"wp-block-embed is-type-video is-provider-youtube wp-block-embed-youtube wp-embed-aspect-16-9 wp-has-aspect-ratio\"><div class=\"wp-block-embed__wrapper\">\n<iframe loading=\"lazy\" title=\"Daab - Fala ludzkich serc (Official Audio)\" width=\"580\" height=\"326\" src=\"https:\/\/www.youtube.com\/embed\/_y8ZBr28HAY?feature=oembed\" frameborder=\"0\" allow=\"accelerometer; autoplay; clipboard-write; encrypted-media; gyroscope; picture-in-picture; web-share\" referrerpolicy=\"strict-origin-when-cross-origin\" allowfullscreen><\/iframe>\n<\/div><\/figure>\n\n\n\n<h2 class=\"wp-block-heading\" id=\"daab-fala-ludzkich-serc-official-audio\">Daab &#8211; Fala ludzkich serc (Official Audio)<\/h2>\n\n\n\n<p>713K views&nbsp;\u00b7&nbsp;7 years ago<\/p>\n\n\n\n<h2 class=\"wp-block-heading\" id=\"mjm-music-pl\">MJM Music PL<\/h2>\n\n\n\n<p>SUBSCRIBED 46.7K subscribers<\/p>\n\n\n\n<p><a href=\"https:\/\/m.youtube.com\/channel\/UCpW8I_9qljdQKe92EhrCIMw\">https:\/\/m.youtube.com\/channel\/UCpW8I_9qljdQKe92EhrCIMw<\/a><\/p>\n\n\n\n<p>Jest przed nami wielka rzeka, kt\u00f3r\u0105 kiedy\u015b ka\u017cdy z nas<br>Zostawiwszy wszystkie sprawy podryfuje w wolny czas.<\/p>\n\n\n\n<p>W trwanie wieczne pop\u0142yniemy tam gdzie nigdy nikt nie powie<br>S\u0142\u00f3w co s\u0142ysze\u0107 ju\u017c nie chcemy, tam gdzie wieczny<br>Spok\u00f3j w g\u0142owie, spok\u00f3j w g\u0142owie.<\/p>\n\n\n\n<p>Ref.<br>Daj si\u0119 ponie\u015b\u0107 fali ludzkich serc.<br>Daj si\u0119 ponie\u015b\u0107 fali ludzkich serc.<br>Daj si\u0119 ponie\u015b\u0107 fali ludzkich serc.<br>Daj si\u0119 ponie\u015b\u0107 fali ludzkich serc.<\/p>\n\n\n\n<p>Ju\u017c si\u0119 zbli\u017ca wielka rzeka, bo szum fali w uszach brzmi,<br>Wi\u0119c u\u015bmiechnij si\u0119 cz\u0142owieku, nie zatrzyma rzeki nikt.<\/p>\n\n\n\n<p>Nikt ju\u017c fali nie powstrzyma wielkiej fali ludzkich serc,<br>Takiej si\u0142y nigdzie nie ma, jestem pewny,<br>Dzi\u015b to wiem, dzi\u015b to wiem.<\/p>\n\n\n\n<p>Ref.<br>Daj si\u0119 ponie\u015b\u0107 fali ludzkich serc.<br>Daj si\u0119 ponie\u015b\u0107 fali ludzkich serc.<br>Daj si\u0119 ponie\u015b\u0107 fali ludzkich serc.<br>Daj si\u0119 ponie\u015b\u0107 fali ludzkich serc.<\/p>\n\n\n\n<p>Wi\u0119c pop\u0142y\u0144my wszyscy razem, dajmy nie\u015b\u0107 si\u0119 wielkiej fali.<br>Niech nam serca r\u00f3wno bij\u0105, szaro\u015b\u0107 dni zostawmy w dali.<\/p>\n\n\n\n<p>Chod\u017amy tam, gdzie \u015bwieci s\u0142o\u0144ce, gdzie rozbrzmiewa serc muzyka.<br>Chod\u017amy tam, gdzie nie ma ko\u0144ca, tam gdzie z\u0142o<br>I zawi\u015b\u0107 znika, zawi\u015b\u0107 znika.<\/p>\n\n\n\n<p>Ref.<br>Daj si\u0119 ponie\u015b\u0107 fali ludzkich serc.<br>Daj si\u0119 ponie\u015b\u0107 fali ludzkich serc.<br>Daj si\u0119 ponie\u015b\u0107 fali ludzkich serc.<br>Daj si\u0119 ponie\u015b\u0107 fali.<\/p>\n\n\n\n<p>Daj si\u0119 ponie\u015b\u0107 fali ludzkich serc.<br>Daj si\u0119 ponie\u015b\u0107 fali ludzkich serc.<br>Daj si\u0119 ponie\u015b\u0107 fali ludzkich serc.<br>Daj si\u0119 ponie\u015b\u0107 fali ludzkich serc.<\/p>\n\n\n\n<figure class=\"wp-block-table\"><table><tbody><tr><th>Autor tekstu:<\/th><td>DESKA WALDEMAR, GIERSZEWSKI DARIUSZ, KRZYWY ANDRZEJ, MI\u0141OSZEWSKI ARTUR, STROJNOWSKI, WOSZCZYNA JAROS\u0141AW<\/td><\/tr><tr><th>Kompozytor:<\/th><td>DAAB<\/td><\/tr><\/tbody><\/table><\/figure>\n\n\n\n<p><a href=\"https:\/\/www.tekstowo.pl\/piosenka,daab,fala_ludzkich_serc.html\">https:\/\/www.tekstowo.pl\/piosenka,daab,fala_ludzkich_serc.html<\/a><\/p>\n\n\n\n<hr class=\"wp-block-separator\"\/>\n\n\n\n<h4 class=\"wp-block-heading\">0-zz.com\/0 &#8211; 0-zz.com\/z :<\/h4>\n\n\n\n<p><small><strong><a href=\"http:\/\/0-zz.com\/0\">1\ufe0f\u20e31\ufe0f\u20e3-0<\/a> |<a href=\"http:\/\/0-zz.com\/1\">1\ufe0f\u20e32\ufe0f\u20e3-1<\/a> |<a href=\"http:\/\/0-zz.com\/2\">1\ufe0f\u20e33\ufe0f\u20e3-2<\/a> |<a href=\"http:\/\/0-zz.com\/3\">1\ufe0f\u20e34\ufe0f\u20e3-3<\/a> |<a href=\"http:\/\/0-zz.com\/4\">1\ufe0f\u20e35\ufe0f\u20e3-4<\/a> |<a href=\"http:\/\/0-zz.com\/5\">1\ufe0f\u20e36\ufe0f\u20e3-5<\/a> <\/strong><\/small><br><small> <strong><a href=\"http:\/\/0-zz.com\/6\">2\ufe0f\u20e31\ufe0f\u20e3-6<\/a> |<a href=\"http:\/\/0-zz.com\/7\">2\ufe0f\u20e32\ufe0f\u20e3-7<\/a> |<a href=\"http:\/\/0-zz.com\/8\">2\ufe0f\u20e33\ufe0f\u20e3-8<\/a> |<a href=\"http:\/\/0-zz.com\/9\">2\ufe0f\u20e34\ufe0f\u20e3-9<\/a> |<a href=\"http:\/\/0-zz.com\/a\">2\ufe0f\u20e35\ufe0f\u20e3-A<\/a> |<a href=\"http:\/\/0-zz.com\/b\">2\ufe0f\u20e36\ufe0f\u20e3-B<\/a><\/strong><\/small><br><small> <strong><a href=\"http:\/\/0-zz.com\/c\">3\ufe0f\u20e31\ufe0f\u20e3-C<\/a> |<a href=\"http:\/\/0-zz.com\/d\">3\ufe0f\u20e32\ufe0f\u20e3-D<\/a> |<a href=\"http:\/\/0-zz.com\/e\">3\ufe0f\u20e33\ufe0f\u20e3-E<\/a> |<a href=\"http:\/\/0-zz.com\/f\">3\ufe0f\u20e34\ufe0f\u20e3-F<\/a> |<a href=\"http:\/\/0-zz.com\/g\">3\ufe0f\u20e35\ufe0f\u20e3-G<\/a> |<a href=\"http:\/\/0-zz.com\/h\">3\ufe0f\u20e36\ufe0f\u20e3-H<\/a><\/strong><\/small><br><small> <strong><a href=\"http:\/\/0-zz.com\/i\">4\ufe0f\u20e31\ufe0f\u20e3-I<\/a> |<a href=\"http:\/\/0-zz.com\/j\">4\ufe0f\u20e32\ufe0f\u20e3-J<\/a> |<a href=\"http:\/\/0-zz.com\/k\">4\ufe0f\u20e33\ufe0f\u20e3-K<\/a> |<a href=\"http:\/\/0-zz.com\/l\">4\ufe0f\u20e34\ufe0f\u20e3-L<\/a> |<a href=\"http:\/\/0-zz.com\/m\">4\ufe0f\u20e35\ufe0f\u20e3-M<\/a> |<a href=\"http:\/\/0-zz.com\/n\">4\ufe0f\u20e36\ufe0f\u20e3-N<\/a><\/strong><\/small><br><small> <strong><a href=\"http:\/\/0-zz.com\/o\">5\ufe0f\u20e31\ufe0f\u20e3-O<\/a> |<a href=\"http:\/\/0-zz.com\/p\">5\ufe0f\u20e32\ufe0f\u20e3-P<\/a> |<a href=\"http:\/\/0-zz.com\/q\">5\ufe0f\u20e33\ufe0f\u20e3-Q<\/a> |<a href=\"http:\/\/0-zz.com\/r\">5\ufe0f\u20e34\ufe0f\u20e3-R<\/a> |<a href=\"http:\/\/0-zz.com\/s\">5\ufe0f\u20e35\ufe0f\u20e3-S<\/a> |<a href=\"http:\/\/0-zz.com\/t\">5\ufe0f\u20e36\ufe0f\u20e3-T<\/a><\/strong><\/small><br><small> <strong><a href=\"http:\/\/0-zz.com\/u\">6\ufe0f\u20e31\ufe0f\u20e3-U<\/a> |<a href=\"http:\/\/0-zz.com\/v\">6\ufe0f\u20e32\ufe0f\u20e3-V<\/a> |<a href=\"http:\/\/0-zz.com\/w\">6\ufe0f\u20e33\ufe0f\u20e3-W<\/a> |<a href=\"http:\/\/0-zz.com\/x\">6\ufe0f\u20e34\ufe0f\u20e3-X<\/a> |<a href=\"http:\/\/0-zz.com\/y\">6\ufe0f\u20e35\ufe0f\u20e3-Y<\/a> |<a href=\"http:\/\/0-zz.com\/z\">6\ufe0f\u20e36\ufe0f\u20e3-Z<\/a><\/strong><\/small><\/p>\n\n\n\n<p>Roll 2 dice ?? 1\ufe0f\u20e32\ufe0f\u20e33\ufe0f\u20e34\ufe0f\u20e35\ufe0f\u20e36\ufe0f\u20e3<\/p>\n\n\n\n<p><a href=\"https:\/\/www.random.org\/dice\/\">https:\/\/www.random.org\/dice\/<\/a><\/p>\n\n\n\n<p><a href=\"https:\/\/www.google.com\/search?q=dice+roller\">https:\/\/www.google.com\/search?q=dice+roller<\/a><\/p>\n\n\n\n<hr class=\"wp-block-separator\"\/>\n\n\n\n<p><a href=\"https:\/\/12r.pl\/ea\/\">12r.pl\/ea<\/a>&nbsp;-&gt;&nbsp;<a href=\"https:\/\/12r.uk\/ea\/\">12r.uk\/ea<\/a>&nbsp;-&gt;&nbsp;<a href=\"https:\/\/7hi7.com\/ea\/\">7hi7.com\/ea<\/a><\/p>\n\n\n\n<p>Wikipedia.org &#8211; Play game &#8211; portals, categories, states, cities, capital cities<\/p>\n","protected":false},"excerpt":{"rendered":"<p>t &#8211; 04\/t &#8211; 04T Daab &#8211; Fala ludzkich serc (Official Audio) 713K views&nbsp;\u00b7&nbsp;7 years ago MJM Music PL SUBSCRIBED 46.7K subscribers https:\/\/m.youtube.com\/channel\/UCpW8I_9qljdQKe92EhrCIMw Jest przed nami wielka rzeka, kt\u00f3r\u0105 kiedy\u015b ka\u017cdy z nasZostawiwszy wszystkie sprawy podryfuje w wolny czas. W trwanie wieczne pop\u0142yniemy tam gdzie nigdy nikt nie powieS\u0142\u00f3w co s\u0142ysze\u0107 ju\u017c nie chcemy, tam [&hellip;]<\/p>\n","protected":false},"author":1,"featured_media":0,"parent":0,"menu_order":0,"comment_status":"closed","ping_status":"closed","template":"","meta":{"footnotes":""},"class_list":["post-79","page","type-page","status-publish","hentry"],"_links":{"self":[{"href":"https:\/\/0-zz.com\/04\/wp-json\/wp\/v2\/pages\/79","targetHints":{"allow":["GET"]}}],"collection":[{"href":"https:\/\/0-zz.com\/04\/wp-json\/wp\/v2\/pages"}],"about":[{"href":"https:\/\/0-zz.com\/04\/wp-json\/wp\/v2\/types\/page"}],"author":[{"embeddable":true,"href":"https:\/\/0-zz.com\/04\/wp-json\/wp\/v2\/users\/1"}],"replies":[{"embeddable":true,"href":"https:\/\/0-zz.com\/04\/wp-json\/wp\/v2\/comments?post=79"}],"version-history":[{"count":3,"href":"https:\/\/0-zz.com\/04\/wp-json\/wp\/v2\/pages\/79\/revisions"}],"predecessor-version":[{"id":166,"href":"https:\/\/0-zz.com\/04\/wp-json\/wp\/v2\/pages\/79\/revisions\/166"}],"wp:attachment":[{"href":"https:\/\/0-zz.com\/04\/wp-json\/wp\/v2\/media?parent=79"}],"curies":[{"name":"wp","href":"https:\/\/api.w.org\/{rel}","templated":true}]}}