{"id":77,"date":"2022-02-21T21:13:25","date_gmt":"2022-02-22T09:13:25","guid":{"rendered":"https:\/\/0-zz.com\/04\/?page_id=77"},"modified":"2022-04-28T22:29:04","modified_gmt":"2022-04-29T10:29:04","slug":"s","status":"publish","type":"page","link":"https:\/\/0-zz.com\/04\/s\/","title":{"rendered":"S"},"content":{"rendered":"\n<h2 class=\"wp-block-heading\" id=\"s-04-s-04s\">s &#8211; 04\/s &#8211; 04S<\/h2>\n\n\n\n<figure class=\"wp-block-embed is-type-video is-provider-youtube wp-block-embed-youtube wp-embed-aspect-4-3 wp-has-aspect-ratio\"><div class=\"wp-block-embed__wrapper\">\n<iframe loading=\"lazy\" title=\"Robert Gawli\u0144ski - O sobie samym (Official Video)\" width=\"580\" height=\"435\" src=\"https:\/\/www.youtube.com\/embed\/kpTak7flT4A?feature=oembed\" frameborder=\"0\" allow=\"accelerometer; autoplay; clipboard-write; encrypted-media; gyroscope; picture-in-picture; web-share\" referrerpolicy=\"strict-origin-when-cross-origin\" allowfullscreen><\/iframe>\n<\/div><\/figure>\n\n\n\n<h2 class=\"wp-block-heading\" id=\"robert-gawlinski-o-sobie-samym-official-video\">Robert Gawli\u0144ski &#8211; O sobie samym (Official Video)<\/h2>\n\n\n\n<p>3.3M views&nbsp;\u00b7&nbsp;8 years ago<\/p>\n\n\n\n<h2 class=\"wp-block-heading\" id=\"mjm-music-pl\">MJM Music PL<\/h2>\n\n\n\n<p>SUBSCRIBED 46.7K subscribers<\/p>\n\n\n\n<p><a href=\"https:\/\/m.youtube.com\/channel\/UCpW8I_9qljdQKe92EhrCIMw\">https:\/\/m.youtube.com\/channel\/UCpW8I_9qljdQKe92EhrCIMw<\/a><\/p>\n\n\n\n<p>Kiedy tak patrzysz na mnie i czuj\u0119 tw\u00f3j l\u0119k<br>taki sam jak m\u00f3j przed nieznanym<br>nie wiem co b\u0119dzie z nami i niewiele wiem sam<br>o sobie samym<br>patrz tylu ludzi pob\u0142\u0105dzi\u0142o gdzie\u015b<br>ich drogi rozesz\u0142y si\u0119 i straci\u0142y sens<br>nie wiem co b\u0119dzie z nami i niewiele wiem sam<br>o sobie samym<\/p>\n\n\n\n<p>lecz prosz\u0119 ci\u0119 teraz uwierz mi<br>niewa\u017cne w \u017cyciu s\u0105 przysz\u0142e dni<br>ja wierz\u0119, \u017ce mi\u0142o\u015b\u0107 zawsze trwa<br>cho\u0107by z\u0142o mia\u0142o najlepszy czas<\/p>\n\n\n\n<p>patrz tylu ludzi b\u0142\u0105dzi gdzie\u015b<br>ich domy rozpad\u0142y si\u0119, straci\u0142y sens<br>wi\u0119c je\u015bli pi\u0119kno \u017cyje w nas<br>to dajmy mu si\u0142\u0119 i pozw\u00f3lmy mu trwa\u0107<\/p>\n\n\n\n<p>Ja wiem, wi\u0119c prosz\u0119 uwierz mi<br>niewa\u017cne w \u017cyciu s\u0105 przysz\u0142e dni<br>i je\u015bli pi\u0119kno \u017cyje w nas<br>to dajmy mu si\u0142\u0119 i pozw\u00f3lmy mu trwa\u0107<\/p>\n\n\n\n<figure class=\"wp-block-table\"><table><tbody><tr><th>Autor tekstu:<\/th><td>Robert Gawli\u0144ski<\/td><\/tr><tr><th>Kompozytor:<\/th><td>Robert Gawli\u0144ski<\/td><\/tr><\/tbody><\/table><\/figure>\n\n\n\n<p><a href=\"https:\/\/www.tekstowo.pl\/piosenka,robert_gawli_ski,o_sobie_samym.html\">https:\/\/www.tekstowo.pl\/piosenka,robert_gawli_ski,o_sobie_samym.html<\/a><\/p>\n\n\n\n<hr class=\"wp-block-separator\"\/>\n\n\n\n<h4 class=\"wp-block-heading\">0-zz.com\/0 &#8211; 0-zz.com\/z :<\/h4>\n\n\n\n<p><small><strong><a href=\"http:\/\/0-zz.com\/0\">1\ufe0f\u20e31\ufe0f\u20e3-0<\/a> |<a href=\"http:\/\/0-zz.com\/1\">1\ufe0f\u20e32\ufe0f\u20e3-1<\/a> |<a href=\"http:\/\/0-zz.com\/2\">1\ufe0f\u20e33\ufe0f\u20e3-2<\/a> |<a href=\"http:\/\/0-zz.com\/3\">1\ufe0f\u20e34\ufe0f\u20e3-3<\/a> |<a href=\"http:\/\/0-zz.com\/4\">1\ufe0f\u20e35\ufe0f\u20e3-4<\/a> |<a href=\"http:\/\/0-zz.com\/5\">1\ufe0f\u20e36\ufe0f\u20e3-5<\/a> <\/strong><\/small><br><small> <strong><a href=\"http:\/\/0-zz.com\/6\">2\ufe0f\u20e31\ufe0f\u20e3-6<\/a> |<a href=\"http:\/\/0-zz.com\/7\">2\ufe0f\u20e32\ufe0f\u20e3-7<\/a> |<a href=\"http:\/\/0-zz.com\/8\">2\ufe0f\u20e33\ufe0f\u20e3-8<\/a> |<a href=\"http:\/\/0-zz.com\/9\">2\ufe0f\u20e34\ufe0f\u20e3-9<\/a> |<a href=\"http:\/\/0-zz.com\/a\">2\ufe0f\u20e35\ufe0f\u20e3-A<\/a> |<a href=\"http:\/\/0-zz.com\/b\">2\ufe0f\u20e36\ufe0f\u20e3-B<\/a><\/strong><\/small><br><small> <strong><a href=\"http:\/\/0-zz.com\/c\">3\ufe0f\u20e31\ufe0f\u20e3-C<\/a> |<a href=\"http:\/\/0-zz.com\/d\">3\ufe0f\u20e32\ufe0f\u20e3-D<\/a> |<a href=\"http:\/\/0-zz.com\/e\">3\ufe0f\u20e33\ufe0f\u20e3-E<\/a> |<a href=\"http:\/\/0-zz.com\/f\">3\ufe0f\u20e34\ufe0f\u20e3-F<\/a> |<a href=\"http:\/\/0-zz.com\/g\">3\ufe0f\u20e35\ufe0f\u20e3-G<\/a> |<a href=\"http:\/\/0-zz.com\/h\">3\ufe0f\u20e36\ufe0f\u20e3-H<\/a><\/strong><\/small><br><small> <strong><a href=\"http:\/\/0-zz.com\/i\">4\ufe0f\u20e31\ufe0f\u20e3-I<\/a> |<a href=\"http:\/\/0-zz.com\/j\">4\ufe0f\u20e32\ufe0f\u20e3-J<\/a> |<a href=\"http:\/\/0-zz.com\/k\">4\ufe0f\u20e33\ufe0f\u20e3-K<\/a> |<a href=\"http:\/\/0-zz.com\/l\">4\ufe0f\u20e34\ufe0f\u20e3-L<\/a> |<a href=\"http:\/\/0-zz.com\/m\">4\ufe0f\u20e35\ufe0f\u20e3-M<\/a> |<a href=\"http:\/\/0-zz.com\/n\">4\ufe0f\u20e36\ufe0f\u20e3-N<\/a><\/strong><\/small><br><small> <strong><a href=\"http:\/\/0-zz.com\/o\">5\ufe0f\u20e31\ufe0f\u20e3-O<\/a> |<a href=\"http:\/\/0-zz.com\/p\">5\ufe0f\u20e32\ufe0f\u20e3-P<\/a> |<a href=\"http:\/\/0-zz.com\/q\">5\ufe0f\u20e33\ufe0f\u20e3-Q<\/a> |<a href=\"http:\/\/0-zz.com\/r\">5\ufe0f\u20e34\ufe0f\u20e3-R<\/a> |<a href=\"http:\/\/0-zz.com\/s\">5\ufe0f\u20e35\ufe0f\u20e3-S<\/a> |<a href=\"http:\/\/0-zz.com\/t\">5\ufe0f\u20e36\ufe0f\u20e3-T<\/a><\/strong><\/small><br><small> <strong><a href=\"http:\/\/0-zz.com\/u\">6\ufe0f\u20e31\ufe0f\u20e3-U<\/a> |<a href=\"http:\/\/0-zz.com\/v\">6\ufe0f\u20e32\ufe0f\u20e3-V<\/a> |<a href=\"http:\/\/0-zz.com\/w\">6\ufe0f\u20e33\ufe0f\u20e3-W<\/a> |<a href=\"http:\/\/0-zz.com\/x\">6\ufe0f\u20e34\ufe0f\u20e3-X<\/a> |<a href=\"http:\/\/0-zz.com\/y\">6\ufe0f\u20e35\ufe0f\u20e3-Y<\/a> |<a href=\"http:\/\/0-zz.com\/z\">6\ufe0f\u20e36\ufe0f\u20e3-Z<\/a><\/strong><\/small><\/p>\n\n\n\n<p>Roll 2 dice ?? 1\ufe0f\u20e32\ufe0f\u20e33\ufe0f\u20e34\ufe0f\u20e35\ufe0f\u20e36\ufe0f\u20e3<\/p>\n\n\n\n<p><a href=\"https:\/\/www.random.org\/dice\/\">https:\/\/www.random.org\/dice\/<\/a><\/p>\n\n\n\n<p><a href=\"https:\/\/www.google.com\/search?q=dice+roller\">https:\/\/www.google.com\/search?q=dice+roller<\/a><\/p>\n\n\n\n<hr class=\"wp-block-separator\"\/>\n\n\n\n<p><a href=\"https:\/\/12r.pl\/ea\/\">12r.pl\/ea<\/a>&nbsp;-&gt;&nbsp;<a href=\"https:\/\/12r.uk\/ea\/\">12r.uk\/ea<\/a>&nbsp;-&gt;&nbsp;<a href=\"https:\/\/7hi7.com\/ea\/\">7hi7.com\/ea<\/a><\/p>\n\n\n\n<p>Wikipedia.org &#8211; Play game &#8211; portals, categories, states, cities, capital cities<\/p>\n","protected":false},"excerpt":{"rendered":"<p>s &#8211; 04\/s &#8211; 04S Robert Gawli\u0144ski &#8211; O sobie samym (Official Video) 3.3M views&nbsp;\u00b7&nbsp;8 years ago MJM Music PL SUBSCRIBED 46.7K subscribers https:\/\/m.youtube.com\/channel\/UCpW8I_9qljdQKe92EhrCIMw Kiedy tak patrzysz na mnie i czuj\u0119 tw\u00f3j l\u0119ktaki sam jak m\u00f3j przed nieznanymnie wiem co b\u0119dzie z nami i niewiele wiem samo sobie samympatrz tylu ludzi pob\u0142\u0105dzi\u0142o gdzie\u015bich drogi rozesz\u0142y [&hellip;]<\/p>\n","protected":false},"author":1,"featured_media":0,"parent":0,"menu_order":0,"comment_status":"closed","ping_status":"closed","template":"","meta":{"footnotes":""},"class_list":["post-77","page","type-page","status-publish","hentry"],"_links":{"self":[{"href":"https:\/\/0-zz.com\/04\/wp-json\/wp\/v2\/pages\/77","targetHints":{"allow":["GET"]}}],"collection":[{"href":"https:\/\/0-zz.com\/04\/wp-json\/wp\/v2\/pages"}],"about":[{"href":"https:\/\/0-zz.com\/04\/wp-json\/wp\/v2\/types\/page"}],"author":[{"embeddable":true,"href":"https:\/\/0-zz.com\/04\/wp-json\/wp\/v2\/users\/1"}],"replies":[{"embeddable":true,"href":"https:\/\/0-zz.com\/04\/wp-json\/wp\/v2\/comments?post=77"}],"version-history":[{"count":3,"href":"https:\/\/0-zz.com\/04\/wp-json\/wp\/v2\/pages\/77\/revisions"}],"predecessor-version":[{"id":165,"href":"https:\/\/0-zz.com\/04\/wp-json\/wp\/v2\/pages\/77\/revisions\/165"}],"wp:attachment":[{"href":"https:\/\/0-zz.com\/04\/wp-json\/wp\/v2\/media?parent=77"}],"curies":[{"name":"wp","href":"https:\/\/api.w.org\/{rel}","templated":true}]}}