{"id":71,"date":"2022-02-21T20:17:31","date_gmt":"2022-02-22T08:17:31","guid":{"rendered":"https:\/\/0-zz.com\/04\/?page_id=71"},"modified":"2022-04-28T22:26:43","modified_gmt":"2022-04-29T10:26:43","slug":"p","status":"publish","type":"page","link":"https:\/\/0-zz.com\/04\/p\/","title":{"rendered":"P"},"content":{"rendered":"\n<h2 class=\"wp-block-heading\" id=\"p-04-p-04p\">p &#8211; 04\/p &#8211; 04P<\/h2>\n\n\n\n<figure class=\"wp-block-embed is-type-video is-provider-youtube wp-block-embed-youtube wp-embed-aspect-16-9 wp-has-aspect-ratio\"><div class=\"wp-block-embed__wrapper\">\n<iframe loading=\"lazy\" title=\"Dawid Podsiad\u0142o - Trojkaty i Kwadraty\" width=\"580\" height=\"326\" src=\"https:\/\/www.youtube.com\/embed\/Wg4A_d9F7xk?feature=oembed\" frameborder=\"0\" allow=\"accelerometer; autoplay; clipboard-write; encrypted-media; gyroscope; picture-in-picture; web-share\" referrerpolicy=\"strict-origin-when-cross-origin\" allowfullscreen><\/iframe>\n<\/div><\/figure>\n\n\n\n<h2 class=\"wp-block-heading\" id=\"dawid-podsiadlo-trojkaty-i-kwadraty\">Dawid Podsiadlo &#8211; Trojkaty i Kwadraty<\/h2>\n\n\n\n<p>31M views&nbsp;\u00b7&nbsp;8 years ago<\/p>\n\n\n\n<h2 class=\"wp-block-heading\" id=\"dawid-podsiadlo\">Dawid Podsiad\u0142o<\/h2>\n\n\n\n<p>SUBSCRIBED 653K subscribers<\/p>\n\n\n\n<p><a href=\"https:\/\/m.youtube.com\/channel\/UCPGjLde9JT7jPF0OizNESRQ\">https:\/\/m.youtube.com\/channel\/UCPGjLde9JT7jPF0OizNESRQ<\/a><\/p>\n\n\n\n<p>Stoj\u0119 na drodze, nie widzi mnie tu nikt<br>Po lewej stronie le\u017cy samotny kij<br>Podnosz\u0119 g\u0142ow\u0119, nade mn\u0105 rz\u0119dy chmur<br>S\u0142o\u0144ce horyzont na sznurku ci\u0105gnie w d\u00f3\u0142<\/p>\n\n\n\n<p>Wisz\u0119 nad ziemi\u0105 centymetr albo dwa<br>Zazdro\u015b\u0107 i nienawi\u015b\u0107 jak mr\u00f3wki b\u0142\u0105dz\u0105 w\u015br\u00f3d traw<br>Zamykam oczy i licz\u0119 do trzynastu<br>Nim zajdzie s\u0142o\u0144ce t\u0119skni\u0107 za tob\u0105 b\u0119d\u0119 zn\u00f3w<\/p>\n\n\n\n<p>Jak para zmieniam stan<br>Unosz\u0119 si\u0119 do chmur<br>Spadam kulami gradu<br>Topniej\u0119 u twych st\u00f3p<\/p>\n\n\n\n<p>Stoj\u0119 na drodze, nie widzi mnie tu nikt<br>Spuszczam ze smyczy ka\u017cd\u0105 m\u0119cz\u0105c\u0105 mnie my\u015bl<br>Gwiazdy formuj\u0105 tr\u00f3jk\u0105ty i kwadraty<br>Dzi\u015b je w kieszeniach b\u0119d\u0119 do ciebie ni\u00f3s\u0142<\/p>\n\n\n\n<p>Jak para zmieniam stan<br>Unosz\u0119 si\u0119 do chmur<br>Spadam kulami gradu<br>Topniej\u0119 u twych st\u00f3p<\/p>\n\n\n\n<p>Jak para zmieniam stan<br>Unosz\u0119 si\u0119 do chmur<br>Nic nie zatrzyma mnie<br>Powiedz tylko, \u017ce chcesz, b\u0119d\u0119 tw\u00f3j<\/p>\n\n\n\n<figure class=\"wp-block-table\"><table><tbody><tr><th>Autor tekstu:<\/th><td>Dawid Podsiad\u0142o, Karolina Kozak<\/td><\/tr><tr><th>Kompozytor:<\/th><td>Dawid Podsiad\u0142o, Bogdan Kondracki<\/td><\/tr><\/tbody><\/table><\/figure>\n\n\n\n<p><a href=\"https:\/\/www.tekstowo.pl\/piosenka,dawid_podsiadlo,trojkaty_i_kwadraty.html\">https:\/\/www.tekstowo.pl\/piosenka,dawid_podsiadlo,trojkaty_i_kwadraty.html<\/a><\/p>\n\n\n\n<hr class=\"wp-block-separator\"\/>\n\n\n\n<h4 class=\"wp-block-heading\">0-zz.com\/0 &#8211; 0-zz.com\/z :<\/h4>\n\n\n\n<p><small><strong><a href=\"http:\/\/0-zz.com\/0\">1\ufe0f\u20e31\ufe0f\u20e3-0<\/a> |<a href=\"http:\/\/0-zz.com\/1\">1\ufe0f\u20e32\ufe0f\u20e3-1<\/a> |<a href=\"http:\/\/0-zz.com\/2\">1\ufe0f\u20e33\ufe0f\u20e3-2<\/a> |<a href=\"http:\/\/0-zz.com\/3\">1\ufe0f\u20e34\ufe0f\u20e3-3<\/a> |<a href=\"http:\/\/0-zz.com\/4\">1\ufe0f\u20e35\ufe0f\u20e3-4<\/a> |<a href=\"http:\/\/0-zz.com\/5\">1\ufe0f\u20e36\ufe0f\u20e3-5<\/a> <\/strong><\/small><br><small> <strong><a href=\"http:\/\/0-zz.com\/6\">2\ufe0f\u20e31\ufe0f\u20e3-6<\/a> |<a href=\"http:\/\/0-zz.com\/7\">2\ufe0f\u20e32\ufe0f\u20e3-7<\/a> |<a href=\"http:\/\/0-zz.com\/8\">2\ufe0f\u20e33\ufe0f\u20e3-8<\/a> |<a href=\"http:\/\/0-zz.com\/9\">2\ufe0f\u20e34\ufe0f\u20e3-9<\/a> |<a href=\"http:\/\/0-zz.com\/a\">2\ufe0f\u20e35\ufe0f\u20e3-A<\/a> |<a href=\"http:\/\/0-zz.com\/b\">2\ufe0f\u20e36\ufe0f\u20e3-B<\/a><\/strong><\/small><br><small> <strong><a href=\"http:\/\/0-zz.com\/c\">3\ufe0f\u20e31\ufe0f\u20e3-C<\/a> |<a href=\"http:\/\/0-zz.com\/d\">3\ufe0f\u20e32\ufe0f\u20e3-D<\/a> |<a href=\"http:\/\/0-zz.com\/e\">3\ufe0f\u20e33\ufe0f\u20e3-E<\/a> |<a href=\"http:\/\/0-zz.com\/f\">3\ufe0f\u20e34\ufe0f\u20e3-F<\/a> |<a href=\"http:\/\/0-zz.com\/g\">3\ufe0f\u20e35\ufe0f\u20e3-G<\/a> |<a href=\"http:\/\/0-zz.com\/h\">3\ufe0f\u20e36\ufe0f\u20e3-H<\/a><\/strong><\/small><br><small> <strong><a href=\"http:\/\/0-zz.com\/i\">4\ufe0f\u20e31\ufe0f\u20e3-I<\/a> |<a href=\"http:\/\/0-zz.com\/j\">4\ufe0f\u20e32\ufe0f\u20e3-J<\/a> |<a href=\"http:\/\/0-zz.com\/k\">4\ufe0f\u20e33\ufe0f\u20e3-K<\/a> |<a href=\"http:\/\/0-zz.com\/l\">4\ufe0f\u20e34\ufe0f\u20e3-L<\/a> |<a href=\"http:\/\/0-zz.com\/m\">4\ufe0f\u20e35\ufe0f\u20e3-M<\/a> |<a href=\"http:\/\/0-zz.com\/n\">4\ufe0f\u20e36\ufe0f\u20e3-N<\/a><\/strong><\/small><br><small> <strong><a href=\"http:\/\/0-zz.com\/o\">5\ufe0f\u20e31\ufe0f\u20e3-O<\/a> |<a href=\"http:\/\/0-zz.com\/p\">5\ufe0f\u20e32\ufe0f\u20e3-P<\/a> |<a href=\"http:\/\/0-zz.com\/q\">5\ufe0f\u20e33\ufe0f\u20e3-Q<\/a> |<a href=\"http:\/\/0-zz.com\/r\">5\ufe0f\u20e34\ufe0f\u20e3-R<\/a> |<a href=\"http:\/\/0-zz.com\/s\">5\ufe0f\u20e35\ufe0f\u20e3-S<\/a> |<a href=\"http:\/\/0-zz.com\/t\">5\ufe0f\u20e36\ufe0f\u20e3-T<\/a><\/strong><\/small><br><small> <strong><a href=\"http:\/\/0-zz.com\/u\">6\ufe0f\u20e31\ufe0f\u20e3-U<\/a> |<a href=\"http:\/\/0-zz.com\/v\">6\ufe0f\u20e32\ufe0f\u20e3-V<\/a> |<a href=\"http:\/\/0-zz.com\/w\">6\ufe0f\u20e33\ufe0f\u20e3-W<\/a> |<a href=\"http:\/\/0-zz.com\/x\">6\ufe0f\u20e34\ufe0f\u20e3-X<\/a> |<a href=\"http:\/\/0-zz.com\/y\">6\ufe0f\u20e35\ufe0f\u20e3-Y<\/a> |<a href=\"http:\/\/0-zz.com\/z\">6\ufe0f\u20e36\ufe0f\u20e3-Z<\/a><\/strong><\/small><\/p>\n\n\n\n<p>Roll 2 dice ?? 1\ufe0f\u20e32\ufe0f\u20e33\ufe0f\u20e34\ufe0f\u20e35\ufe0f\u20e36\ufe0f\u20e3<\/p>\n\n\n\n<p><a href=\"https:\/\/www.random.org\/dice\/\">https:\/\/www.random.org\/dice\/<\/a><\/p>\n\n\n\n<p><a href=\"https:\/\/www.google.com\/search?q=dice+roller\">https:\/\/www.google.com\/search?q=dice+roller<\/a><\/p>\n\n\n\n<hr class=\"wp-block-separator\"\/>\n\n\n\n<p><a href=\"https:\/\/12r.pl\/ea\/\">12r.pl\/ea<\/a>&nbsp;-&gt;&nbsp;<a href=\"https:\/\/12r.uk\/ea\/\">12r.uk\/ea<\/a>&nbsp;-&gt;&nbsp;<a href=\"https:\/\/7hi7.com\/ea\/\">7hi7.com\/ea<\/a><\/p>\n\n\n\n<p>Wikipedia.org &#8211; Play game &#8211; portals, categories, states, cities, capital cities<\/p>\n","protected":false},"excerpt":{"rendered":"<p>p &#8211; 04\/p &#8211; 04P Dawid Podsiadlo &#8211; Trojkaty i Kwadraty 31M views&nbsp;\u00b7&nbsp;8 years ago Dawid Podsiad\u0142o SUBSCRIBED 653K subscribers https:\/\/m.youtube.com\/channel\/UCPGjLde9JT7jPF0OizNESRQ Stoj\u0119 na drodze, nie widzi mnie tu niktPo lewej stronie le\u017cy samotny kijPodnosz\u0119 g\u0142ow\u0119, nade mn\u0105 rz\u0119dy chmurS\u0142o\u0144ce horyzont na sznurku ci\u0105gnie w d\u00f3\u0142 Wisz\u0119 nad ziemi\u0105 centymetr albo dwaZazdro\u015b\u0107 i nienawi\u015b\u0107 jak mr\u00f3wki [&hellip;]<\/p>\n","protected":false},"author":1,"featured_media":0,"parent":0,"menu_order":0,"comment_status":"closed","ping_status":"closed","template":"","meta":{"footnotes":""},"class_list":["post-71","page","type-page","status-publish","hentry"],"_links":{"self":[{"href":"https:\/\/0-zz.com\/04\/wp-json\/wp\/v2\/pages\/71","targetHints":{"allow":["GET"]}}],"collection":[{"href":"https:\/\/0-zz.com\/04\/wp-json\/wp\/v2\/pages"}],"about":[{"href":"https:\/\/0-zz.com\/04\/wp-json\/wp\/v2\/types\/page"}],"author":[{"embeddable":true,"href":"https:\/\/0-zz.com\/04\/wp-json\/wp\/v2\/users\/1"}],"replies":[{"embeddable":true,"href":"https:\/\/0-zz.com\/04\/wp-json\/wp\/v2\/comments?post=71"}],"version-history":[{"count":3,"href":"https:\/\/0-zz.com\/04\/wp-json\/wp\/v2\/pages\/71\/revisions"}],"predecessor-version":[{"id":163,"href":"https:\/\/0-zz.com\/04\/wp-json\/wp\/v2\/pages\/71\/revisions\/163"}],"wp:attachment":[{"href":"https:\/\/0-zz.com\/04\/wp-json\/wp\/v2\/media?parent=71"}],"curies":[{"name":"wp","href":"https:\/\/api.w.org\/{rel}","templated":true}]}}