{"id":69,"date":"2022-02-21T20:12:18","date_gmt":"2022-02-22T08:12:18","guid":{"rendered":"https:\/\/0-zz.com\/04\/?page_id=69"},"modified":"2022-04-28T22:25:35","modified_gmt":"2022-04-29T10:25:35","slug":"o","status":"publish","type":"page","link":"https:\/\/0-zz.com\/04\/o\/","title":{"rendered":"O"},"content":{"rendered":"\n<h2 class=\"wp-block-heading\" id=\"o-04-o-04o\">o &#8211; 04\/o &#8211; 04O<\/h2>\n\n\n\n<figure class=\"wp-block-embed is-type-video is-provider-youtube wp-block-embed-youtube wp-embed-aspect-4-3 wp-has-aspect-ratio\"><div class=\"wp-block-embed__wrapper\">\n<iframe loading=\"lazy\" title=\"KULT - Gdy nie ma dzieci [OFFICIAL VIDEO]\" width=\"580\" height=\"435\" src=\"https:\/\/www.youtube.com\/embed\/I8NcELiIMHg?feature=oembed\" frameborder=\"0\" allow=\"accelerometer; autoplay; clipboard-write; encrypted-media; gyroscope; picture-in-picture; web-share\" referrerpolicy=\"strict-origin-when-cross-origin\" allowfullscreen><\/iframe>\n<\/div><\/figure>\n\n\n\n<h2 class=\"wp-block-heading\" id=\"kult-gdy-nie-ma-dzieci-official-video\">KULT &#8211; Gdy nie ma dzieci [OFFICIAL VIDEO]<\/h2>\n\n\n\n<p>11M views&nbsp;\u00b7&nbsp;11 years ago<\/p>\n\n\n\n<h2 class=\"wp-block-heading\" id=\"s-p-records\">S.P. RECORDS<\/h2>\n\n\n\n<p>SUBSCRIBED 537K subscribers<\/p>\n\n\n\n<p><a href=\"https:\/\/m.youtube.com\/channel\/UCK2SYN1AqMyYsJtfCV48Luw\">https:\/\/m.youtube.com\/channel\/UCK2SYN1AqMyYsJtfCV48Luw<\/a><\/p>\n\n\n\n<p>Jedna flaszka, druga flaszka i te\u017c trzecia, kurde bele, leci<br>Dom stoi zupe\u0142nie pusty noc\u0105 kurz\u0105 si\u0119 dooko\u0142a rupiecie<br>Wracamy chwiejnym krokiem po okr\u0105\u017ceniu nad ranem<br>Po schodach na piechot\u0119 raczej rady nie damy<\/p>\n\n\n\n<p>Wyjechali na wakacje wszyscy nasi podopieczni<br>Gdy nie ma dzieci w domu &#8211; to jeste\u015bmy niegrzeczni<br>Wyjechali na wakacje wszyscy nasi podopieczni<br>Gdy nie ma w domu dzieci &#8211; to jeste\u015bmy niegrzeczni<\/p>\n\n\n\n<p>Trasa bardzo dobrze znana od jednego baru do baru<br>Poznaje si\u0119 tych albo owych i mamy troszeczk\u0119 kataru<br>Je\u015bli wiesz o czym ja m\u00f3wi\u0119. Natomiast zupe\u0142nym rankiem<br>Wychylam patrz\u0105c t\u0119po ostatni\u0105 bez gazu szklank\u0119, he<\/p>\n\n\n\n<p>Wyjechali na wakacje wszyscy nasi podopieczni<br>Gdy nie ma w domu dzieci, to jeste\u015bmy niegrzeczni<br>Wyjechali na wakacje wszyscy nasi podopieczni<br>Gdy nie ma w domu dzieci &#8211; to jeste\u015bmy niegrzeczni<\/p>\n\n\n\n<p>Jeszcze kilka dni i nocy, i wszystko wr\u00f3ci do normy<br>B\u0119dziemy zorganizowani i powa\u017cni, uczesani i przezorni<br>Jednak jeszcze dzisiaj i jutro, pojutrze i popojutrze<br>Pozw\u00f3l nocy kochana, \u017cyciu nosa utrze\u0107<\/p>\n\n\n\n<p>Wyjechali na wakacje wszyscy nasi podopieczni<br>Gdy nie ma w domu dzieci &#8211; to jeste\u015bmy niegrzeczni<br>Wyjechali na wakacje wszyscy nasi podopieczni<br>Gdy nie ma w domu dzieci &#8211; to jeste\u015bmy niegrzeczni<\/p>\n\n\n\n<p>Tak, wyjechali na wakacje wszyscy nasi podopieczni<br>Gdy nie ma w domu dzieci &#8211; to jeste\u015bmy niegrzeczni<br>Wyjechali na wakacje wszyscy nasi podopieczni<br>Gdy nie ma w domu dzieci &#8211; to jeste\u015bmy niegrzeczni.<\/p>\n\n\n\n<figure class=\"wp-block-table\"><table><tbody><tr><th>Autor tekstu:<\/th><td>Kazik Staszewski<\/td><\/tr><tr><th>Kompozytor:<\/th><td>Kult<\/td><\/tr><\/tbody><\/table><\/figure>\n\n\n\n<p><a href=\"https:\/\/www.tekstowo.pl\/piosenka,kult,gdy_nie_ma_dzieci.html\">https:\/\/www.tekstowo.pl\/piosenka,kult,gdy_nie_ma_dzieci.html<\/a><\/p>\n\n\n\n<hr class=\"wp-block-separator\"\/>\n\n\n\n<h4 class=\"wp-block-heading\">0-zz.com\/0 &#8211; 0-zz.com\/z :<\/h4>\n\n\n\n<p><small><strong><a href=\"http:\/\/0-zz.com\/0\">1\ufe0f\u20e31\ufe0f\u20e3-0<\/a> |<a href=\"http:\/\/0-zz.com\/1\">1\ufe0f\u20e32\ufe0f\u20e3-1<\/a> |<a href=\"http:\/\/0-zz.com\/2\">1\ufe0f\u20e33\ufe0f\u20e3-2<\/a> |<a href=\"http:\/\/0-zz.com\/3\">1\ufe0f\u20e34\ufe0f\u20e3-3<\/a> |<a href=\"http:\/\/0-zz.com\/4\">1\ufe0f\u20e35\ufe0f\u20e3-4<\/a> |<a href=\"http:\/\/0-zz.com\/5\">1\ufe0f\u20e36\ufe0f\u20e3-5<\/a> <\/strong><\/small><br><small> <strong><a href=\"http:\/\/0-zz.com\/6\">2\ufe0f\u20e31\ufe0f\u20e3-6<\/a> |<a href=\"http:\/\/0-zz.com\/7\">2\ufe0f\u20e32\ufe0f\u20e3-7<\/a> |<a href=\"http:\/\/0-zz.com\/8\">2\ufe0f\u20e33\ufe0f\u20e3-8<\/a> |<a href=\"http:\/\/0-zz.com\/9\">2\ufe0f\u20e34\ufe0f\u20e3-9<\/a> |<a href=\"http:\/\/0-zz.com\/a\">2\ufe0f\u20e35\ufe0f\u20e3-A<\/a> |<a href=\"http:\/\/0-zz.com\/b\">2\ufe0f\u20e36\ufe0f\u20e3-B<\/a><\/strong><\/small><br><small> <strong><a href=\"http:\/\/0-zz.com\/c\">3\ufe0f\u20e31\ufe0f\u20e3-C<\/a> |<a href=\"http:\/\/0-zz.com\/d\">3\ufe0f\u20e32\ufe0f\u20e3-D<\/a> |<a href=\"http:\/\/0-zz.com\/e\">3\ufe0f\u20e33\ufe0f\u20e3-E<\/a> |<a href=\"http:\/\/0-zz.com\/f\">3\ufe0f\u20e34\ufe0f\u20e3-F<\/a> |<a href=\"http:\/\/0-zz.com\/g\">3\ufe0f\u20e35\ufe0f\u20e3-G<\/a> |<a href=\"http:\/\/0-zz.com\/h\">3\ufe0f\u20e36\ufe0f\u20e3-H<\/a><\/strong><\/small><br><small> <strong><a href=\"http:\/\/0-zz.com\/i\">4\ufe0f\u20e31\ufe0f\u20e3-I<\/a> |<a href=\"http:\/\/0-zz.com\/j\">4\ufe0f\u20e32\ufe0f\u20e3-J<\/a> |<a href=\"http:\/\/0-zz.com\/k\">4\ufe0f\u20e33\ufe0f\u20e3-K<\/a> |<a href=\"http:\/\/0-zz.com\/l\">4\ufe0f\u20e34\ufe0f\u20e3-L<\/a> |<a href=\"http:\/\/0-zz.com\/m\">4\ufe0f\u20e35\ufe0f\u20e3-M<\/a> |<a href=\"http:\/\/0-zz.com\/n\">4\ufe0f\u20e36\ufe0f\u20e3-N<\/a><\/strong><\/small><br><small> <strong><a href=\"http:\/\/0-zz.com\/o\">5\ufe0f\u20e31\ufe0f\u20e3-O<\/a> |<a href=\"http:\/\/0-zz.com\/p\">5\ufe0f\u20e32\ufe0f\u20e3-P<\/a> |<a href=\"http:\/\/0-zz.com\/q\">5\ufe0f\u20e33\ufe0f\u20e3-Q<\/a> |<a href=\"http:\/\/0-zz.com\/r\">5\ufe0f\u20e34\ufe0f\u20e3-R<\/a> |<a href=\"http:\/\/0-zz.com\/s\">5\ufe0f\u20e35\ufe0f\u20e3-S<\/a> |<a href=\"http:\/\/0-zz.com\/t\">5\ufe0f\u20e36\ufe0f\u20e3-T<\/a><\/strong><\/small><br><small> <strong><a href=\"http:\/\/0-zz.com\/u\">6\ufe0f\u20e31\ufe0f\u20e3-U<\/a> |<a href=\"http:\/\/0-zz.com\/v\">6\ufe0f\u20e32\ufe0f\u20e3-V<\/a> |<a href=\"http:\/\/0-zz.com\/w\">6\ufe0f\u20e33\ufe0f\u20e3-W<\/a> |<a href=\"http:\/\/0-zz.com\/x\">6\ufe0f\u20e34\ufe0f\u20e3-X<\/a> |<a href=\"http:\/\/0-zz.com\/y\">6\ufe0f\u20e35\ufe0f\u20e3-Y<\/a> |<a href=\"http:\/\/0-zz.com\/z\">6\ufe0f\u20e36\ufe0f\u20e3-Z<\/a><\/strong><\/small><\/p>\n\n\n\n<p>Roll 2 dice ?? 1\ufe0f\u20e32\ufe0f\u20e33\ufe0f\u20e34\ufe0f\u20e35\ufe0f\u20e36\ufe0f\u20e3<\/p>\n\n\n\n<p><a href=\"https:\/\/www.random.org\/dice\/\">https:\/\/www.random.org\/dice\/<\/a><\/p>\n\n\n\n<p><a href=\"https:\/\/www.google.com\/search?q=dice+roller\">https:\/\/www.google.com\/search?q=dice+roller<\/a><\/p>\n\n\n\n<hr class=\"wp-block-separator\"\/>\n\n\n\n<p><a href=\"https:\/\/12r.pl\/ea\/\">12r.pl\/ea<\/a>&nbsp;-&gt;&nbsp;<a href=\"https:\/\/12r.uk\/ea\/\">12r.uk\/ea<\/a>&nbsp;-&gt;&nbsp;<a href=\"https:\/\/7hi7.com\/ea\/\">7hi7.com\/ea<\/a><\/p>\n\n\n\n<p>Wikipedia.org &#8211; Play game &#8211; portals, categories, states, cities, capital cities<\/p>\n","protected":false},"excerpt":{"rendered":"<p>o &#8211; 04\/o &#8211; 04O KULT &#8211; Gdy nie ma dzieci [OFFICIAL VIDEO] 11M views&nbsp;\u00b7&nbsp;11 years ago S.P. RECORDS SUBSCRIBED 537K subscribers https:\/\/m.youtube.com\/channel\/UCK2SYN1AqMyYsJtfCV48Luw Jedna flaszka, druga flaszka i te\u017c trzecia, kurde bele, leciDom stoi zupe\u0142nie pusty noc\u0105 kurz\u0105 si\u0119 dooko\u0142a rupiecieWracamy chwiejnym krokiem po okr\u0105\u017ceniu nad ranemPo schodach na piechot\u0119 raczej rady nie damy Wyjechali [&hellip;]<\/p>\n","protected":false},"author":1,"featured_media":0,"parent":0,"menu_order":0,"comment_status":"closed","ping_status":"closed","template":"","meta":{"footnotes":""},"class_list":["post-69","page","type-page","status-publish","hentry"],"_links":{"self":[{"href":"https:\/\/0-zz.com\/04\/wp-json\/wp\/v2\/pages\/69","targetHints":{"allow":["GET"]}}],"collection":[{"href":"https:\/\/0-zz.com\/04\/wp-json\/wp\/v2\/pages"}],"about":[{"href":"https:\/\/0-zz.com\/04\/wp-json\/wp\/v2\/types\/page"}],"author":[{"embeddable":true,"href":"https:\/\/0-zz.com\/04\/wp-json\/wp\/v2\/users\/1"}],"replies":[{"embeddable":true,"href":"https:\/\/0-zz.com\/04\/wp-json\/wp\/v2\/comments?post=69"}],"version-history":[{"count":3,"href":"https:\/\/0-zz.com\/04\/wp-json\/wp\/v2\/pages\/69\/revisions"}],"predecessor-version":[{"id":162,"href":"https:\/\/0-zz.com\/04\/wp-json\/wp\/v2\/pages\/69\/revisions\/162"}],"wp:attachment":[{"href":"https:\/\/0-zz.com\/04\/wp-json\/wp\/v2\/media?parent=69"}],"curies":[{"name":"wp","href":"https:\/\/api.w.org\/{rel}","templated":true}]}}