{"id":58,"date":"2022-02-21T19:03:22","date_gmt":"2022-02-22T07:03:22","guid":{"rendered":"https:\/\/0-zz.com\/04\/?page_id=58"},"modified":"2022-04-28T22:18:34","modified_gmt":"2022-04-29T10:18:34","slug":"j","status":"publish","type":"page","link":"https:\/\/0-zz.com\/04\/j\/","title":{"rendered":"J"},"content":{"rendered":"\n<h2 class=\"wp-block-heading\" id=\"j-04-j-04j\">j &#8211; 04\/j &#8211; 04J<\/h2>\n\n\n\n<figure class=\"wp-block-embed is-type-video is-provider-youtube wp-block-embed-youtube wp-embed-aspect-16-9 wp-has-aspect-ratio\"><div class=\"wp-block-embed__wrapper\">\n<iframe loading=\"lazy\" title=\"Zbigniew Wodecki - Zacznij od Bacha\" width=\"580\" height=\"326\" src=\"https:\/\/www.youtube.com\/embed\/rDQHzGpwQNk?feature=oembed\" frameborder=\"0\" allow=\"accelerometer; autoplay; clipboard-write; encrypted-media; gyroscope; picture-in-picture; web-share\" referrerpolicy=\"strict-origin-when-cross-origin\" allowfullscreen><\/iframe>\n<\/div><\/figure>\n\n\n\n<h2 class=\"wp-block-heading\" id=\"zbigniew-wodecki-zacznij-od-bacha\">Zbigniew Wodecki &#8211; Zacznij od Bacha<\/h2>\n\n\n\n<p>3.1M views&nbsp;\u00b7&nbsp;4 years ago<\/p>\n\n\n\n<h2 class=\"wp-block-heading\" id=\"mtj-wytwornia-muzyczna\">MTJ Wytw\u00f3rnia Muzyczna<\/h2>\n\n\n\n<p>SUBSCRIBED 145K subscribers<\/p>\n\n\n\n<p><a href=\"https:\/\/m.youtube.com\/channel\/UCXFStfWXu51kine3l-pimbw\">https:\/\/m.youtube.com\/channel\/UCXFStfWXu51kine3l-pimbw<\/a><\/p>\n\n\n\n<p>Gdy musisz wsta\u0107,<br>cho\u0107 tulisz tak pod g\u0142ow\u0105 ob\u0142oczek snu<br>i s\u0142\u00f3w tyle znasz uczonych cicho przez noc,<br>a tu dzie\u0144 wstaje ju\u017c kolorowo &#8211; witaj!<\/p>\n\n\n\n<p>Gdy musisz wsta\u0107,<br>bo s\u0142o\u0144ce ju\u017c zawiesza na szczytach wie\u017c<br>poranny sw\u00f3j szal* i rusza, cie\u0144 w d\u0142ugi marsz,<br>wok\u00f3\u0142 drzew krz\u0105ta si\u0119 ptak\u00f3w rzesza &#8211; witaj!<\/p>\n\n\n\n<p>Zacznij od Bacha, nim s\u0142o\u0144ce po dachach<br>zeskoczy, jak kot po nocy \u0107mej.<br>I zacznij od Bacha, gdy w progu si\u0119 waha<br>kto\u015b, kto winien wej\u015b\u0107, a mo\u017ce nie&#8230;<\/p>\n\n\n\n<p>[ca\u0142o\u015b\u0107 x2]<\/p>\n\n\n\n<p>Tu du ru du<br>tu ru du du daj pa ru ba du du du daj<br>tu ru du du daj pa ru ba du du ru du<br>du ru daj du ru du du ru du du &#8211; witaj! [x3]<\/p>\n\n\n\n<figure class=\"wp-block-table\"><table><tbody><tr><th>Autor tekstu:<\/th><td>Janusz Terakowski<\/td><\/tr><tr><th>Kompozytor:<\/th><td>Zbigniew Wodecki<\/td><\/tr><\/tbody><\/table><\/figure>\n\n\n\n<p><a href=\"https:\/\/www.tekstowo.pl\/piosenka,zbigniew_wodecki,zacznij_od_bacha.html\">https:\/\/www.tekstowo.pl\/piosenka,zbigniew_wodecki,zacznij_od_bacha.html<\/a><\/p>\n\n\n\n<hr class=\"wp-block-separator\"\/>\n\n\n\n<h4 class=\"wp-block-heading\">0-zz.com\/0 &#8211; 0-zz.com\/z :<\/h4>\n\n\n\n<p><small><strong><a href=\"http:\/\/0-zz.com\/0\">1\ufe0f\u20e31\ufe0f\u20e3-0<\/a> |<a href=\"http:\/\/0-zz.com\/1\">1\ufe0f\u20e32\ufe0f\u20e3-1<\/a> |<a href=\"http:\/\/0-zz.com\/2\">1\ufe0f\u20e33\ufe0f\u20e3-2<\/a> |<a href=\"http:\/\/0-zz.com\/3\">1\ufe0f\u20e34\ufe0f\u20e3-3<\/a> |<a href=\"http:\/\/0-zz.com\/4\">1\ufe0f\u20e35\ufe0f\u20e3-4<\/a> |<a href=\"http:\/\/0-zz.com\/5\">1\ufe0f\u20e36\ufe0f\u20e3-5<\/a> <\/strong><\/small><br><small> <strong><a href=\"http:\/\/0-zz.com\/6\">2\ufe0f\u20e31\ufe0f\u20e3-6<\/a> |<a href=\"http:\/\/0-zz.com\/7\">2\ufe0f\u20e32\ufe0f\u20e3-7<\/a> |<a href=\"http:\/\/0-zz.com\/8\">2\ufe0f\u20e33\ufe0f\u20e3-8<\/a> |<a href=\"http:\/\/0-zz.com\/9\">2\ufe0f\u20e34\ufe0f\u20e3-9<\/a> |<a href=\"http:\/\/0-zz.com\/a\">2\ufe0f\u20e35\ufe0f\u20e3-A<\/a> |<a href=\"http:\/\/0-zz.com\/b\">2\ufe0f\u20e36\ufe0f\u20e3-B<\/a><\/strong><\/small><br><small> <strong><a href=\"http:\/\/0-zz.com\/c\">3\ufe0f\u20e31\ufe0f\u20e3-C<\/a> |<a href=\"http:\/\/0-zz.com\/d\">3\ufe0f\u20e32\ufe0f\u20e3-D<\/a> |<a href=\"http:\/\/0-zz.com\/e\">3\ufe0f\u20e33\ufe0f\u20e3-E<\/a> |<a href=\"http:\/\/0-zz.com\/f\">3\ufe0f\u20e34\ufe0f\u20e3-F<\/a> |<a href=\"http:\/\/0-zz.com\/g\">3\ufe0f\u20e35\ufe0f\u20e3-G<\/a> |<a href=\"http:\/\/0-zz.com\/h\">3\ufe0f\u20e36\ufe0f\u20e3-H<\/a><\/strong><\/small><br><small> <strong><a href=\"http:\/\/0-zz.com\/i\">4\ufe0f\u20e31\ufe0f\u20e3-I<\/a> |<a href=\"http:\/\/0-zz.com\/j\">4\ufe0f\u20e32\ufe0f\u20e3-J<\/a> |<a href=\"http:\/\/0-zz.com\/k\">4\ufe0f\u20e33\ufe0f\u20e3-K<\/a> |<a href=\"http:\/\/0-zz.com\/l\">4\ufe0f\u20e34\ufe0f\u20e3-L<\/a> |<a href=\"http:\/\/0-zz.com\/m\">4\ufe0f\u20e35\ufe0f\u20e3-M<\/a> |<a href=\"http:\/\/0-zz.com\/n\">4\ufe0f\u20e36\ufe0f\u20e3-N<\/a><\/strong><\/small><br><small> <strong><a href=\"http:\/\/0-zz.com\/o\">5\ufe0f\u20e31\ufe0f\u20e3-O<\/a> |<a href=\"http:\/\/0-zz.com\/p\">5\ufe0f\u20e32\ufe0f\u20e3-P<\/a> |<a href=\"http:\/\/0-zz.com\/q\">5\ufe0f\u20e33\ufe0f\u20e3-Q<\/a> |<a href=\"http:\/\/0-zz.com\/r\">5\ufe0f\u20e34\ufe0f\u20e3-R<\/a> |<a href=\"http:\/\/0-zz.com\/s\">5\ufe0f\u20e35\ufe0f\u20e3-S<\/a> |<a href=\"http:\/\/0-zz.com\/t\">5\ufe0f\u20e36\ufe0f\u20e3-T<\/a><\/strong><\/small><br><small> <strong><a href=\"http:\/\/0-zz.com\/u\">6\ufe0f\u20e31\ufe0f\u20e3-U<\/a> |<a href=\"http:\/\/0-zz.com\/v\">6\ufe0f\u20e32\ufe0f\u20e3-V<\/a> |<a href=\"http:\/\/0-zz.com\/w\">6\ufe0f\u20e33\ufe0f\u20e3-W<\/a> |<a href=\"http:\/\/0-zz.com\/x\">6\ufe0f\u20e34\ufe0f\u20e3-X<\/a> |<a href=\"http:\/\/0-zz.com\/y\">6\ufe0f\u20e35\ufe0f\u20e3-Y<\/a> |<a href=\"http:\/\/0-zz.com\/z\">6\ufe0f\u20e36\ufe0f\u20e3-Z<\/a><\/strong><\/small><\/p>\n\n\n\n<p>Roll 2 dice ?? 1\ufe0f\u20e32\ufe0f\u20e33\ufe0f\u20e34\ufe0f\u20e35\ufe0f\u20e36\ufe0f\u20e3<\/p>\n\n\n\n<p><a href=\"https:\/\/www.random.org\/dice\/\">https:\/\/www.random.org\/dice\/<\/a><\/p>\n\n\n\n<p><a href=\"https:\/\/www.google.com\/search?q=dice+roller\">https:\/\/www.google.com\/search?q=dice+roller<\/a><\/p>\n\n\n\n<hr class=\"wp-block-separator\"\/>\n\n\n\n<p><a href=\"https:\/\/12r.pl\/ea\/\">12r.pl\/ea<\/a>&nbsp;-&gt;&nbsp;<a href=\"https:\/\/12r.uk\/ea\/\">12r.uk\/ea<\/a>&nbsp;-&gt;&nbsp;<a href=\"https:\/\/7hi7.com\/ea\/\">7hi7.com\/ea<\/a><\/p>\n\n\n\n<p>Wikipedia.org &#8211; Play game &#8211; portals, categories, states, cities, capital cities<\/p>\n","protected":false},"excerpt":{"rendered":"<p>j &#8211; 04\/j &#8211; 04J Zbigniew Wodecki &#8211; Zacznij od Bacha 3.1M views&nbsp;\u00b7&nbsp;4 years ago MTJ Wytw\u00f3rnia Muzyczna SUBSCRIBED 145K subscribers https:\/\/m.youtube.com\/channel\/UCXFStfWXu51kine3l-pimbw Gdy musisz wsta\u0107,cho\u0107 tulisz tak pod g\u0142ow\u0105 ob\u0142oczek snui s\u0142\u00f3w tyle znasz uczonych cicho przez noc,a tu dzie\u0144 wstaje ju\u017c kolorowo &#8211; witaj! Gdy musisz wsta\u0107,bo s\u0142o\u0144ce ju\u017c zawiesza na szczytach wie\u017cporanny sw\u00f3j [&hellip;]<\/p>\n","protected":false},"author":1,"featured_media":0,"parent":0,"menu_order":0,"comment_status":"closed","ping_status":"closed","template":"","meta":{"footnotes":""},"class_list":["post-58","page","type-page","status-publish","hentry"],"_links":{"self":[{"href":"https:\/\/0-zz.com\/04\/wp-json\/wp\/v2\/pages\/58","targetHints":{"allow":["GET"]}}],"collection":[{"href":"https:\/\/0-zz.com\/04\/wp-json\/wp\/v2\/pages"}],"about":[{"href":"https:\/\/0-zz.com\/04\/wp-json\/wp\/v2\/types\/page"}],"author":[{"embeddable":true,"href":"https:\/\/0-zz.com\/04\/wp-json\/wp\/v2\/users\/1"}],"replies":[{"embeddable":true,"href":"https:\/\/0-zz.com\/04\/wp-json\/wp\/v2\/comments?post=58"}],"version-history":[{"count":3,"href":"https:\/\/0-zz.com\/04\/wp-json\/wp\/v2\/pages\/58\/revisions"}],"predecessor-version":[{"id":157,"href":"https:\/\/0-zz.com\/04\/wp-json\/wp\/v2\/pages\/58\/revisions\/157"}],"wp:attachment":[{"href":"https:\/\/0-zz.com\/04\/wp-json\/wp\/v2\/media?parent=58"}],"curies":[{"name":"wp","href":"https:\/\/api.w.org\/{rel}","templated":true}]}}