{"id":54,"date":"2022-02-21T18:31:26","date_gmt":"2022-02-22T06:31:26","guid":{"rendered":"https:\/\/0-zz.com\/04\/?page_id=54"},"modified":"2022-04-28T22:16:27","modified_gmt":"2022-04-29T10:16:27","slug":"h","status":"publish","type":"page","link":"https:\/\/0-zz.com\/04\/h\/","title":{"rendered":"H"},"content":{"rendered":"\n<h2 class=\"wp-block-heading\" id=\"h-04-h-04h\">h &#8211; 04\/h &#8211; 04H<\/h2>\n\n\n\n<figure class=\"wp-block-embed is-type-video is-provider-youtube wp-block-embed-youtube wp-embed-aspect-16-9 wp-has-aspect-ratio\"><div class=\"wp-block-embed__wrapper\">\n<iframe loading=\"lazy\" title=\"Perfect - Autobiografia (Official audio)\" width=\"580\" height=\"326\" src=\"https:\/\/www.youtube.com\/embed\/1n0MupX-7AM?feature=oembed\" frameborder=\"0\" allow=\"accelerometer; autoplay; clipboard-write; encrypted-media; gyroscope; picture-in-picture; web-share\" referrerpolicy=\"strict-origin-when-cross-origin\" allowfullscreen><\/iframe>\n<\/div><\/figure>\n\n\n\n<h2 class=\"wp-block-heading\" id=\"perfect-autobiografia-official-audio\">Perfect &#8211; Autobiografia (Official audio)<\/h2>\n\n\n\n<p>13M views&nbsp;\u00b7&nbsp;6 years ago<\/p>\n\n\n\n<h2 class=\"wp-block-heading\" id=\"mtj-wytwornia-muzyczna\">MTJ Wytw\u00f3rnia Muzyczna<\/h2>\n\n\n\n<p>SUBSCRIBED 145K subscribers<\/p>\n\n\n\n<p><a href=\"https:\/\/m.youtube.com\/channel\/UCXFStfWXu51kine3l-pimbw\">https:\/\/m.youtube.com\/channel\/UCXFStfWXu51kine3l-pimbw<\/a><\/p>\n\n\n\n<p>Mia\u0142em dziesi\u0119\u0107 lat<br>Gdy us\u0142ysza\u0142 o nim \u015bwiat<br>W mej piwnicy by\u0142 nasz klub<br>Kumpel radio zni\u00f3s\u0142<br>Us\u0142ysza\u0142em Blue Suede Shoes<br>I nie mog\u0142em w nocy spa\u0107<br>Wiatr odnowy wia\u0142<br>Darowano reszty kar<br>Zn\u00f3w si\u0119 mo\u017cna by\u0142o \u015bmia\u0107<br>W kawiarniany gwar<br>Jak tornado jazz si\u0119 wdar\u0142<br>I ja te\u017c chcia\u0142em gra\u0107<\/p>\n\n\n\n<p>Ojciec, B\u00f3g wie gdzie<br>Martenowski stawia\u0142 piec<br>Mnie paznokie\u0107 z palca zszed\u0142<br>Z gryfu zosta\u0142 wi\u00f3r<br>Gra\u0142em milion r\u00f3\u017cnych bzdur<br>I pozna\u0142em co to seks<br>Poczt\u00f3wkowy sza\u0142<br>Ka\u017cdy z nas ich pi\u0119\u0107set mia\u0142<br>Zamiast nowej pary jeans<br>A w sobotni\u0105 noc<br>By\u0142 Luxembourg, chata, szk\u0142o<br>Jak\u017ce si\u0119 chcia\u0142o \u017cy\u0107!<\/p>\n\n\n\n<p>By\u0142o nas trzech<br>W ka\u017cdym z nas inna krew<br>Ale jeden przy\u015bwieca\u0142 nam cel<br>Za kilka lat<br>Mie\u0107 u st\u00f3p ca\u0142y \u015bwiat<br>Wszystkiego w br\u00f3d<br>Alpagi \u0142yk<br>I dyskusje po \u015bwit<br>Niecierpliwy w nas ciska\u0142 si\u0119 duch<br>Kto\u015b dosta\u0142 w nos<br>To pop\u0142aka\u0142 si\u0119 kto\u015b<br>Co\u015b dzia\u0142o si\u0119<\/p>\n\n\n\n<p>Por\u00f3\u017cni\u0142a nas<br>Za jej Poli Raksy twarz<br>Ka\u017cdy by si\u0119 zabi\u0107 da\u0142<br>W pewn\u0105 letni\u0105 noc<br>Gdzie\u015b na dach wynios\u0142em koc<br>I dosta\u0142em to, com chcia\u0142<br>Powiedzia\u0142a mi<br>\u017be k\u0142opoty mog\u0105 by\u0107<br>Ja jej, \u017ce egzamin mam<br>Odkr\u0119ci\u0142a gaz<br>Nie zapuka\u0142 nikt na czas<br>Zn\u00f3w jak pies, by\u0142em sam<\/p>\n\n\n\n<p>Stu r\u00f3\u017cnych r\u00f3l<br>Czym ugasi\u0107 m\u00f3j b\u00f3l<br>Nauczy\u0142o mnie \u017cycie jak nikt<br>W wyrku na wznak<br>Przechrapa\u0142em sw\u00f3j czas<br>Najlepszy czas<br>W knajpie dla braw<br>Klezmer kaza\u0142 mi gra\u0107<br>Takie rzeczy, \u017ce jeszcze mi wstyd<br>Pewnego dnia<br>Zrozumia\u0142em, \u017ce ja<br>Nie umiem nic<\/p>\n\n\n\n<p>S\u0142uchaj mnie tam!<br>Pokona\u0142em si\u0119 sam<br>Oto wy\u015bni\u0142 si\u0119 wielki m\u00f3j sen<br>Tysi\u0119czny t\u0142um<br>Spija s\u0142owa z mych ust<br>Kochaj\u0105 mnie<br>W hotelu fan<br>M\u00f3wi: &#8222;na ta\u015bmie mam<br>To jak w gard\u0142ach im rodzi si\u0119 \u015bpiew&#8221;<br>Otwieram drzwi<br>I nie m\u00f3wi\u0119 ju\u017c nic<br>Do czterech \u015bcian<\/p>\n\n\n\n<figure class=\"wp-block-table\"><table><tbody><tr><th>Autor tekstu:<\/th><td>Bogdan Olewicz<\/td><\/tr><tr><th>Kompozytor:<\/th><td>Zbigniew Ho\u0142dys<\/td><\/tr><\/tbody><\/table><\/figure>\n\n\n\n<p><a href=\"https:\/\/www.tekstowo.pl\/piosenka,perfect,autobiografia.html\">https:\/\/www.tekstowo.pl\/piosenka,perfect,autobiografia.html<\/a><\/p>\n\n\n\n<hr class=\"wp-block-separator\"\/>\n\n\n\n<h4 class=\"wp-block-heading\">0-zz.com\/0 &#8211; 0-zz.com\/z :<\/h4>\n\n\n\n<p><small><strong><a href=\"http:\/\/0-zz.com\/0\">1\ufe0f\u20e31\ufe0f\u20e3-0<\/a> |<a href=\"http:\/\/0-zz.com\/1\">1\ufe0f\u20e32\ufe0f\u20e3-1<\/a> |<a href=\"http:\/\/0-zz.com\/2\">1\ufe0f\u20e33\ufe0f\u20e3-2<\/a> |<a href=\"http:\/\/0-zz.com\/3\">1\ufe0f\u20e34\ufe0f\u20e3-3<\/a> |<a href=\"http:\/\/0-zz.com\/4\">1\ufe0f\u20e35\ufe0f\u20e3-4<\/a> |<a href=\"http:\/\/0-zz.com\/5\">1\ufe0f\u20e36\ufe0f\u20e3-5<\/a> <\/strong><\/small><br><small> <strong><a href=\"http:\/\/0-zz.com\/6\">2\ufe0f\u20e31\ufe0f\u20e3-6<\/a> |<a href=\"http:\/\/0-zz.com\/7\">2\ufe0f\u20e32\ufe0f\u20e3-7<\/a> |<a href=\"http:\/\/0-zz.com\/8\">2\ufe0f\u20e33\ufe0f\u20e3-8<\/a> |<a href=\"http:\/\/0-zz.com\/9\">2\ufe0f\u20e34\ufe0f\u20e3-9<\/a> |<a href=\"http:\/\/0-zz.com\/a\">2\ufe0f\u20e35\ufe0f\u20e3-A<\/a> |<a href=\"http:\/\/0-zz.com\/b\">2\ufe0f\u20e36\ufe0f\u20e3-B<\/a><\/strong><\/small><br><small> <strong><a href=\"http:\/\/0-zz.com\/c\">3\ufe0f\u20e31\ufe0f\u20e3-C<\/a> |<a href=\"http:\/\/0-zz.com\/d\">3\ufe0f\u20e32\ufe0f\u20e3-D<\/a> |<a href=\"http:\/\/0-zz.com\/e\">3\ufe0f\u20e33\ufe0f\u20e3-E<\/a> |<a href=\"http:\/\/0-zz.com\/f\">3\ufe0f\u20e34\ufe0f\u20e3-F<\/a> |<a href=\"http:\/\/0-zz.com\/g\">3\ufe0f\u20e35\ufe0f\u20e3-G<\/a> |<a href=\"http:\/\/0-zz.com\/h\">3\ufe0f\u20e36\ufe0f\u20e3-H<\/a><\/strong><\/small><br><small> <strong><a href=\"http:\/\/0-zz.com\/i\">4\ufe0f\u20e31\ufe0f\u20e3-I<\/a> |<a href=\"http:\/\/0-zz.com\/j\">4\ufe0f\u20e32\ufe0f\u20e3-J<\/a> |<a href=\"http:\/\/0-zz.com\/k\">4\ufe0f\u20e33\ufe0f\u20e3-K<\/a> |<a href=\"http:\/\/0-zz.com\/l\">4\ufe0f\u20e34\ufe0f\u20e3-L<\/a> |<a href=\"http:\/\/0-zz.com\/m\">4\ufe0f\u20e35\ufe0f\u20e3-M<\/a> |<a href=\"http:\/\/0-zz.com\/n\">4\ufe0f\u20e36\ufe0f\u20e3-N<\/a><\/strong><\/small><br><small> <strong><a href=\"http:\/\/0-zz.com\/o\">5\ufe0f\u20e31\ufe0f\u20e3-O<\/a> |<a href=\"http:\/\/0-zz.com\/p\">5\ufe0f\u20e32\ufe0f\u20e3-P<\/a> |<a href=\"http:\/\/0-zz.com\/q\">5\ufe0f\u20e33\ufe0f\u20e3-Q<\/a> |<a href=\"http:\/\/0-zz.com\/r\">5\ufe0f\u20e34\ufe0f\u20e3-R<\/a> |<a href=\"http:\/\/0-zz.com\/s\">5\ufe0f\u20e35\ufe0f\u20e3-S<\/a> |<a href=\"http:\/\/0-zz.com\/t\">5\ufe0f\u20e36\ufe0f\u20e3-T<\/a><\/strong><\/small><br><small> <strong><a href=\"http:\/\/0-zz.com\/u\">6\ufe0f\u20e31\ufe0f\u20e3-U<\/a> |<a href=\"http:\/\/0-zz.com\/v\">6\ufe0f\u20e32\ufe0f\u20e3-V<\/a> |<a href=\"http:\/\/0-zz.com\/w\">6\ufe0f\u20e33\ufe0f\u20e3-W<\/a> |<a href=\"http:\/\/0-zz.com\/x\">6\ufe0f\u20e34\ufe0f\u20e3-X<\/a> |<a href=\"http:\/\/0-zz.com\/y\">6\ufe0f\u20e35\ufe0f\u20e3-Y<\/a> |<a href=\"http:\/\/0-zz.com\/z\">6\ufe0f\u20e36\ufe0f\u20e3-Z<\/a><\/strong><\/small><\/p>\n\n\n\n<p>Roll 2 dice ?? 1\ufe0f\u20e32\ufe0f\u20e33\ufe0f\u20e34\ufe0f\u20e35\ufe0f\u20e36\ufe0f\u20e3<\/p>\n\n\n\n<p><a href=\"https:\/\/www.random.org\/dice\/\">https:\/\/www.random.org\/dice\/<\/a><\/p>\n\n\n\n<p><a href=\"https:\/\/www.google.com\/search?q=dice+roller\">https:\/\/www.google.com\/search?q=dice+roller<\/a><\/p>\n\n\n\n<hr class=\"wp-block-separator\"\/>\n\n\n\n<p><a href=\"https:\/\/12r.pl\/ea\/\">12r.pl\/ea<\/a>&nbsp;-&gt;&nbsp;<a href=\"https:\/\/12r.uk\/ea\/\">12r.uk\/ea<\/a>&nbsp;-&gt;&nbsp;<a href=\"https:\/\/7hi7.com\/ea\/\">7hi7.com\/ea<\/a><\/p>\n\n\n\n<p>Wikipedia.org &#8211; Play game &#8211; portals, categories, states, cities, capital cities<\/p>\n","protected":false},"excerpt":{"rendered":"<p>h &#8211; 04\/h &#8211; 04H Perfect &#8211; Autobiografia (Official audio) 13M views&nbsp;\u00b7&nbsp;6 years ago MTJ Wytw\u00f3rnia Muzyczna SUBSCRIBED 145K subscribers https:\/\/m.youtube.com\/channel\/UCXFStfWXu51kine3l-pimbw Mia\u0142em dziesi\u0119\u0107 latGdy us\u0142ysza\u0142 o nim \u015bwiatW mej piwnicy by\u0142 nasz klubKumpel radio zni\u00f3s\u0142Us\u0142ysza\u0142em Blue Suede ShoesI nie mog\u0142em w nocy spa\u0107Wiatr odnowy wia\u0142Darowano reszty karZn\u00f3w si\u0119 mo\u017cna by\u0142o \u015bmia\u0107W kawiarniany gwarJak tornado jazz [&hellip;]<\/p>\n","protected":false},"author":1,"featured_media":0,"parent":0,"menu_order":0,"comment_status":"closed","ping_status":"closed","template":"","meta":{"footnotes":""},"class_list":["post-54","page","type-page","status-publish","hentry"],"_links":{"self":[{"href":"https:\/\/0-zz.com\/04\/wp-json\/wp\/v2\/pages\/54","targetHints":{"allow":["GET"]}}],"collection":[{"href":"https:\/\/0-zz.com\/04\/wp-json\/wp\/v2\/pages"}],"about":[{"href":"https:\/\/0-zz.com\/04\/wp-json\/wp\/v2\/types\/page"}],"author":[{"embeddable":true,"href":"https:\/\/0-zz.com\/04\/wp-json\/wp\/v2\/users\/1"}],"replies":[{"embeddable":true,"href":"https:\/\/0-zz.com\/04\/wp-json\/wp\/v2\/comments?post=54"}],"version-history":[{"count":3,"href":"https:\/\/0-zz.com\/04\/wp-json\/wp\/v2\/pages\/54\/revisions"}],"predecessor-version":[{"id":155,"href":"https:\/\/0-zz.com\/04\/wp-json\/wp\/v2\/pages\/54\/revisions\/155"}],"wp:attachment":[{"href":"https:\/\/0-zz.com\/04\/wp-json\/wp\/v2\/media?parent=54"}],"curies":[{"name":"wp","href":"https:\/\/api.w.org\/{rel}","templated":true}]}}