{"id":50,"date":"2022-02-21T05:03:18","date_gmt":"2022-02-21T17:03:18","guid":{"rendered":"https:\/\/0-zz.com\/04\/?page_id=50"},"modified":"2022-12-17T21:41:51","modified_gmt":"2022-12-18T09:41:51","slug":"f","status":"publish","type":"page","link":"https:\/\/0-zz.com\/04\/f\/","title":{"rendered":"F"},"content":{"rendered":"\n<h2 class=\"wp-block-heading\" id=\"f-04-f-04f\">f &#8211; 04\/f &#8211; 04F<\/h2>\n\n\n\n<figure class=\"wp-block-embed is-type-video is-provider-youtube wp-block-embed-youtube wp-embed-aspect-16-9 wp-has-aspect-ratio\"><div class=\"wp-block-embed__wrapper\">\n<iframe loading=\"lazy\" title=\"ELENI - Troszeczk\u0119 ziemi troszeczk\u0119 s\u0142o\u0144ca (Official Full HD Music Video) [1983]\" width=\"580\" height=\"326\" src=\"https:\/\/www.youtube.com\/embed\/7FMoegGesYY?feature=oembed\" frameborder=\"0\" allow=\"accelerometer; autoplay; clipboard-write; encrypted-media; gyroscope; picture-in-picture; web-share\" referrerpolicy=\"strict-origin-when-cross-origin\" allowfullscreen><\/iframe>\n<\/div><\/figure>\n\n\n\n<h2 class=\"wp-block-heading\">ELENI &#8211; Troszeczk\u0119 ziemi troszeczk\u0119 s\u0142o\u0144ca (Official Full HD Music Video) [1983]<\/h2>\n\n\n\n<p>1.6K views&nbsp;\u00b7&nbsp;1 month ago<\/p>\n\n\n\n<h2 class=\"wp-block-heading\" id=\"eleni-oficjalny-kanal-youtube\">Eleni &#8211; Oficjalny kana\u0142 Youtube<\/h2>\n\n\n\n<p>SUBSCRIBED 12.1K subscribers<\/p>\n\n\n\n<p><a href=\"https:\/\/m.youtube.com\/channel\/UCsYT9ZFXwOzlMJ59NOul0AQ\">https:\/\/m.youtube.com\/channel\/UCsYT9ZFXwOzlMJ59NOul0AQ<\/a><\/p>\n\n\n\n<p>Gdy s\u0142o\u0144ce ze\u015ble na ziemi\u0119 sw\u00f3j blask<br>Zn\u00f3w my\u015bli me p\u0142yn\u0105 przez niebo do gwiazd<br>Gdy barwne kwiaty si\u0119 chyl\u0105 do r\u0105k<br>Podnosz\u0119 do g\u00f3ry wzrok<\/p>\n\n\n\n<p>Tam w niebie wysokim jest dobro i z\u0142o<br>Podziwiam ob\u0142oki nim padnie z nich grom<br>I szukam daremnie s\u0142\u00f3w , kt\u00f3re wzi\u0105\u0142 wiatr<br>I czego mi jeszcze brak<\/p>\n\n\n\n<p>Troszeczk\u0119 ziemi, troszeczk\u0119 s\u0142o\u0144ca<br>Gdy dzie\u0144 nie dzieli a noc nas \u0142\u0105czy<br>Troszeczk\u0119 ziemi, troszeczk\u0119 serca<br>Tego pragniemy by pi\u0119kniej \u017cy\u0107<\/p>\n\n\n\n<p>Troszeczk\u0119 ziemi, troszeczk\u0119 nieba<br>Bo chmur i cieni nam ju\u017c nie trzeba<br>Troszeczk\u0119 ziemi, troszeczk\u0119 s\u0142o\u0144ca<br>Troch\u0119 nadziei i wi\u0119cej nic<\/p>\n\n\n\n<p>Przygl\u0105dam si\u0119 kwiatom i dobrze mi z tym<br>Dop\u00f3ki trwa lato nie l\u0119kam si\u0119 zim<br>I chocia\u017c jesienny powieje wnet wiatr<br>Odnajd\u0119 zn\u00f3w lata \u015blad<\/p>\n\n\n\n<p>Troszeczk\u0119 ziemi, troszeczk\u0119 s\u0142o\u0144ca<br>Gdy dzie\u0144 nie dzieli a noc nas \u0142\u0105czy<br>Troszeczk\u0119 ziemi, troszeczk\u0119 serca<br>Tego pragniemy by pi\u0119kniej \u017cy\u0107<\/p>\n\n\n\n<p>Troszeczk\u0119 ziemi, troszeczk\u0119 nieba<br>Bo chmur i cieni nam ju\u017c nie trzeba<br>Troszeczk\u0119 ziemi, troszeczk\u0119 s\u0142o\u0144ca<br>Troch\u0119 nadziei i wi\u0119cej nic<\/p>\n\n\n\n<p>To od lat jest moja pie\u015b\u0144<br>We\u017a m\u00f3j \u015bwiat i w d\u0142oniach nie\u015b<br>To od lat jest moja pie\u015b\u0144<br>We\u017a m\u00f3j \u015bwiat i w d\u0142oniach nie\u015b<\/p>\n\n\n\n<figure class=\"wp-block-table\"><table><tbody><tr><th>Autor tekstu:<\/th><td>Bernd Meinunger [wersja niemiecka]; Lech Konopi\u0144ski [wersja polska]<\/td><\/tr><tr><th>Kompozytor:<\/th><td>Ralph Siegel<\/td><\/tr><\/tbody><\/table><\/figure>\n\n\n\n<p><a href=\"https:\/\/www.tekstowo.pl\/piosenka,eleni,troszeczke_ziemi__troszeczke_slo_ca.html\">https:\/\/www.tekstowo.pl\/piosenka,eleni,troszeczke_ziemi__troszeczke_slo_ca.html<\/a><\/p>\n\n\n\n<hr class=\"wp-block-separator has-css-opacity\"\/>\n\n\n\n<h4 class=\"wp-block-heading\">0-zz.com\/0 &#8211; 0-zz.com\/z :<\/h4>\n\n\n\n<p><small><strong><a href=\"http:\/\/0-zz.com\/0\">1\ufe0f\u20e31\ufe0f\u20e3-0<\/a> |<a href=\"http:\/\/0-zz.com\/1\">1\ufe0f\u20e32\ufe0f\u20e3-1<\/a> |<a href=\"http:\/\/0-zz.com\/2\">1\ufe0f\u20e33\ufe0f\u20e3-2<\/a> |<a href=\"http:\/\/0-zz.com\/3\">1\ufe0f\u20e34\ufe0f\u20e3-3<\/a> |<a href=\"http:\/\/0-zz.com\/4\">1\ufe0f\u20e35\ufe0f\u20e3-4<\/a> |<a href=\"http:\/\/0-zz.com\/5\">1\ufe0f\u20e36\ufe0f\u20e3-5<\/a> <\/strong><\/small><br><small> <strong><a href=\"http:\/\/0-zz.com\/6\">2\ufe0f\u20e31\ufe0f\u20e3-6<\/a> |<a href=\"http:\/\/0-zz.com\/7\">2\ufe0f\u20e32\ufe0f\u20e3-7<\/a> |<a href=\"http:\/\/0-zz.com\/8\">2\ufe0f\u20e33\ufe0f\u20e3-8<\/a> |<a href=\"http:\/\/0-zz.com\/9\">2\ufe0f\u20e34\ufe0f\u20e3-9<\/a> |<a href=\"http:\/\/0-zz.com\/a\">2\ufe0f\u20e35\ufe0f\u20e3-A<\/a> |<a href=\"http:\/\/0-zz.com\/b\">2\ufe0f\u20e36\ufe0f\u20e3-B<\/a><\/strong><\/small><br><small> <strong><a href=\"http:\/\/0-zz.com\/c\">3\ufe0f\u20e31\ufe0f\u20e3-C<\/a> |<a href=\"http:\/\/0-zz.com\/d\">3\ufe0f\u20e32\ufe0f\u20e3-D<\/a> |<a href=\"http:\/\/0-zz.com\/e\">3\ufe0f\u20e33\ufe0f\u20e3-E<\/a> |<a href=\"http:\/\/0-zz.com\/f\">3\ufe0f\u20e34\ufe0f\u20e3-F<\/a> |<a href=\"http:\/\/0-zz.com\/g\">3\ufe0f\u20e35\ufe0f\u20e3-G<\/a> |<a href=\"http:\/\/0-zz.com\/h\">3\ufe0f\u20e36\ufe0f\u20e3-H<\/a><\/strong><\/small><br><small> <strong><a href=\"http:\/\/0-zz.com\/i\">4\ufe0f\u20e31\ufe0f\u20e3-I<\/a> |<a href=\"http:\/\/0-zz.com\/j\">4\ufe0f\u20e32\ufe0f\u20e3-J<\/a> |<a href=\"http:\/\/0-zz.com\/k\">4\ufe0f\u20e33\ufe0f\u20e3-K<\/a> |<a href=\"http:\/\/0-zz.com\/l\">4\ufe0f\u20e34\ufe0f\u20e3-L<\/a> |<a href=\"http:\/\/0-zz.com\/m\">4\ufe0f\u20e35\ufe0f\u20e3-M<\/a> |<a href=\"http:\/\/0-zz.com\/n\">4\ufe0f\u20e36\ufe0f\u20e3-N<\/a><\/strong><\/small><br><small> <strong><a href=\"http:\/\/0-zz.com\/o\">5\ufe0f\u20e31\ufe0f\u20e3-O<\/a> |<a href=\"http:\/\/0-zz.com\/p\">5\ufe0f\u20e32\ufe0f\u20e3-P<\/a> |<a href=\"http:\/\/0-zz.com\/q\">5\ufe0f\u20e33\ufe0f\u20e3-Q<\/a> |<a href=\"http:\/\/0-zz.com\/r\">5\ufe0f\u20e34\ufe0f\u20e3-R<\/a> |<a href=\"http:\/\/0-zz.com\/s\">5\ufe0f\u20e35\ufe0f\u20e3-S<\/a> |<a href=\"http:\/\/0-zz.com\/t\">5\ufe0f\u20e36\ufe0f\u20e3-T<\/a><\/strong><\/small><br><small> <strong><a href=\"http:\/\/0-zz.com\/u\">6\ufe0f\u20e31\ufe0f\u20e3-U<\/a> |<a href=\"http:\/\/0-zz.com\/v\">6\ufe0f\u20e32\ufe0f\u20e3-V<\/a> |<a href=\"http:\/\/0-zz.com\/w\">6\ufe0f\u20e33\ufe0f\u20e3-W<\/a> |<a href=\"http:\/\/0-zz.com\/x\">6\ufe0f\u20e34\ufe0f\u20e3-X<\/a> |<a href=\"http:\/\/0-zz.com\/y\">6\ufe0f\u20e35\ufe0f\u20e3-Y<\/a> |<a href=\"http:\/\/0-zz.com\/z\">6\ufe0f\u20e36\ufe0f\u20e3-Z<\/a><\/strong><\/small><\/p>\n\n\n\n<p>Roll 2 dice ?? 1\ufe0f\u20e32\ufe0f\u20e33\ufe0f\u20e34\ufe0f\u20e35\ufe0f\u20e36\ufe0f\u20e3<\/p>\n\n\n\n<p><a href=\"https:\/\/www.random.org\/dice\/\">https:\/\/www.random.org\/dice\/<\/a><\/p>\n\n\n\n<p><a href=\"https:\/\/www.google.com\/search?q=dice+roller\">https:\/\/www.google.com\/search?q=dice+roller<\/a><\/p>\n\n\n\n<hr class=\"wp-block-separator has-css-opacity\"\/>\n\n\n\n<p><a href=\"https:\/\/12r.pl\/ea\/\">12r.pl\/ea<\/a>&nbsp;-&gt;&nbsp;<a href=\"https:\/\/12r.uk\/ea\/\">12r.uk\/ea<\/a>&nbsp;-&gt;&nbsp;<a href=\"https:\/\/7hi7.com\/ea\/\">7hi7.com\/ea<\/a><\/p>\n\n\n\n<p>Wikipedia.org &#8211; Play game &#8211; portals, categories, states, cities, capital cities<\/p>\n","protected":false},"excerpt":{"rendered":"<p>f &#8211; 04\/f &#8211; 04F ELENI &#8211; Troszeczk\u0119 ziemi troszeczk\u0119 s\u0142o\u0144ca (Official Full HD Music Video) [1983] 1.6K views&nbsp;\u00b7&nbsp;1 month ago Eleni &#8211; Oficjalny kana\u0142 Youtube SUBSCRIBED 12.1K subscribers https:\/\/m.youtube.com\/channel\/UCsYT9ZFXwOzlMJ59NOul0AQ Gdy s\u0142o\u0144ce ze\u015ble na ziemi\u0119 sw\u00f3j blaskZn\u00f3w my\u015bli me p\u0142yn\u0105 przez niebo do gwiazdGdy barwne kwiaty si\u0119 chyl\u0105 do r\u0105kPodnosz\u0119 do g\u00f3ry wzrok Tam w [&hellip;]<\/p>\n","protected":false},"author":1,"featured_media":0,"parent":0,"menu_order":0,"comment_status":"closed","ping_status":"closed","template":"","meta":{"footnotes":""},"class_list":["post-50","page","type-page","status-publish","hentry"],"_links":{"self":[{"href":"https:\/\/0-zz.com\/04\/wp-json\/wp\/v2\/pages\/50","targetHints":{"allow":["GET"]}}],"collection":[{"href":"https:\/\/0-zz.com\/04\/wp-json\/wp\/v2\/pages"}],"about":[{"href":"https:\/\/0-zz.com\/04\/wp-json\/wp\/v2\/types\/page"}],"author":[{"embeddable":true,"href":"https:\/\/0-zz.com\/04\/wp-json\/wp\/v2\/users\/1"}],"replies":[{"embeddable":true,"href":"https:\/\/0-zz.com\/04\/wp-json\/wp\/v2\/comments?post=50"}],"version-history":[{"count":6,"href":"https:\/\/0-zz.com\/04\/wp-json\/wp\/v2\/pages\/50\/revisions"}],"predecessor-version":[{"id":182,"href":"https:\/\/0-zz.com\/04\/wp-json\/wp\/v2\/pages\/50\/revisions\/182"}],"wp:attachment":[{"href":"https:\/\/0-zz.com\/04\/wp-json\/wp\/v2\/media?parent=50"}],"curies":[{"name":"wp","href":"https:\/\/api.w.org\/{rel}","templated":true}]}}