{"id":48,"date":"2022-02-21T04:41:27","date_gmt":"2022-02-21T16:41:27","guid":{"rendered":"https:\/\/0-zz.com\/04\/?page_id=48"},"modified":"2022-04-28T22:08:29","modified_gmt":"2022-04-29T10:08:29","slug":"e","status":"publish","type":"page","link":"https:\/\/0-zz.com\/04\/e\/","title":{"rendered":"E"},"content":{"rendered":"\n<h2 class=\"wp-block-heading\" id=\"e-04-e-04e\">e &#8211; 04\/e &#8211; 04E<\/h2>\n\n\n\n<figure class=\"wp-block-embed is-type-video is-provider-youtube wp-block-embed-youtube wp-embed-aspect-16-9 wp-has-aspect-ratio\"><div class=\"wp-block-embed__wrapper\">\n<iframe loading=\"lazy\" title=\"Irena Jarocka - Wymy\u015bli\u0142am ci\u0119 [Official Audio]\" width=\"580\" height=\"326\" src=\"https:\/\/www.youtube.com\/embed\/77Tqbrjqxss?feature=oembed\" frameborder=\"0\" allow=\"accelerometer; autoplay; clipboard-write; encrypted-media; gyroscope; picture-in-picture; web-share\" referrerpolicy=\"strict-origin-when-cross-origin\" allowfullscreen><\/iframe>\n<\/div><\/figure>\n\n\n\n<h2 class=\"wp-block-heading\" id=\"irena-jarocka-wymyslilam-cie-official-audio\">Irena Jarocka &#8211; Wymy\u015bli\u0142am ci\u0119 [Official Audio]<\/h2>\n\n\n\n<p>106K views&nbsp;\u00b7&nbsp;1 year ago<\/p>\n\n\n\n<h2 class=\"wp-block-heading\" id=\"polskie-nagrania\">Polskie Nagrania<\/h2>\n\n\n\n<p>SUBSCRIBED 108K subscribers<\/p>\n\n\n\n<p><a href=\"https:\/\/m.youtube.com\/channel\/UCeAFhL7tQmtLp9zk7uQpNoQ\">https:\/\/m.youtube.com\/channel\/UCeAFhL7tQmtLp9zk7uQpNoQ<\/a><\/p>\n\n\n\n<p>Wymy\u015bli\u0142am ci\u0119 noc\u0105 przy blasku \u015bwiec,<br>nauczy\u0142am si\u0119 ciebie po prostu chcie\u0107.<br>Wystarczy\u0142a mi chwila niewielka,<br>by\u015b imi\u0119 mia\u0142, by\u015b po prostu si\u0119 sta\u0142.<\/p>\n\n\n\n<p>Wymy\u015bli\u0142am ci\u0119 z cienia, nim nasta\u0142 \u015bwit,<br>powierzy\u0142am si\u0119 niemal a\u017c po sam wstyd.<br>Nie waha\u0142am si\u0119 ani minuty,<br>by\u015b imi\u0119 mia\u0142, by\u015b nareszcie si\u0119 sta\u0142.<\/p>\n\n\n\n<p>Dobrze wiem, co oznacza samotno\u015b\u0107,<br>osobna noc, osobny dzie\u0144&#8230;<br>Gdy samotno\u015b\u0107 dokuczy zbyt mocno,<br>niech dzieje si\u0119 co chce, co chce!<\/p>\n\n\n\n<p>Wymy\u015bli\u0142am ci\u0119 w gniewie na par\u0119 chwil,<br>nauczy\u0142am si\u0119 ciebie &#8211; no c\u00f3\u017c, to styl.<br>Nie wierzy\u0142am w to ani przez moment,<br>by\u015b imi\u0119 mia\u0142, by\u015b naprawd\u0119 si\u0119 sta\u0142.<\/p>\n\n\n\n<p>Pomyli\u0142am si\u0119 &#8211; tak przecie\u017c bywa te\u017c,<br>wymy\u015bli\u0142am ci\u0119, wi\u0119c zosta\u0144 &#8211; je\u015bli chcesz.<br>Wystarczy\u0142a mi chwila nied\u0142uga,<br>by\u015b imi\u0119 mia\u0142, by\u015b na zawsze je mia\u0142.<\/p>\n\n\n\n<p>Dobrze wiem, co oznacza samotno\u015b\u0107,<br>osobna noc, osobny dzie\u0144&#8230;<br>Gdy samotno\u015b\u0107 dokuczy zbyt mocno,<br>niech dzieje si\u0119 co chce, co chce!<\/p>\n\n\n\n<p>Pomyli\u0142am si\u0119 &#8211; tak przecie\u017c bywa te\u017c,<br>wymy\u015bli\u0142am ci\u0119, wi\u0119c zosta\u0144 &#8211; je\u015bli chcesz.<br>Wystarczy\u0142a mi chwila nied\u0142uga,<br>by\u015b imi\u0119 mia\u0142, by\u015b na zawsze je mia\u0142.<\/p>\n\n\n\n<figure class=\"wp-block-table\"><table><tbody><tr><th>Autor tekstu:<\/th><td>Jan Zalewski<\/td><\/tr><tr><th>Kompozytor:<\/th><td>Marian Zacharewicz<\/td><\/tr><\/tbody><\/table><\/figure>\n\n\n\n<p><a href=\"https:\/\/www.tekstowo.pl\/piosenka,irena_jarocka,wymyslilam_cie.html\">https:\/\/www.tekstowo.pl\/piosenka,irena_jarocka,wymyslilam_cie.html<\/a><\/p>\n\n\n\n<hr class=\"wp-block-separator\"\/>\n\n\n\n<h4 class=\"wp-block-heading\">0-zz.com\/0 &#8211; 0-zz.com\/z :<\/h4>\n\n\n\n<p><small><strong><a href=\"http:\/\/0-zz.com\/0\">1\ufe0f\u20e31\ufe0f\u20e3-0<\/a> |<a href=\"http:\/\/0-zz.com\/1\">1\ufe0f\u20e32\ufe0f\u20e3-1<\/a> |<a href=\"http:\/\/0-zz.com\/2\">1\ufe0f\u20e33\ufe0f\u20e3-2<\/a> |<a href=\"http:\/\/0-zz.com\/3\">1\ufe0f\u20e34\ufe0f\u20e3-3<\/a> |<a href=\"http:\/\/0-zz.com\/4\">1\ufe0f\u20e35\ufe0f\u20e3-4<\/a> |<a href=\"http:\/\/0-zz.com\/5\">1\ufe0f\u20e36\ufe0f\u20e3-5<\/a> <\/strong><\/small><br><small> <strong><a href=\"http:\/\/0-zz.com\/6\">2\ufe0f\u20e31\ufe0f\u20e3-6<\/a> |<a href=\"http:\/\/0-zz.com\/7\">2\ufe0f\u20e32\ufe0f\u20e3-7<\/a> |<a href=\"http:\/\/0-zz.com\/8\">2\ufe0f\u20e33\ufe0f\u20e3-8<\/a> |<a href=\"http:\/\/0-zz.com\/9\">2\ufe0f\u20e34\ufe0f\u20e3-9<\/a> |<a href=\"http:\/\/0-zz.com\/a\">2\ufe0f\u20e35\ufe0f\u20e3-A<\/a> |<a href=\"http:\/\/0-zz.com\/b\">2\ufe0f\u20e36\ufe0f\u20e3-B<\/a><\/strong><\/small><br><small> <strong><a href=\"http:\/\/0-zz.com\/c\">3\ufe0f\u20e31\ufe0f\u20e3-C<\/a> |<a href=\"http:\/\/0-zz.com\/d\">3\ufe0f\u20e32\ufe0f\u20e3-D<\/a> |<a href=\"http:\/\/0-zz.com\/e\">3\ufe0f\u20e33\ufe0f\u20e3-E<\/a> |<a href=\"http:\/\/0-zz.com\/f\">3\ufe0f\u20e34\ufe0f\u20e3-F<\/a> |<a href=\"http:\/\/0-zz.com\/g\">3\ufe0f\u20e35\ufe0f\u20e3-G<\/a> |<a href=\"http:\/\/0-zz.com\/h\">3\ufe0f\u20e36\ufe0f\u20e3-H<\/a><\/strong><\/small><br><small> <strong><a href=\"http:\/\/0-zz.com\/i\">4\ufe0f\u20e31\ufe0f\u20e3-I<\/a> |<a href=\"http:\/\/0-zz.com\/j\">4\ufe0f\u20e32\ufe0f\u20e3-J<\/a> |<a href=\"http:\/\/0-zz.com\/k\">4\ufe0f\u20e33\ufe0f\u20e3-K<\/a> |<a href=\"http:\/\/0-zz.com\/l\">4\ufe0f\u20e34\ufe0f\u20e3-L<\/a> |<a href=\"http:\/\/0-zz.com\/m\">4\ufe0f\u20e35\ufe0f\u20e3-M<\/a> |<a href=\"http:\/\/0-zz.com\/n\">4\ufe0f\u20e36\ufe0f\u20e3-N<\/a><\/strong><\/small><br><small> <strong><a href=\"http:\/\/0-zz.com\/o\">5\ufe0f\u20e31\ufe0f\u20e3-O<\/a> |<a href=\"http:\/\/0-zz.com\/p\">5\ufe0f\u20e32\ufe0f\u20e3-P<\/a> |<a href=\"http:\/\/0-zz.com\/q\">5\ufe0f\u20e33\ufe0f\u20e3-Q<\/a> |<a href=\"http:\/\/0-zz.com\/r\">5\ufe0f\u20e34\ufe0f\u20e3-R<\/a> |<a href=\"http:\/\/0-zz.com\/s\">5\ufe0f\u20e35\ufe0f\u20e3-S<\/a> |<a href=\"http:\/\/0-zz.com\/t\">5\ufe0f\u20e36\ufe0f\u20e3-T<\/a><\/strong><\/small><br><small> <strong><a href=\"http:\/\/0-zz.com\/u\">6\ufe0f\u20e31\ufe0f\u20e3-U<\/a> |<a href=\"http:\/\/0-zz.com\/v\">6\ufe0f\u20e32\ufe0f\u20e3-V<\/a> |<a href=\"http:\/\/0-zz.com\/w\">6\ufe0f\u20e33\ufe0f\u20e3-W<\/a> |<a href=\"http:\/\/0-zz.com\/x\">6\ufe0f\u20e34\ufe0f\u20e3-X<\/a> |<a href=\"http:\/\/0-zz.com\/y\">6\ufe0f\u20e35\ufe0f\u20e3-Y<\/a> |<a href=\"http:\/\/0-zz.com\/z\">6\ufe0f\u20e36\ufe0f\u20e3-Z<\/a><\/strong><\/small><\/p>\n\n\n\n<p>Roll 2 dice ?? 1\ufe0f\u20e32\ufe0f\u20e33\ufe0f\u20e34\ufe0f\u20e35\ufe0f\u20e36\ufe0f\u20e3<\/p>\n\n\n\n<p><a href=\"https:\/\/www.random.org\/dice\/\">https:\/\/www.random.org\/dice\/<\/a><\/p>\n\n\n\n<p><a href=\"https:\/\/www.google.com\/search?q=dice+roller\">https:\/\/www.google.com\/search?q=dice+roller<\/a><\/p>\n\n\n\n<hr class=\"wp-block-separator\"\/>\n\n\n\n<p><a href=\"https:\/\/12r.pl\/ea\/\">12r.pl\/ea<\/a>&nbsp;-&gt;&nbsp;<a href=\"https:\/\/12r.uk\/ea\/\">12r.uk\/ea<\/a>&nbsp;-&gt;&nbsp;<a href=\"https:\/\/7hi7.com\/ea\/\">7hi7.com\/ea<\/a><\/p>\n\n\n\n<p>Wikipedia.org &#8211; Play game &#8211; portals, categories, states, cities, capital cities<\/p>\n","protected":false},"excerpt":{"rendered":"<p>e &#8211; 04\/e &#8211; 04E Irena Jarocka &#8211; Wymy\u015bli\u0142am ci\u0119 [Official Audio] 106K views&nbsp;\u00b7&nbsp;1 year ago Polskie Nagrania SUBSCRIBED 108K subscribers https:\/\/m.youtube.com\/channel\/UCeAFhL7tQmtLp9zk7uQpNoQ Wymy\u015bli\u0142am ci\u0119 noc\u0105 przy blasku \u015bwiec,nauczy\u0142am si\u0119 ciebie po prostu chcie\u0107.Wystarczy\u0142a mi chwila niewielka,by\u015b imi\u0119 mia\u0142, by\u015b po prostu si\u0119 sta\u0142. Wymy\u015bli\u0142am ci\u0119 z cienia, nim nasta\u0142 \u015bwit,powierzy\u0142am si\u0119 niemal a\u017c po sam [&hellip;]<\/p>\n","protected":false},"author":1,"featured_media":0,"parent":0,"menu_order":0,"comment_status":"closed","ping_status":"closed","template":"","meta":{"footnotes":""},"class_list":["post-48","page","type-page","status-publish","hentry"],"_links":{"self":[{"href":"https:\/\/0-zz.com\/04\/wp-json\/wp\/v2\/pages\/48","targetHints":{"allow":["GET"]}}],"collection":[{"href":"https:\/\/0-zz.com\/04\/wp-json\/wp\/v2\/pages"}],"about":[{"href":"https:\/\/0-zz.com\/04\/wp-json\/wp\/v2\/types\/page"}],"author":[{"embeddable":true,"href":"https:\/\/0-zz.com\/04\/wp-json\/wp\/v2\/users\/1"}],"replies":[{"embeddable":true,"href":"https:\/\/0-zz.com\/04\/wp-json\/wp\/v2\/comments?post=48"}],"version-history":[{"count":3,"href":"https:\/\/0-zz.com\/04\/wp-json\/wp\/v2\/pages\/48\/revisions"}],"predecessor-version":[{"id":150,"href":"https:\/\/0-zz.com\/04\/wp-json\/wp\/v2\/pages\/48\/revisions\/150"}],"wp:attachment":[{"href":"https:\/\/0-zz.com\/04\/wp-json\/wp\/v2\/media?parent=48"}],"curies":[{"name":"wp","href":"https:\/\/api.w.org\/{rel}","templated":true}]}}