{"id":33,"date":"2022-02-21T03:56:43","date_gmt":"2022-02-21T15:56:43","guid":{"rendered":"https:\/\/0-zz.com\/04\/?page_id=33"},"modified":"2022-04-28T21:57:40","modified_gmt":"2022-04-29T09:57:40","slug":"8-2","status":"publish","type":"page","link":"https:\/\/0-zz.com\/04\/8-2\/","title":{"rendered":"8"},"content":{"rendered":"\n<h2 class=\"wp-block-heading\" id=\"8-04-8-048\">8 &#8211; 04\/8 &#8211; 048<\/h2>\n\n\n\n<figure class=\"wp-block-embed is-type-video is-provider-youtube wp-block-embed-youtube wp-embed-aspect-16-9 wp-has-aspect-ratio\"><div class=\"wp-block-embed__wrapper\">\n<iframe loading=\"lazy\" title=\"Eugeniusz Bodo - Baby, ach te baby [Official Audio]\" width=\"580\" height=\"326\" src=\"https:\/\/www.youtube.com\/embed\/a2zKCzCxqWU?feature=oembed\" frameborder=\"0\" allow=\"accelerometer; autoplay; clipboard-write; encrypted-media; gyroscope; picture-in-picture; web-share\" referrerpolicy=\"strict-origin-when-cross-origin\" allowfullscreen><\/iframe>\n<\/div><\/figure>\n\n\n\n<h2 class=\"wp-block-heading\" id=\"eugeniusz-bodo-baby-ach-te-baby-official-audio\">Eugeniusz Bodo &#8211; Baby, ach te baby [Official Audio]<\/h2>\n\n\n\n<p>4.6K views&nbsp;\u00b7&nbsp;1 year ago<\/p>\n\n\n\n<h2 class=\"wp-block-heading\" id=\"polskie-nagrania\">Polskie Nagrania<\/h2>\n\n\n\n<p>SUBSCRIBED 108K subscribers<\/p>\n\n\n\n<p><a href=\"https:\/\/m.youtube.com\/channel\/UCeAFhL7tQmtLp9zk7uQpNoQ\">https:\/\/m.youtube.com\/channel\/UCeAFhL7tQmtLp9zk7uQpNoQ<\/a><\/p>\n\n\n\n<p>Tylko spojrze\u0107 si\u0119 w kr\u0105g,<br>tyle p\u00f3l, las\u00f3w i \u0142\u0105k,<br>na s\u0142oneczku si\u0119 mieni i l\u015bni,<br>a\u017c porywa i rwie,<br>takie pi\u0119kne s\u0105 wsie,<br>lecz pi\u0119kniejsze s\u0105 bardziej od tych wsi:<\/p>\n\n\n\n<p>Kochane baby, ach te baby!<br>Cz\u0142ek by je \u0142y\u017ckami jad\u0142.<br>T\u0119gi ch\u0142op, co sw\u0105 r\u0119k\u0105 \u0142amie sztaby<br>wzgl\u0119dem baby<br>jest tak jak to dziecko<br>ca\u0142kiem s\u0142aby.<br>Ach te baby!<br>Czym by bez nich by\u0142 ten \u015bwiat?<br>Co tu \u0142ga\u0107, co tu kry\u0107,<br>Spr\u00f3buj bez baby \u017cy\u0107,<br>Gdy ci uda si\u0119 taka sztuka, to\u015b jest chwat!<\/p>\n\n\n\n<p>Baby, ach te baby!<\/p>\n\n\n\n<p>[Gdy wszystkiego masz do\u015b\u0107,<br>Kiedy bierze ci\u0119 z\u0142o\u015b\u0107,<br>A na duszy ci smutno i \u017ale,<br>Kiedy\u015b chmurny i z\u0142y,<br>Kiedy w oczach masz \u0142zy,<br>Jedno tylko rozwieje troski twe:]<\/p>\n\n\n\n<figure class=\"wp-block-table\"><table><tbody><tr><th>Autor tekstu:<\/th><td>Jerzy Nel<\/td><\/tr><tr><th>Kompozytor:<\/th><td>Roman Palester<\/td><\/tr><\/tbody><\/table><\/figure>\n\n\n\n<p><a href=\"https:\/\/www.tekstowo.pl\/piosenka,eugeniusz_bodo,ach_te_baby.html\">https:\/\/www.tekstowo.pl\/piosenka,eugeniusz_bodo,ach_te_baby.html<\/a><\/p>\n\n\n\n<figure class=\"wp-block-embed is-type-video is-provider-youtube wp-block-embed-youtube wp-embed-aspect-16-9 wp-has-aspect-ratio\"><div class=\"wp-block-embed__wrapper\">\n<iframe loading=\"lazy\" title=\"Eugeniusz Bodo - Ju\u017c taki jestem zimny dra\u0144 [Official Audio]\" width=\"580\" height=\"326\" src=\"https:\/\/www.youtube.com\/embed\/pT9UxE1C4iM?feature=oembed\" frameborder=\"0\" allow=\"accelerometer; autoplay; clipboard-write; encrypted-media; gyroscope; picture-in-picture; web-share\" referrerpolicy=\"strict-origin-when-cross-origin\" allowfullscreen><\/iframe>\n<\/div><\/figure>\n\n\n\n<h2 class=\"wp-block-heading\" id=\"eugeniusz-bodo-umowilem-sie-z-nia-na-9-ta-official-audio\">Eugeniusz Bodo &#8211; Um\u00f3wi\u0142em si\u0119 z Ni\u0105 na 9-t\u0105 [Official Audio]<\/h2>\n\n\n\n<p>2.5K views&nbsp;\u00b7&nbsp;1 year ago<\/p>\n\n\n\n<p>\u00d3sma cztery jaka\u015b p\u0142yta<br>\u00d3sma dziewi\u0119\u0107 kto\u015b co\u015b czyta<br>To niewa\u017cne, najwa\u017cniejsza dzi\u015b jest ona<br>Pierwsza, si\u00f3dma, trzecia, pi\u0105ta<br>Kto\u015b mi wszystko dzi\u015b popl\u0105ta\u0142<br>Ale jedno, jedno wiem<\/p>\n\n\n\n<p>Ref: Um\u00f3wi\u0142em si\u0119 z ni\u0105 na dziewi\u0105t\u0105<br>Tak mi do niej t\u0119skno ju\u017c<br>Zaraz wezm\u0119 od szefa akonto<br>Kupi\u0119 jej bukiecik r\u00f3\u017c<br>Potem kino, cukiernia i spacer<br>W ksi\u0119\u017cycow\u0105 jasn\u0105 noc<br>I b\u0119dziemy szcz\u0119\u015bliwi, weseli<br>A\u017c przyjdzie p\u00f3\u0142noc i nas rozdzieli<br>I um\u00f3wi\u0119 si\u0119 z ni\u0105 na dziewi\u0105t\u0105,<br>Na dziewi\u0105t\u0105, tak jak dzi\u015b<\/p>\n\n\n\n<p>Jak ten czas powoli leci<br>Pierwsza, druga, wp\u00f3\u0142 do trzeciej<br>Do dziewi\u0105tej jeszcze tyle, tyle godzin<br>Gdyby mo\u017cna zrobi\u0107 czary<br>Ponap\u0119dza\u0107 te zegary<br>By dziewi\u0105ta by\u0142a ju\u017c<\/p>\n\n\n\n<p>Ref.: Um\u00f3wi\u0142em si\u0119 z ni\u0105 na dziewi\u0105t\u0105<br>Tak mi do niej t\u0119skno ju\u017c<br>Zaraz wezm\u0119 od szefa akonto<br>Kupi\u0119 jej bukiecik r\u00f3\u017c<br>Potem kino, cukiernia i spacer<br>W ksi\u0119\u017cycow\u0105 jasn\u0105 noc<br>I b\u0119dziemy szcz\u0119\u015bliwi, weseli<br>A\u017c przyjdzie p\u00f3\u0142noc i nas rozdzieli<br>I um\u00f3wi\u0119 si\u0119 zn\u00f3w na dziewi\u0105t\u0105<br>Na dziewi\u0105t\u0105 tak jak dzi\u015b<\/p>\n\n\n\n<figure class=\"wp-block-table\"><table><tbody><tr><th>Autor tekstu:<\/th><td>Emanuel Schlechter<\/td><\/tr><tr><th>Kompozytor:<\/th><td>Henryk Wars<\/td><\/tr><\/tbody><\/table><\/figure>\n\n\n\n<p><a href=\"https:\/\/www.tekstowo.pl\/piosenka,eugeniusz_bodo,umowilem_sie_z_nia_na_dziewiata.html\">https:\/\/www.tekstowo.pl\/piosenka,eugeniusz_bodo,umowilem_sie_z_nia_na_dziewiata.html<\/a><\/p>\n\n\n\n<hr class=\"wp-block-separator\"\/>\n\n\n\n<h4 class=\"wp-block-heading\">0-zz.com\/0 &#8211; 0-zz.com\/z :<\/h4>\n\n\n\n<p><small><strong><a href=\"http:\/\/0-zz.com\/0\">1\ufe0f\u20e31\ufe0f\u20e3-0<\/a> |<a href=\"http:\/\/0-zz.com\/1\">1\ufe0f\u20e32\ufe0f\u20e3-1<\/a> |<a href=\"http:\/\/0-zz.com\/2\">1\ufe0f\u20e33\ufe0f\u20e3-2<\/a> |<a href=\"http:\/\/0-zz.com\/3\">1\ufe0f\u20e34\ufe0f\u20e3-3<\/a> |<a href=\"http:\/\/0-zz.com\/4\">1\ufe0f\u20e35\ufe0f\u20e3-4<\/a> |<a href=\"http:\/\/0-zz.com\/5\">1\ufe0f\u20e36\ufe0f\u20e3-5<\/a> <\/strong><\/small><br><small> <strong><a href=\"http:\/\/0-zz.com\/6\">2\ufe0f\u20e31\ufe0f\u20e3-6<\/a> |<a href=\"http:\/\/0-zz.com\/7\">2\ufe0f\u20e32\ufe0f\u20e3-7<\/a> |<a href=\"http:\/\/0-zz.com\/8\">2\ufe0f\u20e33\ufe0f\u20e3-8<\/a> |<a href=\"http:\/\/0-zz.com\/9\">2\ufe0f\u20e34\ufe0f\u20e3-9<\/a> |<a href=\"http:\/\/0-zz.com\/a\">2\ufe0f\u20e35\ufe0f\u20e3-A<\/a> |<a href=\"http:\/\/0-zz.com\/b\">2\ufe0f\u20e36\ufe0f\u20e3-B<\/a><\/strong><\/small><br><small> <strong><a href=\"http:\/\/0-zz.com\/c\">3\ufe0f\u20e31\ufe0f\u20e3-C<\/a> |<a href=\"http:\/\/0-zz.com\/d\">3\ufe0f\u20e32\ufe0f\u20e3-D<\/a> |<a href=\"http:\/\/0-zz.com\/e\">3\ufe0f\u20e33\ufe0f\u20e3-E<\/a> |<a href=\"http:\/\/0-zz.com\/f\">3\ufe0f\u20e34\ufe0f\u20e3-F<\/a> |<a href=\"http:\/\/0-zz.com\/g\">3\ufe0f\u20e35\ufe0f\u20e3-G<\/a> |<a href=\"http:\/\/0-zz.com\/h\">3\ufe0f\u20e36\ufe0f\u20e3-H<\/a><\/strong><\/small><br><small> <strong><a href=\"http:\/\/0-zz.com\/i\">4\ufe0f\u20e31\ufe0f\u20e3-I<\/a> |<a href=\"http:\/\/0-zz.com\/j\">4\ufe0f\u20e32\ufe0f\u20e3-J<\/a> |<a href=\"http:\/\/0-zz.com\/k\">4\ufe0f\u20e33\ufe0f\u20e3-K<\/a> |<a href=\"http:\/\/0-zz.com\/l\">4\ufe0f\u20e34\ufe0f\u20e3-L<\/a> |<a href=\"http:\/\/0-zz.com\/m\">4\ufe0f\u20e35\ufe0f\u20e3-M<\/a> |<a href=\"http:\/\/0-zz.com\/n\">4\ufe0f\u20e36\ufe0f\u20e3-N<\/a><\/strong><\/small><br><small> <strong><a href=\"http:\/\/0-zz.com\/o\">5\ufe0f\u20e31\ufe0f\u20e3-O<\/a> |<a href=\"http:\/\/0-zz.com\/p\">5\ufe0f\u20e32\ufe0f\u20e3-P<\/a> |<a href=\"http:\/\/0-zz.com\/q\">5\ufe0f\u20e33\ufe0f\u20e3-Q<\/a> |<a href=\"http:\/\/0-zz.com\/r\">5\ufe0f\u20e34\ufe0f\u20e3-R<\/a> |<a href=\"http:\/\/0-zz.com\/s\">5\ufe0f\u20e35\ufe0f\u20e3-S<\/a> |<a href=\"http:\/\/0-zz.com\/t\">5\ufe0f\u20e36\ufe0f\u20e3-T<\/a><\/strong><\/small><br><small> <strong><a href=\"http:\/\/0-zz.com\/u\">6\ufe0f\u20e31\ufe0f\u20e3-U<\/a> |<a href=\"http:\/\/0-zz.com\/v\">6\ufe0f\u20e32\ufe0f\u20e3-V<\/a> |<a href=\"http:\/\/0-zz.com\/w\">6\ufe0f\u20e33\ufe0f\u20e3-W<\/a> |<a href=\"http:\/\/0-zz.com\/x\">6\ufe0f\u20e34\ufe0f\u20e3-X<\/a> |<a href=\"http:\/\/0-zz.com\/y\">6\ufe0f\u20e35\ufe0f\u20e3-Y<\/a> |<a href=\"http:\/\/0-zz.com\/z\">6\ufe0f\u20e36\ufe0f\u20e3-Z<\/a><\/strong><\/small><\/p>\n\n\n\n<p>Roll 2 dice ?? 1\ufe0f\u20e32\ufe0f\u20e33\ufe0f\u20e34\ufe0f\u20e35\ufe0f\u20e36\ufe0f\u20e3<\/p>\n\n\n\n<p><a href=\"https:\/\/www.random.org\/dice\/\">https:\/\/www.random.org\/dice\/<\/a><\/p>\n\n\n\n<p><a href=\"https:\/\/www.google.com\/search?q=dice+roller\">https:\/\/www.google.com\/search?q=dice+roller<\/a><\/p>\n\n\n\n<hr class=\"wp-block-separator\"\/>\n\n\n\n<p><a href=\"https:\/\/12r.pl\/ea\/\">12r.pl\/ea<\/a>&nbsp;-&gt;&nbsp;<a href=\"https:\/\/12r.uk\/ea\/\">12r.uk\/ea<\/a>&nbsp;-&gt;&nbsp;<a href=\"https:\/\/7hi7.com\/ea\/\">7hi7.com\/ea<\/a><\/p>\n\n\n\n<p>Wikipedia.org &#8211; Play game &#8211; portals, categories, states, cities, capital cities<\/p>\n","protected":false},"excerpt":{"rendered":"<p>8 &#8211; 04\/8 &#8211; 048 Eugeniusz Bodo &#8211; Baby, ach te baby [Official Audio] 4.6K views&nbsp;\u00b7&nbsp;1 year ago Polskie Nagrania SUBSCRIBED 108K subscribers https:\/\/m.youtube.com\/channel\/UCeAFhL7tQmtLp9zk7uQpNoQ Tylko spojrze\u0107 si\u0119 w kr\u0105g,tyle p\u00f3l, las\u00f3w i \u0142\u0105k,na s\u0142oneczku si\u0119 mieni i l\u015bni,a\u017c porywa i rwie,takie pi\u0119kne s\u0105 wsie,lecz pi\u0119kniejsze s\u0105 bardziej od tych wsi: Kochane baby, ach te baby!Cz\u0142ek [&hellip;]<\/p>\n","protected":false},"author":1,"featured_media":0,"parent":0,"menu_order":0,"comment_status":"closed","ping_status":"closed","template":"","meta":{"footnotes":""},"class_list":["post-33","page","type-page","status-publish","hentry"],"_links":{"self":[{"href":"https:\/\/0-zz.com\/04\/wp-json\/wp\/v2\/pages\/33","targetHints":{"allow":["GET"]}}],"collection":[{"href":"https:\/\/0-zz.com\/04\/wp-json\/wp\/v2\/pages"}],"about":[{"href":"https:\/\/0-zz.com\/04\/wp-json\/wp\/v2\/types\/page"}],"author":[{"embeddable":true,"href":"https:\/\/0-zz.com\/04\/wp-json\/wp\/v2\/users\/1"}],"replies":[{"embeddable":true,"href":"https:\/\/0-zz.com\/04\/wp-json\/wp\/v2\/comments?post=33"}],"version-history":[{"count":6,"href":"https:\/\/0-zz.com\/04\/wp-json\/wp\/v2\/pages\/33\/revisions"}],"predecessor-version":[{"id":144,"href":"https:\/\/0-zz.com\/04\/wp-json\/wp\/v2\/pages\/33\/revisions\/144"}],"wp:attachment":[{"href":"https:\/\/0-zz.com\/04\/wp-json\/wp\/v2\/media?parent=33"}],"curies":[{"name":"wp","href":"https:\/\/api.w.org\/{rel}","templated":true}]}}