{"id":31,"date":"2022-02-21T03:48:17","date_gmt":"2022-02-21T15:48:17","guid":{"rendered":"https:\/\/0-zz.com\/04\/?page_id=31"},"modified":"2022-04-28T21:55:38","modified_gmt":"2022-04-29T09:55:38","slug":"7-2","status":"publish","type":"page","link":"https:\/\/0-zz.com\/04\/7-2\/","title":{"rendered":"7"},"content":{"rendered":"\n<h2 class=\"wp-block-heading\" id=\"7-04-7-047\">7 &#8211; 04\/7 &#8211; 047<\/h2>\n\n\n\n<figure class=\"wp-block-embed is-type-video is-provider-youtube wp-block-embed-youtube wp-embed-aspect-16-9 wp-has-aspect-ratio\"><div class=\"wp-block-embed__wrapper\">\n<iframe loading=\"lazy\" title=\"Czerwone Gitary - Powiedz stary gdzie\u015b ty by\u0142 [Official Audio]\" width=\"580\" height=\"326\" src=\"https:\/\/www.youtube.com\/embed\/OAU6_Bv9RCY?feature=oembed\" frameborder=\"0\" allow=\"accelerometer; autoplay; clipboard-write; encrypted-media; gyroscope; picture-in-picture; web-share\" referrerpolicy=\"strict-origin-when-cross-origin\" allowfullscreen><\/iframe>\n<\/div><\/figure>\n\n\n\n<h2 class=\"wp-block-heading\" id=\"czerwone-gitary-powiedz-stary-gdzies-ty-byl-official-audio\">Czerwone Gitary &#8211; Powiedz stary gdzie\u015b ty by\u0142 [Official Audio]<\/h2>\n\n\n\n<p>57K views&nbsp;\u00b7&nbsp;1 year ago<\/p>\n\n\n\n<h2 class=\"wp-block-heading\" id=\"polskie-nagrania\">Polskie Nagrania<\/h2>\n\n\n\n<p>SUBSCRIBED 108K subscribers<\/p>\n\n\n\n<p><a href=\"https:\/\/m.youtube.com\/channel\/UCeAFhL7tQmtLp9zk7uQpNoQ\">https:\/\/m.youtube.com\/channel\/UCeAFhL7tQmtLp9zk7uQpNoQ<\/a><\/p>\n\n\n\n<p>Powiedz, stary, gdzie\u015b ty by\u0142? Dziwn\u0105 min\u0119 masz.<br>Pewnie\u015b zwiedzi\u0142 Rzym lub Krym ju\u017c nie jeden raz.<br>Mo\u017ce\u015b wiatry w polu gna\u0142, a\u017c zgubi\u0142e\u015b \u015blad?<br>Powiedz, gdzie\u015b pod rynn\u0119 wpad\u0142?<\/p>\n\n\n\n<p>Powiedz, stary, gdzie\u015b ty by\u0142? Ile\u015b soli zjad\u0142?<br>Mo\u017ce urwa\u0142 ci si\u0119 film u podn\u00f3\u017ca Tatr?<br>Co\u015b przed nami ukry\u0107 chcesz, lecz nie zwiedziesz nas!<br>Powiedz! Ju\u017c najwy\u017cszy czas!<\/p>\n\n\n\n<p>Stara wiara zn\u00f3w przygarnie ci\u0119 &#8211; szkoda s\u0142\u00f3w!<br>Wi\u0119c u\u015bmiechnij si\u0119 i do g\u00f3ry g\u0142owa!<\/p>\n\n\n\n<p>Powiedz, stary, gdzie\u015b ty by\u0142 przez okr\u0105g\u0142y rok?<br>Pewnie \u015bwiat nie szcz\u0119dzi\u0142 ci zmartwie\u0144 ani trosk.<br>I cho\u0107 gra\u0142e\u015b, nie da\u0142 los tych najlepszych kart.<br>Siadaj! Mo\u017ce by\u015b co\u015b zjad\u0142?<\/p>\n\n\n\n<p>Stara wiara zn\u00f3w przygarnie ci\u0119 &#8211; szkoda s\u0142\u00f3w!<br>Wi\u0119c u\u015bmiechnij si\u0119 i do g\u00f3ry g\u0142owa!<\/p>\n\n\n\n<p>To niewa\u017cne, gdzie\u015b ty by\u0142! By\u0142e\u015b diab\u0142a wart!<br>To niewa\u017cne, gdzie\u015b ty by\u0142! Nie uda\u0142 ci si\u0119 start.<br>S\u0142uchaj, stary, sekret znam, by uratowa\u0107 ci\u0119:<br>Ju\u017c najwy\u017cszy czas &#8211; zakochaj si\u0119! x3<\/p>\n\n\n\n<figure class=\"wp-block-table\"><table><tbody><tr><th>Autor tekstu:<\/th><td>Janusz Kondratowicz\/Jan \u015awi\u0105\u0107<\/td><\/tr><tr><th>Kompozytor:<\/th><td>Krzysztof Klenczon<\/td><\/tr><\/tbody><\/table><\/figure>\n\n\n\n<p><a href=\"https:\/\/www.tekstowo.pl\/piosenka,czerwone_gitary,powiedz_stary_gdzies_ty_byl.html\">https:\/\/www.tekstowo.pl\/piosenka,czerwone_gitary,powiedz_stary_gdzies_ty_byl.html<\/a><\/p>\n\n\n\n<hr class=\"wp-block-separator\"\/>\n\n\n\n<h4 class=\"wp-block-heading\">0-zz.com\/0 &#8211; 0-zz.com\/z :<\/h4>\n\n\n\n<p><small><strong><a href=\"http:\/\/0-zz.com\/0\">1\ufe0f\u20e31\ufe0f\u20e3-0<\/a> |<a href=\"http:\/\/0-zz.com\/1\">1\ufe0f\u20e32\ufe0f\u20e3-1<\/a> |<a href=\"http:\/\/0-zz.com\/2\">1\ufe0f\u20e33\ufe0f\u20e3-2<\/a> |<a href=\"http:\/\/0-zz.com\/3\">1\ufe0f\u20e34\ufe0f\u20e3-3<\/a> |<a href=\"http:\/\/0-zz.com\/4\">1\ufe0f\u20e35\ufe0f\u20e3-4<\/a> |<a href=\"http:\/\/0-zz.com\/5\">1\ufe0f\u20e36\ufe0f\u20e3-5<\/a> <\/strong><\/small><br><small> <strong><a href=\"http:\/\/0-zz.com\/6\">2\ufe0f\u20e31\ufe0f\u20e3-6<\/a> |<a href=\"http:\/\/0-zz.com\/7\">2\ufe0f\u20e32\ufe0f\u20e3-7<\/a> |<a href=\"http:\/\/0-zz.com\/8\">2\ufe0f\u20e33\ufe0f\u20e3-8<\/a> |<a href=\"http:\/\/0-zz.com\/9\">2\ufe0f\u20e34\ufe0f\u20e3-9<\/a> |<a href=\"http:\/\/0-zz.com\/a\">2\ufe0f\u20e35\ufe0f\u20e3-A<\/a> |<a href=\"http:\/\/0-zz.com\/b\">2\ufe0f\u20e36\ufe0f\u20e3-B<\/a><\/strong><\/small><br><small> <strong><a href=\"http:\/\/0-zz.com\/c\">3\ufe0f\u20e31\ufe0f\u20e3-C<\/a> |<a href=\"http:\/\/0-zz.com\/d\">3\ufe0f\u20e32\ufe0f\u20e3-D<\/a> |<a href=\"http:\/\/0-zz.com\/e\">3\ufe0f\u20e33\ufe0f\u20e3-E<\/a> |<a href=\"http:\/\/0-zz.com\/f\">3\ufe0f\u20e34\ufe0f\u20e3-F<\/a> |<a href=\"http:\/\/0-zz.com\/g\">3\ufe0f\u20e35\ufe0f\u20e3-G<\/a> |<a href=\"http:\/\/0-zz.com\/h\">3\ufe0f\u20e36\ufe0f\u20e3-H<\/a><\/strong><\/small><br><small> <strong><a href=\"http:\/\/0-zz.com\/i\">4\ufe0f\u20e31\ufe0f\u20e3-I<\/a> |<a href=\"http:\/\/0-zz.com\/j\">4\ufe0f\u20e32\ufe0f\u20e3-J<\/a> |<a href=\"http:\/\/0-zz.com\/k\">4\ufe0f\u20e33\ufe0f\u20e3-K<\/a> |<a href=\"http:\/\/0-zz.com\/l\">4\ufe0f\u20e34\ufe0f\u20e3-L<\/a> |<a href=\"http:\/\/0-zz.com\/m\">4\ufe0f\u20e35\ufe0f\u20e3-M<\/a> |<a href=\"http:\/\/0-zz.com\/n\">4\ufe0f\u20e36\ufe0f\u20e3-N<\/a><\/strong><\/small><br><small> <strong><a href=\"http:\/\/0-zz.com\/o\">5\ufe0f\u20e31\ufe0f\u20e3-O<\/a> |<a href=\"http:\/\/0-zz.com\/p\">5\ufe0f\u20e32\ufe0f\u20e3-P<\/a> |<a href=\"http:\/\/0-zz.com\/q\">5\ufe0f\u20e33\ufe0f\u20e3-Q<\/a> |<a href=\"http:\/\/0-zz.com\/r\">5\ufe0f\u20e34\ufe0f\u20e3-R<\/a> |<a href=\"http:\/\/0-zz.com\/s\">5\ufe0f\u20e35\ufe0f\u20e3-S<\/a> |<a href=\"http:\/\/0-zz.com\/t\">5\ufe0f\u20e36\ufe0f\u20e3-T<\/a><\/strong><\/small><br><small> <strong><a href=\"http:\/\/0-zz.com\/u\">6\ufe0f\u20e31\ufe0f\u20e3-U<\/a> |<a href=\"http:\/\/0-zz.com\/v\">6\ufe0f\u20e32\ufe0f\u20e3-V<\/a> |<a href=\"http:\/\/0-zz.com\/w\">6\ufe0f\u20e33\ufe0f\u20e3-W<\/a> |<a href=\"http:\/\/0-zz.com\/x\">6\ufe0f\u20e34\ufe0f\u20e3-X<\/a> |<a href=\"http:\/\/0-zz.com\/y\">6\ufe0f\u20e35\ufe0f\u20e3-Y<\/a> |<a href=\"http:\/\/0-zz.com\/z\">6\ufe0f\u20e36\ufe0f\u20e3-Z<\/a><\/strong><\/small><\/p>\n\n\n\n<p>Roll 2 dice ?? 1\ufe0f\u20e32\ufe0f\u20e33\ufe0f\u20e34\ufe0f\u20e35\ufe0f\u20e36\ufe0f\u20e3<\/p>\n\n\n\n<p><a href=\"https:\/\/www.random.org\/dice\/\">https:\/\/www.random.org\/dice\/<\/a><\/p>\n\n\n\n<p><a href=\"https:\/\/www.google.com\/search?q=dice+roller\">https:\/\/www.google.com\/search?q=dice+roller<\/a><\/p>\n\n\n\n<hr class=\"wp-block-separator\"\/>\n\n\n\n<p><a href=\"https:\/\/12r.pl\/ea\/\">12r.pl\/ea<\/a>&nbsp;-&gt;&nbsp;<a href=\"https:\/\/12r.uk\/ea\/\">12r.uk\/ea<\/a>&nbsp;-&gt;&nbsp;<a href=\"https:\/\/7hi7.com\/ea\/\">7hi7.com\/ea<\/a><\/p>\n\n\n\n<p>Wikipedia.org &#8211; Play game &#8211; portals, categories, states, cities, capital cities<\/p>\n","protected":false},"excerpt":{"rendered":"<p>7 &#8211; 04\/7 &#8211; 047 Czerwone Gitary &#8211; Powiedz stary gdzie\u015b ty by\u0142 [Official Audio] 57K views&nbsp;\u00b7&nbsp;1 year ago Polskie Nagrania SUBSCRIBED 108K subscribers https:\/\/m.youtube.com\/channel\/UCeAFhL7tQmtLp9zk7uQpNoQ Powiedz, stary, gdzie\u015b ty by\u0142? Dziwn\u0105 min\u0119 masz.Pewnie\u015b zwiedzi\u0142 Rzym lub Krym ju\u017c nie jeden raz.Mo\u017ce\u015b wiatry w polu gna\u0142, a\u017c zgubi\u0142e\u015b \u015blad?Powiedz, gdzie\u015b pod rynn\u0119 wpad\u0142? Powiedz, stary, gdzie\u015b [&hellip;]<\/p>\n","protected":false},"author":1,"featured_media":0,"parent":0,"menu_order":0,"comment_status":"closed","ping_status":"closed","template":"","meta":{"footnotes":""},"class_list":["post-31","page","type-page","status-publish","hentry"],"_links":{"self":[{"href":"https:\/\/0-zz.com\/04\/wp-json\/wp\/v2\/pages\/31","targetHints":{"allow":["GET"]}}],"collection":[{"href":"https:\/\/0-zz.com\/04\/wp-json\/wp\/v2\/pages"}],"about":[{"href":"https:\/\/0-zz.com\/04\/wp-json\/wp\/v2\/types\/page"}],"author":[{"embeddable":true,"href":"https:\/\/0-zz.com\/04\/wp-json\/wp\/v2\/users\/1"}],"replies":[{"embeddable":true,"href":"https:\/\/0-zz.com\/04\/wp-json\/wp\/v2\/comments?post=31"}],"version-history":[{"count":3,"href":"https:\/\/0-zz.com\/04\/wp-json\/wp\/v2\/pages\/31\/revisions"}],"predecessor-version":[{"id":142,"href":"https:\/\/0-zz.com\/04\/wp-json\/wp\/v2\/pages\/31\/revisions\/142"}],"wp:attachment":[{"href":"https:\/\/0-zz.com\/04\/wp-json\/wp\/v2\/media?parent=31"}],"curies":[{"name":"wp","href":"https:\/\/api.w.org\/{rel}","templated":true}]}}