{"id":19,"date":"2022-02-21T03:04:46","date_gmt":"2022-02-21T15:04:46","guid":{"rendered":"https:\/\/0-zz.com\/04\/?page_id=19"},"modified":"2022-04-28T04:14:08","modified_gmt":"2022-04-28T16:14:08","slug":"1-2","status":"publish","type":"page","link":"https:\/\/0-zz.com\/04\/1-2\/","title":{"rendered":"1"},"content":{"rendered":"\n<h2 class=\"wp-block-heading\" id=\"1-04-1-041\">1 &#8211; 04\/1 &#8211; 041<\/h2>\n\n\n\n<figure class=\"wp-block-embed is-type-video is-provider-youtube wp-block-embed-youtube wp-embed-aspect-16-9 wp-has-aspect-ratio\"><div class=\"wp-block-embed__wrapper\">\n<iframe loading=\"lazy\" title=\"Edmund Fetting - Nim wstanie dzie\u0144 [Official Audio]\" width=\"580\" height=\"326\" src=\"https:\/\/www.youtube.com\/embed\/vHeR90RRYyI?feature=oembed\" frameborder=\"0\" allow=\"accelerometer; autoplay; clipboard-write; encrypted-media; gyroscope; picture-in-picture; web-share\" referrerpolicy=\"strict-origin-when-cross-origin\" allowfullscreen><\/iframe>\n<\/div><\/figure>\n\n\n\n<h2 class=\"wp-block-heading\" id=\"edmund-fetting-nim-wstanie-dzien-official-audio\">Edmund Fetting &#8211; Nim wstanie dzie\u0144 [Official Audio]<\/h2>\n\n\n\n<p>63K views&nbsp;\u00b7&nbsp;1 year ago<\/p>\n\n\n\n<h2 class=\"wp-block-heading\" id=\"polskie-nagrania\">Polskie Nagrania<\/h2>\n\n\n\n<p>SUBSCRIBED 108K subscribers<\/p>\n\n\n\n<p><a href=\"https:\/\/m.youtube.com\/channel\/UCeAFhL7tQmtLp9zk7uQpNoQ\">https:\/\/m.youtube.com\/channel\/UCeAFhL7tQmtLp9zk7uQpNoQ<\/a><\/p>\n\n\n\n<p>Ze \u015bwiata czterech stron, z jarz\u0119binowych dr\u00f3g,<br>Gdzie las spalony, wiatr zm\u0119czony, noc i front,<br>Gdzie nie zebrany plon, gdzie poczernia\u0142y g\u0142\u00f3g,<br>Wstaje dzie\u0144.<\/p>\n\n\n\n<p>S\u0142o\u0144ce przytuli nas do swych r\u0105k i sp\u00f3jrz ,<br>Ziemia ci\u0119\u017cka od krwi,<br>Znowu urodzi nam zbo\u017ca \u0142an, z\u0142oty kurz.<br>Przyjm\u0105 kobiety nas pod sw\u00f3j dach i sp\u00f3jrz ,<br>B\u0119d\u0105 \u015bmia\u0107 si\u0119 przez \u0142zy ,<br>Znowu do ta\u0144ca kto\u015b zagra nam ,<br>Mo\u017ce ju\u017c.<\/p>\n\n\n\n<p>Za dzie\u0144, za dwa, za noc, za trzy,<br>Cho\u0107 nie dzi\u015b.<br>Za noc, za dzie\u0144 doczekasz si\u0119,<br>Wstanie \u015bwit.<\/p>\n\n\n\n<p>Chleby upiek\u0105 si\u0119 w piecach nam i sp\u00f3jrz ,<br>Tam , gdzie tylko by\u0142 dym,<br>Kwiatem zabli\u017ani si\u0119 wojny \u015blad, barw\u0105 r\u00f3\u017c.<br>Dzieci urodz\u0105 si\u0119 nowe nam i sp\u00f3jrz ,<br>B\u0119d\u0105 \u015bmia\u0107 si\u0119, \u017ce my zn\u00f3w wspominamy<br>Ten pod\u0142y czas,<br>Por\u0119 burz.<\/p>\n\n\n\n<p>Za dzie\u0144, za dwa, za noc, za trzy,<br>Cho\u0107 nie dzi\u015b.<br>Za noc, za dzie\u0144 doczekasz si\u0119,<br>Wstanie \u015bwit.<\/p>\n\n\n\n<figure class=\"wp-block-table\"><table><tbody><tr><th>Autor tekstu:<\/th><td>Agnieszka Osiecka<\/td><\/tr><tr><th>Kompozytor:<\/th><td>Krzysztof Komeda<\/td><\/tr><\/tbody><\/table><\/figure>\n\n\n\n<p><a href=\"https:\/\/www.tekstowo.pl\/piosenka,edmund_fetting,nim_wstanie_dzien_1.html\">https:\/\/www.tekstowo.pl\/piosenka,edmund_fetting,nim_wstanie_dzien_1.html<\/a><\/p>\n\n\n\n<hr class=\"wp-block-separator\"\/>\n\n\n\n<h4 class=\"wp-block-heading\">0-zz.com\/0 &#8211; 0-zz.com\/z :<\/h4>\n\n\n\n<p><small><strong><a href=\"http:\/\/0-zz.com\/0\">1\ufe0f\u20e31\ufe0f\u20e3-0<\/a> |<a href=\"http:\/\/0-zz.com\/1\">1\ufe0f\u20e32\ufe0f\u20e3-1<\/a> |<a href=\"http:\/\/0-zz.com\/2\">1\ufe0f\u20e33\ufe0f\u20e3-2<\/a> |<a href=\"http:\/\/0-zz.com\/3\">1\ufe0f\u20e34\ufe0f\u20e3-3<\/a> |<a href=\"http:\/\/0-zz.com\/4\">1\ufe0f\u20e35\ufe0f\u20e3-4<\/a> |<a href=\"http:\/\/0-zz.com\/5\">1\ufe0f\u20e36\ufe0f\u20e3-5<\/a> <\/strong><\/small><br><small> <strong><a href=\"http:\/\/0-zz.com\/6\">2\ufe0f\u20e31\ufe0f\u20e3-6<\/a> |<a href=\"http:\/\/0-zz.com\/7\">2\ufe0f\u20e32\ufe0f\u20e3-7<\/a> |<a href=\"http:\/\/0-zz.com\/8\">2\ufe0f\u20e33\ufe0f\u20e3-8<\/a> |<a href=\"http:\/\/0-zz.com\/9\">2\ufe0f\u20e34\ufe0f\u20e3-9<\/a> |<a href=\"http:\/\/0-zz.com\/a\">2\ufe0f\u20e35\ufe0f\u20e3-A<\/a> |<a href=\"http:\/\/0-zz.com\/b\">2\ufe0f\u20e36\ufe0f\u20e3-B<\/a><\/strong><\/small><br><small> <strong><a href=\"http:\/\/0-zz.com\/c\">3\ufe0f\u20e31\ufe0f\u20e3-C<\/a> |<a href=\"http:\/\/0-zz.com\/d\">3\ufe0f\u20e32\ufe0f\u20e3-D<\/a> |<a href=\"http:\/\/0-zz.com\/e\">3\ufe0f\u20e33\ufe0f\u20e3-E<\/a> |<a href=\"http:\/\/0-zz.com\/f\">3\ufe0f\u20e34\ufe0f\u20e3-F<\/a> |<a href=\"http:\/\/0-zz.com\/g\">3\ufe0f\u20e35\ufe0f\u20e3-G<\/a> |<a href=\"http:\/\/0-zz.com\/h\">3\ufe0f\u20e36\ufe0f\u20e3-H<\/a><\/strong><\/small><br><small> <strong><a href=\"http:\/\/0-zz.com\/i\">4\ufe0f\u20e31\ufe0f\u20e3-I<\/a> |<a href=\"http:\/\/0-zz.com\/j\">4\ufe0f\u20e32\ufe0f\u20e3-J<\/a> |<a href=\"http:\/\/0-zz.com\/k\">4\ufe0f\u20e33\ufe0f\u20e3-K<\/a> |<a href=\"http:\/\/0-zz.com\/l\">4\ufe0f\u20e34\ufe0f\u20e3-L<\/a> |<a href=\"http:\/\/0-zz.com\/m\">4\ufe0f\u20e35\ufe0f\u20e3-M<\/a> |<a href=\"http:\/\/0-zz.com\/n\">4\ufe0f\u20e36\ufe0f\u20e3-N<\/a><\/strong><\/small><br><small> <strong><a href=\"http:\/\/0-zz.com\/o\">5\ufe0f\u20e31\ufe0f\u20e3-O<\/a> |<a href=\"http:\/\/0-zz.com\/p\">5\ufe0f\u20e32\ufe0f\u20e3-P<\/a> |<a href=\"http:\/\/0-zz.com\/q\">5\ufe0f\u20e33\ufe0f\u20e3-Q<\/a> |<a href=\"http:\/\/0-zz.com\/r\">5\ufe0f\u20e34\ufe0f\u20e3-R<\/a> |<a href=\"http:\/\/0-zz.com\/s\">5\ufe0f\u20e35\ufe0f\u20e3-S<\/a> |<a href=\"http:\/\/0-zz.com\/t\">5\ufe0f\u20e36\ufe0f\u20e3-T<\/a><\/strong><\/small><br><small> <strong><a href=\"http:\/\/0-zz.com\/u\">6\ufe0f\u20e31\ufe0f\u20e3-U<\/a> |<a href=\"http:\/\/0-zz.com\/v\">6\ufe0f\u20e32\ufe0f\u20e3-V<\/a> |<a href=\"http:\/\/0-zz.com\/w\">6\ufe0f\u20e33\ufe0f\u20e3-W<\/a> |<a href=\"http:\/\/0-zz.com\/x\">6\ufe0f\u20e34\ufe0f\u20e3-X<\/a> |<a href=\"http:\/\/0-zz.com\/y\">6\ufe0f\u20e35\ufe0f\u20e3-Y<\/a> |<a href=\"http:\/\/0-zz.com\/z\">6\ufe0f\u20e36\ufe0f\u20e3-Z<\/a><\/strong><\/small><\/p>\n\n\n\n<p>Roll 2 dice ?? 1\ufe0f\u20e32\ufe0f\u20e33\ufe0f\u20e34\ufe0f\u20e35\ufe0f\u20e36\ufe0f\u20e3<\/p>\n\n\n\n<p><a href=\"https:\/\/www.random.org\/dice\/\">https:\/\/www.random.org\/dice\/<\/a><\/p>\n\n\n\n<p><a href=\"https:\/\/www.google.com\/search?q=dice+roller\">https:\/\/www.google.com\/search?q=dice+roller<\/a><\/p>\n\n\n\n<hr class=\"wp-block-separator\"\/>\n\n\n\n<p><a href=\"https:\/\/12r.pl\/ea\/\">12r.pl\/ea<\/a>&nbsp;-&gt;&nbsp;<a href=\"https:\/\/12r.uk\/ea\/\">12r.uk\/ea<\/a>&nbsp;-&gt;&nbsp;<a href=\"https:\/\/7hi7.com\/ea\/\">7hi7.com\/ea<\/a><\/p>\n\n\n\n<p>Wikipedia.org &#8211; Play game &#8211; portals, categories, states, cities, capital cities<\/p>\n","protected":false},"excerpt":{"rendered":"<p>1 &#8211; 04\/1 &#8211; 041 Edmund Fetting &#8211; Nim wstanie dzie\u0144 [Official Audio] 63K views&nbsp;\u00b7&nbsp;1 year ago Polskie Nagrania SUBSCRIBED 108K subscribers https:\/\/m.youtube.com\/channel\/UCeAFhL7tQmtLp9zk7uQpNoQ Ze \u015bwiata czterech stron, z jarz\u0119binowych dr\u00f3g,Gdzie las spalony, wiatr zm\u0119czony, noc i front,Gdzie nie zebrany plon, gdzie poczernia\u0142y g\u0142\u00f3g,Wstaje dzie\u0144. S\u0142o\u0144ce przytuli nas do swych r\u0105k i sp\u00f3jrz ,Ziemia ci\u0119\u017cka od [&hellip;]<\/p>\n","protected":false},"author":1,"featured_media":0,"parent":0,"menu_order":0,"comment_status":"closed","ping_status":"closed","template":"","meta":{"footnotes":""},"class_list":["post-19","page","type-page","status-publish","hentry"],"_links":{"self":[{"href":"https:\/\/0-zz.com\/04\/wp-json\/wp\/v2\/pages\/19","targetHints":{"allow":["GET"]}}],"collection":[{"href":"https:\/\/0-zz.com\/04\/wp-json\/wp\/v2\/pages"}],"about":[{"href":"https:\/\/0-zz.com\/04\/wp-json\/wp\/v2\/types\/page"}],"author":[{"embeddable":true,"href":"https:\/\/0-zz.com\/04\/wp-json\/wp\/v2\/users\/1"}],"replies":[{"embeddable":true,"href":"https:\/\/0-zz.com\/04\/wp-json\/wp\/v2\/comments?post=19"}],"version-history":[{"count":3,"href":"https:\/\/0-zz.com\/04\/wp-json\/wp\/v2\/pages\/19\/revisions"}],"predecessor-version":[{"id":136,"href":"https:\/\/0-zz.com\/04\/wp-json\/wp\/v2\/pages\/19\/revisions\/136"}],"wp:attachment":[{"href":"https:\/\/0-zz.com\/04\/wp-json\/wp\/v2\/media?parent=19"}],"curies":[{"name":"wp","href":"https:\/\/api.w.org\/{rel}","templated":true}]}}